{"id":18584,"date":"2023-02-15T23:50:24","date_gmt":"2023-02-15T23:50:24","guid":{"rendered":"https:\/\/antiqua.mx\/?post_type=product&#038;p=18584"},"modified":"2025-01-17T23:32:14","modified_gmt":"2025-01-17T23:32:14","slug":"del-rio-reyes-marcela-perfil-y-muestra-del-teatro-de-la-revolucion-mexicana","status":"publish","type":"product","link":"https:\/\/antiqua.mx\/en\/product\/del-rio-reyes-marcela-perfil-y-muestra-del-teatro-de-la-revolucion-mexicana\/","title":{"rendered":"DEL R\u00cdO REYES MARCELA. PERFIL Y MUESTRA DEL TEATRO DE LA REVOLUCI\u00d3N MEXICANA"},"content":{"rendered":"<p><strong>del R\u00edo Reyes Marcela<\/strong><\/p>\n<p>Editorial: Fondo de Cultura Econ\u00f3mica<\/p>\n<p>Segunda edici\u00f3n<\/p>\n<p>A\u00f1o 1997<\/p>\n<p>Empastado en buenas condiciones.<\/p>\n<p>Impreso en M\u00e9xico.<\/p>\n<p>552 p\u00e1ginas<\/p>","protected":false},"excerpt":{"rendered":"<ul>\n<li>Editorial: Fondo de Cultura Econ\u00f3mica<\/li>\n<li>Segunda edici\u00f3n<\/li>\n<li>A\u00f1o 1997<\/li>\n<li>Empastado en buenas condiciones.<\/li>\n<li>Impreso en M\u00e9xico.<\/li>\n<li>552 p\u00e1ginas<\/li>\n<\/ul>","protected":false},"featured_media":18684,"comment_status":"open","ping_status":"closed","template":"","meta":{"_joinchat":[]},"product_brand":[],"product_cat":[387,342,335,375,381,341],"product_tag":[762,1758,2812,1736,2242,713,4791,4790,3436,4786,4787,4788,4789,1590,4792,785,4107,4793],"class_list":{"0":"post-18584","1":"product","2":"type-product","3":"status-publish","6":"product_cat-cultmex","7":"product_cat-histteat","8":"product_cat-literatura","9":"product_cat-mex","10":"product_cat-revmex","11":"product_cat-teatro","12":"product_tag-alfonso-reyes","13":"product_tag-armando-de-maria-y-campos","14":"product_tag-carlos-barrera","15":"product_tag-carlos-diaz-dufoo","16":"product_tag-enrique-de-olavarria-y-ferrari","17":"product_tag-federico-gamboa","18":"product_tag-federico-s-inclan","19":"product_tag-juan-bustillo-oro","20":"product_tag-luis-octavio-madero","21":"product_tag-marcela-del-rio-reyes","22":"product_tag-marcelino-davalos","23":"product_tag-maria-luisa-ocampo","24":"product_tag-mauricio-magdaleno","25":"product_tag-ricardo-flores-magon","26":"product_tag-roberto-nunez-y-dominguez","27":"product_tag-rodolfo-usigli","28":"product_tag-salvador-quevedo-y-zubieta","29":"product_tag-wilberto-canton","31":"first","32":"instock","33":"featured","34":"taxable","35":"shipping-taxable","36":"purchasable","37":"product-type-simple"},"yoast_head":"<!-- This site is optimized with the Yoast SEO plugin v26.1.1 - https:\/\/yoast.com\/wordpress\/plugins\/seo\/ -->\n<title>DEL R\u00cdO REYES MARCELA. PERFIL Y MUESTRA DEL TEATRO DE LA REVOLUCI\u00d3N MEXICANA -<\/title>\n<meta name=\"robots\" content=\"index, follow, max-snippet:-1, max-image-preview:large, max-video-preview:-1\" \/>\n<link rel=\"canonical\" href=\"https:\/\/antiqua.mx\/en\/product\/del-rio-reyes-marcela-perfil-y-muestra-del-teatro-de-la-revolucion-mexicana\/\" \/>\n<meta property=\"og:locale\" content=\"en_US\" \/>\n<meta property=\"og:type\" content=\"article\" \/>\n<meta property=\"og:title\" content=\"DEL R\u00cdO REYES MARCELA. PERFIL Y MUESTRA DEL TEATRO DE LA REVOLUCI\u00d3N MEXICANA -\" \/>\n<meta property=\"og:description\" content=\"Editorial: Fondo de Cultura Econ\u00f3mica  Segunda edici\u00f3n  A\u00f1o 1997  Empastado en buenas condiciones.  Impreso en M\u00e9xico.  552 p\u00e1ginas\" \/>\n<meta property=\"og:url\" content=\"https:\/\/antiqua.mx\/en\/product\/del-rio-reyes-marcela-perfil-y-muestra-del-teatro-de-la-revolucion-mexicana\/\" \/>\n<meta property=\"article:modified_time\" content=\"2025-01-17T23:32:14+00:00\" \/>\n<meta property=\"og:image\" content=\"https:\/\/antiqua.mx\/wp-content\/uploads\/2023\/02\/517C7E6F-1738-48BF-9D15-F77A81ED88BE-scaled.jpeg\" \/>\n\t<meta property=\"og:image:width\" content=\"2070\" \/>\n\t<meta property=\"og:image:height\" content=\"2560\" \/>\n\t<meta property=\"og:image:type\" content=\"image\/jpeg\" \/>\n<meta name=\"twitter:card\" content=\"summary_large_image\" \/>\n<script type=\"application\/ld+json\" class=\"yoast-schema-graph\">{\"@context\":\"https:\/\/schema.org\",\"@graph\":[{\"@type\":\"WebPage\",\"@id\":\"https:\/\/antiqua.mx\/producto\/del-rio-reyes-marcela-perfil-y-muestra-del-teatro-de-la-revolucion-mexicana\/\",\"url\":\"https:\/\/antiqua.mx\/producto\/del-rio-reyes-marcela-perfil-y-muestra-del-teatro-de-la-revolucion-mexicana\/\",\"name\":\"DEL R\u00cdO REYES MARCELA. PERFIL Y MUESTRA DEL TEATRO DE LA REVOLUCI\u00d3N MEXICANA -\",\"isPartOf\":{\"@id\":\"https:\/\/antiqua.mx\/en\/#website\"},\"primaryImageOfPage\":{\"@id\":\"https:\/\/antiqua.mx\/producto\/del-rio-reyes-marcela-perfil-y-muestra-del-teatro-de-la-revolucion-mexicana\/#primaryimage\"},\"image\":{\"@id\":\"https:\/\/antiqua.mx\/producto\/del-rio-reyes-marcela-perfil-y-muestra-del-teatro-de-la-revolucion-mexicana\/#primaryimage\"},\"thumbnailUrl\":\"https:\/\/antiqua.mx\/wp-content\/uploads\/2023\/02\/517C7E6F-1738-48BF-9D15-F77A81ED88BE-scaled.jpeg\",\"datePublished\":\"2023-02-15T23:50:24+00:00\",\"dateModified\":\"2025-01-17T23:32:14+00:00\",\"breadcrumb\":{\"@id\":\"https:\/\/antiqua.mx\/producto\/del-rio-reyes-marcela-perfil-y-muestra-del-teatro-de-la-revolucion-mexicana\/#breadcrumb\"},\"inLanguage\":\"en-US\",\"potentialAction\":[{\"@type\":\"ReadAction\",\"target\":[\"https:\/\/antiqua.mx\/producto\/del-rio-reyes-marcela-perfil-y-muestra-del-teatro-de-la-revolucion-mexicana\/\"]}]},{\"@type\":\"ImageObject\",\"inLanguage\":\"en-US\",\"@id\":\"https:\/\/antiqua.mx\/producto\/del-rio-reyes-marcela-perfil-y-muestra-del-teatro-de-la-revolucion-mexicana\/#primaryimage\",\"url\":\"https:\/\/antiqua.mx\/wp-content\/uploads\/2023\/02\/517C7E6F-1738-48BF-9D15-F77A81ED88BE-scaled.jpeg\",\"contentUrl\":\"https:\/\/antiqua.mx\/wp-content\/uploads\/2023\/02\/517C7E6F-1738-48BF-9D15-F77A81ED88BE-scaled.jpeg\",\"width\":2070,\"height\":2560},{\"@type\":\"BreadcrumbList\",\"@id\":\"https:\/\/antiqua.mx\/producto\/del-rio-reyes-marcela-perfil-y-muestra-del-teatro-de-la-revolucion-mexicana\/#breadcrumb\",\"itemListElement\":[{\"@type\":\"ListItem\",\"position\":1,\"name\":\"Portada\",\"item\":\"https:\/\/antiqua.mx\/en\/\"},{\"@type\":\"ListItem\",\"position\":2,\"name\":\"Tienda\",\"item\":\"https:\/\/antiqua.mx\/tienda\/\"},{\"@type\":\"ListItem\",\"position\":3,\"name\":\"DEL R\u00cdO REYES MARCELA. PERFIL Y MUESTRA DEL TEATRO DE LA REVOLUCI\u00d3N MEXICANA\"}]},{\"@type\":\"WebSite\",\"@id\":\"https:\/\/antiqua.mx\/en\/#website\",\"url\":\"https:\/\/antiqua.mx\/en\/\",\"name\":\"\",\"description\":\"\",\"potentialAction\":[{\"@type\":\"SearchAction\",\"target\":{\"@type\":\"EntryPoint\",\"urlTemplate\":\"https:\/\/antiqua.mx\/en\/?s={search_term_string}\"},\"query-input\":{\"@type\":\"PropertyValueSpecification\",\"valueRequired\":true,\"valueName\":\"search_term_string\"}}],\"inLanguage\":\"en-US\"}]}<\/script>\n<!-- \/ Yoast SEO plugin. -->","yoast_head_json":{"title":"DEL R\u00cdO REYES MARCELA. PERFIL Y MUESTRA DEL TEATRO DE LA REVOLUCI\u00d3N MEXICANA -","robots":{"index":"index","follow":"follow","max-snippet":"max-snippet:-1","max-image-preview":"max-image-preview:large","max-video-preview":"max-video-preview:-1"},"canonical":"https:\/\/antiqua.mx\/en\/product\/del-rio-reyes-marcela-perfil-y-muestra-del-teatro-de-la-revolucion-mexicana\/","og_locale":"en_US","og_type":"article","og_title":"DEL R\u00cdO REYES MARCELA. PERFIL Y MUESTRA DEL TEATRO DE LA REVOLUCI\u00d3N MEXICANA -","og_description":"Editorial: Fondo de Cultura Econ\u00f3mica  Segunda edici\u00f3n  A\u00f1o 1997  Empastado en buenas condiciones.  Impreso en M\u00e9xico.  552 p\u00e1ginas","og_url":"https:\/\/antiqua.mx\/en\/product\/del-rio-reyes-marcela-perfil-y-muestra-del-teatro-de-la-revolucion-mexicana\/","article_modified_time":"2025-01-17T23:32:14+00:00","og_image":[{"width":2070,"height":2560,"url":"https:\/\/antiqua.mx\/wp-content\/uploads\/2023\/02\/517C7E6F-1738-48BF-9D15-F77A81ED88BE-scaled.jpeg","type":"image\/jpeg"}],"twitter_card":"summary_large_image","schema":{"@context":"https:\/\/schema.org","@graph":[{"@type":"WebPage","@id":"https:\/\/antiqua.mx\/producto\/del-rio-reyes-marcela-perfil-y-muestra-del-teatro-de-la-revolucion-mexicana\/","url":"https:\/\/antiqua.mx\/producto\/del-rio-reyes-marcela-perfil-y-muestra-del-teatro-de-la-revolucion-mexicana\/","name":"DEL R\u00cdO REYES MARCELA. PERFIL Y MUESTRA DEL TEATRO DE LA REVOLUCI\u00d3N MEXICANA -","isPartOf":{"@id":"https:\/\/antiqua.mx\/en\/#website"},"primaryImageOfPage":{"@id":"https:\/\/antiqua.mx\/producto\/del-rio-reyes-marcela-perfil-y-muestra-del-teatro-de-la-revolucion-mexicana\/#primaryimage"},"image":{"@id":"https:\/\/antiqua.mx\/producto\/del-rio-reyes-marcela-perfil-y-muestra-del-teatro-de-la-revolucion-mexicana\/#primaryimage"},"thumbnailUrl":"https:\/\/antiqua.mx\/wp-content\/uploads\/2023\/02\/517C7E6F-1738-48BF-9D15-F77A81ED88BE-scaled.jpeg","datePublished":"2023-02-15T23:50:24+00:00","dateModified":"2025-01-17T23:32:14+00:00","breadcrumb":{"@id":"https:\/\/antiqua.mx\/producto\/del-rio-reyes-marcela-perfil-y-muestra-del-teatro-de-la-revolucion-mexicana\/#breadcrumb"},"inLanguage":"en-US","potentialAction":[{"@type":"ReadAction","target":["https:\/\/antiqua.mx\/producto\/del-rio-reyes-marcela-perfil-y-muestra-del-teatro-de-la-revolucion-mexicana\/"]}]},{"@type":"ImageObject","inLanguage":"en-US","@id":"https:\/\/antiqua.mx\/producto\/del-rio-reyes-marcela-perfil-y-muestra-del-teatro-de-la-revolucion-mexicana\/#primaryimage","url":"https:\/\/antiqua.mx\/wp-content\/uploads\/2023\/02\/517C7E6F-1738-48BF-9D15-F77A81ED88BE-scaled.jpeg","contentUrl":"https:\/\/antiqua.mx\/wp-content\/uploads\/2023\/02\/517C7E6F-1738-48BF-9D15-F77A81ED88BE-scaled.jpeg","width":2070,"height":2560},{"@type":"BreadcrumbList","@id":"https:\/\/antiqua.mx\/producto\/del-rio-reyes-marcela-perfil-y-muestra-del-teatro-de-la-revolucion-mexicana\/#breadcrumb","itemListElement":[{"@type":"ListItem","position":1,"name":"Portada","item":"https:\/\/antiqua.mx\/en\/"},{"@type":"ListItem","position":2,"name":"Tienda","item":"https:\/\/antiqua.mx\/tienda\/"},{"@type":"ListItem","position":3,"name":"DEL R\u00cdO REYES MARCELA. PERFIL Y MUESTRA DEL TEATRO DE LA REVOLUCI\u00d3N MEXICANA"}]},{"@type":"WebSite","@id":"https:\/\/antiqua.mx\/en\/#website","url":"https:\/\/antiqua.mx\/en\/","name":"","description":"","potentialAction":[{"@type":"SearchAction","target":{"@type":"EntryPoint","urlTemplate":"https:\/\/antiqua.mx\/en\/?s={search_term_string}"},"query-input":{"@type":"PropertyValueSpecification","valueRequired":true,"valueName":"search_term_string"}}],"inLanguage":"en-US"}]}},"jetpack_sharing_enabled":true,"_links":{"self":[{"href":"https:\/\/antiqua.mx\/en\/wp-json\/wp\/v2\/product\/18584","targetHints":{"allow":["GET"]}}],"collection":[{"href":"https:\/\/antiqua.mx\/en\/wp-json\/wp\/v2\/product"}],"about":[{"href":"https:\/\/antiqua.mx\/en\/wp-json\/wp\/v2\/types\/product"}],"replies":[{"embeddable":true,"href":"https:\/\/antiqua.mx\/en\/wp-json\/wp\/v2\/comments?post=18584"}],"wp:featuredmedia":[{"embeddable":true,"href":"https:\/\/antiqua.mx\/en\/wp-json\/wp\/v2\/media\/18684"}],"wp:attachment":[{"href":"https:\/\/antiqua.mx\/en\/wp-json\/wp\/v2\/media?parent=18584"}],"wp:term":[{"taxonomy":"product_brand","embeddable":true,"href":"https:\/\/antiqua.mx\/en\/wp-json\/wp\/v2\/product_brand?post=18584"},{"taxonomy":"product_cat","embeddable":true,"href":"https:\/\/antiqua.mx\/en\/wp-json\/wp\/v2\/product_cat?post=18584"},{"taxonomy":"product_tag","embeddable":true,"href":"https:\/\/antiqua.mx\/en\/wp-json\/wp\/v2\/product_tag?post=18584"}],"curies":[{"name":"wp","href":"https:\/\/api.w.org\/{rel}","templated":true}]}}