{"id":1868,"date":"2020-06-19T00:35:00","date_gmt":"2020-06-19T00:35:00","guid":{"rendered":"https:\/\/antiqua.mx\/?post_type=product&#038;p=1868"},"modified":"2025-03-13T00:26:26","modified_gmt":"2025-03-13T00:26:26","slug":"lopez-bermudez-jose-canto-a-cuauhtemoc","status":"publish","type":"product","link":"https:\/\/antiqua.mx\/en\/product\/lopez-bermudez-jose-canto-a-cuauhtemoc\/","title":{"rendered":"L\u00d3PEZ BERM\u00daDEZ JOS\u00c9. CANTO A CUAUHT\u00c9MOC"},"content":{"rendered":"<p><strong>L\u00f3pez Berm\u00fadez Jos\u00e9<\/strong><\/p>\n<p>Editorial: Universidad Nacional Aut\u00f3noma de M\u00e9xico<\/p>\n<p>A\u00f1o 1950<\/p>\n<p>Empastado, en buenas condiciones. El empastado est\u00e1 ligeramente maltratado.<\/p>\n<p>Con juicio de Alfonso Reyes.<\/p>\n<p>Grabados de Carlos Alvarado Lang y vi\u00f1eta de Francisco Moreno Capdevila.<\/p>\n<p>Impreso en M\u00e9xico.<\/p>","protected":false},"excerpt":{"rendered":"<ul>\n<li>Editorial: Universidad Nacional Aut\u00f3noma de M\u00e9xico<\/li>\n<li>A\u00f1o 1950<\/li>\n<li>Empastado, en buenas condiciones. El empastado est\u00e1 ligeramente maltratado.<\/li>\n<li>Con juicio de Alfonso Reyes.<\/li>\n<li>Grabados de Carlos Alvarado Lang y vi\u00f1eta de Francisco Moreno Capdevila.<\/li>\n<li>Impreso en M\u00e9xico.<\/li>\n<\/ul>","protected":false},"featured_media":1869,"comment_status":"open","ping_status":"closed","template":"","meta":{"_joinchat":[]},"product_brand":[],"product_cat":[349,350,335,375,376,943,340],"product_tag":[5470,584,5471,913,3344],"class_list":{"0":"post-1868","1":"product","2":"type-product","3":"status-publish","6":"product_cat-arte","7":"product_cat-arte-mexicano","8":"product_cat-literatura","9":"product_cat-mex","10":"product_cat-mexpre","11":"product_cat-obra-plastica-mex","12":"product_cat-poesia","13":"product_tag-carlos-alvarado-lang","14":"product_tag-cuauhtemoc","15":"product_tag-francisco-moreno-capdevila","16":"product_tag-grabado-mexicano","17":"product_tag-jose-lopez-bermudez","19":"first","20":"instock","21":"featured","22":"sold-individually","23":"taxable","24":"shipping-taxable","25":"purchasable","26":"product-type-simple"},"yoast_head":"<!-- This site is optimized with the Yoast SEO plugin v26.1.1 - https:\/\/yoast.com\/wordpress\/plugins\/seo\/ -->\n<title>L\u00d3PEZ BERM\u00daDEZ JOS\u00c9. CANTO A CUAUHT\u00c9MOC -<\/title>\n<meta name=\"robots\" content=\"index, follow, max-snippet:-1, max-image-preview:large, max-video-preview:-1\" \/>\n<link rel=\"canonical\" href=\"https:\/\/antiqua.mx\/en\/product\/lopez-bermudez-jose-canto-a-cuauhtemoc\/\" \/>\n<meta property=\"og:locale\" content=\"en_US\" \/>\n<meta property=\"og:type\" content=\"article\" \/>\n<meta property=\"og:title\" content=\"L\u00d3PEZ BERM\u00daDEZ JOS\u00c9. CANTO A CUAUHT\u00c9MOC -\" \/>\n<meta property=\"og:description\" content=\"Editorial: Universidad Nacional Aut\u00f3noma de M\u00e9xico  A\u00f1o 1950  Empastado, en buenas condiciones. El empastado est\u00e1 ligeramente maltratado.  Con juicio de Alfonso Reyes.  Grabados de Carlos Alvarado Lang y vi\u00f1eta de Francisco Moreno Capdevila.  Impreso en M\u00e9xico.\" \/>\n<meta property=\"og:url\" content=\"https:\/\/antiqua.mx\/en\/product\/lopez-bermudez-jose-canto-a-cuauhtemoc\/\" \/>\n<meta property=\"article:modified_time\" content=\"2025-03-13T00:26:26+00:00\" \/>\n<meta property=\"og:image\" content=\"https:\/\/antiqua.mx\/wp-content\/uploads\/2020\/06\/CANTO-A-CUAUHT\u00c9MOC.-JOS\u00c9-L\u00d3PEZ-BERMUDEZ.-EMPASTADO-scaled.jpg\" \/>\n\t<meta property=\"og:image:width\" content=\"1829\" \/>\n\t<meta property=\"og:image:height\" content=\"2560\" \/>\n\t<meta property=\"og:image:type\" content=\"image\/jpeg\" \/>\n<meta name=\"twitter:card\" content=\"summary_large_image\" \/>\n<script type=\"application\/ld+json\" class=\"yoast-schema-graph\">{\"@context\":\"https:\/\/schema.org\",\"@graph\":[{\"@type\":\"WebPage\",\"@id\":\"https:\/\/antiqua.mx\/producto\/lopez-bermudez-jose-canto-a-cuauhtemoc\/\",\"url\":\"https:\/\/antiqua.mx\/producto\/lopez-bermudez-jose-canto-a-cuauhtemoc\/\",\"name\":\"L\u00d3PEZ BERM\u00daDEZ JOS\u00c9. CANTO A CUAUHT\u00c9MOC -\",\"isPartOf\":{\"@id\":\"https:\/\/antiqua.mx\/en\/#website\"},\"primaryImageOfPage\":{\"@id\":\"https:\/\/antiqua.mx\/producto\/lopez-bermudez-jose-canto-a-cuauhtemoc\/#primaryimage\"},\"image\":{\"@id\":\"https:\/\/antiqua.mx\/producto\/lopez-bermudez-jose-canto-a-cuauhtemoc\/#primaryimage\"},\"thumbnailUrl\":\"https:\/\/antiqua.mx\/wp-content\/uploads\/2020\/06\/CANTO-A-CUAUHT\u00c9MOC.-JOS\u00c9-L\u00d3PEZ-BERMUDEZ.-EMPASTADO-scaled.jpg\",\"datePublished\":\"2020-06-19T00:35:00+00:00\",\"dateModified\":\"2025-03-13T00:26:26+00:00\",\"breadcrumb\":{\"@id\":\"https:\/\/antiqua.mx\/producto\/lopez-bermudez-jose-canto-a-cuauhtemoc\/#breadcrumb\"},\"inLanguage\":\"en-US\",\"potentialAction\":[{\"@type\":\"ReadAction\",\"target\":[\"https:\/\/antiqua.mx\/producto\/lopez-bermudez-jose-canto-a-cuauhtemoc\/\"]}]},{\"@type\":\"ImageObject\",\"inLanguage\":\"en-US\",\"@id\":\"https:\/\/antiqua.mx\/producto\/lopez-bermudez-jose-canto-a-cuauhtemoc\/#primaryimage\",\"url\":\"https:\/\/antiqua.mx\/wp-content\/uploads\/2020\/06\/CANTO-A-CUAUHT\u00c9MOC.-JOS\u00c9-L\u00d3PEZ-BERMUDEZ.-EMPASTADO-scaled.jpg\",\"contentUrl\":\"https:\/\/antiqua.mx\/wp-content\/uploads\/2020\/06\/CANTO-A-CUAUHT\u00c9MOC.-JOS\u00c9-L\u00d3PEZ-BERMUDEZ.-EMPASTADO-scaled.jpg\",\"width\":1829,\"height\":2560,\"caption\":\"CANTO A CUAUHT\u00c9MOC\"},{\"@type\":\"BreadcrumbList\",\"@id\":\"https:\/\/antiqua.mx\/producto\/lopez-bermudez-jose-canto-a-cuauhtemoc\/#breadcrumb\",\"itemListElement\":[{\"@type\":\"ListItem\",\"position\":1,\"name\":\"Portada\",\"item\":\"https:\/\/antiqua.mx\/en\/\"},{\"@type\":\"ListItem\",\"position\":2,\"name\":\"Tienda\",\"item\":\"https:\/\/antiqua.mx\/tienda\/\"},{\"@type\":\"ListItem\",\"position\":3,\"name\":\"L\u00d3PEZ BERM\u00daDEZ JOS\u00c9. CANTO A CUAUHT\u00c9MOC\"}]},{\"@type\":\"WebSite\",\"@id\":\"https:\/\/antiqua.mx\/en\/#website\",\"url\":\"https:\/\/antiqua.mx\/en\/\",\"name\":\"\",\"description\":\"\",\"potentialAction\":[{\"@type\":\"SearchAction\",\"target\":{\"@type\":\"EntryPoint\",\"urlTemplate\":\"https:\/\/antiqua.mx\/en\/?s={search_term_string}\"},\"query-input\":{\"@type\":\"PropertyValueSpecification\",\"valueRequired\":true,\"valueName\":\"search_term_string\"}}],\"inLanguage\":\"en-US\"}]}<\/script>\n<!-- \/ Yoast SEO plugin. -->","yoast_head_json":{"title":"L\u00d3PEZ BERM\u00daDEZ JOS\u00c9. CANTO A CUAUHT\u00c9MOC -","robots":{"index":"index","follow":"follow","max-snippet":"max-snippet:-1","max-image-preview":"max-image-preview:large","max-video-preview":"max-video-preview:-1"},"canonical":"https:\/\/antiqua.mx\/en\/product\/lopez-bermudez-jose-canto-a-cuauhtemoc\/","og_locale":"en_US","og_type":"article","og_title":"L\u00d3PEZ BERM\u00daDEZ JOS\u00c9. CANTO A CUAUHT\u00c9MOC -","og_description":"Editorial: Universidad Nacional Aut\u00f3noma de M\u00e9xico  A\u00f1o 1950  Empastado, en buenas condiciones. El empastado est\u00e1 ligeramente maltratado.  Con juicio de Alfonso Reyes.  Grabados de Carlos Alvarado Lang y vi\u00f1eta de Francisco Moreno Capdevila.  Impreso en M\u00e9xico.","og_url":"https:\/\/antiqua.mx\/en\/product\/lopez-bermudez-jose-canto-a-cuauhtemoc\/","article_modified_time":"2025-03-13T00:26:26+00:00","og_image":[{"width":1829,"height":2560,"url":"https:\/\/antiqua.mx\/wp-content\/uploads\/2020\/06\/CANTO-A-CUAUHT\u00c9MOC.-JOS\u00c9-L\u00d3PEZ-BERMUDEZ.-EMPASTADO-scaled.jpg","type":"image\/jpeg"}],"twitter_card":"summary_large_image","schema":{"@context":"https:\/\/schema.org","@graph":[{"@type":"WebPage","@id":"https:\/\/antiqua.mx\/producto\/lopez-bermudez-jose-canto-a-cuauhtemoc\/","url":"https:\/\/antiqua.mx\/producto\/lopez-bermudez-jose-canto-a-cuauhtemoc\/","name":"L\u00d3PEZ BERM\u00daDEZ JOS\u00c9. CANTO A CUAUHT\u00c9MOC -","isPartOf":{"@id":"https:\/\/antiqua.mx\/en\/#website"},"primaryImageOfPage":{"@id":"https:\/\/antiqua.mx\/producto\/lopez-bermudez-jose-canto-a-cuauhtemoc\/#primaryimage"},"image":{"@id":"https:\/\/antiqua.mx\/producto\/lopez-bermudez-jose-canto-a-cuauhtemoc\/#primaryimage"},"thumbnailUrl":"https:\/\/antiqua.mx\/wp-content\/uploads\/2020\/06\/CANTO-A-CUAUHT\u00c9MOC.-JOS\u00c9-L\u00d3PEZ-BERMUDEZ.-EMPASTADO-scaled.jpg","datePublished":"2020-06-19T00:35:00+00:00","dateModified":"2025-03-13T00:26:26+00:00","breadcrumb":{"@id":"https:\/\/antiqua.mx\/producto\/lopez-bermudez-jose-canto-a-cuauhtemoc\/#breadcrumb"},"inLanguage":"en-US","potentialAction":[{"@type":"ReadAction","target":["https:\/\/antiqua.mx\/producto\/lopez-bermudez-jose-canto-a-cuauhtemoc\/"]}]},{"@type":"ImageObject","inLanguage":"en-US","@id":"https:\/\/antiqua.mx\/producto\/lopez-bermudez-jose-canto-a-cuauhtemoc\/#primaryimage","url":"https:\/\/antiqua.mx\/wp-content\/uploads\/2020\/06\/CANTO-A-CUAUHT\u00c9MOC.-JOS\u00c9-L\u00d3PEZ-BERMUDEZ.-EMPASTADO-scaled.jpg","contentUrl":"https:\/\/antiqua.mx\/wp-content\/uploads\/2020\/06\/CANTO-A-CUAUHT\u00c9MOC.-JOS\u00c9-L\u00d3PEZ-BERMUDEZ.-EMPASTADO-scaled.jpg","width":1829,"height":2560,"caption":"CANTO A CUAUHT\u00c9MOC"},{"@type":"BreadcrumbList","@id":"https:\/\/antiqua.mx\/producto\/lopez-bermudez-jose-canto-a-cuauhtemoc\/#breadcrumb","itemListElement":[{"@type":"ListItem","position":1,"name":"Portada","item":"https:\/\/antiqua.mx\/en\/"},{"@type":"ListItem","position":2,"name":"Tienda","item":"https:\/\/antiqua.mx\/tienda\/"},{"@type":"ListItem","position":3,"name":"L\u00d3PEZ BERM\u00daDEZ JOS\u00c9. CANTO A CUAUHT\u00c9MOC"}]},{"@type":"WebSite","@id":"https:\/\/antiqua.mx\/en\/#website","url":"https:\/\/antiqua.mx\/en\/","name":"","description":"","potentialAction":[{"@type":"SearchAction","target":{"@type":"EntryPoint","urlTemplate":"https:\/\/antiqua.mx\/en\/?s={search_term_string}"},"query-input":{"@type":"PropertyValueSpecification","valueRequired":true,"valueName":"search_term_string"}}],"inLanguage":"en-US"}]}},"jetpack_sharing_enabled":true,"_links":{"self":[{"href":"https:\/\/antiqua.mx\/en\/wp-json\/wp\/v2\/product\/1868","targetHints":{"allow":["GET"]}}],"collection":[{"href":"https:\/\/antiqua.mx\/en\/wp-json\/wp\/v2\/product"}],"about":[{"href":"https:\/\/antiqua.mx\/en\/wp-json\/wp\/v2\/types\/product"}],"replies":[{"embeddable":true,"href":"https:\/\/antiqua.mx\/en\/wp-json\/wp\/v2\/comments?post=1868"}],"wp:featuredmedia":[{"embeddable":true,"href":"https:\/\/antiqua.mx\/en\/wp-json\/wp\/v2\/media\/1869"}],"wp:attachment":[{"href":"https:\/\/antiqua.mx\/en\/wp-json\/wp\/v2\/media?parent=1868"}],"wp:term":[{"taxonomy":"product_brand","embeddable":true,"href":"https:\/\/antiqua.mx\/en\/wp-json\/wp\/v2\/product_brand?post=1868"},{"taxonomy":"product_cat","embeddable":true,"href":"https:\/\/antiqua.mx\/en\/wp-json\/wp\/v2\/product_cat?post=1868"},{"taxonomy":"product_tag","embeddable":true,"href":"https:\/\/antiqua.mx\/en\/wp-json\/wp\/v2\/product_tag?post=1868"}],"curies":[{"name":"wp","href":"https:\/\/api.w.org\/{rel}","templated":true}]}}