{"id":19037,"date":"2023-03-22T21:26:11","date_gmt":"2023-03-22T21:26:11","guid":{"rendered":"https:\/\/antiqua.mx\/?post_type=product&#038;p=19037"},"modified":"2025-12-04T20:00:23","modified_gmt":"2025-12-04T20:00:23","slug":"el-libro-de-oro-de-los-payasos-los-mas-famosos-y-divertidos-sketches-de-circo","status":"publish","type":"product","link":"https:\/\/antiqua.mx\/en\/product\/el-libro-de-oro-de-los-payasos-los-mas-famosos-y-divertidos-sketches-de-circo\/","title":{"rendered":"EL LIBRO DE ORO DE LOS PAYASOS. LOS M\u00c1S FAMOSOS Y DIVERTIDOS SKETCHES DE CIRCO"},"content":{"rendered":"<p>Editorial: escenolog\u00eda ac<\/p>\n<p>A\u00f1o 1999<\/p>\n<p>R\u00fastico, en buenas condiciones.<\/p>\n<p>La obra est\u00e1 ilustrada con fotograf\u00edas a color y a blanco y negro.<\/p>\n<p>Traducci\u00f3n de Margherita Pavia.<\/p>\n<p>Selecci\u00f3n de textos y presentaci\u00f3n de Edgar Ceballos.<\/p>\n<p>Notas de Dario Fo y Ferdinando Taviani, Sol \u00c1lvarez y Federico Serrano.<\/p>\n<p>Impreso en M\u00e9xico.<\/p>\n<p>526 p\u00e1ginas<\/p>","protected":false},"excerpt":{"rendered":"<ul>\n<li>Editorial: escenolog\u00eda ac<\/li>\n<li>A\u00f1o 1999<\/li>\n<li>R\u00fastico, en buenas condiciones.<\/li>\n<li>La obra est\u00e1 ilustrada con fotograf\u00edas a color y a blanco y negro.<\/li>\n<li>Traducci\u00f3n de Margherita Pavia.<\/li>\n<li>Selecci\u00f3n de textos y presentaci\u00f3n de Edgar Ceballos.<\/li>\n<li>Notas de Dario Fo y Ferdinando Taviani, Sol \u00c1lvarez y Federico Serrano.<\/li>\n<li>Impreso en M\u00e9xico.<\/li>\n<li>526 p\u00e1ginas<\/li>\n<\/ul>","protected":false},"featured_media":19184,"comment_status":"open","ping_status":"closed","template":"","meta":{"_joinchat":[]},"product_brand":[],"product_cat":[349,365],"product_tag":[],"class_list":{"0":"post-19037","1":"product","2":"type-product","3":"status-publish","6":"product_cat-arte","7":"product_cat-citpay","9":"first","10":"instock","11":"featured","12":"taxable","13":"shipping-taxable","14":"purchasable","15":"product-type-simple"},"yoast_head":"<!-- This site is optimized with the Yoast SEO plugin v26.1.1 - https:\/\/yoast.com\/wordpress\/plugins\/seo\/ -->\n<title>EL LIBRO DE ORO DE LOS PAYASOS. LOS M\u00c1S FAMOSOS Y DIVERTIDOS SKETCHES DE CIRCO -<\/title>\n<meta name=\"robots\" content=\"index, follow, max-snippet:-1, max-image-preview:large, max-video-preview:-1\" \/>\n<link rel=\"canonical\" href=\"https:\/\/antiqua.mx\/en\/product\/el-libro-de-oro-de-los-payasos-los-mas-famosos-y-divertidos-sketches-de-circo\/\" \/>\n<meta property=\"og:locale\" content=\"en_US\" \/>\n<meta property=\"og:type\" content=\"article\" \/>\n<meta property=\"og:title\" content=\"EL LIBRO DE ORO DE LOS PAYASOS. LOS M\u00c1S FAMOSOS Y DIVERTIDOS SKETCHES DE CIRCO -\" \/>\n<meta property=\"og:description\" content=\"Editorial: escenolog\u00eda ac  A\u00f1o 1999  R\u00fastico, en buenas condiciones.  La obra est\u00e1 ilustrada con fotograf\u00edas a color y a blanco y negro.  Traducci\u00f3n de Margherita Pavia.  Selecci\u00f3n de textos y presentaci\u00f3n de Edgar Ceballos.  Notas de Dario Fo y Ferdinando Taviani, Sol \u00c1lvarez y Federico Serrano.  Impreso en M\u00e9xico.  526 p\u00e1ginas\" \/>\n<meta property=\"og:url\" content=\"https:\/\/antiqua.mx\/en\/product\/el-libro-de-oro-de-los-payasos-los-mas-famosos-y-divertidos-sketches-de-circo\/\" \/>\n<meta property=\"article:modified_time\" content=\"2025-12-04T20:00:23+00:00\" \/>\n<meta property=\"og:image\" content=\"https:\/\/antiqua.mx\/wp-content\/uploads\/2023\/03\/96CD4597-9B0A-48A7-BF2A-9A0B04AF0B06-scaled.jpeg\" \/>\n\t<meta property=\"og:image:width\" content=\"2047\" \/>\n\t<meta property=\"og:image:height\" content=\"2560\" \/>\n\t<meta property=\"og:image:type\" content=\"image\/jpeg\" \/>\n<meta name=\"twitter:card\" content=\"summary_large_image\" \/>\n<meta name=\"twitter:label1\" content=\"Est. reading time\" \/>\n\t<meta name=\"twitter:data1\" content=\"1 minute\" \/>\n<script type=\"application\/ld+json\" class=\"yoast-schema-graph\">{\"@context\":\"https:\/\/schema.org\",\"@graph\":[{\"@type\":\"WebPage\",\"@id\":\"https:\/\/antiqua.mx\/producto\/el-libro-de-oro-de-los-payasos-los-mas-famosos-y-divertidos-sketches-de-circo\/\",\"url\":\"https:\/\/antiqua.mx\/producto\/el-libro-de-oro-de-los-payasos-los-mas-famosos-y-divertidos-sketches-de-circo\/\",\"name\":\"EL LIBRO DE ORO DE LOS PAYASOS. LOS M\u00c1S FAMOSOS Y DIVERTIDOS SKETCHES DE CIRCO -\",\"isPartOf\":{\"@id\":\"https:\/\/antiqua.mx\/en\/#website\"},\"primaryImageOfPage\":{\"@id\":\"https:\/\/antiqua.mx\/producto\/el-libro-de-oro-de-los-payasos-los-mas-famosos-y-divertidos-sketches-de-circo\/#primaryimage\"},\"image\":{\"@id\":\"https:\/\/antiqua.mx\/producto\/el-libro-de-oro-de-los-payasos-los-mas-famosos-y-divertidos-sketches-de-circo\/#primaryimage\"},\"thumbnailUrl\":\"https:\/\/antiqua.mx\/wp-content\/uploads\/2023\/03\/96CD4597-9B0A-48A7-BF2A-9A0B04AF0B06-scaled.jpeg\",\"datePublished\":\"2023-03-22T21:26:11+00:00\",\"dateModified\":\"2025-12-04T20:00:23+00:00\",\"breadcrumb\":{\"@id\":\"https:\/\/antiqua.mx\/producto\/el-libro-de-oro-de-los-payasos-los-mas-famosos-y-divertidos-sketches-de-circo\/#breadcrumb\"},\"inLanguage\":\"en-US\",\"potentialAction\":[{\"@type\":\"ReadAction\",\"target\":[\"https:\/\/antiqua.mx\/producto\/el-libro-de-oro-de-los-payasos-los-mas-famosos-y-divertidos-sketches-de-circo\/\"]}]},{\"@type\":\"ImageObject\",\"inLanguage\":\"en-US\",\"@id\":\"https:\/\/antiqua.mx\/producto\/el-libro-de-oro-de-los-payasos-los-mas-famosos-y-divertidos-sketches-de-circo\/#primaryimage\",\"url\":\"https:\/\/antiqua.mx\/wp-content\/uploads\/2023\/03\/96CD4597-9B0A-48A7-BF2A-9A0B04AF0B06-scaled.jpeg\",\"contentUrl\":\"https:\/\/antiqua.mx\/wp-content\/uploads\/2023\/03\/96CD4597-9B0A-48A7-BF2A-9A0B04AF0B06-scaled.jpeg\",\"width\":2047,\"height\":2560},{\"@type\":\"BreadcrumbList\",\"@id\":\"https:\/\/antiqua.mx\/producto\/el-libro-de-oro-de-los-payasos-los-mas-famosos-y-divertidos-sketches-de-circo\/#breadcrumb\",\"itemListElement\":[{\"@type\":\"ListItem\",\"position\":1,\"name\":\"Portada\",\"item\":\"https:\/\/antiqua.mx\/en\/\"},{\"@type\":\"ListItem\",\"position\":2,\"name\":\"Tienda\",\"item\":\"https:\/\/antiqua.mx\/tienda\/\"},{\"@type\":\"ListItem\",\"position\":3,\"name\":\"EL LIBRO DE ORO DE LOS PAYASOS. LOS M\u00c1S FAMOSOS Y DIVERTIDOS SKETCHES DE CIRCO\"}]},{\"@type\":\"WebSite\",\"@id\":\"https:\/\/antiqua.mx\/en\/#website\",\"url\":\"https:\/\/antiqua.mx\/en\/\",\"name\":\"\",\"description\":\"\",\"potentialAction\":[{\"@type\":\"SearchAction\",\"target\":{\"@type\":\"EntryPoint\",\"urlTemplate\":\"https:\/\/antiqua.mx\/en\/?s={search_term_string}\"},\"query-input\":{\"@type\":\"PropertyValueSpecification\",\"valueRequired\":true,\"valueName\":\"search_term_string\"}}],\"inLanguage\":\"en-US\"}]}<\/script>\n<!-- \/ Yoast SEO plugin. -->","yoast_head_json":{"title":"EL LIBRO DE ORO DE LOS PAYASOS. LOS M\u00c1S FAMOSOS Y DIVERTIDOS SKETCHES DE CIRCO -","robots":{"index":"index","follow":"follow","max-snippet":"max-snippet:-1","max-image-preview":"max-image-preview:large","max-video-preview":"max-video-preview:-1"},"canonical":"https:\/\/antiqua.mx\/en\/product\/el-libro-de-oro-de-los-payasos-los-mas-famosos-y-divertidos-sketches-de-circo\/","og_locale":"en_US","og_type":"article","og_title":"EL LIBRO DE ORO DE LOS PAYASOS. LOS M\u00c1S FAMOSOS Y DIVERTIDOS SKETCHES DE CIRCO -","og_description":"Editorial: escenolog\u00eda ac  A\u00f1o 1999  R\u00fastico, en buenas condiciones.  La obra est\u00e1 ilustrada con fotograf\u00edas a color y a blanco y negro.  Traducci\u00f3n de Margherita Pavia.  Selecci\u00f3n de textos y presentaci\u00f3n de Edgar Ceballos.  Notas de Dario Fo y Ferdinando Taviani, Sol \u00c1lvarez y Federico Serrano.  Impreso en M\u00e9xico.  526 p\u00e1ginas","og_url":"https:\/\/antiqua.mx\/en\/product\/el-libro-de-oro-de-los-payasos-los-mas-famosos-y-divertidos-sketches-de-circo\/","article_modified_time":"2025-12-04T20:00:23+00:00","og_image":[{"width":2047,"height":2560,"url":"https:\/\/antiqua.mx\/wp-content\/uploads\/2023\/03\/96CD4597-9B0A-48A7-BF2A-9A0B04AF0B06-scaled.jpeg","type":"image\/jpeg"}],"twitter_card":"summary_large_image","twitter_misc":{"Est. reading time":"1 minute"},"schema":{"@context":"https:\/\/schema.org","@graph":[{"@type":"WebPage","@id":"https:\/\/antiqua.mx\/producto\/el-libro-de-oro-de-los-payasos-los-mas-famosos-y-divertidos-sketches-de-circo\/","url":"https:\/\/antiqua.mx\/producto\/el-libro-de-oro-de-los-payasos-los-mas-famosos-y-divertidos-sketches-de-circo\/","name":"EL LIBRO DE ORO DE LOS PAYASOS. LOS M\u00c1S FAMOSOS Y DIVERTIDOS SKETCHES DE CIRCO -","isPartOf":{"@id":"https:\/\/antiqua.mx\/en\/#website"},"primaryImageOfPage":{"@id":"https:\/\/antiqua.mx\/producto\/el-libro-de-oro-de-los-payasos-los-mas-famosos-y-divertidos-sketches-de-circo\/#primaryimage"},"image":{"@id":"https:\/\/antiqua.mx\/producto\/el-libro-de-oro-de-los-payasos-los-mas-famosos-y-divertidos-sketches-de-circo\/#primaryimage"},"thumbnailUrl":"https:\/\/antiqua.mx\/wp-content\/uploads\/2023\/03\/96CD4597-9B0A-48A7-BF2A-9A0B04AF0B06-scaled.jpeg","datePublished":"2023-03-22T21:26:11+00:00","dateModified":"2025-12-04T20:00:23+00:00","breadcrumb":{"@id":"https:\/\/antiqua.mx\/producto\/el-libro-de-oro-de-los-payasos-los-mas-famosos-y-divertidos-sketches-de-circo\/#breadcrumb"},"inLanguage":"en-US","potentialAction":[{"@type":"ReadAction","target":["https:\/\/antiqua.mx\/producto\/el-libro-de-oro-de-los-payasos-los-mas-famosos-y-divertidos-sketches-de-circo\/"]}]},{"@type":"ImageObject","inLanguage":"en-US","@id":"https:\/\/antiqua.mx\/producto\/el-libro-de-oro-de-los-payasos-los-mas-famosos-y-divertidos-sketches-de-circo\/#primaryimage","url":"https:\/\/antiqua.mx\/wp-content\/uploads\/2023\/03\/96CD4597-9B0A-48A7-BF2A-9A0B04AF0B06-scaled.jpeg","contentUrl":"https:\/\/antiqua.mx\/wp-content\/uploads\/2023\/03\/96CD4597-9B0A-48A7-BF2A-9A0B04AF0B06-scaled.jpeg","width":2047,"height":2560},{"@type":"BreadcrumbList","@id":"https:\/\/antiqua.mx\/producto\/el-libro-de-oro-de-los-payasos-los-mas-famosos-y-divertidos-sketches-de-circo\/#breadcrumb","itemListElement":[{"@type":"ListItem","position":1,"name":"Portada","item":"https:\/\/antiqua.mx\/en\/"},{"@type":"ListItem","position":2,"name":"Tienda","item":"https:\/\/antiqua.mx\/tienda\/"},{"@type":"ListItem","position":3,"name":"EL LIBRO DE ORO DE LOS PAYASOS. LOS M\u00c1S FAMOSOS Y DIVERTIDOS SKETCHES DE CIRCO"}]},{"@type":"WebSite","@id":"https:\/\/antiqua.mx\/en\/#website","url":"https:\/\/antiqua.mx\/en\/","name":"","description":"","potentialAction":[{"@type":"SearchAction","target":{"@type":"EntryPoint","urlTemplate":"https:\/\/antiqua.mx\/en\/?s={search_term_string}"},"query-input":{"@type":"PropertyValueSpecification","valueRequired":true,"valueName":"search_term_string"}}],"inLanguage":"en-US"}]}},"jetpack_sharing_enabled":true,"_links":{"self":[{"href":"https:\/\/antiqua.mx\/en\/wp-json\/wp\/v2\/product\/19037","targetHints":{"allow":["GET"]}}],"collection":[{"href":"https:\/\/antiqua.mx\/en\/wp-json\/wp\/v2\/product"}],"about":[{"href":"https:\/\/antiqua.mx\/en\/wp-json\/wp\/v2\/types\/product"}],"replies":[{"embeddable":true,"href":"https:\/\/antiqua.mx\/en\/wp-json\/wp\/v2\/comments?post=19037"}],"wp:featuredmedia":[{"embeddable":true,"href":"https:\/\/antiqua.mx\/en\/wp-json\/wp\/v2\/media\/19184"}],"wp:attachment":[{"href":"https:\/\/antiqua.mx\/en\/wp-json\/wp\/v2\/media?parent=19037"}],"wp:term":[{"taxonomy":"product_brand","embeddable":true,"href":"https:\/\/antiqua.mx\/en\/wp-json\/wp\/v2\/product_brand?post=19037"},{"taxonomy":"product_cat","embeddable":true,"href":"https:\/\/antiqua.mx\/en\/wp-json\/wp\/v2\/product_cat?post=19037"},{"taxonomy":"product_tag","embeddable":true,"href":"https:\/\/antiqua.mx\/en\/wp-json\/wp\/v2\/product_tag?post=19037"}],"curies":[{"name":"wp","href":"https:\/\/api.w.org\/{rel}","templated":true}]}}