{"id":19042,"date":"2023-03-22T23:00:07","date_gmt":"2023-03-22T23:00:07","guid":{"rendered":"https:\/\/antiqua.mx\/?post_type=product&#038;p=19042"},"modified":"2025-04-03T22:15:16","modified_gmt":"2025-04-03T22:15:16","slug":"obregon-alvaro-ocho-mil-kilometros-en-campana-2","status":"publish","type":"product","link":"https:\/\/antiqua.mx\/en\/product\/obregon-alvaro-ocho-mil-kilometros-en-campana-2\/","title":{"rendered":"OBREG\u00d3N \u00c1LVARO. OCHO MIL KIL\u00d3METROS EN CAMPA\u00d1A"},"content":{"rendered":"<p><strong>Obreg\u00f3n \u00c1lvaro<\/strong><\/p>\n<p>Editorial: LIBRER\u00cdA DE LA VDA. DE CH. BOURET<\/p>\n<p>A\u00f1o 1917<\/p>\n<p>R\u00fastico, en buenas condiciones. El empastado est\u00e1 maltratado.<\/p>\n<p><i>\u00a0Relaci\u00f3n de las acciones de armas, efectuadas en m\u00e1s de veinte Estados de la Rep\u00fablica durante un periodo de cuatro a\u00f1os.\u00a0<\/i><\/p>\n<p>La obra est\u00e1 ilustrada con fotograf\u00edas a blanco y negro.<\/p>\n<p>Impreso en M\u00e9xico &#8211; Par\u00eds.<\/p>\n<p>745 p\u00e1ginas<\/p>","protected":false},"excerpt":{"rendered":"<ul>\n<li>Editorial: LIBRER\u00cdA DE LA VDA. DE CH. BOURET<\/li>\n<li>A\u00f1o 1917<\/li>\n<li>R\u00fastico, en buenas condiciones. El empastado est\u00e1 maltratado.<\/li>\n<li><i>\u00a0Relaci\u00f3n de las acciones de armas, efectuadas en m\u00e1s de veinte Estados de la Rep\u00fablica durante un periodo de cuatro a\u00f1os.\u00a0<\/i><\/li>\n<li>La obra est\u00e1 ilustrada con fotograf\u00edas a blanco y negro.<\/li>\n<li>Impreso en M\u00e9xico &#8211; Par\u00eds.<\/li>\n<li>745 p\u00e1ginas<\/li>\n<\/ul>","protected":false},"featured_media":19153,"comment_status":"open","ping_status":"closed","template":"","meta":{"_joinchat":[]},"product_brand":[],"product_cat":[375,381],"product_tag":[1401],"class_list":{"0":"post-19042","1":"product","2":"type-product","3":"status-publish","6":"product_cat-mex","7":"product_cat-revmex","8":"product_tag-alvaro-obregon","10":"first","11":"instock","12":"featured","13":"taxable","14":"shipping-taxable","15":"purchasable","16":"product-type-simple"},"yoast_head":"<!-- This site is optimized with the Yoast SEO plugin v26.1.1 - https:\/\/yoast.com\/wordpress\/plugins\/seo\/ -->\n<title>OBREG\u00d3N \u00c1LVARO. OCHO MIL KIL\u00d3METROS EN CAMPA\u00d1A -<\/title>\n<meta name=\"robots\" content=\"index, follow, max-snippet:-1, max-image-preview:large, max-video-preview:-1\" \/>\n<link rel=\"canonical\" href=\"https:\/\/antiqua.mx\/en\/product\/obregon-alvaro-ocho-mil-kilometros-en-campana-2\/\" \/>\n<meta property=\"og:locale\" content=\"en_US\" \/>\n<meta property=\"og:type\" content=\"article\" \/>\n<meta property=\"og:title\" content=\"OBREG\u00d3N \u00c1LVARO. OCHO MIL KIL\u00d3METROS EN CAMPA\u00d1A -\" \/>\n<meta property=\"og:description\" content=\"Editorial: LIBRER\u00cdA DE LA VDA. DE CH. BOURET  A\u00f1o 1917  R\u00fastico, en buenas condiciones. El empastado est\u00e1 maltratado.  \u00a0Relaci\u00f3n de las acciones de armas, efectuadas en m\u00e1s de veinte Estados de la Rep\u00fablica durante un periodo de cuatro a\u00f1os.\u00a0  La obra est\u00e1 ilustrada con fotograf\u00edas a blanco y negro.  Impreso en M\u00e9xico - Par\u00eds.  745 p\u00e1ginas\" \/>\n<meta property=\"og:url\" content=\"https:\/\/antiqua.mx\/en\/product\/obregon-alvaro-ocho-mil-kilometros-en-campana-2\/\" \/>\n<meta property=\"article:modified_time\" content=\"2025-04-03T22:15:16+00:00\" \/>\n<meta property=\"og:image\" content=\"https:\/\/antiqua.mx\/wp-content\/uploads\/2023\/03\/819AD280-AFB6-4B4E-9B48-F29784144499-scaled.jpeg\" \/>\n\t<meta property=\"og:image:width\" content=\"2035\" \/>\n\t<meta property=\"og:image:height\" content=\"2560\" \/>\n\t<meta property=\"og:image:type\" content=\"image\/jpeg\" \/>\n<meta name=\"twitter:card\" content=\"summary_large_image\" \/>\n<script type=\"application\/ld+json\" class=\"yoast-schema-graph\">{\"@context\":\"https:\/\/schema.org\",\"@graph\":[{\"@type\":\"WebPage\",\"@id\":\"https:\/\/antiqua.mx\/en\/product\/obregon-alvaro-ocho-mil-kilometros-en-campana-2\/\",\"url\":\"https:\/\/antiqua.mx\/en\/product\/obregon-alvaro-ocho-mil-kilometros-en-campana-2\/\",\"name\":\"OBREG\u00d3N \u00c1LVARO. OCHO MIL KIL\u00d3METROS EN CAMPA\u00d1A -\",\"isPartOf\":{\"@id\":\"https:\/\/antiqua.mx\/en\/#website\"},\"primaryImageOfPage\":{\"@id\":\"https:\/\/antiqua.mx\/en\/product\/obregon-alvaro-ocho-mil-kilometros-en-campana-2\/#primaryimage\"},\"image\":{\"@id\":\"https:\/\/antiqua.mx\/en\/product\/obregon-alvaro-ocho-mil-kilometros-en-campana-2\/#primaryimage\"},\"thumbnailUrl\":\"https:\/\/antiqua.mx\/wp-content\/uploads\/2023\/03\/819AD280-AFB6-4B4E-9B48-F29784144499-scaled.jpeg\",\"datePublished\":\"2023-03-22T23:00:07+00:00\",\"dateModified\":\"2025-04-03T22:15:16+00:00\",\"breadcrumb\":{\"@id\":\"https:\/\/antiqua.mx\/en\/product\/obregon-alvaro-ocho-mil-kilometros-en-campana-2\/#breadcrumb\"},\"inLanguage\":\"en-US\",\"potentialAction\":[{\"@type\":\"ReadAction\",\"target\":[\"https:\/\/antiqua.mx\/en\/product\/obregon-alvaro-ocho-mil-kilometros-en-campana-2\/\"]}]},{\"@type\":\"ImageObject\",\"inLanguage\":\"en-US\",\"@id\":\"https:\/\/antiqua.mx\/en\/product\/obregon-alvaro-ocho-mil-kilometros-en-campana-2\/#primaryimage\",\"url\":\"https:\/\/antiqua.mx\/wp-content\/uploads\/2023\/03\/819AD280-AFB6-4B4E-9B48-F29784144499-scaled.jpeg\",\"contentUrl\":\"https:\/\/antiqua.mx\/wp-content\/uploads\/2023\/03\/819AD280-AFB6-4B4E-9B48-F29784144499-scaled.jpeg\",\"width\":2035,\"height\":2560},{\"@type\":\"BreadcrumbList\",\"@id\":\"https:\/\/antiqua.mx\/en\/product\/obregon-alvaro-ocho-mil-kilometros-en-campana-2\/#breadcrumb\",\"itemListElement\":[{\"@type\":\"ListItem\",\"position\":1,\"name\":\"Portada\",\"item\":\"https:\/\/antiqua.mx\/en\/\"},{\"@type\":\"ListItem\",\"position\":2,\"name\":\"Tienda\",\"item\":\"https:\/\/antiqua.mx\/tienda\/\"},{\"@type\":\"ListItem\",\"position\":3,\"name\":\"OBREG\u00d3N \u00c1LVARO. OCHO MIL KIL\u00d3METROS EN CAMPA\u00d1A\"}]},{\"@type\":\"WebSite\",\"@id\":\"https:\/\/antiqua.mx\/en\/#website\",\"url\":\"https:\/\/antiqua.mx\/en\/\",\"name\":\"\",\"description\":\"\",\"potentialAction\":[{\"@type\":\"SearchAction\",\"target\":{\"@type\":\"EntryPoint\",\"urlTemplate\":\"https:\/\/antiqua.mx\/en\/?s={search_term_string}\"},\"query-input\":{\"@type\":\"PropertyValueSpecification\",\"valueRequired\":true,\"valueName\":\"search_term_string\"}}],\"inLanguage\":\"en-US\"}]}<\/script>\n<!-- \/ Yoast SEO plugin. -->","yoast_head_json":{"title":"OBREG\u00d3N \u00c1LVARO. OCHO MIL KIL\u00d3METROS EN CAMPA\u00d1A -","robots":{"index":"index","follow":"follow","max-snippet":"max-snippet:-1","max-image-preview":"max-image-preview:large","max-video-preview":"max-video-preview:-1"},"canonical":"https:\/\/antiqua.mx\/en\/product\/obregon-alvaro-ocho-mil-kilometros-en-campana-2\/","og_locale":"en_US","og_type":"article","og_title":"OBREG\u00d3N \u00c1LVARO. OCHO MIL KIL\u00d3METROS EN CAMPA\u00d1A -","og_description":"Editorial: LIBRER\u00cdA DE LA VDA. DE CH. BOURET  A\u00f1o 1917  R\u00fastico, en buenas condiciones. El empastado est\u00e1 maltratado.  \u00a0Relaci\u00f3n de las acciones de armas, efectuadas en m\u00e1s de veinte Estados de la Rep\u00fablica durante un periodo de cuatro a\u00f1os.\u00a0  La obra est\u00e1 ilustrada con fotograf\u00edas a blanco y negro.  Impreso en M\u00e9xico - Par\u00eds.  745 p\u00e1ginas","og_url":"https:\/\/antiqua.mx\/en\/product\/obregon-alvaro-ocho-mil-kilometros-en-campana-2\/","article_modified_time":"2025-04-03T22:15:16+00:00","og_image":[{"width":2035,"height":2560,"url":"https:\/\/antiqua.mx\/wp-content\/uploads\/2023\/03\/819AD280-AFB6-4B4E-9B48-F29784144499-scaled.jpeg","type":"image\/jpeg"}],"twitter_card":"summary_large_image","schema":{"@context":"https:\/\/schema.org","@graph":[{"@type":"WebPage","@id":"https:\/\/antiqua.mx\/en\/product\/obregon-alvaro-ocho-mil-kilometros-en-campana-2\/","url":"https:\/\/antiqua.mx\/en\/product\/obregon-alvaro-ocho-mil-kilometros-en-campana-2\/","name":"OBREG\u00d3N \u00c1LVARO. OCHO MIL KIL\u00d3METROS EN CAMPA\u00d1A -","isPartOf":{"@id":"https:\/\/antiqua.mx\/en\/#website"},"primaryImageOfPage":{"@id":"https:\/\/antiqua.mx\/en\/product\/obregon-alvaro-ocho-mil-kilometros-en-campana-2\/#primaryimage"},"image":{"@id":"https:\/\/antiqua.mx\/en\/product\/obregon-alvaro-ocho-mil-kilometros-en-campana-2\/#primaryimage"},"thumbnailUrl":"https:\/\/antiqua.mx\/wp-content\/uploads\/2023\/03\/819AD280-AFB6-4B4E-9B48-F29784144499-scaled.jpeg","datePublished":"2023-03-22T23:00:07+00:00","dateModified":"2025-04-03T22:15:16+00:00","breadcrumb":{"@id":"https:\/\/antiqua.mx\/en\/product\/obregon-alvaro-ocho-mil-kilometros-en-campana-2\/#breadcrumb"},"inLanguage":"en-US","potentialAction":[{"@type":"ReadAction","target":["https:\/\/antiqua.mx\/en\/product\/obregon-alvaro-ocho-mil-kilometros-en-campana-2\/"]}]},{"@type":"ImageObject","inLanguage":"en-US","@id":"https:\/\/antiqua.mx\/en\/product\/obregon-alvaro-ocho-mil-kilometros-en-campana-2\/#primaryimage","url":"https:\/\/antiqua.mx\/wp-content\/uploads\/2023\/03\/819AD280-AFB6-4B4E-9B48-F29784144499-scaled.jpeg","contentUrl":"https:\/\/antiqua.mx\/wp-content\/uploads\/2023\/03\/819AD280-AFB6-4B4E-9B48-F29784144499-scaled.jpeg","width":2035,"height":2560},{"@type":"BreadcrumbList","@id":"https:\/\/antiqua.mx\/en\/product\/obregon-alvaro-ocho-mil-kilometros-en-campana-2\/#breadcrumb","itemListElement":[{"@type":"ListItem","position":1,"name":"Portada","item":"https:\/\/antiqua.mx\/en\/"},{"@type":"ListItem","position":2,"name":"Tienda","item":"https:\/\/antiqua.mx\/tienda\/"},{"@type":"ListItem","position":3,"name":"OBREG\u00d3N \u00c1LVARO. OCHO MIL KIL\u00d3METROS EN CAMPA\u00d1A"}]},{"@type":"WebSite","@id":"https:\/\/antiqua.mx\/en\/#website","url":"https:\/\/antiqua.mx\/en\/","name":"","description":"","potentialAction":[{"@type":"SearchAction","target":{"@type":"EntryPoint","urlTemplate":"https:\/\/antiqua.mx\/en\/?s={search_term_string}"},"query-input":{"@type":"PropertyValueSpecification","valueRequired":true,"valueName":"search_term_string"}}],"inLanguage":"en-US"}]}},"jetpack_sharing_enabled":true,"_links":{"self":[{"href":"https:\/\/antiqua.mx\/en\/wp-json\/wp\/v2\/product\/19042","targetHints":{"allow":["GET"]}}],"collection":[{"href":"https:\/\/antiqua.mx\/en\/wp-json\/wp\/v2\/product"}],"about":[{"href":"https:\/\/antiqua.mx\/en\/wp-json\/wp\/v2\/types\/product"}],"replies":[{"embeddable":true,"href":"https:\/\/antiqua.mx\/en\/wp-json\/wp\/v2\/comments?post=19042"}],"wp:featuredmedia":[{"embeddable":true,"href":"https:\/\/antiqua.mx\/en\/wp-json\/wp\/v2\/media\/19153"}],"wp:attachment":[{"href":"https:\/\/antiqua.mx\/en\/wp-json\/wp\/v2\/media?parent=19042"}],"wp:term":[{"taxonomy":"product_brand","embeddable":true,"href":"https:\/\/antiqua.mx\/en\/wp-json\/wp\/v2\/product_brand?post=19042"},{"taxonomy":"product_cat","embeddable":true,"href":"https:\/\/antiqua.mx\/en\/wp-json\/wp\/v2\/product_cat?post=19042"},{"taxonomy":"product_tag","embeddable":true,"href":"https:\/\/antiqua.mx\/en\/wp-json\/wp\/v2\/product_tag?post=19042"}],"curies":[{"name":"wp","href":"https:\/\/api.w.org\/{rel}","templated":true}]}}