{"id":19117,"date":"2023-04-07T00:03:37","date_gmt":"2023-04-07T00:03:37","guid":{"rendered":"https:\/\/antiqua.mx\/?post_type=product&#038;p=19117"},"modified":"2023-08-29T19:48:28","modified_gmt":"2023-08-29T19:48:28","slug":"schussler-boericke-william-dewey-willis-a-los-doce-remedios-de-los-tejidos","status":"publish","type":"product","link":"https:\/\/antiqua.mx\/en\/product\/schussler-boericke-william-dewey-willis-a-los-doce-remedios-de-los-tejidos\/","title":{"rendered":"SCH\u00dcSSLER, BOERICKE WILLIAM &#038; DEWEY WILLIS A. LOS DOCE REMEDIOS DE LOS TEJIDOS"},"content":{"rendered":"<p><strong>Sch\u00fcssler, Boericke William &amp; Dewey Willis A.<\/strong><\/p>\n<p>Editorial: Manuel de Jes\u00fas Nucamendi<\/p>\n<p>A\u00f1o 1936<\/p>\n<p>R\u00fastico, en buenas condiciones. El empastado est\u00e1 maltratado.<\/p>\n<p>Traducido de la \u00faltima edici\u00f3n americana por el Dr. Manuel C\u00f3rdova y Aristi.<\/p>\n<p><strong>BIBLIOTECA DE &#8220;LA HOMEOPAT\u00cdA&#8221;.<\/strong><\/p>\n<p>Impreso en M\u00e9xico.<\/p>\n<p>515 p\u00e1ginas<\/p>","protected":false},"excerpt":{"rendered":"<ul>\n<li>Editorial: Manuel de Jes\u00fas Nucamendi<\/li>\n<li>A\u00f1o 1936<\/li>\n<li>R\u00fastico, en buenas condiciones. El empastado est\u00e1 maltratado.<\/li>\n<li>Traducido de la \u00faltima edici\u00f3n americana por el Dr. Manuel C\u00f3rdova y Aristi.<\/li>\n<li><strong>BIBLIOTECA DE &#8220;LA HOMEOPAT\u00cdA&#8221;.<\/strong><\/li>\n<li>Impreso en M\u00e9xico.<\/li>\n<li>515 p\u00e1ginas<\/li>\n<\/ul>","protected":false},"featured_media":19723,"comment_status":"open","ping_status":"closed","template":"","meta":{"_joinchat":[]},"product_brand":[],"product_cat":[460,451],"product_tag":[4877,4878,4879],"class_list":{"0":"post-19117","1":"product","2":"type-product","3":"status-publish","6":"product_cat-homeopatia","7":"product_cat-otros","8":"product_tag-schussler","9":"product_tag-william-boericke","10":"product_tag-willis-dewey","12":"first","13":"outofstock","14":"featured","15":"taxable","16":"shipping-taxable","17":"purchasable","18":"product-type-simple"},"yoast_head":"<!-- This site is optimized with the Yoast SEO plugin v26.1.1 - https:\/\/yoast.com\/wordpress\/plugins\/seo\/ -->\n<title>SCH\u00dcSSLER, BOERICKE WILLIAM &amp; DEWEY WILLIS A. LOS DOCE REMEDIOS DE LOS TEJIDOS -<\/title>\n<meta name=\"robots\" content=\"index, follow, max-snippet:-1, max-image-preview:large, max-video-preview:-1\" \/>\n<link rel=\"canonical\" href=\"https:\/\/antiqua.mx\/en\/product\/schussler-boericke-william-dewey-willis-a-los-doce-remedios-de-los-tejidos\/\" \/>\n<meta property=\"og:locale\" content=\"en_US\" \/>\n<meta property=\"og:type\" content=\"article\" \/>\n<meta property=\"og:title\" content=\"SCH\u00dcSSLER, BOERICKE WILLIAM &amp; DEWEY WILLIS A. LOS DOCE REMEDIOS DE LOS TEJIDOS -\" \/>\n<meta property=\"og:description\" content=\"Editorial: Manuel de Jes\u00fas Nucamendi  A\u00f1o 1936  R\u00fastico, en buenas condiciones. El empastado est\u00e1 maltratado.  Traducido de la \u00faltima edici\u00f3n americana por el Dr. Manuel C\u00f3rdova y Aristi.  BIBLIOTECA DE &quot;LA HOMEOPAT\u00cdA&quot;.  Impreso en M\u00e9xico.  515 p\u00e1ginas\" \/>\n<meta property=\"og:url\" content=\"https:\/\/antiqua.mx\/en\/product\/schussler-boericke-william-dewey-willis-a-los-doce-remedios-de-los-tejidos\/\" \/>\n<meta property=\"article:modified_time\" content=\"2023-08-29T19:48:28+00:00\" \/>\n<meta property=\"og:image\" content=\"https:\/\/antiqua.mx\/wp-content\/uploads\/2023\/04\/IMG_8169-scaled.jpeg\" \/>\n\t<meta property=\"og:image:width\" content=\"1941\" \/>\n\t<meta property=\"og:image:height\" content=\"2560\" \/>\n\t<meta property=\"og:image:type\" content=\"image\/jpeg\" \/>\n<meta name=\"twitter:card\" content=\"summary_large_image\" \/>\n<script type=\"application\/ld+json\" class=\"yoast-schema-graph\">{\"@context\":\"https:\/\/schema.org\",\"@graph\":[{\"@type\":\"WebPage\",\"@id\":\"https:\/\/antiqua.mx\/producto\/schussler-boericke-william-dewey-willis-a-los-doce-remedios-de-los-tejidos\/\",\"url\":\"https:\/\/antiqua.mx\/producto\/schussler-boericke-william-dewey-willis-a-los-doce-remedios-de-los-tejidos\/\",\"name\":\"SCH\u00dcSSLER, BOERICKE WILLIAM & DEWEY WILLIS A. LOS DOCE REMEDIOS DE LOS TEJIDOS -\",\"isPartOf\":{\"@id\":\"https:\/\/antiqua.mx\/en\/#website\"},\"primaryImageOfPage\":{\"@id\":\"https:\/\/antiqua.mx\/producto\/schussler-boericke-william-dewey-willis-a-los-doce-remedios-de-los-tejidos\/#primaryimage\"},\"image\":{\"@id\":\"https:\/\/antiqua.mx\/producto\/schussler-boericke-william-dewey-willis-a-los-doce-remedios-de-los-tejidos\/#primaryimage\"},\"thumbnailUrl\":\"https:\/\/antiqua.mx\/wp-content\/uploads\/2023\/04\/IMG_8169-scaled.jpeg\",\"datePublished\":\"2023-04-07T00:03:37+00:00\",\"dateModified\":\"2023-08-29T19:48:28+00:00\",\"breadcrumb\":{\"@id\":\"https:\/\/antiqua.mx\/producto\/schussler-boericke-william-dewey-willis-a-los-doce-remedios-de-los-tejidos\/#breadcrumb\"},\"inLanguage\":\"en-US\",\"potentialAction\":[{\"@type\":\"ReadAction\",\"target\":[\"https:\/\/antiqua.mx\/producto\/schussler-boericke-william-dewey-willis-a-los-doce-remedios-de-los-tejidos\/\"]}]},{\"@type\":\"ImageObject\",\"inLanguage\":\"en-US\",\"@id\":\"https:\/\/antiqua.mx\/producto\/schussler-boericke-william-dewey-willis-a-los-doce-remedios-de-los-tejidos\/#primaryimage\",\"url\":\"https:\/\/antiqua.mx\/wp-content\/uploads\/2023\/04\/IMG_8169-scaled.jpeg\",\"contentUrl\":\"https:\/\/antiqua.mx\/wp-content\/uploads\/2023\/04\/IMG_8169-scaled.jpeg\",\"width\":1941,\"height\":2560},{\"@type\":\"BreadcrumbList\",\"@id\":\"https:\/\/antiqua.mx\/producto\/schussler-boericke-william-dewey-willis-a-los-doce-remedios-de-los-tejidos\/#breadcrumb\",\"itemListElement\":[{\"@type\":\"ListItem\",\"position\":1,\"name\":\"Portada\",\"item\":\"https:\/\/antiqua.mx\/en\/\"},{\"@type\":\"ListItem\",\"position\":2,\"name\":\"Tienda\",\"item\":\"https:\/\/antiqua.mx\/tienda\/\"},{\"@type\":\"ListItem\",\"position\":3,\"name\":\"SCH\u00dcSSLER, BOERICKE WILLIAM &#038; DEWEY WILLIS A. LOS DOCE REMEDIOS DE LOS TEJIDOS\"}]},{\"@type\":\"WebSite\",\"@id\":\"https:\/\/antiqua.mx\/en\/#website\",\"url\":\"https:\/\/antiqua.mx\/en\/\",\"name\":\"\",\"description\":\"\",\"potentialAction\":[{\"@type\":\"SearchAction\",\"target\":{\"@type\":\"EntryPoint\",\"urlTemplate\":\"https:\/\/antiqua.mx\/en\/?s={search_term_string}\"},\"query-input\":{\"@type\":\"PropertyValueSpecification\",\"valueRequired\":true,\"valueName\":\"search_term_string\"}}],\"inLanguage\":\"en-US\"}]}<\/script>\n<!-- \/ Yoast SEO plugin. -->","yoast_head_json":{"title":"SCH\u00dcSSLER, BOERICKE WILLIAM & DEWEY WILLIS A. LOS DOCE REMEDIOS DE LOS TEJIDOS -","robots":{"index":"index","follow":"follow","max-snippet":"max-snippet:-1","max-image-preview":"max-image-preview:large","max-video-preview":"max-video-preview:-1"},"canonical":"https:\/\/antiqua.mx\/en\/product\/schussler-boericke-william-dewey-willis-a-los-doce-remedios-de-los-tejidos\/","og_locale":"en_US","og_type":"article","og_title":"SCH\u00dcSSLER, BOERICKE WILLIAM & DEWEY WILLIS A. LOS DOCE REMEDIOS DE LOS TEJIDOS -","og_description":"Editorial: Manuel de Jes\u00fas Nucamendi  A\u00f1o 1936  R\u00fastico, en buenas condiciones. El empastado est\u00e1 maltratado.  Traducido de la \u00faltima edici\u00f3n americana por el Dr. Manuel C\u00f3rdova y Aristi.  BIBLIOTECA DE \"LA HOMEOPAT\u00cdA\".  Impreso en M\u00e9xico.  515 p\u00e1ginas","og_url":"https:\/\/antiqua.mx\/en\/product\/schussler-boericke-william-dewey-willis-a-los-doce-remedios-de-los-tejidos\/","article_modified_time":"2023-08-29T19:48:28+00:00","og_image":[{"width":1941,"height":2560,"url":"https:\/\/antiqua.mx\/wp-content\/uploads\/2023\/04\/IMG_8169-scaled.jpeg","type":"image\/jpeg"}],"twitter_card":"summary_large_image","schema":{"@context":"https:\/\/schema.org","@graph":[{"@type":"WebPage","@id":"https:\/\/antiqua.mx\/producto\/schussler-boericke-william-dewey-willis-a-los-doce-remedios-de-los-tejidos\/","url":"https:\/\/antiqua.mx\/producto\/schussler-boericke-william-dewey-willis-a-los-doce-remedios-de-los-tejidos\/","name":"SCH\u00dcSSLER, BOERICKE WILLIAM & DEWEY WILLIS A. LOS DOCE REMEDIOS DE LOS TEJIDOS -","isPartOf":{"@id":"https:\/\/antiqua.mx\/en\/#website"},"primaryImageOfPage":{"@id":"https:\/\/antiqua.mx\/producto\/schussler-boericke-william-dewey-willis-a-los-doce-remedios-de-los-tejidos\/#primaryimage"},"image":{"@id":"https:\/\/antiqua.mx\/producto\/schussler-boericke-william-dewey-willis-a-los-doce-remedios-de-los-tejidos\/#primaryimage"},"thumbnailUrl":"https:\/\/antiqua.mx\/wp-content\/uploads\/2023\/04\/IMG_8169-scaled.jpeg","datePublished":"2023-04-07T00:03:37+00:00","dateModified":"2023-08-29T19:48:28+00:00","breadcrumb":{"@id":"https:\/\/antiqua.mx\/producto\/schussler-boericke-william-dewey-willis-a-los-doce-remedios-de-los-tejidos\/#breadcrumb"},"inLanguage":"en-US","potentialAction":[{"@type":"ReadAction","target":["https:\/\/antiqua.mx\/producto\/schussler-boericke-william-dewey-willis-a-los-doce-remedios-de-los-tejidos\/"]}]},{"@type":"ImageObject","inLanguage":"en-US","@id":"https:\/\/antiqua.mx\/producto\/schussler-boericke-william-dewey-willis-a-los-doce-remedios-de-los-tejidos\/#primaryimage","url":"https:\/\/antiqua.mx\/wp-content\/uploads\/2023\/04\/IMG_8169-scaled.jpeg","contentUrl":"https:\/\/antiqua.mx\/wp-content\/uploads\/2023\/04\/IMG_8169-scaled.jpeg","width":1941,"height":2560},{"@type":"BreadcrumbList","@id":"https:\/\/antiqua.mx\/producto\/schussler-boericke-william-dewey-willis-a-los-doce-remedios-de-los-tejidos\/#breadcrumb","itemListElement":[{"@type":"ListItem","position":1,"name":"Portada","item":"https:\/\/antiqua.mx\/en\/"},{"@type":"ListItem","position":2,"name":"Tienda","item":"https:\/\/antiqua.mx\/tienda\/"},{"@type":"ListItem","position":3,"name":"SCH\u00dcSSLER, BOERICKE WILLIAM &#038; DEWEY WILLIS A. LOS DOCE REMEDIOS DE LOS TEJIDOS"}]},{"@type":"WebSite","@id":"https:\/\/antiqua.mx\/en\/#website","url":"https:\/\/antiqua.mx\/en\/","name":"","description":"","potentialAction":[{"@type":"SearchAction","target":{"@type":"EntryPoint","urlTemplate":"https:\/\/antiqua.mx\/en\/?s={search_term_string}"},"query-input":{"@type":"PropertyValueSpecification","valueRequired":true,"valueName":"search_term_string"}}],"inLanguage":"en-US"}]}},"jetpack_sharing_enabled":true,"_links":{"self":[{"href":"https:\/\/antiqua.mx\/en\/wp-json\/wp\/v2\/product\/19117","targetHints":{"allow":["GET"]}}],"collection":[{"href":"https:\/\/antiqua.mx\/en\/wp-json\/wp\/v2\/product"}],"about":[{"href":"https:\/\/antiqua.mx\/en\/wp-json\/wp\/v2\/types\/product"}],"replies":[{"embeddable":true,"href":"https:\/\/antiqua.mx\/en\/wp-json\/wp\/v2\/comments?post=19117"}],"wp:featuredmedia":[{"embeddable":true,"href":"https:\/\/antiqua.mx\/en\/wp-json\/wp\/v2\/media\/19723"}],"wp:attachment":[{"href":"https:\/\/antiqua.mx\/en\/wp-json\/wp\/v2\/media?parent=19117"}],"wp:term":[{"taxonomy":"product_brand","embeddable":true,"href":"https:\/\/antiqua.mx\/en\/wp-json\/wp\/v2\/product_brand?post=19117"},{"taxonomy":"product_cat","embeddable":true,"href":"https:\/\/antiqua.mx\/en\/wp-json\/wp\/v2\/product_cat?post=19117"},{"taxonomy":"product_tag","embeddable":true,"href":"https:\/\/antiqua.mx\/en\/wp-json\/wp\/v2\/product_tag?post=19117"}],"curies":[{"name":"wp","href":"https:\/\/api.w.org\/{rel}","templated":true}]}}