{"id":19669,"date":"2023-05-27T23:55:51","date_gmt":"2023-05-27T23:55:51","guid":{"rendered":"https:\/\/antiqua.mx\/?post_type=product&#038;p=19669"},"modified":"2023-07-10T08:33:09","modified_gmt":"2023-07-10T08:33:09","slug":"jimenez-guillermo-7-ensayos-sobre-danza","status":"publish","type":"product","link":"https:\/\/antiqua.mx\/en\/product\/jimenez-guillermo-7-ensayos-sobre-danza\/","title":{"rendered":"JIM\u00c9NEZ GUILLERMO. 7 ENSAYOS SOBRE DANZA"},"content":{"rendered":"<p><strong>Jim\u00e9nez Guillermo<\/strong><\/p>\n<p>Editorial: Universidad Nacional Aut\u00f3noma de M\u00e9xico<\/p>\n<p>Primera edici\u00f3n<\/p>\n<p>A\u00f1o 1950<\/p>\n<p>R\u00fastico, en buenas condiciones.<\/p>\n<p>El ejemplar est\u00e1 ilustrado con fotograf\u00edas a blanco y negro.<\/p>\n<p class=\"p1\">La obra tiene sellos del\u00a0 &#8220;ASPIRANTADO JUAN PONCE DE LE\u00d3N BIBLIOTECA: DR. CARLOS FUENTES GUTI\u00c9RREZ 10 PONIENTE No. 1711, PUEBLA, PUE.&#8221;<\/p>\n<p>Impreso en M\u00e9xico.<\/p>\n<p>231 p\u00e1ginas<\/p>","protected":false},"excerpt":{"rendered":"<ul>\n<li>Editorial: Universidad Nacional Aut\u00f3noma de M\u00e9xico<\/li>\n<li>Primera edici\u00f3n<\/li>\n<li>A\u00f1o 1950<\/li>\n<li>R\u00fastico, en buenas condiciones.<\/li>\n<li>El ejemplar est\u00e1 ilustrado con fotograf\u00edas a blanco y negro.<\/li>\n<li class=\"p1\">La obra tiene sellos del\u00a0 &#8220;ASPIRANTADO JUAN PONCE DE LE\u00d3N BIBLIOTECA: DR. CARLOS FUENTES GUTI\u00c9RREZ 10 PONIENTE No. 1711, PUEBLA, PUE.&#8221;<\/li>\n<li>Impreso en M\u00e9xico.<\/li>\n<li>231 p\u00e1ginas<\/li>\n<\/ul>","protected":false},"featured_media":0,"comment_status":"open","ping_status":"closed","template":"","meta":{"_joinchat":[]},"product_brand":[],"product_cat":[349,1556],"product_tag":[4984],"class_list":{"1":"product","2":"type-product","3":"status-publish","5":"product_cat-arte","6":"product_cat-dan","7":"product_tag-guillermo-jimenez","9":"first","10":"instock","11":"featured","12":"taxable","13":"shipping-taxable","14":"purchasable","15":"product-type-simple"},"yoast_head":"<!-- This site is optimized with the Yoast SEO plugin v26.1.1 - https:\/\/yoast.com\/wordpress\/plugins\/seo\/ -->\n<title>JIM\u00c9NEZ GUILLERMO. 7 ENSAYOS SOBRE DANZA -<\/title>\n<meta name=\"robots\" content=\"index, follow, max-snippet:-1, max-image-preview:large, max-video-preview:-1\" \/>\n<link rel=\"canonical\" href=\"https:\/\/antiqua.mx\/en\/product\/jimenez-guillermo-7-ensayos-sobre-danza\/\" \/>\n<meta property=\"og:locale\" content=\"en_US\" \/>\n<meta property=\"og:type\" content=\"article\" \/>\n<meta property=\"og:title\" content=\"JIM\u00c9NEZ GUILLERMO. 7 ENSAYOS SOBRE DANZA -\" \/>\n<meta property=\"og:description\" content=\"Editorial: Universidad Nacional Aut\u00f3noma de M\u00e9xico  Primera edici\u00f3n  A\u00f1o 1950  R\u00fastico, en buenas condiciones.  El ejemplar est\u00e1 ilustrado con fotograf\u00edas a blanco y negro.  La obra tiene sellos del\u00a0 &quot;ASPIRANTADO JUAN PONCE DE LE\u00d3N BIBLIOTECA: DR. CARLOS FUENTES GUTI\u00c9RREZ 10 PONIENTE No. 1711, PUEBLA, PUE.&quot;  Impreso en M\u00e9xico.  231 p\u00e1ginas\" \/>\n<meta property=\"og:url\" content=\"https:\/\/antiqua.mx\/en\/product\/jimenez-guillermo-7-ensayos-sobre-danza\/\" \/>\n<meta property=\"article:modified_time\" content=\"2023-07-10T08:33:09+00:00\" \/>\n<meta name=\"twitter:card\" content=\"summary_large_image\" \/>\n<script type=\"application\/ld+json\" class=\"yoast-schema-graph\">{\"@context\":\"https:\/\/schema.org\",\"@graph\":[{\"@type\":\"WebPage\",\"@id\":\"https:\/\/antiqua.mx\/producto\/jimenez-guillermo-7-ensayos-sobre-danza\/\",\"url\":\"https:\/\/antiqua.mx\/producto\/jimenez-guillermo-7-ensayos-sobre-danza\/\",\"name\":\"JIM\u00c9NEZ GUILLERMO. 7 ENSAYOS SOBRE DANZA -\",\"isPartOf\":{\"@id\":\"https:\/\/antiqua.mx\/en\/#website\"},\"datePublished\":\"2023-05-27T23:55:51+00:00\",\"dateModified\":\"2023-07-10T08:33:09+00:00\",\"breadcrumb\":{\"@id\":\"https:\/\/antiqua.mx\/producto\/jimenez-guillermo-7-ensayos-sobre-danza\/#breadcrumb\"},\"inLanguage\":\"en-US\",\"potentialAction\":[{\"@type\":\"ReadAction\",\"target\":[\"https:\/\/antiqua.mx\/producto\/jimenez-guillermo-7-ensayos-sobre-danza\/\"]}]},{\"@type\":\"BreadcrumbList\",\"@id\":\"https:\/\/antiqua.mx\/producto\/jimenez-guillermo-7-ensayos-sobre-danza\/#breadcrumb\",\"itemListElement\":[{\"@type\":\"ListItem\",\"position\":1,\"name\":\"Portada\",\"item\":\"https:\/\/antiqua.mx\/en\/\"},{\"@type\":\"ListItem\",\"position\":2,\"name\":\"Tienda\",\"item\":\"https:\/\/antiqua.mx\/tienda\/\"},{\"@type\":\"ListItem\",\"position\":3,\"name\":\"JIM\u00c9NEZ GUILLERMO. 7 ENSAYOS SOBRE DANZA\"}]},{\"@type\":\"WebSite\",\"@id\":\"https:\/\/antiqua.mx\/en\/#website\",\"url\":\"https:\/\/antiqua.mx\/en\/\",\"name\":\"\",\"description\":\"\",\"potentialAction\":[{\"@type\":\"SearchAction\",\"target\":{\"@type\":\"EntryPoint\",\"urlTemplate\":\"https:\/\/antiqua.mx\/en\/?s={search_term_string}\"},\"query-input\":{\"@type\":\"PropertyValueSpecification\",\"valueRequired\":true,\"valueName\":\"search_term_string\"}}],\"inLanguage\":\"en-US\"}]}<\/script>\n<!-- \/ Yoast SEO plugin. -->","yoast_head_json":{"title":"JIM\u00c9NEZ GUILLERMO. 7 ENSAYOS SOBRE DANZA -","robots":{"index":"index","follow":"follow","max-snippet":"max-snippet:-1","max-image-preview":"max-image-preview:large","max-video-preview":"max-video-preview:-1"},"canonical":"https:\/\/antiqua.mx\/en\/product\/jimenez-guillermo-7-ensayos-sobre-danza\/","og_locale":"en_US","og_type":"article","og_title":"JIM\u00c9NEZ GUILLERMO. 7 ENSAYOS SOBRE DANZA -","og_description":"Editorial: Universidad Nacional Aut\u00f3noma de M\u00e9xico  Primera edici\u00f3n  A\u00f1o 1950  R\u00fastico, en buenas condiciones.  El ejemplar est\u00e1 ilustrado con fotograf\u00edas a blanco y negro.  La obra tiene sellos del\u00a0 \"ASPIRANTADO JUAN PONCE DE LE\u00d3N BIBLIOTECA: DR. CARLOS FUENTES GUTI\u00c9RREZ 10 PONIENTE No. 1711, PUEBLA, PUE.\"  Impreso en M\u00e9xico.  231 p\u00e1ginas","og_url":"https:\/\/antiqua.mx\/en\/product\/jimenez-guillermo-7-ensayos-sobre-danza\/","article_modified_time":"2023-07-10T08:33:09+00:00","twitter_card":"summary_large_image","schema":{"@context":"https:\/\/schema.org","@graph":[{"@type":"WebPage","@id":"https:\/\/antiqua.mx\/producto\/jimenez-guillermo-7-ensayos-sobre-danza\/","url":"https:\/\/antiqua.mx\/producto\/jimenez-guillermo-7-ensayos-sobre-danza\/","name":"JIM\u00c9NEZ GUILLERMO. 7 ENSAYOS SOBRE DANZA -","isPartOf":{"@id":"https:\/\/antiqua.mx\/en\/#website"},"datePublished":"2023-05-27T23:55:51+00:00","dateModified":"2023-07-10T08:33:09+00:00","breadcrumb":{"@id":"https:\/\/antiqua.mx\/producto\/jimenez-guillermo-7-ensayos-sobre-danza\/#breadcrumb"},"inLanguage":"en-US","potentialAction":[{"@type":"ReadAction","target":["https:\/\/antiqua.mx\/producto\/jimenez-guillermo-7-ensayos-sobre-danza\/"]}]},{"@type":"BreadcrumbList","@id":"https:\/\/antiqua.mx\/producto\/jimenez-guillermo-7-ensayos-sobre-danza\/#breadcrumb","itemListElement":[{"@type":"ListItem","position":1,"name":"Portada","item":"https:\/\/antiqua.mx\/en\/"},{"@type":"ListItem","position":2,"name":"Tienda","item":"https:\/\/antiqua.mx\/tienda\/"},{"@type":"ListItem","position":3,"name":"JIM\u00c9NEZ GUILLERMO. 7 ENSAYOS SOBRE DANZA"}]},{"@type":"WebSite","@id":"https:\/\/antiqua.mx\/en\/#website","url":"https:\/\/antiqua.mx\/en\/","name":"","description":"","potentialAction":[{"@type":"SearchAction","target":{"@type":"EntryPoint","urlTemplate":"https:\/\/antiqua.mx\/en\/?s={search_term_string}"},"query-input":{"@type":"PropertyValueSpecification","valueRequired":true,"valueName":"search_term_string"}}],"inLanguage":"en-US"}]}},"jetpack_sharing_enabled":true,"_links":{"self":[{"href":"https:\/\/antiqua.mx\/en\/wp-json\/wp\/v2\/product\/19669","targetHints":{"allow":["GET"]}}],"collection":[{"href":"https:\/\/antiqua.mx\/en\/wp-json\/wp\/v2\/product"}],"about":[{"href":"https:\/\/antiqua.mx\/en\/wp-json\/wp\/v2\/types\/product"}],"replies":[{"embeddable":true,"href":"https:\/\/antiqua.mx\/en\/wp-json\/wp\/v2\/comments?post=19669"}],"wp:attachment":[{"href":"https:\/\/antiqua.mx\/en\/wp-json\/wp\/v2\/media?parent=19669"}],"wp:term":[{"taxonomy":"product_brand","embeddable":true,"href":"https:\/\/antiqua.mx\/en\/wp-json\/wp\/v2\/product_brand?post=19669"},{"taxonomy":"product_cat","embeddable":true,"href":"https:\/\/antiqua.mx\/en\/wp-json\/wp\/v2\/product_cat?post=19669"},{"taxonomy":"product_tag","embeddable":true,"href":"https:\/\/antiqua.mx\/en\/wp-json\/wp\/v2\/product_tag?post=19669"}],"curies":[{"name":"wp","href":"https:\/\/api.w.org\/{rel}","templated":true}]}}