{"id":20145,"date":"2023-07-05T23:47:01","date_gmt":"2023-07-05T23:47:01","guid":{"rendered":"https:\/\/antiqua.mx\/?post_type=product&#038;p=20145"},"modified":"2024-02-20T21:19:43","modified_gmt":"2024-02-20T21:19:43","slug":"graniceros-cosmovision-y-meteorologia-indigenas-de-mesoamerica","status":"publish","type":"product","link":"https:\/\/antiqua.mx\/en\/product\/graniceros-cosmovision-y-meteorologia-indigenas-de-mesoamerica\/","title":{"rendered":"GRANICEROS. COSMOVISI\u00d3N Y METEOROLOG\u00cdA IND\u00cdGENAS DE MESOAM\u00c9RICA"},"content":{"rendered":"<p>Coordinadoras: Beatriz Albores y Johanna Broda<\/p>\n<p>Editorial: Universidad Nacional Aut\u00f3noma de M\u00e9xico \/ EL COLEGIO MEXIQUENSE, A. C.<\/p>\n<p>Primera reimpresi\u00f3n<\/p>\n<p>A\u00f1o 2003<\/p>\n<p>R\u00fastico, en buenas condiciones. El empastado est\u00e1 ligeramente maltratado y los cantos est\u00e1n manchados.<\/p>\n<p>La obra est\u00e1 ilustrada con dibujos y fotograf\u00edas a blanco y negro.<\/p>\n<p>Impreso en M\u00e9xico.<\/p>\n<p>563 p\u00e1ginas<\/p>","protected":false},"excerpt":{"rendered":"<ul>\n<li>Coordinadoras: Beatriz Albores y Johanna Broda<\/li>\n<li>Editorial: Universidad Nacional Aut\u00f3noma de M\u00e9xico \/ EL COLEGIO MEXIQUENSE, A. C.<\/li>\n<li>Primera reimpresi\u00f3n<\/li>\n<li>A\u00f1o 2003<\/li>\n<li>R\u00fastico, en buenas condiciones. El empastado est\u00e1 ligeramente maltratado y los cantos est\u00e1n manchados.<\/li>\n<li>La obra est\u00e1 ilustrada con dibujos y fotograf\u00edas a blanco y negro.<\/li>\n<li>Impreso en M\u00e9xico.<\/li>\n<li>563 p\u00e1ginas<\/li>\n<\/ul>","protected":false},"featured_media":20686,"comment_status":"open","ping_status":"closed","template":"","meta":{"_joinchat":[]},"product_brand":[],"product_cat":[396,375],"product_tag":[5076,5069,5071,5064,5078,5075,5067,5066,5072,5065,5077,5073,5070,3953,5068,5074],"class_list":{"0":"post-20145","1":"product","2":"type-product","3":"status-publish","6":"product_cat-antarque","7":"product_cat-mex","8":"product_tag-alba-gonzalez-jacome","9":"product_tag-alejandro-robles","10":"product_tag-alfredo-paulo-maya","11":"product_tag-beatriz-albores","12":"product_tag-blanca-rebeca-noriega-orozco","13":"product_tag-carlos-bravo-marentes","14":"product_tag-gabriel-espinosa-pineda","15":"product_tag-gordon-brotherston","16":"product_tag-gustavo-avina-cerecer","17":"product_tag-johanna-broda","18":"product_tag-julio-glockner","19":"product_tag-liliana-huicochea","20":"product_tag-miguel-morayta-mendoza","21":"product_tag-otto-schuman-galvez","22":"product_tag-ruben-morante-lopez","23":"product_tag-soledad-gonzalez-montes","25":"first","26":"outofstock","27":"featured","28":"taxable","29":"shipping-taxable","30":"purchasable","31":"product-type-simple"},"yoast_head":"<!-- This site is optimized with the Yoast SEO plugin v26.1.1 - https:\/\/yoast.com\/wordpress\/plugins\/seo\/ -->\n<title>GRANICEROS. COSMOVISI\u00d3N Y METEOROLOG\u00cdA IND\u00cdGENAS DE MESOAM\u00c9RICA -<\/title>\n<meta name=\"robots\" content=\"index, follow, max-snippet:-1, max-image-preview:large, max-video-preview:-1\" \/>\n<link rel=\"canonical\" href=\"https:\/\/antiqua.mx\/en\/product\/graniceros-cosmovision-y-meteorologia-indigenas-de-mesoamerica\/\" \/>\n<meta property=\"og:locale\" content=\"en_US\" \/>\n<meta property=\"og:type\" content=\"article\" \/>\n<meta property=\"og:title\" content=\"GRANICEROS. COSMOVISI\u00d3N Y METEOROLOG\u00cdA IND\u00cdGENAS DE MESOAM\u00c9RICA -\" \/>\n<meta property=\"og:description\" content=\"Coordinadoras: Beatriz Albores y Johanna Broda  Editorial: Universidad Nacional Aut\u00f3noma de M\u00e9xico \/ EL COLEGIO MEXIQUENSE, A. C.  Primera reimpresi\u00f3n  A\u00f1o 2003  R\u00fastico, en buenas condiciones. El empastado est\u00e1 ligeramente maltratado y los cantos est\u00e1n manchados.  La obra est\u00e1 ilustrada con dibujos y fotograf\u00edas a blanco y negro.  Impreso en M\u00e9xico.  563 p\u00e1ginas\" \/>\n<meta property=\"og:url\" content=\"https:\/\/antiqua.mx\/en\/product\/graniceros-cosmovision-y-meteorologia-indigenas-de-mesoamerica\/\" \/>\n<meta property=\"article:modified_time\" content=\"2024-02-20T21:19:43+00:00\" \/>\n<meta property=\"og:image\" content=\"https:\/\/antiqua.mx\/wp-content\/uploads\/2023\/07\/IMG_9668-scaled.jpeg\" \/>\n\t<meta property=\"og:image:width\" content=\"1974\" \/>\n\t<meta property=\"og:image:height\" content=\"2560\" \/>\n\t<meta property=\"og:image:type\" content=\"image\/jpeg\" \/>\n<meta name=\"twitter:card\" content=\"summary_large_image\" \/>\n<script type=\"application\/ld+json\" class=\"yoast-schema-graph\">{\"@context\":\"https:\/\/schema.org\",\"@graph\":[{\"@type\":\"WebPage\",\"@id\":\"https:\/\/antiqua.mx\/en\/product\/graniceros-cosmovision-y-meteorologia-indigenas-de-mesoamerica\/\",\"url\":\"https:\/\/antiqua.mx\/en\/product\/graniceros-cosmovision-y-meteorologia-indigenas-de-mesoamerica\/\",\"name\":\"GRANICEROS. COSMOVISI\u00d3N Y METEOROLOG\u00cdA IND\u00cdGENAS DE MESOAM\u00c9RICA -\",\"isPartOf\":{\"@id\":\"https:\/\/antiqua.mx\/en\/#website\"},\"primaryImageOfPage\":{\"@id\":\"https:\/\/antiqua.mx\/en\/product\/graniceros-cosmovision-y-meteorologia-indigenas-de-mesoamerica\/#primaryimage\"},\"image\":{\"@id\":\"https:\/\/antiqua.mx\/en\/product\/graniceros-cosmovision-y-meteorologia-indigenas-de-mesoamerica\/#primaryimage\"},\"thumbnailUrl\":\"https:\/\/antiqua.mx\/wp-content\/uploads\/2023\/07\/IMG_9668-scaled.jpeg\",\"datePublished\":\"2023-07-05T23:47:01+00:00\",\"dateModified\":\"2024-02-20T21:19:43+00:00\",\"breadcrumb\":{\"@id\":\"https:\/\/antiqua.mx\/en\/product\/graniceros-cosmovision-y-meteorologia-indigenas-de-mesoamerica\/#breadcrumb\"},\"inLanguage\":\"en-US\",\"potentialAction\":[{\"@type\":\"ReadAction\",\"target\":[\"https:\/\/antiqua.mx\/en\/product\/graniceros-cosmovision-y-meteorologia-indigenas-de-mesoamerica\/\"]}]},{\"@type\":\"ImageObject\",\"inLanguage\":\"en-US\",\"@id\":\"https:\/\/antiqua.mx\/en\/product\/graniceros-cosmovision-y-meteorologia-indigenas-de-mesoamerica\/#primaryimage\",\"url\":\"https:\/\/antiqua.mx\/wp-content\/uploads\/2023\/07\/IMG_9668-scaled.jpeg\",\"contentUrl\":\"https:\/\/antiqua.mx\/wp-content\/uploads\/2023\/07\/IMG_9668-scaled.jpeg\",\"width\":1974,\"height\":2560},{\"@type\":\"BreadcrumbList\",\"@id\":\"https:\/\/antiqua.mx\/en\/product\/graniceros-cosmovision-y-meteorologia-indigenas-de-mesoamerica\/#breadcrumb\",\"itemListElement\":[{\"@type\":\"ListItem\",\"position\":1,\"name\":\"Portada\",\"item\":\"https:\/\/antiqua.mx\/en\/\"},{\"@type\":\"ListItem\",\"position\":2,\"name\":\"Tienda\",\"item\":\"https:\/\/antiqua.mx\/tienda\/\"},{\"@type\":\"ListItem\",\"position\":3,\"name\":\"GRANICEROS. COSMOVISI\u00d3N Y METEOROLOG\u00cdA IND\u00cdGENAS DE MESOAM\u00c9RICA\"}]},{\"@type\":\"WebSite\",\"@id\":\"https:\/\/antiqua.mx\/en\/#website\",\"url\":\"https:\/\/antiqua.mx\/en\/\",\"name\":\"\",\"description\":\"\",\"potentialAction\":[{\"@type\":\"SearchAction\",\"target\":{\"@type\":\"EntryPoint\",\"urlTemplate\":\"https:\/\/antiqua.mx\/en\/?s={search_term_string}\"},\"query-input\":{\"@type\":\"PropertyValueSpecification\",\"valueRequired\":true,\"valueName\":\"search_term_string\"}}],\"inLanguage\":\"en-US\"}]}<\/script>\n<!-- \/ Yoast SEO plugin. -->","yoast_head_json":{"title":"GRANICEROS. COSMOVISI\u00d3N Y METEOROLOG\u00cdA IND\u00cdGENAS DE MESOAM\u00c9RICA -","robots":{"index":"index","follow":"follow","max-snippet":"max-snippet:-1","max-image-preview":"max-image-preview:large","max-video-preview":"max-video-preview:-1"},"canonical":"https:\/\/antiqua.mx\/en\/product\/graniceros-cosmovision-y-meteorologia-indigenas-de-mesoamerica\/","og_locale":"en_US","og_type":"article","og_title":"GRANICEROS. COSMOVISI\u00d3N Y METEOROLOG\u00cdA IND\u00cdGENAS DE MESOAM\u00c9RICA -","og_description":"Coordinadoras: Beatriz Albores y Johanna Broda  Editorial: Universidad Nacional Aut\u00f3noma de M\u00e9xico \/ EL COLEGIO MEXIQUENSE, A. C.  Primera reimpresi\u00f3n  A\u00f1o 2003  R\u00fastico, en buenas condiciones. El empastado est\u00e1 ligeramente maltratado y los cantos est\u00e1n manchados.  La obra est\u00e1 ilustrada con dibujos y fotograf\u00edas a blanco y negro.  Impreso en M\u00e9xico.  563 p\u00e1ginas","og_url":"https:\/\/antiqua.mx\/en\/product\/graniceros-cosmovision-y-meteorologia-indigenas-de-mesoamerica\/","article_modified_time":"2024-02-20T21:19:43+00:00","og_image":[{"width":1974,"height":2560,"url":"https:\/\/antiqua.mx\/wp-content\/uploads\/2023\/07\/IMG_9668-scaled.jpeg","type":"image\/jpeg"}],"twitter_card":"summary_large_image","schema":{"@context":"https:\/\/schema.org","@graph":[{"@type":"WebPage","@id":"https:\/\/antiqua.mx\/en\/product\/graniceros-cosmovision-y-meteorologia-indigenas-de-mesoamerica\/","url":"https:\/\/antiqua.mx\/en\/product\/graniceros-cosmovision-y-meteorologia-indigenas-de-mesoamerica\/","name":"GRANICEROS. COSMOVISI\u00d3N Y METEOROLOG\u00cdA IND\u00cdGENAS DE MESOAM\u00c9RICA -","isPartOf":{"@id":"https:\/\/antiqua.mx\/en\/#website"},"primaryImageOfPage":{"@id":"https:\/\/antiqua.mx\/en\/product\/graniceros-cosmovision-y-meteorologia-indigenas-de-mesoamerica\/#primaryimage"},"image":{"@id":"https:\/\/antiqua.mx\/en\/product\/graniceros-cosmovision-y-meteorologia-indigenas-de-mesoamerica\/#primaryimage"},"thumbnailUrl":"https:\/\/antiqua.mx\/wp-content\/uploads\/2023\/07\/IMG_9668-scaled.jpeg","datePublished":"2023-07-05T23:47:01+00:00","dateModified":"2024-02-20T21:19:43+00:00","breadcrumb":{"@id":"https:\/\/antiqua.mx\/en\/product\/graniceros-cosmovision-y-meteorologia-indigenas-de-mesoamerica\/#breadcrumb"},"inLanguage":"en-US","potentialAction":[{"@type":"ReadAction","target":["https:\/\/antiqua.mx\/en\/product\/graniceros-cosmovision-y-meteorologia-indigenas-de-mesoamerica\/"]}]},{"@type":"ImageObject","inLanguage":"en-US","@id":"https:\/\/antiqua.mx\/en\/product\/graniceros-cosmovision-y-meteorologia-indigenas-de-mesoamerica\/#primaryimage","url":"https:\/\/antiqua.mx\/wp-content\/uploads\/2023\/07\/IMG_9668-scaled.jpeg","contentUrl":"https:\/\/antiqua.mx\/wp-content\/uploads\/2023\/07\/IMG_9668-scaled.jpeg","width":1974,"height":2560},{"@type":"BreadcrumbList","@id":"https:\/\/antiqua.mx\/en\/product\/graniceros-cosmovision-y-meteorologia-indigenas-de-mesoamerica\/#breadcrumb","itemListElement":[{"@type":"ListItem","position":1,"name":"Portada","item":"https:\/\/antiqua.mx\/en\/"},{"@type":"ListItem","position":2,"name":"Tienda","item":"https:\/\/antiqua.mx\/tienda\/"},{"@type":"ListItem","position":3,"name":"GRANICEROS. COSMOVISI\u00d3N Y METEOROLOG\u00cdA IND\u00cdGENAS DE MESOAM\u00c9RICA"}]},{"@type":"WebSite","@id":"https:\/\/antiqua.mx\/en\/#website","url":"https:\/\/antiqua.mx\/en\/","name":"","description":"","potentialAction":[{"@type":"SearchAction","target":{"@type":"EntryPoint","urlTemplate":"https:\/\/antiqua.mx\/en\/?s={search_term_string}"},"query-input":{"@type":"PropertyValueSpecification","valueRequired":true,"valueName":"search_term_string"}}],"inLanguage":"en-US"}]}},"jetpack_sharing_enabled":true,"_links":{"self":[{"href":"https:\/\/antiqua.mx\/en\/wp-json\/wp\/v2\/product\/20145","targetHints":{"allow":["GET"]}}],"collection":[{"href":"https:\/\/antiqua.mx\/en\/wp-json\/wp\/v2\/product"}],"about":[{"href":"https:\/\/antiqua.mx\/en\/wp-json\/wp\/v2\/types\/product"}],"replies":[{"embeddable":true,"href":"https:\/\/antiqua.mx\/en\/wp-json\/wp\/v2\/comments?post=20145"}],"wp:featuredmedia":[{"embeddable":true,"href":"https:\/\/antiqua.mx\/en\/wp-json\/wp\/v2\/media\/20686"}],"wp:attachment":[{"href":"https:\/\/antiqua.mx\/en\/wp-json\/wp\/v2\/media?parent=20145"}],"wp:term":[{"taxonomy":"product_brand","embeddable":true,"href":"https:\/\/antiqua.mx\/en\/wp-json\/wp\/v2\/product_brand?post=20145"},{"taxonomy":"product_cat","embeddable":true,"href":"https:\/\/antiqua.mx\/en\/wp-json\/wp\/v2\/product_cat?post=20145"},{"taxonomy":"product_tag","embeddable":true,"href":"https:\/\/antiqua.mx\/en\/wp-json\/wp\/v2\/product_tag?post=20145"}],"curies":[{"name":"wp","href":"https:\/\/api.w.org\/{rel}","templated":true}]}}