{"id":20451,"date":"2023-07-26T00:11:09","date_gmt":"2023-07-26T00:11:09","guid":{"rendered":"https:\/\/antiqua.mx\/?post_type=product&#038;p=20451"},"modified":"2025-02-25T22:14:44","modified_gmt":"2025-02-25T22:14:44","slug":"leal-juan-felipe-el-cinematografo-y-los-teatros-anales-del-cine-en-mexico-1895-1911","status":"publish","type":"product","link":"https:\/\/antiqua.mx\/en\/product\/leal-juan-felipe-el-cinematografo-y-los-teatros-anales-del-cine-en-mexico-1895-1911\/","title":{"rendered":"LEAL JUAN FELIPE. EL CINEMAT\u00d3GRAFO Y LOS TEATROS. ANALES DEL CINE EN M\u00c9XICO, 1895-1911"},"content":{"rendered":"<p><strong>Leal Juan Felipe<\/strong><\/p>\n<p>Editorial: Juan Pablos Editor<\/p>\n<p>Tercera edici\u00f3n corregida y aumentada.<\/p>\n<p>A\u00f1o 2009<\/p>\n<p>R\u00fastico, en buenas condiciones.<\/p>\n<p>Vol. 6: 1900: Segunda parte.<\/p>\n<p>El ejemplar est\u00e1 ilustrado con fotograf\u00edas a blanco y negro.<\/p>\n<p>Impreso en M\u00e9xico.<\/p>\n<p>284 p\u00e1ginas<\/p>","protected":false},"excerpt":{"rendered":"<ul>\n<li>Editorial: Juan Pablos Editor<\/li>\n<li>Tercera edici\u00f3n corregida y aumentada.<\/li>\n<li>A\u00f1o 2009<\/li>\n<li>R\u00fastico, en buenas condiciones.<\/li>\n<li>Vol. 6: 1900: Segunda parte.<\/li>\n<li>El ejemplar est\u00e1 ilustrado con fotograf\u00edas a blanco y negro.<\/li>\n<li>Impreso en M\u00e9xico.<\/li>\n<li>284 p\u00e1ginas<\/li>\n<\/ul>","protected":false},"featured_media":20731,"comment_status":"open","ping_status":"closed","template":"","meta":{"_joinchat":[]},"product_brand":[],"product_cat":[349,387,388,342,335,375,341],"product_tag":[1014,5130,5126,5129,5127,5128,1552,5125,5131,5132],"class_list":{"0":"post-20451","1":"product","2":"type-product","3":"status-publish","6":"product_cat-arte","7":"product_cat-cultmex","8":"product_cat-geomex","9":"product_cat-histteat","10":"product_cat-literatura","11":"product_cat-mex","12":"product_cat-teatro","13":"product_tag-ciudad-de-mexico","14":"product_tag-el-teatro-colon","15":"product_tag-el-teatro-hidalgo","16":"product_tag-el-teatro-iturbide","17":"product_tag-el-teatro-nacional","18":"product_tag-el-teatro-santa-anna","19":"product_tag-esperanza-iris","20":"product_tag-juan-felipe-leal","21":"product_tag-teatro-de-la-ciudad-de-mexico","22":"product_tag-virginia-fabregas","24":"first","25":"instock","26":"featured","27":"taxable","28":"shipping-taxable","29":"purchasable","30":"product-type-simple"},"yoast_head":"<!-- This site is optimized with the Yoast SEO plugin v26.1.1 - https:\/\/yoast.com\/wordpress\/plugins\/seo\/ -->\n<title>LEAL JUAN FELIPE. EL CINEMAT\u00d3GRAFO Y LOS TEATROS. ANALES DEL CINE EN M\u00c9XICO, 1895-1911 -<\/title>\n<meta name=\"robots\" content=\"index, follow, max-snippet:-1, max-image-preview:large, max-video-preview:-1\" \/>\n<link rel=\"canonical\" href=\"https:\/\/antiqua.mx\/en\/product\/leal-juan-felipe-el-cinematografo-y-los-teatros-anales-del-cine-en-mexico-1895-1911\/\" \/>\n<meta property=\"og:locale\" content=\"en_US\" \/>\n<meta property=\"og:type\" content=\"article\" \/>\n<meta property=\"og:title\" content=\"LEAL JUAN FELIPE. EL CINEMAT\u00d3GRAFO Y LOS TEATROS. ANALES DEL CINE EN M\u00c9XICO, 1895-1911 -\" \/>\n<meta property=\"og:description\" content=\"Editorial: Juan Pablos Editor  Tercera edici\u00f3n corregida y aumentada.  A\u00f1o 2009  R\u00fastico, en buenas condiciones.  Vol. 6: 1900: Segunda parte.  El ejemplar est\u00e1 ilustrado con fotograf\u00edas a blanco y negro.  Impreso en M\u00e9xico.  284 p\u00e1ginas\" \/>\n<meta property=\"og:url\" content=\"https:\/\/antiqua.mx\/en\/product\/leal-juan-felipe-el-cinematografo-y-los-teatros-anales-del-cine-en-mexico-1895-1911\/\" \/>\n<meta property=\"article:modified_time\" content=\"2025-02-25T22:14:44+00:00\" \/>\n<meta property=\"og:image\" content=\"https:\/\/antiqua.mx\/wp-content\/uploads\/2023\/07\/IMG_0385-scaled.jpeg\" \/>\n\t<meta property=\"og:image:width\" content=\"1920\" \/>\n\t<meta property=\"og:image:height\" content=\"2560\" \/>\n\t<meta property=\"og:image:type\" content=\"image\/jpeg\" \/>\n<meta name=\"twitter:card\" content=\"summary_large_image\" \/>\n<script type=\"application\/ld+json\" class=\"yoast-schema-graph\">{\"@context\":\"https:\/\/schema.org\",\"@graph\":[{\"@type\":\"WebPage\",\"@id\":\"https:\/\/antiqua.mx\/producto\/leal-juan-felipe-el-cinematografo-y-los-teatros-anales-del-cine-en-mexico-1895-1911\/\",\"url\":\"https:\/\/antiqua.mx\/producto\/leal-juan-felipe-el-cinematografo-y-los-teatros-anales-del-cine-en-mexico-1895-1911\/\",\"name\":\"LEAL JUAN FELIPE. EL CINEMAT\u00d3GRAFO Y LOS TEATROS. ANALES DEL CINE EN M\u00c9XICO, 1895-1911 -\",\"isPartOf\":{\"@id\":\"https:\/\/antiqua.mx\/en\/#website\"},\"primaryImageOfPage\":{\"@id\":\"https:\/\/antiqua.mx\/producto\/leal-juan-felipe-el-cinematografo-y-los-teatros-anales-del-cine-en-mexico-1895-1911\/#primaryimage\"},\"image\":{\"@id\":\"https:\/\/antiqua.mx\/producto\/leal-juan-felipe-el-cinematografo-y-los-teatros-anales-del-cine-en-mexico-1895-1911\/#primaryimage\"},\"thumbnailUrl\":\"https:\/\/antiqua.mx\/wp-content\/uploads\/2023\/07\/IMG_0385-scaled.jpeg\",\"datePublished\":\"2023-07-26T00:11:09+00:00\",\"dateModified\":\"2025-02-25T22:14:44+00:00\",\"breadcrumb\":{\"@id\":\"https:\/\/antiqua.mx\/producto\/leal-juan-felipe-el-cinematografo-y-los-teatros-anales-del-cine-en-mexico-1895-1911\/#breadcrumb\"},\"inLanguage\":\"en-US\",\"potentialAction\":[{\"@type\":\"ReadAction\",\"target\":[\"https:\/\/antiqua.mx\/producto\/leal-juan-felipe-el-cinematografo-y-los-teatros-anales-del-cine-en-mexico-1895-1911\/\"]}]},{\"@type\":\"ImageObject\",\"inLanguage\":\"en-US\",\"@id\":\"https:\/\/antiqua.mx\/producto\/leal-juan-felipe-el-cinematografo-y-los-teatros-anales-del-cine-en-mexico-1895-1911\/#primaryimage\",\"url\":\"https:\/\/antiqua.mx\/wp-content\/uploads\/2023\/07\/IMG_0385-scaled.jpeg\",\"contentUrl\":\"https:\/\/antiqua.mx\/wp-content\/uploads\/2023\/07\/IMG_0385-scaled.jpeg\",\"width\":1920,\"height\":2560},{\"@type\":\"BreadcrumbList\",\"@id\":\"https:\/\/antiqua.mx\/producto\/leal-juan-felipe-el-cinematografo-y-los-teatros-anales-del-cine-en-mexico-1895-1911\/#breadcrumb\",\"itemListElement\":[{\"@type\":\"ListItem\",\"position\":1,\"name\":\"Portada\",\"item\":\"https:\/\/antiqua.mx\/en\/\"},{\"@type\":\"ListItem\",\"position\":2,\"name\":\"Tienda\",\"item\":\"https:\/\/antiqua.mx\/tienda\/\"},{\"@type\":\"ListItem\",\"position\":3,\"name\":\"LEAL JUAN FELIPE. EL CINEMAT\u00d3GRAFO Y LOS TEATROS. ANALES DEL CINE EN M\u00c9XICO, 1895-1911\"}]},{\"@type\":\"WebSite\",\"@id\":\"https:\/\/antiqua.mx\/en\/#website\",\"url\":\"https:\/\/antiqua.mx\/en\/\",\"name\":\"\",\"description\":\"\",\"potentialAction\":[{\"@type\":\"SearchAction\",\"target\":{\"@type\":\"EntryPoint\",\"urlTemplate\":\"https:\/\/antiqua.mx\/en\/?s={search_term_string}\"},\"query-input\":{\"@type\":\"PropertyValueSpecification\",\"valueRequired\":true,\"valueName\":\"search_term_string\"}}],\"inLanguage\":\"en-US\"}]}<\/script>\n<!-- \/ Yoast SEO plugin. -->","yoast_head_json":{"title":"LEAL JUAN FELIPE. EL CINEMAT\u00d3GRAFO Y LOS TEATROS. ANALES DEL CINE EN M\u00c9XICO, 1895-1911 -","robots":{"index":"index","follow":"follow","max-snippet":"max-snippet:-1","max-image-preview":"max-image-preview:large","max-video-preview":"max-video-preview:-1"},"canonical":"https:\/\/antiqua.mx\/en\/product\/leal-juan-felipe-el-cinematografo-y-los-teatros-anales-del-cine-en-mexico-1895-1911\/","og_locale":"en_US","og_type":"article","og_title":"LEAL JUAN FELIPE. EL CINEMAT\u00d3GRAFO Y LOS TEATROS. ANALES DEL CINE EN M\u00c9XICO, 1895-1911 -","og_description":"Editorial: Juan Pablos Editor  Tercera edici\u00f3n corregida y aumentada.  A\u00f1o 2009  R\u00fastico, en buenas condiciones.  Vol. 6: 1900: Segunda parte.  El ejemplar est\u00e1 ilustrado con fotograf\u00edas a blanco y negro.  Impreso en M\u00e9xico.  284 p\u00e1ginas","og_url":"https:\/\/antiqua.mx\/en\/product\/leal-juan-felipe-el-cinematografo-y-los-teatros-anales-del-cine-en-mexico-1895-1911\/","article_modified_time":"2025-02-25T22:14:44+00:00","og_image":[{"width":1920,"height":2560,"url":"https:\/\/antiqua.mx\/wp-content\/uploads\/2023\/07\/IMG_0385-scaled.jpeg","type":"image\/jpeg"}],"twitter_card":"summary_large_image","schema":{"@context":"https:\/\/schema.org","@graph":[{"@type":"WebPage","@id":"https:\/\/antiqua.mx\/producto\/leal-juan-felipe-el-cinematografo-y-los-teatros-anales-del-cine-en-mexico-1895-1911\/","url":"https:\/\/antiqua.mx\/producto\/leal-juan-felipe-el-cinematografo-y-los-teatros-anales-del-cine-en-mexico-1895-1911\/","name":"LEAL JUAN FELIPE. EL CINEMAT\u00d3GRAFO Y LOS TEATROS. ANALES DEL CINE EN M\u00c9XICO, 1895-1911 -","isPartOf":{"@id":"https:\/\/antiqua.mx\/en\/#website"},"primaryImageOfPage":{"@id":"https:\/\/antiqua.mx\/producto\/leal-juan-felipe-el-cinematografo-y-los-teatros-anales-del-cine-en-mexico-1895-1911\/#primaryimage"},"image":{"@id":"https:\/\/antiqua.mx\/producto\/leal-juan-felipe-el-cinematografo-y-los-teatros-anales-del-cine-en-mexico-1895-1911\/#primaryimage"},"thumbnailUrl":"https:\/\/antiqua.mx\/wp-content\/uploads\/2023\/07\/IMG_0385-scaled.jpeg","datePublished":"2023-07-26T00:11:09+00:00","dateModified":"2025-02-25T22:14:44+00:00","breadcrumb":{"@id":"https:\/\/antiqua.mx\/producto\/leal-juan-felipe-el-cinematografo-y-los-teatros-anales-del-cine-en-mexico-1895-1911\/#breadcrumb"},"inLanguage":"en-US","potentialAction":[{"@type":"ReadAction","target":["https:\/\/antiqua.mx\/producto\/leal-juan-felipe-el-cinematografo-y-los-teatros-anales-del-cine-en-mexico-1895-1911\/"]}]},{"@type":"ImageObject","inLanguage":"en-US","@id":"https:\/\/antiqua.mx\/producto\/leal-juan-felipe-el-cinematografo-y-los-teatros-anales-del-cine-en-mexico-1895-1911\/#primaryimage","url":"https:\/\/antiqua.mx\/wp-content\/uploads\/2023\/07\/IMG_0385-scaled.jpeg","contentUrl":"https:\/\/antiqua.mx\/wp-content\/uploads\/2023\/07\/IMG_0385-scaled.jpeg","width":1920,"height":2560},{"@type":"BreadcrumbList","@id":"https:\/\/antiqua.mx\/producto\/leal-juan-felipe-el-cinematografo-y-los-teatros-anales-del-cine-en-mexico-1895-1911\/#breadcrumb","itemListElement":[{"@type":"ListItem","position":1,"name":"Portada","item":"https:\/\/antiqua.mx\/en\/"},{"@type":"ListItem","position":2,"name":"Tienda","item":"https:\/\/antiqua.mx\/tienda\/"},{"@type":"ListItem","position":3,"name":"LEAL JUAN FELIPE. EL CINEMAT\u00d3GRAFO Y LOS TEATROS. ANALES DEL CINE EN M\u00c9XICO, 1895-1911"}]},{"@type":"WebSite","@id":"https:\/\/antiqua.mx\/en\/#website","url":"https:\/\/antiqua.mx\/en\/","name":"","description":"","potentialAction":[{"@type":"SearchAction","target":{"@type":"EntryPoint","urlTemplate":"https:\/\/antiqua.mx\/en\/?s={search_term_string}"},"query-input":{"@type":"PropertyValueSpecification","valueRequired":true,"valueName":"search_term_string"}}],"inLanguage":"en-US"}]}},"jetpack_sharing_enabled":true,"_links":{"self":[{"href":"https:\/\/antiqua.mx\/en\/wp-json\/wp\/v2\/product\/20451","targetHints":{"allow":["GET"]}}],"collection":[{"href":"https:\/\/antiqua.mx\/en\/wp-json\/wp\/v2\/product"}],"about":[{"href":"https:\/\/antiqua.mx\/en\/wp-json\/wp\/v2\/types\/product"}],"replies":[{"embeddable":true,"href":"https:\/\/antiqua.mx\/en\/wp-json\/wp\/v2\/comments?post=20451"}],"wp:featuredmedia":[{"embeddable":true,"href":"https:\/\/antiqua.mx\/en\/wp-json\/wp\/v2\/media\/20731"}],"wp:attachment":[{"href":"https:\/\/antiqua.mx\/en\/wp-json\/wp\/v2\/media?parent=20451"}],"wp:term":[{"taxonomy":"product_brand","embeddable":true,"href":"https:\/\/antiqua.mx\/en\/wp-json\/wp\/v2\/product_brand?post=20451"},{"taxonomy":"product_cat","embeddable":true,"href":"https:\/\/antiqua.mx\/en\/wp-json\/wp\/v2\/product_cat?post=20451"},{"taxonomy":"product_tag","embeddable":true,"href":"https:\/\/antiqua.mx\/en\/wp-json\/wp\/v2\/product_tag?post=20451"}],"curies":[{"name":"wp","href":"https:\/\/api.w.org\/{rel}","templated":true}]}}