{"id":2132,"date":"2020-07-27T22:56:26","date_gmt":"2020-07-27T22:56:26","guid":{"rendered":"https:\/\/antiqua.mx\/?post_type=product&#038;p=2132"},"modified":"2026-04-06T21:45:02","modified_gmt":"2026-04-06T21:45:02","slug":"fuentes-carlos-el-espejo-enterrado","status":"publish","type":"product","link":"https:\/\/antiqua.mx\/en\/product\/fuentes-carlos-el-espejo-enterrado","title":{"rendered":"FUENTES CARLOS. EL ESPEJO ENTERRADO"},"content":{"rendered":"<p><strong>Fuentes Carlos<\/strong><\/p>\n<p>Editorial: Fondo de Cultura Econ\u00f3mica<\/p>\n<p>Tercera edici\u00f3n<\/p>\n<p>A\u00f1o 2008<\/p>\n<p>R\u00fastico, en buenas condiciones.<\/p>\n<p>Impreso en M\u00e9xico.<\/p>\n<p>250 p\u00e1ginas<\/p>","protected":false},"excerpt":{"rendered":"<ul>\n<li>Editorial: Fondo de Cultura Econ\u00f3mica<\/li>\n<li>Tercera edici\u00f3n<\/li>\n<li>A\u00f1o 2008<\/li>\n<li>R\u00fastico, en buenas condiciones.<\/li>\n<li>Impreso en M\u00e9xico.<\/li>\n<li>250 p\u00e1ginas<\/li>\n<\/ul>","protected":false},"featured_media":2133,"comment_status":"open","ping_status":"closed","template":"","meta":{"_joinchat":[]},"product_brand":[],"product_cat":[335,336],"product_tag":[711],"class_list":{"0":"post-2132","1":"product","2":"type-product","3":"status-publish","6":"product_cat-literatura","7":"product_cat-litmexicana","8":"product_tag-carlos-fuentes","10":"first","11":"instock","12":"featured","13":"sold-individually","14":"taxable","15":"shipping-taxable","16":"purchasable","17":"product-type-simple"},"yoast_head":"<!-- This site is optimized with the Yoast SEO plugin v26.1.1 - https:\/\/yoast.com\/wordpress\/plugins\/seo\/ -->\n<title>FUENTES CARLOS. EL ESPEJO ENTERRADO -<\/title>\n<meta name=\"robots\" content=\"index, follow, max-snippet:-1, max-image-preview:large, max-video-preview:-1\" \/>\n<link rel=\"canonical\" href=\"https:\/\/antiqua.mx\/en\/product\/fuentes-carlos-el-espejo-enterrado\/\" \/>\n<meta property=\"og:locale\" content=\"en_US\" \/>\n<meta property=\"og:type\" content=\"article\" \/>\n<meta property=\"og:title\" content=\"FUENTES CARLOS. EL ESPEJO ENTERRADO -\" \/>\n<meta property=\"og:description\" content=\"Editorial: Fondo de Cultura Econ\u00f3mica  Tercera edici\u00f3n  A\u00f1o 2008  R\u00fastico, en buenas condiciones.  Impreso en M\u00e9xico.  250 p\u00e1ginas\" \/>\n<meta property=\"og:url\" content=\"https:\/\/antiqua.mx\/en\/product\/fuentes-carlos-el-espejo-enterrado\/\" \/>\n<meta property=\"article:modified_time\" content=\"2026-04-06T21:45:02+00:00\" \/>\n<meta property=\"og:image\" content=\"https:\/\/antiqua.mx\/wp-content\/uploads\/2020\/07\/FUENTES.-EL-ESPEJO-ENTERRADO-scaled.jpg\" \/>\n\t<meta property=\"og:image:width\" content=\"1828\" \/>\n\t<meta property=\"og:image:height\" content=\"2560\" \/>\n\t<meta property=\"og:image:type\" content=\"image\/jpeg\" \/>\n<meta name=\"twitter:card\" content=\"summary_large_image\" \/>\n<meta name=\"twitter:label1\" content=\"Est. reading time\" \/>\n\t<meta name=\"twitter:data1\" content=\"1 minute\" \/>\n<script type=\"application\/ld+json\" class=\"yoast-schema-graph\">{\"@context\":\"https:\/\/schema.org\",\"@graph\":[{\"@type\":\"WebPage\",\"@id\":\"https:\/\/antiqua.mx\/producto\/fuentes-carlos-el-espejo-enterrado\",\"url\":\"https:\/\/antiqua.mx\/producto\/fuentes-carlos-el-espejo-enterrado\",\"name\":\"FUENTES CARLOS. EL ESPEJO ENTERRADO -\",\"isPartOf\":{\"@id\":\"https:\/\/antiqua.mx\/en\/#website\"},\"primaryImageOfPage\":{\"@id\":\"https:\/\/antiqua.mx\/producto\/fuentes-carlos-el-espejo-enterrado#primaryimage\"},\"image\":{\"@id\":\"https:\/\/antiqua.mx\/producto\/fuentes-carlos-el-espejo-enterrado#primaryimage\"},\"thumbnailUrl\":\"https:\/\/antiqua.mx\/wp-content\/uploads\/2020\/07\/FUENTES.-EL-ESPEJO-ENTERRADO-scaled.jpg\",\"datePublished\":\"2020-07-27T22:56:26+00:00\",\"dateModified\":\"2026-04-06T21:45:02+00:00\",\"breadcrumb\":{\"@id\":\"https:\/\/antiqua.mx\/producto\/fuentes-carlos-el-espejo-enterrado#breadcrumb\"},\"inLanguage\":\"en-US\",\"potentialAction\":[{\"@type\":\"ReadAction\",\"target\":[\"https:\/\/antiqua.mx\/producto\/fuentes-carlos-el-espejo-enterrado\"]}]},{\"@type\":\"ImageObject\",\"inLanguage\":\"en-US\",\"@id\":\"https:\/\/antiqua.mx\/producto\/fuentes-carlos-el-espejo-enterrado#primaryimage\",\"url\":\"https:\/\/antiqua.mx\/wp-content\/uploads\/2020\/07\/FUENTES.-EL-ESPEJO-ENTERRADO-scaled.jpg\",\"contentUrl\":\"https:\/\/antiqua.mx\/wp-content\/uploads\/2020\/07\/FUENTES.-EL-ESPEJO-ENTERRADO-scaled.jpg\",\"width\":1828,\"height\":2560},{\"@type\":\"BreadcrumbList\",\"@id\":\"https:\/\/antiqua.mx\/producto\/fuentes-carlos-el-espejo-enterrado#breadcrumb\",\"itemListElement\":[{\"@type\":\"ListItem\",\"position\":1,\"name\":\"Portada\",\"item\":\"https:\/\/antiqua.mx\/en\/\"},{\"@type\":\"ListItem\",\"position\":2,\"name\":\"Tienda\",\"item\":\"https:\/\/antiqua.mx\/en\/tienda\"},{\"@type\":\"ListItem\",\"position\":3,\"name\":\"FUENTES CARLOS. EL ESPEJO ENTERRADO\"}]},{\"@type\":\"WebSite\",\"@id\":\"https:\/\/antiqua.mx\/en\/#website\",\"url\":\"https:\/\/antiqua.mx\/en\/\",\"name\":\"\",\"description\":\"\",\"potentialAction\":[{\"@type\":\"SearchAction\",\"target\":{\"@type\":\"EntryPoint\",\"urlTemplate\":\"https:\/\/antiqua.mx\/en\/?s={search_term_string}\"},\"query-input\":{\"@type\":\"PropertyValueSpecification\",\"valueRequired\":true,\"valueName\":\"search_term_string\"}}],\"inLanguage\":\"en-US\"}]}<\/script>\n<!-- \/ Yoast SEO plugin. -->","yoast_head_json":{"title":"FUENTES CARLOS. EL ESPEJO ENTERRADO -","robots":{"index":"index","follow":"follow","max-snippet":"max-snippet:-1","max-image-preview":"max-image-preview:large","max-video-preview":"max-video-preview:-1"},"canonical":"https:\/\/antiqua.mx\/en\/product\/fuentes-carlos-el-espejo-enterrado\/","og_locale":"en_US","og_type":"article","og_title":"FUENTES CARLOS. EL ESPEJO ENTERRADO -","og_description":"Editorial: Fondo de Cultura Econ\u00f3mica  Tercera edici\u00f3n  A\u00f1o 2008  R\u00fastico, en buenas condiciones.  Impreso en M\u00e9xico.  250 p\u00e1ginas","og_url":"https:\/\/antiqua.mx\/en\/product\/fuentes-carlos-el-espejo-enterrado\/","article_modified_time":"2026-04-06T21:45:02+00:00","og_image":[{"width":1828,"height":2560,"url":"https:\/\/antiqua.mx\/wp-content\/uploads\/2020\/07\/FUENTES.-EL-ESPEJO-ENTERRADO-scaled.jpg","type":"image\/jpeg"}],"twitter_card":"summary_large_image","twitter_misc":{"Est. reading time":"1 minute"},"schema":{"@context":"https:\/\/schema.org","@graph":[{"@type":"WebPage","@id":"https:\/\/antiqua.mx\/producto\/fuentes-carlos-el-espejo-enterrado","url":"https:\/\/antiqua.mx\/producto\/fuentes-carlos-el-espejo-enterrado","name":"FUENTES CARLOS. EL ESPEJO ENTERRADO -","isPartOf":{"@id":"https:\/\/antiqua.mx\/en\/#website"},"primaryImageOfPage":{"@id":"https:\/\/antiqua.mx\/producto\/fuentes-carlos-el-espejo-enterrado#primaryimage"},"image":{"@id":"https:\/\/antiqua.mx\/producto\/fuentes-carlos-el-espejo-enterrado#primaryimage"},"thumbnailUrl":"https:\/\/antiqua.mx\/wp-content\/uploads\/2020\/07\/FUENTES.-EL-ESPEJO-ENTERRADO-scaled.jpg","datePublished":"2020-07-27T22:56:26+00:00","dateModified":"2026-04-06T21:45:02+00:00","breadcrumb":{"@id":"https:\/\/antiqua.mx\/producto\/fuentes-carlos-el-espejo-enterrado#breadcrumb"},"inLanguage":"en-US","potentialAction":[{"@type":"ReadAction","target":["https:\/\/antiqua.mx\/producto\/fuentes-carlos-el-espejo-enterrado"]}]},{"@type":"ImageObject","inLanguage":"en-US","@id":"https:\/\/antiqua.mx\/producto\/fuentes-carlos-el-espejo-enterrado#primaryimage","url":"https:\/\/antiqua.mx\/wp-content\/uploads\/2020\/07\/FUENTES.-EL-ESPEJO-ENTERRADO-scaled.jpg","contentUrl":"https:\/\/antiqua.mx\/wp-content\/uploads\/2020\/07\/FUENTES.-EL-ESPEJO-ENTERRADO-scaled.jpg","width":1828,"height":2560},{"@type":"BreadcrumbList","@id":"https:\/\/antiqua.mx\/producto\/fuentes-carlos-el-espejo-enterrado#breadcrumb","itemListElement":[{"@type":"ListItem","position":1,"name":"Portada","item":"https:\/\/antiqua.mx\/en\/"},{"@type":"ListItem","position":2,"name":"Tienda","item":"https:\/\/antiqua.mx\/en\/tienda"},{"@type":"ListItem","position":3,"name":"FUENTES CARLOS. EL ESPEJO ENTERRADO"}]},{"@type":"WebSite","@id":"https:\/\/antiqua.mx\/en\/#website","url":"https:\/\/antiqua.mx\/en\/","name":"","description":"","potentialAction":[{"@type":"SearchAction","target":{"@type":"EntryPoint","urlTemplate":"https:\/\/antiqua.mx\/en\/?s={search_term_string}"},"query-input":{"@type":"PropertyValueSpecification","valueRequired":true,"valueName":"search_term_string"}}],"inLanguage":"en-US"}]}},"jetpack_sharing_enabled":true,"_links":{"self":[{"href":"https:\/\/antiqua.mx\/en\/wp-json\/wp\/v2\/product\/2132","targetHints":{"allow":["GET"]}}],"collection":[{"href":"https:\/\/antiqua.mx\/en\/wp-json\/wp\/v2\/product"}],"about":[{"href":"https:\/\/antiqua.mx\/en\/wp-json\/wp\/v2\/types\/product"}],"replies":[{"embeddable":true,"href":"https:\/\/antiqua.mx\/en\/wp-json\/wp\/v2\/comments?post=2132"}],"wp:featuredmedia":[{"embeddable":true,"href":"https:\/\/antiqua.mx\/en\/wp-json\/wp\/v2\/media\/2133"}],"wp:attachment":[{"href":"https:\/\/antiqua.mx\/en\/wp-json\/wp\/v2\/media?parent=2132"}],"wp:term":[{"taxonomy":"product_brand","embeddable":true,"href":"https:\/\/antiqua.mx\/en\/wp-json\/wp\/v2\/product_brand?post=2132"},{"taxonomy":"product_cat","embeddable":true,"href":"https:\/\/antiqua.mx\/en\/wp-json\/wp\/v2\/product_cat?post=2132"},{"taxonomy":"product_tag","embeddable":true,"href":"https:\/\/antiqua.mx\/en\/wp-json\/wp\/v2\/product_tag?post=2132"}],"curies":[{"name":"wp","href":"https:\/\/api.w.org\/{rel}","templated":true}]}}