{"id":21466,"date":"2023-11-26T01:08:04","date_gmt":"2023-11-26T01:08:04","guid":{"rendered":"https:\/\/antiqua.mx\/?post_type=product&#038;p=21466"},"modified":"2025-02-25T23:43:45","modified_gmt":"2025-02-25T23:43:45","slug":"leon-portilla-miguel-el-reverso-de-la-conquista-relaciones-mexicas-mayas-e-incas","status":"publish","type":"product","link":"https:\/\/antiqua.mx\/en\/product\/leon-portilla-miguel-el-reverso-de-la-conquista-relaciones-mexicas-mayas-e-incas","title":{"rendered":"LE\u00d3N-PORTILLA MIGUEL. EL REVERSO DE LA CONQUISTA. RELACIONES MEXICAS, MAYAS E INCAS"},"content":{"rendered":"<p><strong>Le\u00f3n-Portilla Miguel<\/strong><\/p>\n<p>Editorial: Joaqu\u00edn Mortiz<\/p>\n<p>Primera edici\u00f3n en esta presentaci\u00f3n<\/p>\n<p>A\u00f1o 2007<\/p>\n<p>R\u00fastico, en buenas condiciones. El empastado est\u00e1 maltratado.<\/p>\n<p>La obra est\u00e1 ilustrada.<\/p>\n<p>Impreso en M\u00e9xico.<\/p>\n<p>196 p\u00e1ginas<\/p>","protected":false},"excerpt":{"rendered":"<ul>\n<li>Editorial: Joaqu\u00edn Mortiz<\/li>\n<li>Primera edici\u00f3n en esta presentaci\u00f3n<\/li>\n<li>A\u00f1o 2007<\/li>\n<li>R\u00fastico, en buenas condiciones. El empastado est\u00e1 maltratado.<\/li>\n<li>La obra est\u00e1 ilustrada.<\/li>\n<li>Impreso en M\u00e9xico.<\/li>\n<li>196 p\u00e1ginas<\/li>\n<\/ul>","protected":false},"featured_media":21894,"comment_status":"open","ping_status":"closed","template":"","meta":{"_joinchat":[]},"product_brand":[],"product_cat":[569,565,398,375,376,1340],"product_tag":[1004,526,523,475,1478],"class_list":{"0":"post-21466","1":"product","2":"type-product","3":"status-publish","6":"product_cat-azt-may-nah-olm","7":"product_cat-conq","8":"product_cat-histguerr","9":"product_cat-mex","10":"product_cat-mexpre","11":"product_cat-pais","12":"product_tag-incas","13":"product_tag-mayas","14":"product_tag-mexicas","15":"product_tag-miguel-leon-portilla","16":"product_tag-peru","18":"first","19":"instock","20":"featured","21":"taxable","22":"shipping-taxable","23":"purchasable","24":"product-type-simple"},"yoast_head":"<!-- This site is optimized with the Yoast SEO plugin v26.1.1 - https:\/\/yoast.com\/wordpress\/plugins\/seo\/ -->\n<title>LE\u00d3N-PORTILLA MIGUEL. EL REVERSO DE LA CONQUISTA. RELACIONES MEXICAS, MAYAS E INCAS -<\/title>\n<meta name=\"robots\" content=\"index, follow, max-snippet:-1, max-image-preview:large, max-video-preview:-1\" \/>\n<link rel=\"canonical\" href=\"https:\/\/antiqua.mx\/en\/product\/leon-portilla-miguel-el-reverso-de-la-conquista-relaciones-mexicas-mayas-e-incas\" \/>\n<meta property=\"og:locale\" content=\"en_US\" \/>\n<meta property=\"og:type\" content=\"article\" \/>\n<meta property=\"og:title\" content=\"LE\u00d3N-PORTILLA MIGUEL. EL REVERSO DE LA CONQUISTA. RELACIONES MEXICAS, MAYAS E INCAS -\" \/>\n<meta property=\"og:description\" content=\"Editorial: Joaqu\u00edn Mortiz  Primera edici\u00f3n en esta presentaci\u00f3n  A\u00f1o 2007  R\u00fastico, en buenas condiciones. El empastado est\u00e1 maltratado.  La obra est\u00e1 ilustrada.  Impreso en M\u00e9xico.  196 p\u00e1ginas\" \/>\n<meta property=\"og:url\" content=\"https:\/\/antiqua.mx\/en\/product\/leon-portilla-miguel-el-reverso-de-la-conquista-relaciones-mexicas-mayas-e-incas\" \/>\n<meta property=\"article:modified_time\" content=\"2025-02-25T23:43:45+00:00\" \/>\n<meta property=\"og:image\" content=\"https:\/\/antiqua.mx\/wp-content\/uploads\/2023\/11\/IMG_3002-scaled.jpeg\" \/>\n\t<meta property=\"og:image:width\" content=\"1912\" \/>\n\t<meta property=\"og:image:height\" content=\"2560\" \/>\n\t<meta property=\"og:image:type\" content=\"image\/jpeg\" \/>\n<meta name=\"twitter:card\" content=\"summary_large_image\" \/>\n<script type=\"application\/ld+json\" class=\"yoast-schema-graph\">{\"@context\":\"https:\/\/schema.org\",\"@graph\":[{\"@type\":\"WebPage\",\"@id\":\"https:\/\/antiqua.mx\/en\/product\/leon-portilla-miguel-el-reverso-de-la-conquista-relaciones-mexicas-mayas-e-incas\",\"url\":\"https:\/\/antiqua.mx\/en\/product\/leon-portilla-miguel-el-reverso-de-la-conquista-relaciones-mexicas-mayas-e-incas\",\"name\":\"LE\u00d3N-PORTILLA MIGUEL. EL REVERSO DE LA CONQUISTA. RELACIONES MEXICAS, MAYAS E INCAS -\",\"isPartOf\":{\"@id\":\"https:\/\/antiqua.mx\/en\/#website\"},\"primaryImageOfPage\":{\"@id\":\"https:\/\/antiqua.mx\/en\/product\/leon-portilla-miguel-el-reverso-de-la-conquista-relaciones-mexicas-mayas-e-incas#primaryimage\"},\"image\":{\"@id\":\"https:\/\/antiqua.mx\/en\/product\/leon-portilla-miguel-el-reverso-de-la-conquista-relaciones-mexicas-mayas-e-incas#primaryimage\"},\"thumbnailUrl\":\"https:\/\/antiqua.mx\/wp-content\/uploads\/2023\/11\/IMG_3002-scaled.jpeg\",\"datePublished\":\"2023-11-26T01:08:04+00:00\",\"dateModified\":\"2025-02-25T23:43:45+00:00\",\"breadcrumb\":{\"@id\":\"https:\/\/antiqua.mx\/en\/product\/leon-portilla-miguel-el-reverso-de-la-conquista-relaciones-mexicas-mayas-e-incas#breadcrumb\"},\"inLanguage\":\"en-US\",\"potentialAction\":[{\"@type\":\"ReadAction\",\"target\":[\"https:\/\/antiqua.mx\/en\/product\/leon-portilla-miguel-el-reverso-de-la-conquista-relaciones-mexicas-mayas-e-incas\"]}]},{\"@type\":\"ImageObject\",\"inLanguage\":\"en-US\",\"@id\":\"https:\/\/antiqua.mx\/en\/product\/leon-portilla-miguel-el-reverso-de-la-conquista-relaciones-mexicas-mayas-e-incas#primaryimage\",\"url\":\"https:\/\/antiqua.mx\/wp-content\/uploads\/2023\/11\/IMG_3002-scaled.jpeg\",\"contentUrl\":\"https:\/\/antiqua.mx\/wp-content\/uploads\/2023\/11\/IMG_3002-scaled.jpeg\",\"width\":1912,\"height\":2560},{\"@type\":\"BreadcrumbList\",\"@id\":\"https:\/\/antiqua.mx\/en\/product\/leon-portilla-miguel-el-reverso-de-la-conquista-relaciones-mexicas-mayas-e-incas#breadcrumb\",\"itemListElement\":[{\"@type\":\"ListItem\",\"position\":1,\"name\":\"Portada\",\"item\":\"https:\/\/antiqua.mx\/en\/\"},{\"@type\":\"ListItem\",\"position\":2,\"name\":\"Tienda\",\"item\":\"https:\/\/antiqua.mx\/en\/tienda\"},{\"@type\":\"ListItem\",\"position\":3,\"name\":\"LE\u00d3N-PORTILLA MIGUEL. EL REVERSO DE LA CONQUISTA. RELACIONES MEXICAS, MAYAS E INCAS\"}]},{\"@type\":\"WebSite\",\"@id\":\"https:\/\/antiqua.mx\/en\/#website\",\"url\":\"https:\/\/antiqua.mx\/en\/\",\"name\":\"\",\"description\":\"\",\"potentialAction\":[{\"@type\":\"SearchAction\",\"target\":{\"@type\":\"EntryPoint\",\"urlTemplate\":\"https:\/\/antiqua.mx\/en\/?s={search_term_string}\"},\"query-input\":{\"@type\":\"PropertyValueSpecification\",\"valueRequired\":true,\"valueName\":\"search_term_string\"}}],\"inLanguage\":\"en-US\"}]}<\/script>\n<!-- \/ Yoast SEO plugin. -->","yoast_head_json":{"title":"LE\u00d3N-PORTILLA MIGUEL. EL REVERSO DE LA CONQUISTA. RELACIONES MEXICAS, MAYAS E INCAS -","robots":{"index":"index","follow":"follow","max-snippet":"max-snippet:-1","max-image-preview":"max-image-preview:large","max-video-preview":"max-video-preview:-1"},"canonical":"https:\/\/antiqua.mx\/en\/product\/leon-portilla-miguel-el-reverso-de-la-conquista-relaciones-mexicas-mayas-e-incas","og_locale":"en_US","og_type":"article","og_title":"LE\u00d3N-PORTILLA MIGUEL. EL REVERSO DE LA CONQUISTA. RELACIONES MEXICAS, MAYAS E INCAS -","og_description":"Editorial: Joaqu\u00edn Mortiz  Primera edici\u00f3n en esta presentaci\u00f3n  A\u00f1o 2007  R\u00fastico, en buenas condiciones. El empastado est\u00e1 maltratado.  La obra est\u00e1 ilustrada.  Impreso en M\u00e9xico.  196 p\u00e1ginas","og_url":"https:\/\/antiqua.mx\/en\/product\/leon-portilla-miguel-el-reverso-de-la-conquista-relaciones-mexicas-mayas-e-incas","article_modified_time":"2025-02-25T23:43:45+00:00","og_image":[{"width":1912,"height":2560,"url":"https:\/\/antiqua.mx\/wp-content\/uploads\/2023\/11\/IMG_3002-scaled.jpeg","type":"image\/jpeg"}],"twitter_card":"summary_large_image","schema":{"@context":"https:\/\/schema.org","@graph":[{"@type":"WebPage","@id":"https:\/\/antiqua.mx\/en\/product\/leon-portilla-miguel-el-reverso-de-la-conquista-relaciones-mexicas-mayas-e-incas","url":"https:\/\/antiqua.mx\/en\/product\/leon-portilla-miguel-el-reverso-de-la-conquista-relaciones-mexicas-mayas-e-incas","name":"LE\u00d3N-PORTILLA MIGUEL. EL REVERSO DE LA CONQUISTA. RELACIONES MEXICAS, MAYAS E INCAS -","isPartOf":{"@id":"https:\/\/antiqua.mx\/en\/#website"},"primaryImageOfPage":{"@id":"https:\/\/antiqua.mx\/en\/product\/leon-portilla-miguel-el-reverso-de-la-conquista-relaciones-mexicas-mayas-e-incas#primaryimage"},"image":{"@id":"https:\/\/antiqua.mx\/en\/product\/leon-portilla-miguel-el-reverso-de-la-conquista-relaciones-mexicas-mayas-e-incas#primaryimage"},"thumbnailUrl":"https:\/\/antiqua.mx\/wp-content\/uploads\/2023\/11\/IMG_3002-scaled.jpeg","datePublished":"2023-11-26T01:08:04+00:00","dateModified":"2025-02-25T23:43:45+00:00","breadcrumb":{"@id":"https:\/\/antiqua.mx\/en\/product\/leon-portilla-miguel-el-reverso-de-la-conquista-relaciones-mexicas-mayas-e-incas#breadcrumb"},"inLanguage":"en-US","potentialAction":[{"@type":"ReadAction","target":["https:\/\/antiqua.mx\/en\/product\/leon-portilla-miguel-el-reverso-de-la-conquista-relaciones-mexicas-mayas-e-incas"]}]},{"@type":"ImageObject","inLanguage":"en-US","@id":"https:\/\/antiqua.mx\/en\/product\/leon-portilla-miguel-el-reverso-de-la-conquista-relaciones-mexicas-mayas-e-incas#primaryimage","url":"https:\/\/antiqua.mx\/wp-content\/uploads\/2023\/11\/IMG_3002-scaled.jpeg","contentUrl":"https:\/\/antiqua.mx\/wp-content\/uploads\/2023\/11\/IMG_3002-scaled.jpeg","width":1912,"height":2560},{"@type":"BreadcrumbList","@id":"https:\/\/antiqua.mx\/en\/product\/leon-portilla-miguel-el-reverso-de-la-conquista-relaciones-mexicas-mayas-e-incas#breadcrumb","itemListElement":[{"@type":"ListItem","position":1,"name":"Portada","item":"https:\/\/antiqua.mx\/en\/"},{"@type":"ListItem","position":2,"name":"Tienda","item":"https:\/\/antiqua.mx\/en\/tienda"},{"@type":"ListItem","position":3,"name":"LE\u00d3N-PORTILLA MIGUEL. EL REVERSO DE LA CONQUISTA. RELACIONES MEXICAS, MAYAS E INCAS"}]},{"@type":"WebSite","@id":"https:\/\/antiqua.mx\/en\/#website","url":"https:\/\/antiqua.mx\/en\/","name":"","description":"","potentialAction":[{"@type":"SearchAction","target":{"@type":"EntryPoint","urlTemplate":"https:\/\/antiqua.mx\/en\/?s={search_term_string}"},"query-input":{"@type":"PropertyValueSpecification","valueRequired":true,"valueName":"search_term_string"}}],"inLanguage":"en-US"}]}},"jetpack_sharing_enabled":true,"_links":{"self":[{"href":"https:\/\/antiqua.mx\/en\/wp-json\/wp\/v2\/product\/21466","targetHints":{"allow":["GET"]}}],"collection":[{"href":"https:\/\/antiqua.mx\/en\/wp-json\/wp\/v2\/product"}],"about":[{"href":"https:\/\/antiqua.mx\/en\/wp-json\/wp\/v2\/types\/product"}],"replies":[{"embeddable":true,"href":"https:\/\/antiqua.mx\/en\/wp-json\/wp\/v2\/comments?post=21466"}],"wp:featuredmedia":[{"embeddable":true,"href":"https:\/\/antiqua.mx\/en\/wp-json\/wp\/v2\/media\/21894"}],"wp:attachment":[{"href":"https:\/\/antiqua.mx\/en\/wp-json\/wp\/v2\/media?parent=21466"}],"wp:term":[{"taxonomy":"product_brand","embeddable":true,"href":"https:\/\/antiqua.mx\/en\/wp-json\/wp\/v2\/product_brand?post=21466"},{"taxonomy":"product_cat","embeddable":true,"href":"https:\/\/antiqua.mx\/en\/wp-json\/wp\/v2\/product_cat?post=21466"},{"taxonomy":"product_tag","embeddable":true,"href":"https:\/\/antiqua.mx\/en\/wp-json\/wp\/v2\/product_tag?post=21466"}],"curies":[{"name":"wp","href":"https:\/\/api.w.org\/{rel}","templated":true}]}}