{"id":21659,"date":"2023-12-02T23:47:09","date_gmt":"2023-12-02T23:47:09","guid":{"rendered":"https:\/\/antiqua.mx\/?post_type=product&#038;p=21659"},"modified":"2023-12-27T02:23:35","modified_gmt":"2023-12-27T02:23:35","slug":"bergamin-jose-la-voz-apagada-dante-dantesco-y-otros-ensayos","status":"publish","type":"product","link":"https:\/\/antiqua.mx\/en\/product\/bergamin-jose-la-voz-apagada-dante-dantesco-y-otros-ensayos\/","title":{"rendered":"BERGAM\u00cdN JOS\u00c9. LA VOZ APAGADA (DANTE DANTESCO Y OTROS ENSAYOS)"},"content":{"rendered":"<p><strong>Bergam\u00edn Jos\u00e9<\/strong><\/p>\n<p>Editorial: EDITORA CENTRAL, S. A.<\/p>\n<p>A\u00f1o 1945<\/p>\n<p>R\u00fastico, en buenas condiciones. La orilla lateral de las \u00faltimas quince hojas est\u00e1 manchada.<\/p>\n<p>Impreso en M\u00e9xico.<\/p>\n<p>200 p\u00e1ginas<\/p>","protected":false},"excerpt":{"rendered":"<ul>\n<li>Editorial: EDITORA CENTRAL, S. A.<\/li>\n<li>A\u00f1o 1945<\/li>\n<li>R\u00fastico, en buenas condiciones. La orilla lateral de las \u00faltimas quince hojas est\u00e1 manchada.<\/li>\n<li>Impreso en M\u00e9xico.<\/li>\n<li>200 p\u00e1ginas<\/li>\n<\/ul>","protected":false},"featured_media":21827,"comment_status":"open","ping_status":"closed","template":"","meta":{"_joinchat":[]},"product_brand":[],"product_cat":[343,335],"product_tag":[5273],"class_list":{"0":"post-21659","1":"product","2":"type-product","3":"status-publish","6":"product_cat-ensayo","7":"product_cat-literatura","8":"product_tag-jose-bergamin","10":"first","11":"instock","12":"featured","13":"taxable","14":"shipping-taxable","15":"purchasable","16":"product-type-simple"},"yoast_head":"<!-- This site is optimized with the Yoast SEO plugin v26.1.1 - https:\/\/yoast.com\/wordpress\/plugins\/seo\/ -->\n<title>BERGAM\u00cdN JOS\u00c9. LA VOZ APAGADA (DANTE DANTESCO Y OTROS ENSAYOS) -<\/title>\n<meta name=\"robots\" content=\"index, follow, max-snippet:-1, max-image-preview:large, max-video-preview:-1\" \/>\n<link rel=\"canonical\" href=\"https:\/\/antiqua.mx\/en\/product\/bergamin-jose-la-voz-apagada-dante-dantesco-y-otros-ensayos\/\" \/>\n<meta property=\"og:locale\" content=\"en_US\" \/>\n<meta property=\"og:type\" content=\"article\" \/>\n<meta property=\"og:title\" content=\"BERGAM\u00cdN JOS\u00c9. LA VOZ APAGADA (DANTE DANTESCO Y OTROS ENSAYOS) -\" \/>\n<meta property=\"og:description\" content=\"Editorial: EDITORA CENTRAL, S. A.  A\u00f1o 1945  R\u00fastico, en buenas condiciones. La orilla lateral de las \u00faltimas quince hojas est\u00e1 manchada.  Impreso en M\u00e9xico.  200 p\u00e1ginas\" \/>\n<meta property=\"og:url\" content=\"https:\/\/antiqua.mx\/en\/product\/bergamin-jose-la-voz-apagada-dante-dantesco-y-otros-ensayos\/\" \/>\n<meta property=\"article:modified_time\" content=\"2023-12-27T02:23:35+00:00\" \/>\n<meta property=\"og:image\" content=\"https:\/\/antiqua.mx\/wp-content\/uploads\/2023\/12\/IMG_2935-scaled.jpeg\" \/>\n\t<meta property=\"og:image:width\" content=\"2022\" \/>\n\t<meta property=\"og:image:height\" content=\"2560\" \/>\n\t<meta property=\"og:image:type\" content=\"image\/jpeg\" \/>\n<meta name=\"twitter:card\" content=\"summary_large_image\" \/>\n<script type=\"application\/ld+json\" class=\"yoast-schema-graph\">{\"@context\":\"https:\/\/schema.org\",\"@graph\":[{\"@type\":\"WebPage\",\"@id\":\"https:\/\/antiqua.mx\/en\/product\/bergamin-jose-la-voz-apagada-dante-dantesco-y-otros-ensayos\/\",\"url\":\"https:\/\/antiqua.mx\/en\/product\/bergamin-jose-la-voz-apagada-dante-dantesco-y-otros-ensayos\/\",\"name\":\"BERGAM\u00cdN JOS\u00c9. LA VOZ APAGADA (DANTE DANTESCO Y OTROS ENSAYOS) -\",\"isPartOf\":{\"@id\":\"https:\/\/antiqua.mx\/en\/#website\"},\"primaryImageOfPage\":{\"@id\":\"https:\/\/antiqua.mx\/en\/product\/bergamin-jose-la-voz-apagada-dante-dantesco-y-otros-ensayos\/#primaryimage\"},\"image\":{\"@id\":\"https:\/\/antiqua.mx\/en\/product\/bergamin-jose-la-voz-apagada-dante-dantesco-y-otros-ensayos\/#primaryimage\"},\"thumbnailUrl\":\"https:\/\/antiqua.mx\/wp-content\/uploads\/2023\/12\/IMG_2935-scaled.jpeg\",\"datePublished\":\"2023-12-02T23:47:09+00:00\",\"dateModified\":\"2023-12-27T02:23:35+00:00\",\"breadcrumb\":{\"@id\":\"https:\/\/antiqua.mx\/en\/product\/bergamin-jose-la-voz-apagada-dante-dantesco-y-otros-ensayos\/#breadcrumb\"},\"inLanguage\":\"en-US\",\"potentialAction\":[{\"@type\":\"ReadAction\",\"target\":[\"https:\/\/antiqua.mx\/en\/product\/bergamin-jose-la-voz-apagada-dante-dantesco-y-otros-ensayos\/\"]}]},{\"@type\":\"ImageObject\",\"inLanguage\":\"en-US\",\"@id\":\"https:\/\/antiqua.mx\/en\/product\/bergamin-jose-la-voz-apagada-dante-dantesco-y-otros-ensayos\/#primaryimage\",\"url\":\"https:\/\/antiqua.mx\/wp-content\/uploads\/2023\/12\/IMG_2935-scaled.jpeg\",\"contentUrl\":\"https:\/\/antiqua.mx\/wp-content\/uploads\/2023\/12\/IMG_2935-scaled.jpeg\",\"width\":2022,\"height\":2560},{\"@type\":\"BreadcrumbList\",\"@id\":\"https:\/\/antiqua.mx\/en\/product\/bergamin-jose-la-voz-apagada-dante-dantesco-y-otros-ensayos\/#breadcrumb\",\"itemListElement\":[{\"@type\":\"ListItem\",\"position\":1,\"name\":\"Portada\",\"item\":\"https:\/\/antiqua.mx\/en\/\"},{\"@type\":\"ListItem\",\"position\":2,\"name\":\"Tienda\",\"item\":\"https:\/\/antiqua.mx\/tienda\/\"},{\"@type\":\"ListItem\",\"position\":3,\"name\":\"BERGAM\u00cdN JOS\u00c9. LA VOZ APAGADA (DANTE DANTESCO Y OTROS ENSAYOS)\"}]},{\"@type\":\"WebSite\",\"@id\":\"https:\/\/antiqua.mx\/en\/#website\",\"url\":\"https:\/\/antiqua.mx\/en\/\",\"name\":\"\",\"description\":\"\",\"potentialAction\":[{\"@type\":\"SearchAction\",\"target\":{\"@type\":\"EntryPoint\",\"urlTemplate\":\"https:\/\/antiqua.mx\/en\/?s={search_term_string}\"},\"query-input\":{\"@type\":\"PropertyValueSpecification\",\"valueRequired\":true,\"valueName\":\"search_term_string\"}}],\"inLanguage\":\"en-US\"}]}<\/script>\n<!-- \/ Yoast SEO plugin. -->","yoast_head_json":{"title":"BERGAM\u00cdN JOS\u00c9. LA VOZ APAGADA (DANTE DANTESCO Y OTROS ENSAYOS) -","robots":{"index":"index","follow":"follow","max-snippet":"max-snippet:-1","max-image-preview":"max-image-preview:large","max-video-preview":"max-video-preview:-1"},"canonical":"https:\/\/antiqua.mx\/en\/product\/bergamin-jose-la-voz-apagada-dante-dantesco-y-otros-ensayos\/","og_locale":"en_US","og_type":"article","og_title":"BERGAM\u00cdN JOS\u00c9. LA VOZ APAGADA (DANTE DANTESCO Y OTROS ENSAYOS) -","og_description":"Editorial: EDITORA CENTRAL, S. A.  A\u00f1o 1945  R\u00fastico, en buenas condiciones. La orilla lateral de las \u00faltimas quince hojas est\u00e1 manchada.  Impreso en M\u00e9xico.  200 p\u00e1ginas","og_url":"https:\/\/antiqua.mx\/en\/product\/bergamin-jose-la-voz-apagada-dante-dantesco-y-otros-ensayos\/","article_modified_time":"2023-12-27T02:23:35+00:00","og_image":[{"width":2022,"height":2560,"url":"https:\/\/antiqua.mx\/wp-content\/uploads\/2023\/12\/IMG_2935-scaled.jpeg","type":"image\/jpeg"}],"twitter_card":"summary_large_image","schema":{"@context":"https:\/\/schema.org","@graph":[{"@type":"WebPage","@id":"https:\/\/antiqua.mx\/en\/product\/bergamin-jose-la-voz-apagada-dante-dantesco-y-otros-ensayos\/","url":"https:\/\/antiqua.mx\/en\/product\/bergamin-jose-la-voz-apagada-dante-dantesco-y-otros-ensayos\/","name":"BERGAM\u00cdN JOS\u00c9. LA VOZ APAGADA (DANTE DANTESCO Y OTROS ENSAYOS) -","isPartOf":{"@id":"https:\/\/antiqua.mx\/en\/#website"},"primaryImageOfPage":{"@id":"https:\/\/antiqua.mx\/en\/product\/bergamin-jose-la-voz-apagada-dante-dantesco-y-otros-ensayos\/#primaryimage"},"image":{"@id":"https:\/\/antiqua.mx\/en\/product\/bergamin-jose-la-voz-apagada-dante-dantesco-y-otros-ensayos\/#primaryimage"},"thumbnailUrl":"https:\/\/antiqua.mx\/wp-content\/uploads\/2023\/12\/IMG_2935-scaled.jpeg","datePublished":"2023-12-02T23:47:09+00:00","dateModified":"2023-12-27T02:23:35+00:00","breadcrumb":{"@id":"https:\/\/antiqua.mx\/en\/product\/bergamin-jose-la-voz-apagada-dante-dantesco-y-otros-ensayos\/#breadcrumb"},"inLanguage":"en-US","potentialAction":[{"@type":"ReadAction","target":["https:\/\/antiqua.mx\/en\/product\/bergamin-jose-la-voz-apagada-dante-dantesco-y-otros-ensayos\/"]}]},{"@type":"ImageObject","inLanguage":"en-US","@id":"https:\/\/antiqua.mx\/en\/product\/bergamin-jose-la-voz-apagada-dante-dantesco-y-otros-ensayos\/#primaryimage","url":"https:\/\/antiqua.mx\/wp-content\/uploads\/2023\/12\/IMG_2935-scaled.jpeg","contentUrl":"https:\/\/antiqua.mx\/wp-content\/uploads\/2023\/12\/IMG_2935-scaled.jpeg","width":2022,"height":2560},{"@type":"BreadcrumbList","@id":"https:\/\/antiqua.mx\/en\/product\/bergamin-jose-la-voz-apagada-dante-dantesco-y-otros-ensayos\/#breadcrumb","itemListElement":[{"@type":"ListItem","position":1,"name":"Portada","item":"https:\/\/antiqua.mx\/en\/"},{"@type":"ListItem","position":2,"name":"Tienda","item":"https:\/\/antiqua.mx\/tienda\/"},{"@type":"ListItem","position":3,"name":"BERGAM\u00cdN JOS\u00c9. LA VOZ APAGADA (DANTE DANTESCO Y OTROS ENSAYOS)"}]},{"@type":"WebSite","@id":"https:\/\/antiqua.mx\/en\/#website","url":"https:\/\/antiqua.mx\/en\/","name":"","description":"","potentialAction":[{"@type":"SearchAction","target":{"@type":"EntryPoint","urlTemplate":"https:\/\/antiqua.mx\/en\/?s={search_term_string}"},"query-input":{"@type":"PropertyValueSpecification","valueRequired":true,"valueName":"search_term_string"}}],"inLanguage":"en-US"}]}},"jetpack_sharing_enabled":true,"_links":{"self":[{"href":"https:\/\/antiqua.mx\/en\/wp-json\/wp\/v2\/product\/21659","targetHints":{"allow":["GET"]}}],"collection":[{"href":"https:\/\/antiqua.mx\/en\/wp-json\/wp\/v2\/product"}],"about":[{"href":"https:\/\/antiqua.mx\/en\/wp-json\/wp\/v2\/types\/product"}],"replies":[{"embeddable":true,"href":"https:\/\/antiqua.mx\/en\/wp-json\/wp\/v2\/comments?post=21659"}],"wp:featuredmedia":[{"embeddable":true,"href":"https:\/\/antiqua.mx\/en\/wp-json\/wp\/v2\/media\/21827"}],"wp:attachment":[{"href":"https:\/\/antiqua.mx\/en\/wp-json\/wp\/v2\/media?parent=21659"}],"wp:term":[{"taxonomy":"product_brand","embeddable":true,"href":"https:\/\/antiqua.mx\/en\/wp-json\/wp\/v2\/product_brand?post=21659"},{"taxonomy":"product_cat","embeddable":true,"href":"https:\/\/antiqua.mx\/en\/wp-json\/wp\/v2\/product_cat?post=21659"},{"taxonomy":"product_tag","embeddable":true,"href":"https:\/\/antiqua.mx\/en\/wp-json\/wp\/v2\/product_tag?post=21659"}],"curies":[{"name":"wp","href":"https:\/\/api.w.org\/{rel}","templated":true}]}}