{"id":21681,"date":"2023-12-06T23:55:03","date_gmt":"2023-12-06T23:55:03","guid":{"rendered":"https:\/\/antiqua.mx\/?post_type=product&#038;p=21681"},"modified":"2025-01-23T20:38:50","modified_gmt":"2025-01-23T20:38:50","slug":"el-libro-secreto-de-maximiliano","status":"publish","type":"product","link":"https:\/\/antiqua.mx\/en\/product\/el-libro-secreto-de-maximiliano\/","title":{"rendered":"EL LIBRO SECRETO DE MAXIMILIANO"},"content":{"rendered":"<p>Editorial: UNIVERSIDAD NACIONAL AUT\u00d3NOMA DE M\u00c9XICO<\/p>\n<p>Primera edici\u00f3n<\/p>\n<p>A\u00f1o 1963<\/p>\n<p>R\u00fastico, en buenas condiciones. El empastado est\u00e1 maltratado.<\/p>\n<p>Pr\u00f3logo de Jos\u00e9 Ma. Luj\u00e1n.<\/p>\n<p>El ejemplar est\u00e1 intonso.<\/p>\n<p><strong>PUBLICACIONES DEL INSTITUTO DE HISTORIA. Primera serie. N\u00fam. 78.<\/strong><\/p>\n<p>Impreso en M\u00e9xico.<\/p>\n<p>126 p\u00e1ginas<\/p>","protected":false},"excerpt":{"rendered":"<ul>\n<li>Editorial: UNIVERSIDAD NACIONAL AUT\u00d3NOMA DE M\u00c9XICO<\/li>\n<li>Primera edici\u00f3n<\/li>\n<li>A\u00f1o 1963<\/li>\n<li>R\u00fastico, en buenas condiciones. El empastado est\u00e1 maltratado.<\/li>\n<li>Pr\u00f3logo de Jos\u00e9 Ma. Luj\u00e1n.<\/li>\n<li>El ejemplar est\u00e1 intonso.<\/li>\n<li><strong>PUBLICACIONES DEL INSTITUTO DE HISTORIA. Primera serie. N\u00fam. 78.<\/strong><\/li>\n<li>Impreso en M\u00e9xico.<\/li>\n<li>126 p\u00e1ginas<\/li>\n<\/ul>","protected":false},"featured_media":21928,"comment_status":"open","ping_status":"closed","template":"","meta":{"_joinchat":[]},"product_brand":[],"product_cat":[1906,375],"product_tag":[5285,1905],"class_list":{"0":"post-21681","1":"product","2":"type-product","3":"status-publish","6":"product_cat-maxi","7":"product_cat-mex","8":"product_tag-jose-ma-lujan","9":"product_tag-maximiliano-de-habsburgo","11":"first","12":"instock","13":"featured","14":"taxable","15":"shipping-taxable","16":"purchasable","17":"product-type-simple"},"yoast_head":"<!-- This site is optimized with the Yoast SEO plugin v26.1.1 - https:\/\/yoast.com\/wordpress\/plugins\/seo\/ -->\n<title>EL LIBRO SECRETO DE MAXIMILIANO -<\/title>\n<meta name=\"robots\" content=\"index, follow, max-snippet:-1, max-image-preview:large, max-video-preview:-1\" \/>\n<link rel=\"canonical\" href=\"https:\/\/antiqua.mx\/en\/product\/el-libro-secreto-de-maximiliano\/\" \/>\n<meta property=\"og:locale\" content=\"en_US\" \/>\n<meta property=\"og:type\" content=\"article\" \/>\n<meta property=\"og:title\" content=\"EL LIBRO SECRETO DE MAXIMILIANO -\" \/>\n<meta property=\"og:description\" content=\"Editorial: UNIVERSIDAD NACIONAL AUT\u00d3NOMA DE M\u00c9XICO  Primera edici\u00f3n  A\u00f1o 1963  R\u00fastico, en buenas condiciones. El empastado est\u00e1 maltratado.  Pr\u00f3logo de Jos\u00e9 Ma. Luj\u00e1n.  El ejemplar est\u00e1 intonso.  PUBLICACIONES DEL INSTITUTO DE HISTORIA. Primera serie. N\u00fam. 78.  Impreso en M\u00e9xico.  126 p\u00e1ginas\" \/>\n<meta property=\"og:url\" content=\"https:\/\/antiqua.mx\/en\/product\/el-libro-secreto-de-maximiliano\/\" \/>\n<meta property=\"article:modified_time\" content=\"2025-01-23T20:38:50+00:00\" \/>\n<meta property=\"og:image\" content=\"https:\/\/antiqua.mx\/wp-content\/uploads\/2023\/12\/IMG_3036-scaled.jpeg\" \/>\n\t<meta property=\"og:image:width\" content=\"2056\" \/>\n\t<meta property=\"og:image:height\" content=\"2560\" \/>\n\t<meta property=\"og:image:type\" content=\"image\/jpeg\" \/>\n<meta name=\"twitter:card\" content=\"summary_large_image\" \/>\n<script type=\"application\/ld+json\" class=\"yoast-schema-graph\">{\"@context\":\"https:\/\/schema.org\",\"@graph\":[{\"@type\":\"WebPage\",\"@id\":\"https:\/\/antiqua.mx\/producto\/el-libro-secreto-de-maximiliano\/\",\"url\":\"https:\/\/antiqua.mx\/producto\/el-libro-secreto-de-maximiliano\/\",\"name\":\"EL LIBRO SECRETO DE MAXIMILIANO -\",\"isPartOf\":{\"@id\":\"https:\/\/antiqua.mx\/en\/#website\"},\"primaryImageOfPage\":{\"@id\":\"https:\/\/antiqua.mx\/producto\/el-libro-secreto-de-maximiliano\/#primaryimage\"},\"image\":{\"@id\":\"https:\/\/antiqua.mx\/producto\/el-libro-secreto-de-maximiliano\/#primaryimage\"},\"thumbnailUrl\":\"https:\/\/antiqua.mx\/wp-content\/uploads\/2023\/12\/IMG_3036-scaled.jpeg\",\"datePublished\":\"2023-12-06T23:55:03+00:00\",\"dateModified\":\"2025-01-23T20:38:50+00:00\",\"breadcrumb\":{\"@id\":\"https:\/\/antiqua.mx\/producto\/el-libro-secreto-de-maximiliano\/#breadcrumb\"},\"inLanguage\":\"en-US\",\"potentialAction\":[{\"@type\":\"ReadAction\",\"target\":[\"https:\/\/antiqua.mx\/producto\/el-libro-secreto-de-maximiliano\/\"]}]},{\"@type\":\"ImageObject\",\"inLanguage\":\"en-US\",\"@id\":\"https:\/\/antiqua.mx\/producto\/el-libro-secreto-de-maximiliano\/#primaryimage\",\"url\":\"https:\/\/antiqua.mx\/wp-content\/uploads\/2023\/12\/IMG_3036-scaled.jpeg\",\"contentUrl\":\"https:\/\/antiqua.mx\/wp-content\/uploads\/2023\/12\/IMG_3036-scaled.jpeg\",\"width\":2056,\"height\":2560},{\"@type\":\"BreadcrumbList\",\"@id\":\"https:\/\/antiqua.mx\/producto\/el-libro-secreto-de-maximiliano\/#breadcrumb\",\"itemListElement\":[{\"@type\":\"ListItem\",\"position\":1,\"name\":\"Portada\",\"item\":\"https:\/\/antiqua.mx\/en\/\"},{\"@type\":\"ListItem\",\"position\":2,\"name\":\"Tienda\",\"item\":\"https:\/\/antiqua.mx\/tienda\/\"},{\"@type\":\"ListItem\",\"position\":3,\"name\":\"EL LIBRO SECRETO DE MAXIMILIANO\"}]},{\"@type\":\"WebSite\",\"@id\":\"https:\/\/antiqua.mx\/en\/#website\",\"url\":\"https:\/\/antiqua.mx\/en\/\",\"name\":\"\",\"description\":\"\",\"potentialAction\":[{\"@type\":\"SearchAction\",\"target\":{\"@type\":\"EntryPoint\",\"urlTemplate\":\"https:\/\/antiqua.mx\/en\/?s={search_term_string}\"},\"query-input\":{\"@type\":\"PropertyValueSpecification\",\"valueRequired\":true,\"valueName\":\"search_term_string\"}}],\"inLanguage\":\"en-US\"}]}<\/script>\n<!-- \/ Yoast SEO plugin. -->","yoast_head_json":{"title":"EL LIBRO SECRETO DE MAXIMILIANO -","robots":{"index":"index","follow":"follow","max-snippet":"max-snippet:-1","max-image-preview":"max-image-preview:large","max-video-preview":"max-video-preview:-1"},"canonical":"https:\/\/antiqua.mx\/en\/product\/el-libro-secreto-de-maximiliano\/","og_locale":"en_US","og_type":"article","og_title":"EL LIBRO SECRETO DE MAXIMILIANO -","og_description":"Editorial: UNIVERSIDAD NACIONAL AUT\u00d3NOMA DE M\u00c9XICO  Primera edici\u00f3n  A\u00f1o 1963  R\u00fastico, en buenas condiciones. El empastado est\u00e1 maltratado.  Pr\u00f3logo de Jos\u00e9 Ma. Luj\u00e1n.  El ejemplar est\u00e1 intonso.  PUBLICACIONES DEL INSTITUTO DE HISTORIA. Primera serie. N\u00fam. 78.  Impreso en M\u00e9xico.  126 p\u00e1ginas","og_url":"https:\/\/antiqua.mx\/en\/product\/el-libro-secreto-de-maximiliano\/","article_modified_time":"2025-01-23T20:38:50+00:00","og_image":[{"width":2056,"height":2560,"url":"https:\/\/antiqua.mx\/wp-content\/uploads\/2023\/12\/IMG_3036-scaled.jpeg","type":"image\/jpeg"}],"twitter_card":"summary_large_image","schema":{"@context":"https:\/\/schema.org","@graph":[{"@type":"WebPage","@id":"https:\/\/antiqua.mx\/producto\/el-libro-secreto-de-maximiliano\/","url":"https:\/\/antiqua.mx\/producto\/el-libro-secreto-de-maximiliano\/","name":"EL LIBRO SECRETO DE MAXIMILIANO -","isPartOf":{"@id":"https:\/\/antiqua.mx\/en\/#website"},"primaryImageOfPage":{"@id":"https:\/\/antiqua.mx\/producto\/el-libro-secreto-de-maximiliano\/#primaryimage"},"image":{"@id":"https:\/\/antiqua.mx\/producto\/el-libro-secreto-de-maximiliano\/#primaryimage"},"thumbnailUrl":"https:\/\/antiqua.mx\/wp-content\/uploads\/2023\/12\/IMG_3036-scaled.jpeg","datePublished":"2023-12-06T23:55:03+00:00","dateModified":"2025-01-23T20:38:50+00:00","breadcrumb":{"@id":"https:\/\/antiqua.mx\/producto\/el-libro-secreto-de-maximiliano\/#breadcrumb"},"inLanguage":"en-US","potentialAction":[{"@type":"ReadAction","target":["https:\/\/antiqua.mx\/producto\/el-libro-secreto-de-maximiliano\/"]}]},{"@type":"ImageObject","inLanguage":"en-US","@id":"https:\/\/antiqua.mx\/producto\/el-libro-secreto-de-maximiliano\/#primaryimage","url":"https:\/\/antiqua.mx\/wp-content\/uploads\/2023\/12\/IMG_3036-scaled.jpeg","contentUrl":"https:\/\/antiqua.mx\/wp-content\/uploads\/2023\/12\/IMG_3036-scaled.jpeg","width":2056,"height":2560},{"@type":"BreadcrumbList","@id":"https:\/\/antiqua.mx\/producto\/el-libro-secreto-de-maximiliano\/#breadcrumb","itemListElement":[{"@type":"ListItem","position":1,"name":"Portada","item":"https:\/\/antiqua.mx\/en\/"},{"@type":"ListItem","position":2,"name":"Tienda","item":"https:\/\/antiqua.mx\/tienda\/"},{"@type":"ListItem","position":3,"name":"EL LIBRO SECRETO DE MAXIMILIANO"}]},{"@type":"WebSite","@id":"https:\/\/antiqua.mx\/en\/#website","url":"https:\/\/antiqua.mx\/en\/","name":"","description":"","potentialAction":[{"@type":"SearchAction","target":{"@type":"EntryPoint","urlTemplate":"https:\/\/antiqua.mx\/en\/?s={search_term_string}"},"query-input":{"@type":"PropertyValueSpecification","valueRequired":true,"valueName":"search_term_string"}}],"inLanguage":"en-US"}]}},"jetpack_sharing_enabled":true,"_links":{"self":[{"href":"https:\/\/antiqua.mx\/en\/wp-json\/wp\/v2\/product\/21681","targetHints":{"allow":["GET"]}}],"collection":[{"href":"https:\/\/antiqua.mx\/en\/wp-json\/wp\/v2\/product"}],"about":[{"href":"https:\/\/antiqua.mx\/en\/wp-json\/wp\/v2\/types\/product"}],"replies":[{"embeddable":true,"href":"https:\/\/antiqua.mx\/en\/wp-json\/wp\/v2\/comments?post=21681"}],"wp:featuredmedia":[{"embeddable":true,"href":"https:\/\/antiqua.mx\/en\/wp-json\/wp\/v2\/media\/21928"}],"wp:attachment":[{"href":"https:\/\/antiqua.mx\/en\/wp-json\/wp\/v2\/media?parent=21681"}],"wp:term":[{"taxonomy":"product_brand","embeddable":true,"href":"https:\/\/antiqua.mx\/en\/wp-json\/wp\/v2\/product_brand?post=21681"},{"taxonomy":"product_cat","embeddable":true,"href":"https:\/\/antiqua.mx\/en\/wp-json\/wp\/v2\/product_cat?post=21681"},{"taxonomy":"product_tag","embeddable":true,"href":"https:\/\/antiqua.mx\/en\/wp-json\/wp\/v2\/product_tag?post=21681"}],"curies":[{"name":"wp","href":"https:\/\/api.w.org\/{rel}","templated":true}]}}