{"id":21962,"date":"2023-12-27T23:13:37","date_gmt":"2023-12-27T23:13:37","guid":{"rendered":"https:\/\/antiqua.mx\/?post_type=product&#038;p=21962"},"modified":"2025-03-10T21:46:57","modified_gmt":"2025-03-10T21:46:57","slug":"lopez-austin-alfredo-textos-de-medicina-nahuatl-2","status":"publish","type":"product","link":"https:\/\/antiqua.mx\/en\/product\/lopez-austin-alfredo-textos-de-medicina-nahuatl-2","title":{"rendered":"L\u00d3PEZ AUSTIN ALFREDO. TEXTOS DE MEDICINA N\u00c1HUATL"},"content":{"rendered":"<p><strong>L\u00f3pez Austin Alfredo<\/strong><\/p>\n<p>Editorial: Universidad Nacional Aut\u00f3noma de M\u00e9xico.<\/p>\n<p>Tercera edici\u00f3n<\/p>\n<p>A\u00f1o 1984<\/p>\n<p>R\u00fastico, en buenas condiciones. El empastado est\u00e1 maltratado.<\/p>\n<p>La obra est\u00e1 ilustrada con l\u00e1minas a blanco y negro.<\/p>\n<p><strong>Instituto de Investigaciones Hist\u00f3ricas.<\/strong> <strong>Serie de Cultura N\u00e1huatl.<\/strong><\/p>\n<p>Impreso en M\u00e9xico.<\/p>\n<p>230 p\u00e1ginas<\/p>","protected":false},"excerpt":{"rendered":"<ul>\n<li>Editorial: Universidad Nacional Aut\u00f3noma de M\u00e9xico.<\/li>\n<li>Tercera edici\u00f3n<\/li>\n<li>A\u00f1o 1984<\/li>\n<li>R\u00fastico, en buenas condiciones. El empastado est\u00e1 maltratado.<\/li>\n<li>La obra est\u00e1 ilustrada con l\u00e1minas a blanco y negro.<\/li>\n<li><strong>Instituto de Investigaciones Hist\u00f3ricas.<\/strong>\u00a0<strong>Serie de Cultura N\u00e1huatl.<\/strong><\/li>\n<li>Impreso en M\u00e9xico.<\/li>\n<li>230 p\u00e1ginas<\/li>\n<\/ul>","protected":false},"featured_media":22505,"comment_status":"open","ping_status":"closed","template":"","meta":{"_joinchat":[]},"product_brand":[],"product_cat":[569,375],"product_tag":[487,1127],"class_list":{"0":"post-21962","1":"product","2":"type-product","3":"status-publish","6":"product_cat-azt-may-nah-olm","7":"product_cat-mex","8":"product_tag-lopez-austin","9":"product_tag-medicina-nahuatl","11":"first","12":"instock","13":"featured","14":"taxable","15":"shipping-taxable","16":"purchasable","17":"product-type-simple"},"yoast_head":"<!-- This site is optimized with the Yoast SEO plugin v26.1.1 - https:\/\/yoast.com\/wordpress\/plugins\/seo\/ -->\n<title>L\u00d3PEZ AUSTIN ALFREDO. TEXTOS DE MEDICINA N\u00c1HUATL -<\/title>\n<meta name=\"robots\" content=\"index, follow, max-snippet:-1, max-image-preview:large, max-video-preview:-1\" \/>\n<link rel=\"canonical\" href=\"https:\/\/antiqua.mx\/en\/product\/lopez-austin-alfredo-textos-de-medicina-nahuatl-2\/\" \/>\n<meta property=\"og:locale\" content=\"en_US\" \/>\n<meta property=\"og:type\" content=\"article\" \/>\n<meta property=\"og:title\" content=\"L\u00d3PEZ AUSTIN ALFREDO. TEXTOS DE MEDICINA N\u00c1HUATL -\" \/>\n<meta property=\"og:description\" content=\"Editorial: Universidad Nacional Aut\u00f3noma de M\u00e9xico.  Tercera edici\u00f3n  A\u00f1o 1984  R\u00fastico, en buenas condiciones. El empastado est\u00e1 maltratado.  La obra est\u00e1 ilustrada con l\u00e1minas a blanco y negro.  Instituto de Investigaciones Hist\u00f3ricas.\u00a0Serie de Cultura N\u00e1huatl.  Impreso en M\u00e9xico.  230 p\u00e1ginas\" \/>\n<meta property=\"og:url\" content=\"https:\/\/antiqua.mx\/en\/product\/lopez-austin-alfredo-textos-de-medicina-nahuatl-2\/\" \/>\n<meta property=\"article:modified_time\" content=\"2025-03-10T21:46:57+00:00\" \/>\n<meta property=\"og:image\" content=\"https:\/\/antiqua.mx\/wp-content\/uploads\/2023\/12\/IMG_0418-scaled.jpeg\" \/>\n\t<meta property=\"og:image:width\" content=\"2005\" \/>\n\t<meta property=\"og:image:height\" content=\"2560\" \/>\n\t<meta property=\"og:image:type\" content=\"image\/jpeg\" \/>\n<meta name=\"twitter:card\" content=\"summary_large_image\" \/>\n<script type=\"application\/ld+json\" class=\"yoast-schema-graph\">{\"@context\":\"https:\/\/schema.org\",\"@graph\":[{\"@type\":\"WebPage\",\"@id\":\"https:\/\/antiqua.mx\/producto\/lopez-austin-alfredo-textos-de-medicina-nahuatl-2\",\"url\":\"https:\/\/antiqua.mx\/producto\/lopez-austin-alfredo-textos-de-medicina-nahuatl-2\",\"name\":\"L\u00d3PEZ AUSTIN ALFREDO. TEXTOS DE MEDICINA N\u00c1HUATL -\",\"isPartOf\":{\"@id\":\"https:\/\/antiqua.mx\/en\/#website\"},\"primaryImageOfPage\":{\"@id\":\"https:\/\/antiqua.mx\/producto\/lopez-austin-alfredo-textos-de-medicina-nahuatl-2#primaryimage\"},\"image\":{\"@id\":\"https:\/\/antiqua.mx\/producto\/lopez-austin-alfredo-textos-de-medicina-nahuatl-2#primaryimage\"},\"thumbnailUrl\":\"https:\/\/antiqua.mx\/wp-content\/uploads\/2023\/12\/IMG_0418-scaled.jpeg\",\"datePublished\":\"2023-12-27T23:13:37+00:00\",\"dateModified\":\"2025-03-10T21:46:57+00:00\",\"breadcrumb\":{\"@id\":\"https:\/\/antiqua.mx\/producto\/lopez-austin-alfredo-textos-de-medicina-nahuatl-2#breadcrumb\"},\"inLanguage\":\"en-US\",\"potentialAction\":[{\"@type\":\"ReadAction\",\"target\":[\"https:\/\/antiqua.mx\/producto\/lopez-austin-alfredo-textos-de-medicina-nahuatl-2\"]}]},{\"@type\":\"ImageObject\",\"inLanguage\":\"en-US\",\"@id\":\"https:\/\/antiqua.mx\/producto\/lopez-austin-alfredo-textos-de-medicina-nahuatl-2#primaryimage\",\"url\":\"https:\/\/antiqua.mx\/wp-content\/uploads\/2023\/12\/IMG_0418-scaled.jpeg\",\"contentUrl\":\"https:\/\/antiqua.mx\/wp-content\/uploads\/2023\/12\/IMG_0418-scaled.jpeg\",\"width\":2005,\"height\":2560},{\"@type\":\"BreadcrumbList\",\"@id\":\"https:\/\/antiqua.mx\/producto\/lopez-austin-alfredo-textos-de-medicina-nahuatl-2#breadcrumb\",\"itemListElement\":[{\"@type\":\"ListItem\",\"position\":1,\"name\":\"Portada\",\"item\":\"https:\/\/antiqua.mx\/en\/\"},{\"@type\":\"ListItem\",\"position\":2,\"name\":\"Tienda\",\"item\":\"https:\/\/antiqua.mx\/en\/tienda\"},{\"@type\":\"ListItem\",\"position\":3,\"name\":\"L\u00d3PEZ AUSTIN ALFREDO. TEXTOS DE MEDICINA N\u00c1HUATL\"}]},{\"@type\":\"WebSite\",\"@id\":\"https:\/\/antiqua.mx\/en\/#website\",\"url\":\"https:\/\/antiqua.mx\/en\/\",\"name\":\"\",\"description\":\"\",\"potentialAction\":[{\"@type\":\"SearchAction\",\"target\":{\"@type\":\"EntryPoint\",\"urlTemplate\":\"https:\/\/antiqua.mx\/en\/?s={search_term_string}\"},\"query-input\":{\"@type\":\"PropertyValueSpecification\",\"valueRequired\":true,\"valueName\":\"search_term_string\"}}],\"inLanguage\":\"en-US\"}]}<\/script>\n<!-- \/ Yoast SEO plugin. -->","yoast_head_json":{"title":"L\u00d3PEZ AUSTIN ALFREDO. TEXTOS DE MEDICINA N\u00c1HUATL -","robots":{"index":"index","follow":"follow","max-snippet":"max-snippet:-1","max-image-preview":"max-image-preview:large","max-video-preview":"max-video-preview:-1"},"canonical":"https:\/\/antiqua.mx\/en\/product\/lopez-austin-alfredo-textos-de-medicina-nahuatl-2\/","og_locale":"en_US","og_type":"article","og_title":"L\u00d3PEZ AUSTIN ALFREDO. TEXTOS DE MEDICINA N\u00c1HUATL -","og_description":"Editorial: Universidad Nacional Aut\u00f3noma de M\u00e9xico.  Tercera edici\u00f3n  A\u00f1o 1984  R\u00fastico, en buenas condiciones. El empastado est\u00e1 maltratado.  La obra est\u00e1 ilustrada con l\u00e1minas a blanco y negro.  Instituto de Investigaciones Hist\u00f3ricas.\u00a0Serie de Cultura N\u00e1huatl.  Impreso en M\u00e9xico.  230 p\u00e1ginas","og_url":"https:\/\/antiqua.mx\/en\/product\/lopez-austin-alfredo-textos-de-medicina-nahuatl-2\/","article_modified_time":"2025-03-10T21:46:57+00:00","og_image":[{"width":2005,"height":2560,"url":"https:\/\/antiqua.mx\/wp-content\/uploads\/2023\/12\/IMG_0418-scaled.jpeg","type":"image\/jpeg"}],"twitter_card":"summary_large_image","schema":{"@context":"https:\/\/schema.org","@graph":[{"@type":"WebPage","@id":"https:\/\/antiqua.mx\/producto\/lopez-austin-alfredo-textos-de-medicina-nahuatl-2","url":"https:\/\/antiqua.mx\/producto\/lopez-austin-alfredo-textos-de-medicina-nahuatl-2","name":"L\u00d3PEZ AUSTIN ALFREDO. TEXTOS DE MEDICINA N\u00c1HUATL -","isPartOf":{"@id":"https:\/\/antiqua.mx\/en\/#website"},"primaryImageOfPage":{"@id":"https:\/\/antiqua.mx\/producto\/lopez-austin-alfredo-textos-de-medicina-nahuatl-2#primaryimage"},"image":{"@id":"https:\/\/antiqua.mx\/producto\/lopez-austin-alfredo-textos-de-medicina-nahuatl-2#primaryimage"},"thumbnailUrl":"https:\/\/antiqua.mx\/wp-content\/uploads\/2023\/12\/IMG_0418-scaled.jpeg","datePublished":"2023-12-27T23:13:37+00:00","dateModified":"2025-03-10T21:46:57+00:00","breadcrumb":{"@id":"https:\/\/antiqua.mx\/producto\/lopez-austin-alfredo-textos-de-medicina-nahuatl-2#breadcrumb"},"inLanguage":"en-US","potentialAction":[{"@type":"ReadAction","target":["https:\/\/antiqua.mx\/producto\/lopez-austin-alfredo-textos-de-medicina-nahuatl-2"]}]},{"@type":"ImageObject","inLanguage":"en-US","@id":"https:\/\/antiqua.mx\/producto\/lopez-austin-alfredo-textos-de-medicina-nahuatl-2#primaryimage","url":"https:\/\/antiqua.mx\/wp-content\/uploads\/2023\/12\/IMG_0418-scaled.jpeg","contentUrl":"https:\/\/antiqua.mx\/wp-content\/uploads\/2023\/12\/IMG_0418-scaled.jpeg","width":2005,"height":2560},{"@type":"BreadcrumbList","@id":"https:\/\/antiqua.mx\/producto\/lopez-austin-alfredo-textos-de-medicina-nahuatl-2#breadcrumb","itemListElement":[{"@type":"ListItem","position":1,"name":"Portada","item":"https:\/\/antiqua.mx\/en\/"},{"@type":"ListItem","position":2,"name":"Tienda","item":"https:\/\/antiqua.mx\/en\/tienda"},{"@type":"ListItem","position":3,"name":"L\u00d3PEZ AUSTIN ALFREDO. TEXTOS DE MEDICINA N\u00c1HUATL"}]},{"@type":"WebSite","@id":"https:\/\/antiqua.mx\/en\/#website","url":"https:\/\/antiqua.mx\/en\/","name":"","description":"","potentialAction":[{"@type":"SearchAction","target":{"@type":"EntryPoint","urlTemplate":"https:\/\/antiqua.mx\/en\/?s={search_term_string}"},"query-input":{"@type":"PropertyValueSpecification","valueRequired":true,"valueName":"search_term_string"}}],"inLanguage":"en-US"}]}},"jetpack_sharing_enabled":true,"_links":{"self":[{"href":"https:\/\/antiqua.mx\/en\/wp-json\/wp\/v2\/product\/21962","targetHints":{"allow":["GET"]}}],"collection":[{"href":"https:\/\/antiqua.mx\/en\/wp-json\/wp\/v2\/product"}],"about":[{"href":"https:\/\/antiqua.mx\/en\/wp-json\/wp\/v2\/types\/product"}],"replies":[{"embeddable":true,"href":"https:\/\/antiqua.mx\/en\/wp-json\/wp\/v2\/comments?post=21962"}],"wp:featuredmedia":[{"embeddable":true,"href":"https:\/\/antiqua.mx\/en\/wp-json\/wp\/v2\/media\/22505"}],"wp:attachment":[{"href":"https:\/\/antiqua.mx\/en\/wp-json\/wp\/v2\/media?parent=21962"}],"wp:term":[{"taxonomy":"product_brand","embeddable":true,"href":"https:\/\/antiqua.mx\/en\/wp-json\/wp\/v2\/product_brand?post=21962"},{"taxonomy":"product_cat","embeddable":true,"href":"https:\/\/antiqua.mx\/en\/wp-json\/wp\/v2\/product_cat?post=21962"},{"taxonomy":"product_tag","embeddable":true,"href":"https:\/\/antiqua.mx\/en\/wp-json\/wp\/v2\/product_tag?post=21962"}],"curies":[{"name":"wp","href":"https:\/\/api.w.org\/{rel}","templated":true}]}}