{"id":2213,"date":"2020-08-18T00:55:44","date_gmt":"2020-08-18T00:55:44","guid":{"rendered":"https:\/\/antiqua.mx\/?post_type=product&#038;p=2213"},"modified":"2026-04-07T01:10:03","modified_gmt":"2026-04-07T01:10:03","slug":"garcia-ponce-juan-el-reino-milenario","status":"publish","type":"product","link":"https:\/\/antiqua.mx\/en\/product\/garcia-ponce-juan-el-reino-milenario\/","title":{"rendered":"GARC\u00cdA PONCE JUAN. EL REINO MILENARIO"},"content":{"rendered":"<p><strong>Garc\u00eda Ponce Juan<\/strong><\/p>\n<p>Editorial: Pre-textos<\/p>\n<p>Primera edici\u00f3n<\/p>\n<p>A\u00f1o 1979<\/p>\n<p>R\u00fastico, en buenas condiciones. La parte inferior del empastado est\u00e1 maltratado por clasificaci\u00f3n de biblioteca.<\/p>\n<p>La obra tiene sellos del\u00a0 &#8220;ASPIRANTADO JUAN PONCE DE LE\u00d3N BIBLIOTECA: DR. CARLOS FUENTES GUTI\u00c9RREZ 10 PONIENTE No. 1711, PUEBLA, PUE.&#8221;<\/p>\n<p>La portada es de Joseph Hortola.<\/p>\n<p>229 p\u00e1ginas<\/p>","protected":false},"excerpt":{"rendered":"<ul>\n<li>Editorial: Pre-textos<\/li>\n<li>Primera edici\u00f3n<\/li>\n<li>A\u00f1o 1979<\/li>\n<li>R\u00fastico, en buenas condiciones. La parte inferior del empastado est\u00e1 maltratado por clasificaci\u00f3n de biblioteca.<\/li>\n<li>La obra tiene sellos del\u00a0 &#8220;ASPIRANTADO JUAN PONCE DE LE\u00d3N BIBLIOTECA: DR. CARLOS FUENTES GUTI\u00c9RREZ 10 PONIENTE No. 1711, PUEBLA, PUE.&#8221;<\/li>\n<li>La portada es de Joseph Hortola.<\/li>\n<li>229 p\u00e1ginas<\/li>\n<\/ul>","protected":false},"featured_media":26799,"comment_status":"open","ping_status":"closed","template":"","meta":{"_joinchat":[]},"product_brand":[],"product_cat":[335,336],"product_tag":[714],"class_list":{"0":"post-2213","1":"product","2":"type-product","3":"status-publish","6":"product_cat-literatura","7":"product_cat-litmexicana","8":"product_tag-juan-garcia-ponce","10":"first","11":"instock","12":"featured","13":"sold-individually","14":"taxable","15":"shipping-taxable","16":"purchasable","17":"product-type-simple"},"yoast_head":"<!-- This site is optimized with the Yoast SEO plugin v26.1.1 - https:\/\/yoast.com\/wordpress\/plugins\/seo\/ -->\n<title>GARC\u00cdA PONCE JUAN. EL REINO MILENARIO -<\/title>\n<meta name=\"robots\" content=\"index, follow, max-snippet:-1, max-image-preview:large, max-video-preview:-1\" \/>\n<link rel=\"canonical\" href=\"https:\/\/antiqua.mx\/en\/product\/garcia-ponce-juan-el-reino-milenario\/\" \/>\n<meta property=\"og:locale\" content=\"en_US\" \/>\n<meta property=\"og:type\" content=\"article\" \/>\n<meta property=\"og:title\" content=\"GARC\u00cdA PONCE JUAN. EL REINO MILENARIO -\" \/>\n<meta property=\"og:description\" content=\"Editorial: Pre-textos  Primera edici\u00f3n  A\u00f1o 1979  R\u00fastico, en buenas condiciones. La parte inferior del empastado est\u00e1 maltratado por clasificaci\u00f3n de biblioteca.  La obra tiene sellos del\u00a0 &quot;ASPIRANTADO JUAN PONCE DE LE\u00d3N BIBLIOTECA: DR. CARLOS FUENTES GUTI\u00c9RREZ 10 PONIENTE No. 1711, PUEBLA, PUE.&quot;  La portada es de Joseph Hortola.  229 p\u00e1ginas\" \/>\n<meta property=\"og:url\" content=\"https:\/\/antiqua.mx\/en\/product\/garcia-ponce-juan-el-reino-milenario\/\" \/>\n<meta property=\"article:modified_time\" content=\"2026-04-07T01:10:03+00:00\" \/>\n<meta property=\"og:image\" content=\"https:\/\/antiqua.mx\/wp-content\/uploads\/2020\/08\/GARCIA-PONCE.-EL-REINO-MILENARIO-scaled.jpg\" \/>\n\t<meta property=\"og:image:width\" content=\"1828\" \/>\n\t<meta property=\"og:image:height\" content=\"2560\" \/>\n\t<meta property=\"og:image:type\" content=\"image\/jpeg\" \/>\n<meta name=\"twitter:card\" content=\"summary_large_image\" \/>\n<meta name=\"twitter:label1\" content=\"Est. reading time\" \/>\n\t<meta name=\"twitter:data1\" content=\"1 minute\" \/>\n<script type=\"application\/ld+json\" class=\"yoast-schema-graph\">{\"@context\":\"https:\/\/schema.org\",\"@graph\":[{\"@type\":\"WebPage\",\"@id\":\"https:\/\/antiqua.mx\/producto\/garcia-ponce-juan-el-reino-milenario\/\",\"url\":\"https:\/\/antiqua.mx\/producto\/garcia-ponce-juan-el-reino-milenario\/\",\"name\":\"GARC\u00cdA PONCE JUAN. EL REINO MILENARIO -\",\"isPartOf\":{\"@id\":\"https:\/\/antiqua.mx\/en\/#website\"},\"primaryImageOfPage\":{\"@id\":\"https:\/\/antiqua.mx\/producto\/garcia-ponce-juan-el-reino-milenario\/#primaryimage\"},\"image\":{\"@id\":\"https:\/\/antiqua.mx\/producto\/garcia-ponce-juan-el-reino-milenario\/#primaryimage\"},\"thumbnailUrl\":\"https:\/\/antiqua.mx\/wp-content\/uploads\/2020\/08\/GARCIA-PONCE.-EL-REINO-MILENARIO-scaled.jpg\",\"datePublished\":\"2020-08-18T00:55:44+00:00\",\"dateModified\":\"2026-04-07T01:10:03+00:00\",\"breadcrumb\":{\"@id\":\"https:\/\/antiqua.mx\/producto\/garcia-ponce-juan-el-reino-milenario\/#breadcrumb\"},\"inLanguage\":\"en-US\",\"potentialAction\":[{\"@type\":\"ReadAction\",\"target\":[\"https:\/\/antiqua.mx\/producto\/garcia-ponce-juan-el-reino-milenario\/\"]}]},{\"@type\":\"ImageObject\",\"inLanguage\":\"en-US\",\"@id\":\"https:\/\/antiqua.mx\/producto\/garcia-ponce-juan-el-reino-milenario\/#primaryimage\",\"url\":\"https:\/\/antiqua.mx\/wp-content\/uploads\/2020\/08\/GARCIA-PONCE.-EL-REINO-MILENARIO-scaled.jpg\",\"contentUrl\":\"https:\/\/antiqua.mx\/wp-content\/uploads\/2020\/08\/GARCIA-PONCE.-EL-REINO-MILENARIO-scaled.jpg\",\"width\":1828,\"height\":2560},{\"@type\":\"BreadcrumbList\",\"@id\":\"https:\/\/antiqua.mx\/producto\/garcia-ponce-juan-el-reino-milenario\/#breadcrumb\",\"itemListElement\":[{\"@type\":\"ListItem\",\"position\":1,\"name\":\"Portada\",\"item\":\"https:\/\/antiqua.mx\/en\/\"},{\"@type\":\"ListItem\",\"position\":2,\"name\":\"Tienda\",\"item\":\"https:\/\/antiqua.mx\/tienda\/\"},{\"@type\":\"ListItem\",\"position\":3,\"name\":\"GARC\u00cdA PONCE JUAN. EL REINO MILENARIO\"}]},{\"@type\":\"WebSite\",\"@id\":\"https:\/\/antiqua.mx\/en\/#website\",\"url\":\"https:\/\/antiqua.mx\/en\/\",\"name\":\"\",\"description\":\"\",\"potentialAction\":[{\"@type\":\"SearchAction\",\"target\":{\"@type\":\"EntryPoint\",\"urlTemplate\":\"https:\/\/antiqua.mx\/en\/?s={search_term_string}\"},\"query-input\":{\"@type\":\"PropertyValueSpecification\",\"valueRequired\":true,\"valueName\":\"search_term_string\"}}],\"inLanguage\":\"en-US\"}]}<\/script>\n<!-- \/ Yoast SEO plugin. -->","yoast_head_json":{"title":"GARC\u00cdA PONCE JUAN. EL REINO MILENARIO -","robots":{"index":"index","follow":"follow","max-snippet":"max-snippet:-1","max-image-preview":"max-image-preview:large","max-video-preview":"max-video-preview:-1"},"canonical":"https:\/\/antiqua.mx\/en\/product\/garcia-ponce-juan-el-reino-milenario\/","og_locale":"en_US","og_type":"article","og_title":"GARC\u00cdA PONCE JUAN. EL REINO MILENARIO -","og_description":"Editorial: Pre-textos  Primera edici\u00f3n  A\u00f1o 1979  R\u00fastico, en buenas condiciones. La parte inferior del empastado est\u00e1 maltratado por clasificaci\u00f3n de biblioteca.  La obra tiene sellos del\u00a0 \"ASPIRANTADO JUAN PONCE DE LE\u00d3N BIBLIOTECA: DR. CARLOS FUENTES GUTI\u00c9RREZ 10 PONIENTE No. 1711, PUEBLA, PUE.\"  La portada es de Joseph Hortola.  229 p\u00e1ginas","og_url":"https:\/\/antiqua.mx\/en\/product\/garcia-ponce-juan-el-reino-milenario\/","article_modified_time":"2026-04-07T01:10:03+00:00","og_image":[{"width":1828,"height":2560,"url":"https:\/\/antiqua.mx\/wp-content\/uploads\/2020\/08\/GARCIA-PONCE.-EL-REINO-MILENARIO-scaled.jpg","type":"image\/jpeg"}],"twitter_card":"summary_large_image","twitter_misc":{"Est. reading time":"1 minute"},"schema":{"@context":"https:\/\/schema.org","@graph":[{"@type":"WebPage","@id":"https:\/\/antiqua.mx\/producto\/garcia-ponce-juan-el-reino-milenario\/","url":"https:\/\/antiqua.mx\/producto\/garcia-ponce-juan-el-reino-milenario\/","name":"GARC\u00cdA PONCE JUAN. EL REINO MILENARIO -","isPartOf":{"@id":"https:\/\/antiqua.mx\/en\/#website"},"primaryImageOfPage":{"@id":"https:\/\/antiqua.mx\/producto\/garcia-ponce-juan-el-reino-milenario\/#primaryimage"},"image":{"@id":"https:\/\/antiqua.mx\/producto\/garcia-ponce-juan-el-reino-milenario\/#primaryimage"},"thumbnailUrl":"https:\/\/antiqua.mx\/wp-content\/uploads\/2020\/08\/GARCIA-PONCE.-EL-REINO-MILENARIO-scaled.jpg","datePublished":"2020-08-18T00:55:44+00:00","dateModified":"2026-04-07T01:10:03+00:00","breadcrumb":{"@id":"https:\/\/antiqua.mx\/producto\/garcia-ponce-juan-el-reino-milenario\/#breadcrumb"},"inLanguage":"en-US","potentialAction":[{"@type":"ReadAction","target":["https:\/\/antiqua.mx\/producto\/garcia-ponce-juan-el-reino-milenario\/"]}]},{"@type":"ImageObject","inLanguage":"en-US","@id":"https:\/\/antiqua.mx\/producto\/garcia-ponce-juan-el-reino-milenario\/#primaryimage","url":"https:\/\/antiqua.mx\/wp-content\/uploads\/2020\/08\/GARCIA-PONCE.-EL-REINO-MILENARIO-scaled.jpg","contentUrl":"https:\/\/antiqua.mx\/wp-content\/uploads\/2020\/08\/GARCIA-PONCE.-EL-REINO-MILENARIO-scaled.jpg","width":1828,"height":2560},{"@type":"BreadcrumbList","@id":"https:\/\/antiqua.mx\/producto\/garcia-ponce-juan-el-reino-milenario\/#breadcrumb","itemListElement":[{"@type":"ListItem","position":1,"name":"Portada","item":"https:\/\/antiqua.mx\/en\/"},{"@type":"ListItem","position":2,"name":"Tienda","item":"https:\/\/antiqua.mx\/tienda\/"},{"@type":"ListItem","position":3,"name":"GARC\u00cdA PONCE JUAN. EL REINO MILENARIO"}]},{"@type":"WebSite","@id":"https:\/\/antiqua.mx\/en\/#website","url":"https:\/\/antiqua.mx\/en\/","name":"","description":"","potentialAction":[{"@type":"SearchAction","target":{"@type":"EntryPoint","urlTemplate":"https:\/\/antiqua.mx\/en\/?s={search_term_string}"},"query-input":{"@type":"PropertyValueSpecification","valueRequired":true,"valueName":"search_term_string"}}],"inLanguage":"en-US"}]}},"jetpack_sharing_enabled":true,"_links":{"self":[{"href":"https:\/\/antiqua.mx\/en\/wp-json\/wp\/v2\/product\/2213","targetHints":{"allow":["GET"]}}],"collection":[{"href":"https:\/\/antiqua.mx\/en\/wp-json\/wp\/v2\/product"}],"about":[{"href":"https:\/\/antiqua.mx\/en\/wp-json\/wp\/v2\/types\/product"}],"replies":[{"embeddable":true,"href":"https:\/\/antiqua.mx\/en\/wp-json\/wp\/v2\/comments?post=2213"}],"wp:featuredmedia":[{"embeddable":true,"href":"https:\/\/antiqua.mx\/en\/wp-json\/wp\/v2\/media\/26799"}],"wp:attachment":[{"href":"https:\/\/antiqua.mx\/en\/wp-json\/wp\/v2\/media?parent=2213"}],"wp:term":[{"taxonomy":"product_brand","embeddable":true,"href":"https:\/\/antiqua.mx\/en\/wp-json\/wp\/v2\/product_brand?post=2213"},{"taxonomy":"product_cat","embeddable":true,"href":"https:\/\/antiqua.mx\/en\/wp-json\/wp\/v2\/product_cat?post=2213"},{"taxonomy":"product_tag","embeddable":true,"href":"https:\/\/antiqua.mx\/en\/wp-json\/wp\/v2\/product_tag?post=2213"}],"curies":[{"name":"wp","href":"https:\/\/api.w.org\/{rel}","templated":true}]}}