{"id":22268,"date":"2024-02-09T01:21:12","date_gmt":"2024-02-09T01:21:12","guid":{"rendered":"https:\/\/antiqua.mx\/?post_type=product&#038;p=22268"},"modified":"2025-01-17T22:04:33","modified_gmt":"2025-01-17T22:04:33","slug":"del-rincon-antonio-arte-mexicana","status":"publish","type":"product","link":"https:\/\/antiqua.mx\/en\/product\/del-rincon-antonio-arte-mexicana","title":{"rendered":"DEL RINC\u00d3N ANTONIO. ARTE MEXICANA"},"content":{"rendered":"<p><strong>del Rinc\u00f3n Antonio<\/strong><\/p>\n<p>Editorial: EDMUNDO AVI\u00d1A LEVY EDITOR<\/p>\n<p>A\u00f1o 1967<\/p>\n<p>R\u00fastico, en buenas condiciones.<\/p>\n<p>Edici\u00f3n facsimilar.<\/p>\n<p>Ejemplar No. 94 de 250.<\/p>\n<p>Impreso en Guadalajara, Jalisco.<\/p>\n<p>94 p\u00e1ginas<\/p>","protected":false},"excerpt":{"rendered":"<ul>\n<li>Editorial: EDMUNDO AVI\u00d1A LEVY EDITOR<\/li>\n<li>A\u00f1o 1967<\/li>\n<li>R\u00fastico, en buenas condiciones.<\/li>\n<li>Edici\u00f3n facsimilar.<\/li>\n<li>Ejemplar No. 94 de 250.<\/li>\n<li>Impreso en Guadalajara, Jalisco.<\/li>\n<li>94 p\u00e1ginas<\/li>\n<\/ul>","protected":false},"featured_media":22627,"comment_status":"open","ping_status":"closed","template":"","meta":{"_joinchat":[]},"product_brand":[],"product_cat":[397,375],"product_tag":[5590,3175,1367,519],"class_list":{"0":"post-22268","1":"product","2":"type-product","3":"status-publish","6":"product_cat-lengindi","7":"product_cat-mex","8":"product_tag-antonio-del-rincon","9":"product_tag-antonio-penafiel","10":"product_tag-jesuitas","11":"product_tag-nahuatl","13":"first","14":"instock","15":"featured","16":"taxable","17":"shipping-taxable","18":"purchasable","19":"product-type-simple"},"yoast_head":"<!-- This site is optimized with the Yoast SEO plugin v26.1.1 - https:\/\/yoast.com\/wordpress\/plugins\/seo\/ -->\n<title>DEL RINC\u00d3N ANTONIO. ARTE MEXICANA -<\/title>\n<meta name=\"robots\" content=\"index, follow, max-snippet:-1, max-image-preview:large, max-video-preview:-1\" \/>\n<link rel=\"canonical\" href=\"https:\/\/antiqua.mx\/en\/product\/del-rincon-antonio-arte-mexicana\/\" \/>\n<meta property=\"og:locale\" content=\"en_US\" \/>\n<meta property=\"og:type\" content=\"article\" \/>\n<meta property=\"og:title\" content=\"DEL RINC\u00d3N ANTONIO. ARTE MEXICANA -\" \/>\n<meta property=\"og:description\" content=\"Editorial: EDMUNDO AVI\u00d1A LEVY EDITOR  A\u00f1o 1967  R\u00fastico, en buenas condiciones.  Edici\u00f3n facsimilar.  Ejemplar No. 94 de 250.  Impreso en Guadalajara, Jalisco.  94 p\u00e1ginas\" \/>\n<meta property=\"og:url\" content=\"https:\/\/antiqua.mx\/en\/product\/del-rincon-antonio-arte-mexicana\/\" \/>\n<meta property=\"article:modified_time\" content=\"2025-01-17T22:04:33+00:00\" \/>\n<meta property=\"og:image\" content=\"https:\/\/antiqua.mx\/wp-content\/uploads\/2024\/02\/IMG_1363-scaled.jpeg\" \/>\n\t<meta property=\"og:image:width\" content=\"1897\" \/>\n\t<meta property=\"og:image:height\" content=\"2560\" \/>\n\t<meta property=\"og:image:type\" content=\"image\/jpeg\" \/>\n<meta name=\"twitter:card\" content=\"summary_large_image\" \/>\n<script type=\"application\/ld+json\" class=\"yoast-schema-graph\">{\"@context\":\"https:\/\/schema.org\",\"@graph\":[{\"@type\":\"WebPage\",\"@id\":\"https:\/\/antiqua.mx\/producto\/del-rincon-antonio-arte-mexicana\",\"url\":\"https:\/\/antiqua.mx\/producto\/del-rincon-antonio-arte-mexicana\",\"name\":\"DEL RINC\u00d3N ANTONIO. ARTE MEXICANA -\",\"isPartOf\":{\"@id\":\"https:\/\/antiqua.mx\/en\/#website\"},\"primaryImageOfPage\":{\"@id\":\"https:\/\/antiqua.mx\/producto\/del-rincon-antonio-arte-mexicana#primaryimage\"},\"image\":{\"@id\":\"https:\/\/antiqua.mx\/producto\/del-rincon-antonio-arte-mexicana#primaryimage\"},\"thumbnailUrl\":\"https:\/\/antiqua.mx\/wp-content\/uploads\/2024\/02\/IMG_1363-scaled.jpeg\",\"datePublished\":\"2024-02-09T01:21:12+00:00\",\"dateModified\":\"2025-01-17T22:04:33+00:00\",\"breadcrumb\":{\"@id\":\"https:\/\/antiqua.mx\/producto\/del-rincon-antonio-arte-mexicana#breadcrumb\"},\"inLanguage\":\"en-US\",\"potentialAction\":[{\"@type\":\"ReadAction\",\"target\":[\"https:\/\/antiqua.mx\/producto\/del-rincon-antonio-arte-mexicana\"]}]},{\"@type\":\"ImageObject\",\"inLanguage\":\"en-US\",\"@id\":\"https:\/\/antiqua.mx\/producto\/del-rincon-antonio-arte-mexicana#primaryimage\",\"url\":\"https:\/\/antiqua.mx\/wp-content\/uploads\/2024\/02\/IMG_1363-scaled.jpeg\",\"contentUrl\":\"https:\/\/antiqua.mx\/wp-content\/uploads\/2024\/02\/IMG_1363-scaled.jpeg\",\"width\":1897,\"height\":2560},{\"@type\":\"BreadcrumbList\",\"@id\":\"https:\/\/antiqua.mx\/producto\/del-rincon-antonio-arte-mexicana#breadcrumb\",\"itemListElement\":[{\"@type\":\"ListItem\",\"position\":1,\"name\":\"Portada\",\"item\":\"https:\/\/antiqua.mx\/en\/\"},{\"@type\":\"ListItem\",\"position\":2,\"name\":\"Tienda\",\"item\":\"https:\/\/antiqua.mx\/en\/tienda\"},{\"@type\":\"ListItem\",\"position\":3,\"name\":\"DEL RINC\u00d3N ANTONIO. ARTE MEXICANA\"}]},{\"@type\":\"WebSite\",\"@id\":\"https:\/\/antiqua.mx\/en\/#website\",\"url\":\"https:\/\/antiqua.mx\/en\/\",\"name\":\"\",\"description\":\"\",\"potentialAction\":[{\"@type\":\"SearchAction\",\"target\":{\"@type\":\"EntryPoint\",\"urlTemplate\":\"https:\/\/antiqua.mx\/en\/?s={search_term_string}\"},\"query-input\":{\"@type\":\"PropertyValueSpecification\",\"valueRequired\":true,\"valueName\":\"search_term_string\"}}],\"inLanguage\":\"en-US\"}]}<\/script>\n<!-- \/ Yoast SEO plugin. -->","yoast_head_json":{"title":"DEL RINC\u00d3N ANTONIO. ARTE MEXICANA -","robots":{"index":"index","follow":"follow","max-snippet":"max-snippet:-1","max-image-preview":"max-image-preview:large","max-video-preview":"max-video-preview:-1"},"canonical":"https:\/\/antiqua.mx\/en\/product\/del-rincon-antonio-arte-mexicana\/","og_locale":"en_US","og_type":"article","og_title":"DEL RINC\u00d3N ANTONIO. ARTE MEXICANA -","og_description":"Editorial: EDMUNDO AVI\u00d1A LEVY EDITOR  A\u00f1o 1967  R\u00fastico, en buenas condiciones.  Edici\u00f3n facsimilar.  Ejemplar No. 94 de 250.  Impreso en Guadalajara, Jalisco.  94 p\u00e1ginas","og_url":"https:\/\/antiqua.mx\/en\/product\/del-rincon-antonio-arte-mexicana\/","article_modified_time":"2025-01-17T22:04:33+00:00","og_image":[{"width":1897,"height":2560,"url":"https:\/\/antiqua.mx\/wp-content\/uploads\/2024\/02\/IMG_1363-scaled.jpeg","type":"image\/jpeg"}],"twitter_card":"summary_large_image","schema":{"@context":"https:\/\/schema.org","@graph":[{"@type":"WebPage","@id":"https:\/\/antiqua.mx\/producto\/del-rincon-antonio-arte-mexicana","url":"https:\/\/antiqua.mx\/producto\/del-rincon-antonio-arte-mexicana","name":"DEL RINC\u00d3N ANTONIO. ARTE MEXICANA -","isPartOf":{"@id":"https:\/\/antiqua.mx\/en\/#website"},"primaryImageOfPage":{"@id":"https:\/\/antiqua.mx\/producto\/del-rincon-antonio-arte-mexicana#primaryimage"},"image":{"@id":"https:\/\/antiqua.mx\/producto\/del-rincon-antonio-arte-mexicana#primaryimage"},"thumbnailUrl":"https:\/\/antiqua.mx\/wp-content\/uploads\/2024\/02\/IMG_1363-scaled.jpeg","datePublished":"2024-02-09T01:21:12+00:00","dateModified":"2025-01-17T22:04:33+00:00","breadcrumb":{"@id":"https:\/\/antiqua.mx\/producto\/del-rincon-antonio-arte-mexicana#breadcrumb"},"inLanguage":"en-US","potentialAction":[{"@type":"ReadAction","target":["https:\/\/antiqua.mx\/producto\/del-rincon-antonio-arte-mexicana"]}]},{"@type":"ImageObject","inLanguage":"en-US","@id":"https:\/\/antiqua.mx\/producto\/del-rincon-antonio-arte-mexicana#primaryimage","url":"https:\/\/antiqua.mx\/wp-content\/uploads\/2024\/02\/IMG_1363-scaled.jpeg","contentUrl":"https:\/\/antiqua.mx\/wp-content\/uploads\/2024\/02\/IMG_1363-scaled.jpeg","width":1897,"height":2560},{"@type":"BreadcrumbList","@id":"https:\/\/antiqua.mx\/producto\/del-rincon-antonio-arte-mexicana#breadcrumb","itemListElement":[{"@type":"ListItem","position":1,"name":"Portada","item":"https:\/\/antiqua.mx\/en\/"},{"@type":"ListItem","position":2,"name":"Tienda","item":"https:\/\/antiqua.mx\/en\/tienda"},{"@type":"ListItem","position":3,"name":"DEL RINC\u00d3N ANTONIO. ARTE MEXICANA"}]},{"@type":"WebSite","@id":"https:\/\/antiqua.mx\/en\/#website","url":"https:\/\/antiqua.mx\/en\/","name":"","description":"","potentialAction":[{"@type":"SearchAction","target":{"@type":"EntryPoint","urlTemplate":"https:\/\/antiqua.mx\/en\/?s={search_term_string}"},"query-input":{"@type":"PropertyValueSpecification","valueRequired":true,"valueName":"search_term_string"}}],"inLanguage":"en-US"}]}},"jetpack_sharing_enabled":true,"_links":{"self":[{"href":"https:\/\/antiqua.mx\/en\/wp-json\/wp\/v2\/product\/22268","targetHints":{"allow":["GET"]}}],"collection":[{"href":"https:\/\/antiqua.mx\/en\/wp-json\/wp\/v2\/product"}],"about":[{"href":"https:\/\/antiqua.mx\/en\/wp-json\/wp\/v2\/types\/product"}],"replies":[{"embeddable":true,"href":"https:\/\/antiqua.mx\/en\/wp-json\/wp\/v2\/comments?post=22268"}],"wp:featuredmedia":[{"embeddable":true,"href":"https:\/\/antiqua.mx\/en\/wp-json\/wp\/v2\/media\/22627"}],"wp:attachment":[{"href":"https:\/\/antiqua.mx\/en\/wp-json\/wp\/v2\/media?parent=22268"}],"wp:term":[{"taxonomy":"product_brand","embeddable":true,"href":"https:\/\/antiqua.mx\/en\/wp-json\/wp\/v2\/product_brand?post=22268"},{"taxonomy":"product_cat","embeddable":true,"href":"https:\/\/antiqua.mx\/en\/wp-json\/wp\/v2\/product_cat?post=22268"},{"taxonomy":"product_tag","embeddable":true,"href":"https:\/\/antiqua.mx\/en\/wp-json\/wp\/v2\/product_tag?post=22268"}],"curies":[{"name":"wp","href":"https:\/\/api.w.org\/{rel}","templated":true}]}}