{"id":22316,"date":"2024-02-23T20:51:23","date_gmt":"2024-02-23T20:51:23","guid":{"rendered":"https:\/\/antiqua.mx\/?post_type=product&#038;p=22316"},"modified":"2024-06-16T01:22:31","modified_gmt":"2024-06-16T01:22:31","slug":"un-libro-de-oro-de-estampas-las-maravillas-del-mundo","status":"publish","type":"product","link":"https:\/\/antiqua.mx\/en\/product\/un-libro-de-oro-de-estampas-las-maravillas-del-mundo\/","title":{"rendered":"UN LIBRO DE ORO DE ESTAMPAS. LAS MARAVILLAS DEL MUNDO"},"content":{"rendered":"<p>Editorial: NOVARO, S. A.<\/p>\n<p>Tercera edici\u00f3n<\/p>\n<p>A\u00f1o 1970<\/p>\n<p>R\u00fastico, en buenas condiciones. El empastado est\u00e1 maltratado.<\/p>\n<p>Traducci\u00f3n de Judith Leal.<\/p>\n<p>Textos de Hubert J. Bernhard.<\/p>\n<p>Estampas a color de George Solonewitsch y dibujos para iluminar de Peter Spier.<\/p>\n<p>Impreso en M\u00e9xico.<\/p>\n<p>48 p\u00e1ginas<\/p>","protected":false},"excerpt":{"rendered":"<ul>\n<li>Editorial: NOVARO, S. A.<\/li>\n<li>Tercera edici\u00f3n<\/li>\n<li>A\u00f1o 1970<\/li>\n<li>R\u00fastico, en buenas condiciones. El empastado est\u00e1 maltratado.<\/li>\n<li>Traducci\u00f3n de Judith Leal.<\/li>\n<li>Textos de Hubert J. Bernhard.<\/li>\n<li>Estampas a color de George Solonewitsch y dibujos para iluminar de Peter Spier.<\/li>\n<li>Impreso en M\u00e9xico.<\/li>\n<li>48 p\u00e1ginas<\/li>\n<\/ul>","protected":false},"featured_media":23255,"comment_status":"open","ping_status":"closed","template":"","meta":{"_joinchat":[]},"product_brand":[],"product_cat":[451],"product_tag":[5658],"class_list":{"0":"post-22316","1":"product","2":"type-product","3":"status-publish","6":"product_cat-otros","7":"product_tag-album","9":"first","10":"instock","11":"featured","12":"taxable","13":"shipping-taxable","14":"purchasable","15":"product-type-simple"},"yoast_head":"<!-- This site is optimized with the Yoast SEO plugin v26.1.1 - https:\/\/yoast.com\/wordpress\/plugins\/seo\/ -->\n<title>UN LIBRO DE ORO DE ESTAMPAS. LAS MARAVILLAS DEL MUNDO -<\/title>\n<meta name=\"robots\" content=\"index, follow, max-snippet:-1, max-image-preview:large, max-video-preview:-1\" \/>\n<link rel=\"canonical\" href=\"https:\/\/antiqua.mx\/en\/product\/un-libro-de-oro-de-estampas-las-maravillas-del-mundo\/\" \/>\n<meta property=\"og:locale\" content=\"en_US\" \/>\n<meta property=\"og:type\" content=\"article\" \/>\n<meta property=\"og:title\" content=\"UN LIBRO DE ORO DE ESTAMPAS. LAS MARAVILLAS DEL MUNDO -\" \/>\n<meta property=\"og:description\" content=\"Editorial: NOVARO, S. A.  Tercera edici\u00f3n  A\u00f1o 1970  R\u00fastico, en buenas condiciones. El empastado est\u00e1 maltratado.  Traducci\u00f3n de Judith Leal.  Textos de Hubert J. Bernhard.  Estampas a color de George Solonewitsch y dibujos para iluminar de Peter Spier.  Impreso en M\u00e9xico.  48 p\u00e1ginas\" \/>\n<meta property=\"og:url\" content=\"https:\/\/antiqua.mx\/en\/product\/un-libro-de-oro-de-estampas-las-maravillas-del-mundo\/\" \/>\n<meta property=\"article:modified_time\" content=\"2024-06-16T01:22:31+00:00\" \/>\n<meta property=\"og:image\" content=\"https:\/\/antiqua.mx\/wp-content\/uploads\/2024\/02\/IMG_1713-scaled.jpeg\" \/>\n\t<meta property=\"og:image:width\" content=\"2032\" \/>\n\t<meta property=\"og:image:height\" content=\"2560\" \/>\n\t<meta property=\"og:image:type\" content=\"image\/jpeg\" \/>\n<meta name=\"twitter:card\" content=\"summary_large_image\" \/>\n<script type=\"application\/ld+json\" class=\"yoast-schema-graph\">{\"@context\":\"https:\/\/schema.org\",\"@graph\":[{\"@type\":\"WebPage\",\"@id\":\"https:\/\/antiqua.mx\/en\/product\/un-libro-de-oro-de-estampas-las-maravillas-del-mundo\/\",\"url\":\"https:\/\/antiqua.mx\/en\/product\/un-libro-de-oro-de-estampas-las-maravillas-del-mundo\/\",\"name\":\"UN LIBRO DE ORO DE ESTAMPAS. LAS MARAVILLAS DEL MUNDO -\",\"isPartOf\":{\"@id\":\"https:\/\/antiqua.mx\/en\/#website\"},\"primaryImageOfPage\":{\"@id\":\"https:\/\/antiqua.mx\/en\/product\/un-libro-de-oro-de-estampas-las-maravillas-del-mundo\/#primaryimage\"},\"image\":{\"@id\":\"https:\/\/antiqua.mx\/en\/product\/un-libro-de-oro-de-estampas-las-maravillas-del-mundo\/#primaryimage\"},\"thumbnailUrl\":\"https:\/\/antiqua.mx\/wp-content\/uploads\/2024\/02\/IMG_1713-scaled.jpeg\",\"datePublished\":\"2024-02-23T20:51:23+00:00\",\"dateModified\":\"2024-06-16T01:22:31+00:00\",\"breadcrumb\":{\"@id\":\"https:\/\/antiqua.mx\/en\/product\/un-libro-de-oro-de-estampas-las-maravillas-del-mundo\/#breadcrumb\"},\"inLanguage\":\"en-US\",\"potentialAction\":[{\"@type\":\"ReadAction\",\"target\":[\"https:\/\/antiqua.mx\/en\/product\/un-libro-de-oro-de-estampas-las-maravillas-del-mundo\/\"]}]},{\"@type\":\"ImageObject\",\"inLanguage\":\"en-US\",\"@id\":\"https:\/\/antiqua.mx\/en\/product\/un-libro-de-oro-de-estampas-las-maravillas-del-mundo\/#primaryimage\",\"url\":\"https:\/\/antiqua.mx\/wp-content\/uploads\/2024\/02\/IMG_1713-scaled.jpeg\",\"contentUrl\":\"https:\/\/antiqua.mx\/wp-content\/uploads\/2024\/02\/IMG_1713-scaled.jpeg\",\"width\":2032,\"height\":2560},{\"@type\":\"BreadcrumbList\",\"@id\":\"https:\/\/antiqua.mx\/en\/product\/un-libro-de-oro-de-estampas-las-maravillas-del-mundo\/#breadcrumb\",\"itemListElement\":[{\"@type\":\"ListItem\",\"position\":1,\"name\":\"Portada\",\"item\":\"https:\/\/antiqua.mx\/en\/\"},{\"@type\":\"ListItem\",\"position\":2,\"name\":\"Tienda\",\"item\":\"https:\/\/antiqua.mx\/tienda\/\"},{\"@type\":\"ListItem\",\"position\":3,\"name\":\"UN LIBRO DE ORO DE ESTAMPAS. LAS MARAVILLAS DEL MUNDO\"}]},{\"@type\":\"WebSite\",\"@id\":\"https:\/\/antiqua.mx\/en\/#website\",\"url\":\"https:\/\/antiqua.mx\/en\/\",\"name\":\"\",\"description\":\"\",\"potentialAction\":[{\"@type\":\"SearchAction\",\"target\":{\"@type\":\"EntryPoint\",\"urlTemplate\":\"https:\/\/antiqua.mx\/en\/?s={search_term_string}\"},\"query-input\":{\"@type\":\"PropertyValueSpecification\",\"valueRequired\":true,\"valueName\":\"search_term_string\"}}],\"inLanguage\":\"en-US\"}]}<\/script>\n<!-- \/ Yoast SEO plugin. -->","yoast_head_json":{"title":"UN LIBRO DE ORO DE ESTAMPAS. LAS MARAVILLAS DEL MUNDO -","robots":{"index":"index","follow":"follow","max-snippet":"max-snippet:-1","max-image-preview":"max-image-preview:large","max-video-preview":"max-video-preview:-1"},"canonical":"https:\/\/antiqua.mx\/en\/product\/un-libro-de-oro-de-estampas-las-maravillas-del-mundo\/","og_locale":"en_US","og_type":"article","og_title":"UN LIBRO DE ORO DE ESTAMPAS. LAS MARAVILLAS DEL MUNDO -","og_description":"Editorial: NOVARO, S. A.  Tercera edici\u00f3n  A\u00f1o 1970  R\u00fastico, en buenas condiciones. El empastado est\u00e1 maltratado.  Traducci\u00f3n de Judith Leal.  Textos de Hubert J. Bernhard.  Estampas a color de George Solonewitsch y dibujos para iluminar de Peter Spier.  Impreso en M\u00e9xico.  48 p\u00e1ginas","og_url":"https:\/\/antiqua.mx\/en\/product\/un-libro-de-oro-de-estampas-las-maravillas-del-mundo\/","article_modified_time":"2024-06-16T01:22:31+00:00","og_image":[{"width":2032,"height":2560,"url":"https:\/\/antiqua.mx\/wp-content\/uploads\/2024\/02\/IMG_1713-scaled.jpeg","type":"image\/jpeg"}],"twitter_card":"summary_large_image","schema":{"@context":"https:\/\/schema.org","@graph":[{"@type":"WebPage","@id":"https:\/\/antiqua.mx\/en\/product\/un-libro-de-oro-de-estampas-las-maravillas-del-mundo\/","url":"https:\/\/antiqua.mx\/en\/product\/un-libro-de-oro-de-estampas-las-maravillas-del-mundo\/","name":"UN LIBRO DE ORO DE ESTAMPAS. LAS MARAVILLAS DEL MUNDO -","isPartOf":{"@id":"https:\/\/antiqua.mx\/en\/#website"},"primaryImageOfPage":{"@id":"https:\/\/antiqua.mx\/en\/product\/un-libro-de-oro-de-estampas-las-maravillas-del-mundo\/#primaryimage"},"image":{"@id":"https:\/\/antiqua.mx\/en\/product\/un-libro-de-oro-de-estampas-las-maravillas-del-mundo\/#primaryimage"},"thumbnailUrl":"https:\/\/antiqua.mx\/wp-content\/uploads\/2024\/02\/IMG_1713-scaled.jpeg","datePublished":"2024-02-23T20:51:23+00:00","dateModified":"2024-06-16T01:22:31+00:00","breadcrumb":{"@id":"https:\/\/antiqua.mx\/en\/product\/un-libro-de-oro-de-estampas-las-maravillas-del-mundo\/#breadcrumb"},"inLanguage":"en-US","potentialAction":[{"@type":"ReadAction","target":["https:\/\/antiqua.mx\/en\/product\/un-libro-de-oro-de-estampas-las-maravillas-del-mundo\/"]}]},{"@type":"ImageObject","inLanguage":"en-US","@id":"https:\/\/antiqua.mx\/en\/product\/un-libro-de-oro-de-estampas-las-maravillas-del-mundo\/#primaryimage","url":"https:\/\/antiqua.mx\/wp-content\/uploads\/2024\/02\/IMG_1713-scaled.jpeg","contentUrl":"https:\/\/antiqua.mx\/wp-content\/uploads\/2024\/02\/IMG_1713-scaled.jpeg","width":2032,"height":2560},{"@type":"BreadcrumbList","@id":"https:\/\/antiqua.mx\/en\/product\/un-libro-de-oro-de-estampas-las-maravillas-del-mundo\/#breadcrumb","itemListElement":[{"@type":"ListItem","position":1,"name":"Portada","item":"https:\/\/antiqua.mx\/en\/"},{"@type":"ListItem","position":2,"name":"Tienda","item":"https:\/\/antiqua.mx\/tienda\/"},{"@type":"ListItem","position":3,"name":"UN LIBRO DE ORO DE ESTAMPAS. LAS MARAVILLAS DEL MUNDO"}]},{"@type":"WebSite","@id":"https:\/\/antiqua.mx\/en\/#website","url":"https:\/\/antiqua.mx\/en\/","name":"","description":"","potentialAction":[{"@type":"SearchAction","target":{"@type":"EntryPoint","urlTemplate":"https:\/\/antiqua.mx\/en\/?s={search_term_string}"},"query-input":{"@type":"PropertyValueSpecification","valueRequired":true,"valueName":"search_term_string"}}],"inLanguage":"en-US"}]}},"jetpack_sharing_enabled":true,"_links":{"self":[{"href":"https:\/\/antiqua.mx\/en\/wp-json\/wp\/v2\/product\/22316","targetHints":{"allow":["GET"]}}],"collection":[{"href":"https:\/\/antiqua.mx\/en\/wp-json\/wp\/v2\/product"}],"about":[{"href":"https:\/\/antiqua.mx\/en\/wp-json\/wp\/v2\/types\/product"}],"replies":[{"embeddable":true,"href":"https:\/\/antiqua.mx\/en\/wp-json\/wp\/v2\/comments?post=22316"}],"wp:featuredmedia":[{"embeddable":true,"href":"https:\/\/antiqua.mx\/en\/wp-json\/wp\/v2\/media\/23255"}],"wp:attachment":[{"href":"https:\/\/antiqua.mx\/en\/wp-json\/wp\/v2\/media?parent=22316"}],"wp:term":[{"taxonomy":"product_brand","embeddable":true,"href":"https:\/\/antiqua.mx\/en\/wp-json\/wp\/v2\/product_brand?post=22316"},{"taxonomy":"product_cat","embeddable":true,"href":"https:\/\/antiqua.mx\/en\/wp-json\/wp\/v2\/product_cat?post=22316"},{"taxonomy":"product_tag","embeddable":true,"href":"https:\/\/antiqua.mx\/en\/wp-json\/wp\/v2\/product_tag?post=22316"}],"curies":[{"name":"wp","href":"https:\/\/api.w.org\/{rel}","templated":true}]}}