{"id":22857,"date":"2024-03-14T22:58:38","date_gmt":"2024-03-14T22:58:38","guid":{"rendered":"https:\/\/antiqua.mx\/?post_type=product&#038;p=22857"},"modified":"2025-07-16T00:44:28","modified_gmt":"2025-07-16T00:44:28","slug":"campos-ruben-m-el-folklore-y-la-musica-mexicana-investigacion-acerca-de-la-cultura-musical-en-mexico-1525-1925","status":"publish","type":"product","link":"https:\/\/antiqua.mx\/en\/product\/campos-ruben-m-el-folklore-y-la-musica-mexicana-investigacion-acerca-de-la-cultura-musical-en-mexico-1525-1925","title":{"rendered":"CAMPOS RUB\u00c9N M. EL FOLKLORE Y LA M\u00daSICA MEXICANA. INVESTIGACI\u00d3N ACERCA DE LA CULTURA MUSICAL EN M\u00c9XICO (1525-1925)"},"content":{"rendered":"<p><strong>Campos Rub\u00e9n M.<\/strong><\/p>\n<p>Editorial: SECRETAR\u00cdA DE EDUCACI\u00d3N P\u00daBLICA \/ TALLERES GR\u00c1FICOS DE LA NACI\u00d3N<\/p>\n<p>A\u00f1o 1928<\/p>\n<p>Empastado, en buenas condiciones. El empastado est\u00e1 maltratado.<\/p>\n<p>El ejemplar est\u00e1 ilustrado con l\u00e1minas a blanco y negro.<\/p>\n<p>Obra integrada con 100 sones, jarabes y canciones del folklore musical mexicano, cuyas melod\u00edas est\u00e1n intactas.<\/p>\n<p>La obra tiene sellos de la &#8220;BIBLIOTECA DE LA UNIVERSIDAD NACIONAL DE M\u00c9XICO&#8221;.<\/p>\n<p>Impreso en M\u00e9xico.<\/p>\n<p>351 p\u00e1ginas<\/p>","protected":false},"excerpt":{"rendered":"<ul>\n<li>Editorial: SECRETAR\u00cdA DE EDUCACI\u00d3N P\u00daBLICA \/ TALLERES GR\u00c1FICOS DE LA NACI\u00d3N<\/li>\n<li>A\u00f1o 1928<\/li>\n<li>Empastado, en buenas condiciones. El empastado est\u00e1 maltratado.<\/li>\n<li>El ejemplar est\u00e1 ilustrado con l\u00e1minas a blanco y negro.<\/li>\n<li>Obra integrada con 100 sones, jarabes y canciones del folklore musical mexicano, cuyas melod\u00edas est\u00e1n intactas.<\/li>\n<li>La obra tiene sellos de la &#8220;BIBLIOTECA DE LA UNIVERSIDAD NACIONAL DE M\u00c9XICO&#8221;.<\/li>\n<li>Impreso en M\u00e9xico.<\/li>\n<li>351 p\u00e1ginas<\/li>\n<\/ul>","protected":false},"featured_media":23784,"comment_status":"open","ping_status":"closed","template":"","meta":{"_joinchat":[]},"product_brand":[],"product_cat":[349,350,387,1556,369,375,367],"product_tag":[1688,5721,5720,5719,4124],"class_list":{"0":"post-22857","1":"product","2":"type-product","3":"status-publish","6":"product_cat-arte","7":"product_cat-arte-mexicano","8":"product_cat-cultmex","9":"product_cat-dan","10":"product_cat-histmex","11":"product_cat-mex","12":"product_cat-musica","13":"product_tag-compositores","14":"product_tag-conservatorio-nacional","15":"product_tag-danzas-indigenas","16":"product_tag-ruben-campos","17":"product_tag-sones","19":"first","20":"instock","21":"featured","22":"taxable","23":"shipping-taxable","24":"purchasable","25":"product-type-simple"},"yoast_head":"<!-- This site is optimized with the Yoast SEO plugin v26.1.1 - https:\/\/yoast.com\/wordpress\/plugins\/seo\/ -->\n<title>CAMPOS RUB\u00c9N M. EL FOLKLORE Y LA M\u00daSICA MEXICANA. INVESTIGACI\u00d3N ACERCA DE LA CULTURA MUSICAL EN M\u00c9XICO (1525-1925) -<\/title>\n<meta name=\"robots\" content=\"index, follow, max-snippet:-1, max-image-preview:large, max-video-preview:-1\" \/>\n<link rel=\"canonical\" href=\"https:\/\/antiqua.mx\/en\/product\/campos-ruben-m-el-folklore-y-la-musica-mexicana-investigacion-acerca-de-la-cultura-musical-en-mexico-1525-1925\" \/>\n<meta property=\"og:locale\" content=\"en_US\" \/>\n<meta property=\"og:type\" content=\"article\" \/>\n<meta property=\"og:title\" content=\"CAMPOS RUB\u00c9N M. EL FOLKLORE Y LA M\u00daSICA MEXICANA. INVESTIGACI\u00d3N ACERCA DE LA CULTURA MUSICAL EN M\u00c9XICO (1525-1925) -\" \/>\n<meta property=\"og:description\" content=\"Editorial: SECRETAR\u00cdA DE EDUCACI\u00d3N P\u00daBLICA \/ TALLERES GR\u00c1FICOS DE LA NACI\u00d3N  A\u00f1o 1928  Empastado, en buenas condiciones. El empastado est\u00e1 maltratado.  El ejemplar est\u00e1 ilustrado con l\u00e1minas a blanco y negro.  Obra integrada con 100 sones, jarabes y canciones del folklore musical mexicano, cuyas melod\u00edas est\u00e1n intactas.  La obra tiene sellos de la &quot;BIBLIOTECA DE LA UNIVERSIDAD NACIONAL DE M\u00c9XICO&quot;.  Impreso en M\u00e9xico.  351 p\u00e1ginas\" \/>\n<meta property=\"og:url\" content=\"https:\/\/antiqua.mx\/en\/product\/campos-ruben-m-el-folklore-y-la-musica-mexicana-investigacion-acerca-de-la-cultura-musical-en-mexico-1525-1925\" \/>\n<meta property=\"article:modified_time\" content=\"2025-07-16T00:44:28+00:00\" \/>\n<meta property=\"og:image\" content=\"https:\/\/antiqua.mx\/wp-content\/uploads\/2024\/03\/IMG_2274-scaled.jpeg\" \/>\n\t<meta property=\"og:image:width\" content=\"1888\" \/>\n\t<meta property=\"og:image:height\" content=\"2560\" \/>\n\t<meta property=\"og:image:type\" content=\"image\/jpeg\" \/>\n<meta name=\"twitter:card\" content=\"summary_large_image\" \/>\n<script type=\"application\/ld+json\" class=\"yoast-schema-graph\">{\"@context\":\"https:\/\/schema.org\",\"@graph\":[{\"@type\":\"WebPage\",\"@id\":\"https:\/\/antiqua.mx\/en\/product\/campos-ruben-m-el-folklore-y-la-musica-mexicana-investigacion-acerca-de-la-cultura-musical-en-mexico-1525-1925\",\"url\":\"https:\/\/antiqua.mx\/en\/product\/campos-ruben-m-el-folklore-y-la-musica-mexicana-investigacion-acerca-de-la-cultura-musical-en-mexico-1525-1925\",\"name\":\"CAMPOS RUB\u00c9N M. EL FOLKLORE Y LA M\u00daSICA MEXICANA. INVESTIGACI\u00d3N ACERCA DE LA CULTURA MUSICAL EN M\u00c9XICO (1525-1925) -\",\"isPartOf\":{\"@id\":\"https:\/\/antiqua.mx\/en\/#website\"},\"primaryImageOfPage\":{\"@id\":\"https:\/\/antiqua.mx\/en\/product\/campos-ruben-m-el-folklore-y-la-musica-mexicana-investigacion-acerca-de-la-cultura-musical-en-mexico-1525-1925#primaryimage\"},\"image\":{\"@id\":\"https:\/\/antiqua.mx\/en\/product\/campos-ruben-m-el-folklore-y-la-musica-mexicana-investigacion-acerca-de-la-cultura-musical-en-mexico-1525-1925#primaryimage\"},\"thumbnailUrl\":\"https:\/\/antiqua.mx\/wp-content\/uploads\/2024\/03\/IMG_2274-scaled.jpeg\",\"datePublished\":\"2024-03-14T22:58:38+00:00\",\"dateModified\":\"2025-07-16T00:44:28+00:00\",\"breadcrumb\":{\"@id\":\"https:\/\/antiqua.mx\/en\/product\/campos-ruben-m-el-folklore-y-la-musica-mexicana-investigacion-acerca-de-la-cultura-musical-en-mexico-1525-1925#breadcrumb\"},\"inLanguage\":\"en-US\",\"potentialAction\":[{\"@type\":\"ReadAction\",\"target\":[\"https:\/\/antiqua.mx\/en\/product\/campos-ruben-m-el-folklore-y-la-musica-mexicana-investigacion-acerca-de-la-cultura-musical-en-mexico-1525-1925\"]}]},{\"@type\":\"ImageObject\",\"inLanguage\":\"en-US\",\"@id\":\"https:\/\/antiqua.mx\/en\/product\/campos-ruben-m-el-folklore-y-la-musica-mexicana-investigacion-acerca-de-la-cultura-musical-en-mexico-1525-1925#primaryimage\",\"url\":\"https:\/\/antiqua.mx\/wp-content\/uploads\/2024\/03\/IMG_2274-scaled.jpeg\",\"contentUrl\":\"https:\/\/antiqua.mx\/wp-content\/uploads\/2024\/03\/IMG_2274-scaled.jpeg\",\"width\":1888,\"height\":2560},{\"@type\":\"BreadcrumbList\",\"@id\":\"https:\/\/antiqua.mx\/en\/product\/campos-ruben-m-el-folklore-y-la-musica-mexicana-investigacion-acerca-de-la-cultura-musical-en-mexico-1525-1925#breadcrumb\",\"itemListElement\":[{\"@type\":\"ListItem\",\"position\":1,\"name\":\"Portada\",\"item\":\"https:\/\/antiqua.mx\/en\/\"},{\"@type\":\"ListItem\",\"position\":2,\"name\":\"Tienda\",\"item\":\"https:\/\/antiqua.mx\/en\/tienda\"},{\"@type\":\"ListItem\",\"position\":3,\"name\":\"CAMPOS RUB\u00c9N M. EL FOLKLORE Y LA M\u00daSICA MEXICANA. INVESTIGACI\u00d3N ACERCA DE LA CULTURA MUSICAL EN M\u00c9XICO (1525-1925)\"}]},{\"@type\":\"WebSite\",\"@id\":\"https:\/\/antiqua.mx\/en\/#website\",\"url\":\"https:\/\/antiqua.mx\/en\/\",\"name\":\"\",\"description\":\"\",\"potentialAction\":[{\"@type\":\"SearchAction\",\"target\":{\"@type\":\"EntryPoint\",\"urlTemplate\":\"https:\/\/antiqua.mx\/en\/?s={search_term_string}\"},\"query-input\":{\"@type\":\"PropertyValueSpecification\",\"valueRequired\":true,\"valueName\":\"search_term_string\"}}],\"inLanguage\":\"en-US\"}]}<\/script>\n<!-- \/ Yoast SEO plugin. -->","yoast_head_json":{"title":"CAMPOS RUB\u00c9N M. EL FOLKLORE Y LA M\u00daSICA MEXICANA. INVESTIGACI\u00d3N ACERCA DE LA CULTURA MUSICAL EN M\u00c9XICO (1525-1925) -","robots":{"index":"index","follow":"follow","max-snippet":"max-snippet:-1","max-image-preview":"max-image-preview:large","max-video-preview":"max-video-preview:-1"},"canonical":"https:\/\/antiqua.mx\/en\/product\/campos-ruben-m-el-folklore-y-la-musica-mexicana-investigacion-acerca-de-la-cultura-musical-en-mexico-1525-1925","og_locale":"en_US","og_type":"article","og_title":"CAMPOS RUB\u00c9N M. EL FOLKLORE Y LA M\u00daSICA MEXICANA. INVESTIGACI\u00d3N ACERCA DE LA CULTURA MUSICAL EN M\u00c9XICO (1525-1925) -","og_description":"Editorial: SECRETAR\u00cdA DE EDUCACI\u00d3N P\u00daBLICA \/ TALLERES GR\u00c1FICOS DE LA NACI\u00d3N  A\u00f1o 1928  Empastado, en buenas condiciones. El empastado est\u00e1 maltratado.  El ejemplar est\u00e1 ilustrado con l\u00e1minas a blanco y negro.  Obra integrada con 100 sones, jarabes y canciones del folklore musical mexicano, cuyas melod\u00edas est\u00e1n intactas.  La obra tiene sellos de la \"BIBLIOTECA DE LA UNIVERSIDAD NACIONAL DE M\u00c9XICO\".  Impreso en M\u00e9xico.  351 p\u00e1ginas","og_url":"https:\/\/antiqua.mx\/en\/product\/campos-ruben-m-el-folklore-y-la-musica-mexicana-investigacion-acerca-de-la-cultura-musical-en-mexico-1525-1925","article_modified_time":"2025-07-16T00:44:28+00:00","og_image":[{"width":1888,"height":2560,"url":"https:\/\/antiqua.mx\/wp-content\/uploads\/2024\/03\/IMG_2274-scaled.jpeg","type":"image\/jpeg"}],"twitter_card":"summary_large_image","schema":{"@context":"https:\/\/schema.org","@graph":[{"@type":"WebPage","@id":"https:\/\/antiqua.mx\/en\/product\/campos-ruben-m-el-folklore-y-la-musica-mexicana-investigacion-acerca-de-la-cultura-musical-en-mexico-1525-1925","url":"https:\/\/antiqua.mx\/en\/product\/campos-ruben-m-el-folklore-y-la-musica-mexicana-investigacion-acerca-de-la-cultura-musical-en-mexico-1525-1925","name":"CAMPOS RUB\u00c9N M. EL FOLKLORE Y LA M\u00daSICA MEXICANA. INVESTIGACI\u00d3N ACERCA DE LA CULTURA MUSICAL EN M\u00c9XICO (1525-1925) -","isPartOf":{"@id":"https:\/\/antiqua.mx\/en\/#website"},"primaryImageOfPage":{"@id":"https:\/\/antiqua.mx\/en\/product\/campos-ruben-m-el-folklore-y-la-musica-mexicana-investigacion-acerca-de-la-cultura-musical-en-mexico-1525-1925#primaryimage"},"image":{"@id":"https:\/\/antiqua.mx\/en\/product\/campos-ruben-m-el-folklore-y-la-musica-mexicana-investigacion-acerca-de-la-cultura-musical-en-mexico-1525-1925#primaryimage"},"thumbnailUrl":"https:\/\/antiqua.mx\/wp-content\/uploads\/2024\/03\/IMG_2274-scaled.jpeg","datePublished":"2024-03-14T22:58:38+00:00","dateModified":"2025-07-16T00:44:28+00:00","breadcrumb":{"@id":"https:\/\/antiqua.mx\/en\/product\/campos-ruben-m-el-folklore-y-la-musica-mexicana-investigacion-acerca-de-la-cultura-musical-en-mexico-1525-1925#breadcrumb"},"inLanguage":"en-US","potentialAction":[{"@type":"ReadAction","target":["https:\/\/antiqua.mx\/en\/product\/campos-ruben-m-el-folklore-y-la-musica-mexicana-investigacion-acerca-de-la-cultura-musical-en-mexico-1525-1925"]}]},{"@type":"ImageObject","inLanguage":"en-US","@id":"https:\/\/antiqua.mx\/en\/product\/campos-ruben-m-el-folklore-y-la-musica-mexicana-investigacion-acerca-de-la-cultura-musical-en-mexico-1525-1925#primaryimage","url":"https:\/\/antiqua.mx\/wp-content\/uploads\/2024\/03\/IMG_2274-scaled.jpeg","contentUrl":"https:\/\/antiqua.mx\/wp-content\/uploads\/2024\/03\/IMG_2274-scaled.jpeg","width":1888,"height":2560},{"@type":"BreadcrumbList","@id":"https:\/\/antiqua.mx\/en\/product\/campos-ruben-m-el-folklore-y-la-musica-mexicana-investigacion-acerca-de-la-cultura-musical-en-mexico-1525-1925#breadcrumb","itemListElement":[{"@type":"ListItem","position":1,"name":"Portada","item":"https:\/\/antiqua.mx\/en\/"},{"@type":"ListItem","position":2,"name":"Tienda","item":"https:\/\/antiqua.mx\/en\/tienda"},{"@type":"ListItem","position":3,"name":"CAMPOS RUB\u00c9N M. EL FOLKLORE Y LA M\u00daSICA MEXICANA. INVESTIGACI\u00d3N ACERCA DE LA CULTURA MUSICAL EN M\u00c9XICO (1525-1925)"}]},{"@type":"WebSite","@id":"https:\/\/antiqua.mx\/en\/#website","url":"https:\/\/antiqua.mx\/en\/","name":"","description":"","potentialAction":[{"@type":"SearchAction","target":{"@type":"EntryPoint","urlTemplate":"https:\/\/antiqua.mx\/en\/?s={search_term_string}"},"query-input":{"@type":"PropertyValueSpecification","valueRequired":true,"valueName":"search_term_string"}}],"inLanguage":"en-US"}]}},"jetpack_sharing_enabled":true,"_links":{"self":[{"href":"https:\/\/antiqua.mx\/en\/wp-json\/wp\/v2\/product\/22857","targetHints":{"allow":["GET"]}}],"collection":[{"href":"https:\/\/antiqua.mx\/en\/wp-json\/wp\/v2\/product"}],"about":[{"href":"https:\/\/antiqua.mx\/en\/wp-json\/wp\/v2\/types\/product"}],"replies":[{"embeddable":true,"href":"https:\/\/antiqua.mx\/en\/wp-json\/wp\/v2\/comments?post=22857"}],"wp:featuredmedia":[{"embeddable":true,"href":"https:\/\/antiqua.mx\/en\/wp-json\/wp\/v2\/media\/23784"}],"wp:attachment":[{"href":"https:\/\/antiqua.mx\/en\/wp-json\/wp\/v2\/media?parent=22857"}],"wp:term":[{"taxonomy":"product_brand","embeddable":true,"href":"https:\/\/antiqua.mx\/en\/wp-json\/wp\/v2\/product_brand?post=22857"},{"taxonomy":"product_cat","embeddable":true,"href":"https:\/\/antiqua.mx\/en\/wp-json\/wp\/v2\/product_cat?post=22857"},{"taxonomy":"product_tag","embeddable":true,"href":"https:\/\/antiqua.mx\/en\/wp-json\/wp\/v2\/product_tag?post=22857"}],"curies":[{"name":"wp","href":"https:\/\/api.w.org\/{rel}","templated":true}]}}