{"id":2306,"date":"2020-08-19T04:35:30","date_gmt":"2020-08-19T04:35:30","guid":{"rendered":"https:\/\/antiqua.mx\/?post_type=product&#038;p=2306"},"modified":"2024-08-19T23:43:01","modified_gmt":"2024-08-19T23:43:01","slug":"lavin-monica-hotel-limbo","status":"publish","type":"product","link":"https:\/\/antiqua.mx\/en\/product\/lavin-monica-hotel-limbo","title":{"rendered":"LAV\u00cdN M\u00d3NICA. HOTEL LIMBO"},"content":{"rendered":"<p><strong>Lav\u00edn M\u00f3nica<\/strong><\/p>\n<p>Editorial: Alfaguara<\/p>\n<p>Primera edici\u00f3n<\/p>\n<p>A\u00f1o 2008<\/p>\n<p>R\u00fastico, en muy buenas condiciones.<\/p>\n<p>El ejemplar est\u00e1 dedicado por el autor.<\/p>\n<p>226 p\u00e1ginas<\/p>","protected":false},"excerpt":{"rendered":"<ul>\n<li>Editorial: Alfaguara<\/li>\n<li>Primera edici\u00f3n<\/li>\n<li>A\u00f1o 2008<\/li>\n<li>R\u00fastico, en muy buenas condiciones.<\/li>\n<li>El ejemplar est\u00e1 dedicado por el autor.<\/li>\n<li>226 p\u00e1ginas<\/li>\n<\/ul>","protected":false},"featured_media":3250,"comment_status":"open","ping_status":"closed","template":"","meta":{"_joinchat":[]},"product_brand":[],"product_cat":[2593,335,336,451],"product_tag":[726],"class_list":{"0":"post-2306","1":"product","2":"type-product","3":"status-publish","6":"product_cat-dedi","7":"product_cat-literatura","8":"product_cat-litmexicana","9":"product_cat-otros","10":"product_tag-monica-lavin","12":"first","13":"instock","14":"featured","15":"taxable","16":"shipping-taxable","17":"purchasable","18":"product-type-simple"},"yoast_head":"<!-- This site is optimized with the Yoast SEO plugin v26.1.1 - https:\/\/yoast.com\/wordpress\/plugins\/seo\/ -->\n<title>LAV\u00cdN M\u00d3NICA. HOTEL LIMBO -<\/title>\n<meta name=\"robots\" content=\"index, follow, max-snippet:-1, max-image-preview:large, max-video-preview:-1\" \/>\n<link rel=\"canonical\" href=\"https:\/\/antiqua.mx\/en\/product\/lavin-monica-hotel-limbo\/\" \/>\n<meta property=\"og:locale\" content=\"en_US\" \/>\n<meta property=\"og:type\" content=\"article\" \/>\n<meta property=\"og:title\" content=\"LAV\u00cdN M\u00d3NICA. HOTEL LIMBO -\" \/>\n<meta property=\"og:description\" content=\"Editorial: Alfaguara  Primera edici\u00f3n  A\u00f1o 2008  R\u00fastico, en muy buenas condiciones.  El ejemplar est\u00e1 dedicado por el autor.  226 p\u00e1ginas\" \/>\n<meta property=\"og:url\" content=\"https:\/\/antiqua.mx\/en\/product\/lavin-monica-hotel-limbo\/\" \/>\n<meta property=\"article:modified_time\" content=\"2024-08-19T23:43:01+00:00\" \/>\n<meta property=\"og:image\" content=\"https:\/\/antiqua.mx\/wp-content\/uploads\/2020\/08\/026DD98A-10B6-4822-81E8-D4585D7746B8_1_105_c.jpeg\" \/>\n\t<meta property=\"og:image:width\" content=\"768\" \/>\n\t<meta property=\"og:image:height\" content=\"1024\" \/>\n\t<meta property=\"og:image:type\" content=\"image\/jpeg\" \/>\n<meta name=\"twitter:card\" content=\"summary_large_image\" \/>\n<script type=\"application\/ld+json\" class=\"yoast-schema-graph\">{\"@context\":\"https:\/\/schema.org\",\"@graph\":[{\"@type\":\"WebPage\",\"@id\":\"https:\/\/antiqua.mx\/producto\/lavin-monica-hotel-limbo\",\"url\":\"https:\/\/antiqua.mx\/producto\/lavin-monica-hotel-limbo\",\"name\":\"LAV\u00cdN M\u00d3NICA. HOTEL LIMBO -\",\"isPartOf\":{\"@id\":\"https:\/\/antiqua.mx\/en\/#website\"},\"primaryImageOfPage\":{\"@id\":\"https:\/\/antiqua.mx\/producto\/lavin-monica-hotel-limbo#primaryimage\"},\"image\":{\"@id\":\"https:\/\/antiqua.mx\/producto\/lavin-monica-hotel-limbo#primaryimage\"},\"thumbnailUrl\":\"https:\/\/antiqua.mx\/wp-content\/uploads\/2020\/08\/026DD98A-10B6-4822-81E8-D4585D7746B8_1_105_c.jpeg\",\"datePublished\":\"2020-08-19T04:35:30+00:00\",\"dateModified\":\"2024-08-19T23:43:01+00:00\",\"breadcrumb\":{\"@id\":\"https:\/\/antiqua.mx\/producto\/lavin-monica-hotel-limbo#breadcrumb\"},\"inLanguage\":\"en-US\",\"potentialAction\":[{\"@type\":\"ReadAction\",\"target\":[\"https:\/\/antiqua.mx\/producto\/lavin-monica-hotel-limbo\"]}]},{\"@type\":\"ImageObject\",\"inLanguage\":\"en-US\",\"@id\":\"https:\/\/antiqua.mx\/producto\/lavin-monica-hotel-limbo#primaryimage\",\"url\":\"https:\/\/antiqua.mx\/wp-content\/uploads\/2020\/08\/026DD98A-10B6-4822-81E8-D4585D7746B8_1_105_c.jpeg\",\"contentUrl\":\"https:\/\/antiqua.mx\/wp-content\/uploads\/2020\/08\/026DD98A-10B6-4822-81E8-D4585D7746B8_1_105_c.jpeg\",\"width\":768,\"height\":1024},{\"@type\":\"BreadcrumbList\",\"@id\":\"https:\/\/antiqua.mx\/producto\/lavin-monica-hotel-limbo#breadcrumb\",\"itemListElement\":[{\"@type\":\"ListItem\",\"position\":1,\"name\":\"Portada\",\"item\":\"https:\/\/antiqua.mx\/en\/\"},{\"@type\":\"ListItem\",\"position\":2,\"name\":\"Tienda\",\"item\":\"https:\/\/antiqua.mx\/en\/tienda\"},{\"@type\":\"ListItem\",\"position\":3,\"name\":\"LAV\u00cdN M\u00d3NICA. HOTEL LIMBO\"}]},{\"@type\":\"WebSite\",\"@id\":\"https:\/\/antiqua.mx\/en\/#website\",\"url\":\"https:\/\/antiqua.mx\/en\/\",\"name\":\"\",\"description\":\"\",\"potentialAction\":[{\"@type\":\"SearchAction\",\"target\":{\"@type\":\"EntryPoint\",\"urlTemplate\":\"https:\/\/antiqua.mx\/en\/?s={search_term_string}\"},\"query-input\":{\"@type\":\"PropertyValueSpecification\",\"valueRequired\":true,\"valueName\":\"search_term_string\"}}],\"inLanguage\":\"en-US\"}]}<\/script>\n<!-- \/ Yoast SEO plugin. -->","yoast_head_json":{"title":"LAV\u00cdN M\u00d3NICA. HOTEL LIMBO -","robots":{"index":"index","follow":"follow","max-snippet":"max-snippet:-1","max-image-preview":"max-image-preview:large","max-video-preview":"max-video-preview:-1"},"canonical":"https:\/\/antiqua.mx\/en\/product\/lavin-monica-hotel-limbo\/","og_locale":"en_US","og_type":"article","og_title":"LAV\u00cdN M\u00d3NICA. HOTEL LIMBO -","og_description":"Editorial: Alfaguara  Primera edici\u00f3n  A\u00f1o 2008  R\u00fastico, en muy buenas condiciones.  El ejemplar est\u00e1 dedicado por el autor.  226 p\u00e1ginas","og_url":"https:\/\/antiqua.mx\/en\/product\/lavin-monica-hotel-limbo\/","article_modified_time":"2024-08-19T23:43:01+00:00","og_image":[{"width":768,"height":1024,"url":"https:\/\/antiqua.mx\/wp-content\/uploads\/2020\/08\/026DD98A-10B6-4822-81E8-D4585D7746B8_1_105_c.jpeg","type":"image\/jpeg"}],"twitter_card":"summary_large_image","schema":{"@context":"https:\/\/schema.org","@graph":[{"@type":"WebPage","@id":"https:\/\/antiqua.mx\/producto\/lavin-monica-hotel-limbo","url":"https:\/\/antiqua.mx\/producto\/lavin-monica-hotel-limbo","name":"LAV\u00cdN M\u00d3NICA. HOTEL LIMBO -","isPartOf":{"@id":"https:\/\/antiqua.mx\/en\/#website"},"primaryImageOfPage":{"@id":"https:\/\/antiqua.mx\/producto\/lavin-monica-hotel-limbo#primaryimage"},"image":{"@id":"https:\/\/antiqua.mx\/producto\/lavin-monica-hotel-limbo#primaryimage"},"thumbnailUrl":"https:\/\/antiqua.mx\/wp-content\/uploads\/2020\/08\/026DD98A-10B6-4822-81E8-D4585D7746B8_1_105_c.jpeg","datePublished":"2020-08-19T04:35:30+00:00","dateModified":"2024-08-19T23:43:01+00:00","breadcrumb":{"@id":"https:\/\/antiqua.mx\/producto\/lavin-monica-hotel-limbo#breadcrumb"},"inLanguage":"en-US","potentialAction":[{"@type":"ReadAction","target":["https:\/\/antiqua.mx\/producto\/lavin-monica-hotel-limbo"]}]},{"@type":"ImageObject","inLanguage":"en-US","@id":"https:\/\/antiqua.mx\/producto\/lavin-monica-hotel-limbo#primaryimage","url":"https:\/\/antiqua.mx\/wp-content\/uploads\/2020\/08\/026DD98A-10B6-4822-81E8-D4585D7746B8_1_105_c.jpeg","contentUrl":"https:\/\/antiqua.mx\/wp-content\/uploads\/2020\/08\/026DD98A-10B6-4822-81E8-D4585D7746B8_1_105_c.jpeg","width":768,"height":1024},{"@type":"BreadcrumbList","@id":"https:\/\/antiqua.mx\/producto\/lavin-monica-hotel-limbo#breadcrumb","itemListElement":[{"@type":"ListItem","position":1,"name":"Portada","item":"https:\/\/antiqua.mx\/en\/"},{"@type":"ListItem","position":2,"name":"Tienda","item":"https:\/\/antiqua.mx\/en\/tienda"},{"@type":"ListItem","position":3,"name":"LAV\u00cdN M\u00d3NICA. HOTEL LIMBO"}]},{"@type":"WebSite","@id":"https:\/\/antiqua.mx\/en\/#website","url":"https:\/\/antiqua.mx\/en\/","name":"","description":"","potentialAction":[{"@type":"SearchAction","target":{"@type":"EntryPoint","urlTemplate":"https:\/\/antiqua.mx\/en\/?s={search_term_string}"},"query-input":{"@type":"PropertyValueSpecification","valueRequired":true,"valueName":"search_term_string"}}],"inLanguage":"en-US"}]}},"jetpack_sharing_enabled":true,"_links":{"self":[{"href":"https:\/\/antiqua.mx\/en\/wp-json\/wp\/v2\/product\/2306","targetHints":{"allow":["GET"]}}],"collection":[{"href":"https:\/\/antiqua.mx\/en\/wp-json\/wp\/v2\/product"}],"about":[{"href":"https:\/\/antiqua.mx\/en\/wp-json\/wp\/v2\/types\/product"}],"replies":[{"embeddable":true,"href":"https:\/\/antiqua.mx\/en\/wp-json\/wp\/v2\/comments?post=2306"}],"wp:featuredmedia":[{"embeddable":true,"href":"https:\/\/antiqua.mx\/en\/wp-json\/wp\/v2\/media\/3250"}],"wp:attachment":[{"href":"https:\/\/antiqua.mx\/en\/wp-json\/wp\/v2\/media?parent=2306"}],"wp:term":[{"taxonomy":"product_brand","embeddable":true,"href":"https:\/\/antiqua.mx\/en\/wp-json\/wp\/v2\/product_brand?post=2306"},{"taxonomy":"product_cat","embeddable":true,"href":"https:\/\/antiqua.mx\/en\/wp-json\/wp\/v2\/product_cat?post=2306"},{"taxonomy":"product_tag","embeddable":true,"href":"https:\/\/antiqua.mx\/en\/wp-json\/wp\/v2\/product_tag?post=2306"}],"curies":[{"name":"wp","href":"https:\/\/api.w.org\/{rel}","templated":true}]}}