{"id":2344,"date":"2020-09-01T00:02:13","date_gmt":"2020-09-01T00:02:13","guid":{"rendered":"https:\/\/antiqua.mx\/?post_type=product&#038;p=2344"},"modified":"2024-08-20T20:47:04","modified_gmt":"2024-08-20T20:47:04","slug":"loaeza-guadalupe-las-ninas-bien","status":"publish","type":"product","link":"https:\/\/antiqua.mx\/en\/product\/loaeza-guadalupe-las-ninas-bien","title":{"rendered":"LOAEZA GUADALUPE. LAS NI\u00d1AS BIEN"},"content":{"rendered":"<p><strong>Loaeza Guadalupe<\/strong><\/p>\n<p>Editorial: Cal y Arena<\/p>\n<p>A\u00f1o 1992<\/p>\n<p>Quinta edici\u00f3n<\/p>\n<p>R\u00fastico, en muy buenas condiciones.<\/p>\n<p>140 p\u00e1ginas<\/p>","protected":false},"excerpt":{"rendered":"<ul>\n<li>Editorial: Cal y Arena<\/li>\n<li>A\u00f1o 1992<\/li>\n<li>Quinta edici\u00f3n<\/li>\n<li>R\u00fastico, en muy buenas condiciones.<\/li>\n<li>140 p\u00e1ginas<\/li>\n<\/ul>","protected":false},"featured_media":2345,"comment_status":"open","ping_status":"closed","template":"","meta":{"_joinchat":[]},"product_brand":[],"product_cat":[335,336],"product_tag":[729],"class_list":{"0":"post-2344","1":"product","2":"type-product","3":"status-publish","6":"product_cat-literatura","7":"product_cat-litmexicana","8":"product_tag-guadalupe-loaeza","10":"first","11":"instock","12":"featured","13":"taxable","14":"shipping-taxable","15":"purchasable","16":"product-type-simple"},"yoast_head":"<!-- This site is optimized with the Yoast SEO plugin v26.1.1 - https:\/\/yoast.com\/wordpress\/plugins\/seo\/ -->\n<title>LOAEZA GUADALUPE. LAS NI\u00d1AS BIEN -<\/title>\n<meta name=\"robots\" content=\"index, follow, max-snippet:-1, max-image-preview:large, max-video-preview:-1\" \/>\n<link rel=\"canonical\" href=\"https:\/\/antiqua.mx\/en\/product\/loaeza-guadalupe-las-ninas-bien\" \/>\n<meta property=\"og:locale\" content=\"en_US\" \/>\n<meta property=\"og:type\" content=\"article\" \/>\n<meta property=\"og:title\" content=\"LOAEZA GUADALUPE. LAS NI\u00d1AS BIEN -\" \/>\n<meta property=\"og:description\" content=\"Editorial: Cal y Arena  A\u00f1o 1992  Quinta edici\u00f3n  R\u00fastico, en muy buenas condiciones.  140 p\u00e1ginas\" \/>\n<meta property=\"og:url\" content=\"https:\/\/antiqua.mx\/en\/product\/loaeza-guadalupe-las-ninas-bien\" \/>\n<meta property=\"article:modified_time\" content=\"2024-08-20T20:47:04+00:00\" \/>\n<meta property=\"og:image\" content=\"https:\/\/antiqua.mx\/wp-content\/uploads\/2020\/08\/LOAEZA-GUADALUPE.-LAS-NI\u00d1AS-BIEN-scaled.jpg\" \/>\n\t<meta property=\"og:image:width\" content=\"1534\" \/>\n\t<meta property=\"og:image:height\" content=\"2560\" \/>\n\t<meta property=\"og:image:type\" content=\"image\/jpeg\" \/>\n<meta name=\"twitter:card\" content=\"summary_large_image\" \/>\n<script type=\"application\/ld+json\" class=\"yoast-schema-graph\">{\"@context\":\"https:\/\/schema.org\",\"@graph\":[{\"@type\":\"WebPage\",\"@id\":\"https:\/\/antiqua.mx\/en\/product\/loaeza-guadalupe-las-ninas-bien\",\"url\":\"https:\/\/antiqua.mx\/en\/product\/loaeza-guadalupe-las-ninas-bien\",\"name\":\"LOAEZA GUADALUPE. LAS NI\u00d1AS BIEN -\",\"isPartOf\":{\"@id\":\"https:\/\/antiqua.mx\/en\/#website\"},\"primaryImageOfPage\":{\"@id\":\"https:\/\/antiqua.mx\/en\/product\/loaeza-guadalupe-las-ninas-bien#primaryimage\"},\"image\":{\"@id\":\"https:\/\/antiqua.mx\/en\/product\/loaeza-guadalupe-las-ninas-bien#primaryimage\"},\"thumbnailUrl\":\"https:\/\/antiqua.mx\/wp-content\/uploads\/2020\/08\/LOAEZA-GUADALUPE.-LAS-NI\u00d1AS-BIEN-scaled.jpg\",\"datePublished\":\"2020-09-01T00:02:13+00:00\",\"dateModified\":\"2024-08-20T20:47:04+00:00\",\"breadcrumb\":{\"@id\":\"https:\/\/antiqua.mx\/en\/product\/loaeza-guadalupe-las-ninas-bien#breadcrumb\"},\"inLanguage\":\"en-US\",\"potentialAction\":[{\"@type\":\"ReadAction\",\"target\":[\"https:\/\/antiqua.mx\/en\/product\/loaeza-guadalupe-las-ninas-bien\"]}]},{\"@type\":\"ImageObject\",\"inLanguage\":\"en-US\",\"@id\":\"https:\/\/antiqua.mx\/en\/product\/loaeza-guadalupe-las-ninas-bien#primaryimage\",\"url\":\"https:\/\/antiqua.mx\/wp-content\/uploads\/2020\/08\/LOAEZA-GUADALUPE.-LAS-NI\u00d1AS-BIEN-scaled.jpg\",\"contentUrl\":\"https:\/\/antiqua.mx\/wp-content\/uploads\/2020\/08\/LOAEZA-GUADALUPE.-LAS-NI\u00d1AS-BIEN-scaled.jpg\",\"width\":1534,\"height\":2560},{\"@type\":\"BreadcrumbList\",\"@id\":\"https:\/\/antiqua.mx\/en\/product\/loaeza-guadalupe-las-ninas-bien#breadcrumb\",\"itemListElement\":[{\"@type\":\"ListItem\",\"position\":1,\"name\":\"Portada\",\"item\":\"https:\/\/antiqua.mx\/en\/\"},{\"@type\":\"ListItem\",\"position\":2,\"name\":\"Tienda\",\"item\":\"https:\/\/antiqua.mx\/en\/tienda\"},{\"@type\":\"ListItem\",\"position\":3,\"name\":\"LOAEZA GUADALUPE. LAS NI\u00d1AS BIEN\"}]},{\"@type\":\"WebSite\",\"@id\":\"https:\/\/antiqua.mx\/en\/#website\",\"url\":\"https:\/\/antiqua.mx\/en\/\",\"name\":\"\",\"description\":\"\",\"potentialAction\":[{\"@type\":\"SearchAction\",\"target\":{\"@type\":\"EntryPoint\",\"urlTemplate\":\"https:\/\/antiqua.mx\/en\/?s={search_term_string}\"},\"query-input\":{\"@type\":\"PropertyValueSpecification\",\"valueRequired\":true,\"valueName\":\"search_term_string\"}}],\"inLanguage\":\"en-US\"}]}<\/script>\n<!-- \/ Yoast SEO plugin. -->","yoast_head_json":{"title":"LOAEZA GUADALUPE. LAS NI\u00d1AS BIEN -","robots":{"index":"index","follow":"follow","max-snippet":"max-snippet:-1","max-image-preview":"max-image-preview:large","max-video-preview":"max-video-preview:-1"},"canonical":"https:\/\/antiqua.mx\/en\/product\/loaeza-guadalupe-las-ninas-bien","og_locale":"en_US","og_type":"article","og_title":"LOAEZA GUADALUPE. LAS NI\u00d1AS BIEN -","og_description":"Editorial: Cal y Arena  A\u00f1o 1992  Quinta edici\u00f3n  R\u00fastico, en muy buenas condiciones.  140 p\u00e1ginas","og_url":"https:\/\/antiqua.mx\/en\/product\/loaeza-guadalupe-las-ninas-bien","article_modified_time":"2024-08-20T20:47:04+00:00","og_image":[{"width":1534,"height":2560,"url":"https:\/\/antiqua.mx\/wp-content\/uploads\/2020\/08\/LOAEZA-GUADALUPE.-LAS-NI\u00d1AS-BIEN-scaled.jpg","type":"image\/jpeg"}],"twitter_card":"summary_large_image","schema":{"@context":"https:\/\/schema.org","@graph":[{"@type":"WebPage","@id":"https:\/\/antiqua.mx\/en\/product\/loaeza-guadalupe-las-ninas-bien","url":"https:\/\/antiqua.mx\/en\/product\/loaeza-guadalupe-las-ninas-bien","name":"LOAEZA GUADALUPE. LAS NI\u00d1AS BIEN -","isPartOf":{"@id":"https:\/\/antiqua.mx\/en\/#website"},"primaryImageOfPage":{"@id":"https:\/\/antiqua.mx\/en\/product\/loaeza-guadalupe-las-ninas-bien#primaryimage"},"image":{"@id":"https:\/\/antiqua.mx\/en\/product\/loaeza-guadalupe-las-ninas-bien#primaryimage"},"thumbnailUrl":"https:\/\/antiqua.mx\/wp-content\/uploads\/2020\/08\/LOAEZA-GUADALUPE.-LAS-NI\u00d1AS-BIEN-scaled.jpg","datePublished":"2020-09-01T00:02:13+00:00","dateModified":"2024-08-20T20:47:04+00:00","breadcrumb":{"@id":"https:\/\/antiqua.mx\/en\/product\/loaeza-guadalupe-las-ninas-bien#breadcrumb"},"inLanguage":"en-US","potentialAction":[{"@type":"ReadAction","target":["https:\/\/antiqua.mx\/en\/product\/loaeza-guadalupe-las-ninas-bien"]}]},{"@type":"ImageObject","inLanguage":"en-US","@id":"https:\/\/antiqua.mx\/en\/product\/loaeza-guadalupe-las-ninas-bien#primaryimage","url":"https:\/\/antiqua.mx\/wp-content\/uploads\/2020\/08\/LOAEZA-GUADALUPE.-LAS-NI\u00d1AS-BIEN-scaled.jpg","contentUrl":"https:\/\/antiqua.mx\/wp-content\/uploads\/2020\/08\/LOAEZA-GUADALUPE.-LAS-NI\u00d1AS-BIEN-scaled.jpg","width":1534,"height":2560},{"@type":"BreadcrumbList","@id":"https:\/\/antiqua.mx\/en\/product\/loaeza-guadalupe-las-ninas-bien#breadcrumb","itemListElement":[{"@type":"ListItem","position":1,"name":"Portada","item":"https:\/\/antiqua.mx\/en\/"},{"@type":"ListItem","position":2,"name":"Tienda","item":"https:\/\/antiqua.mx\/en\/tienda"},{"@type":"ListItem","position":3,"name":"LOAEZA GUADALUPE. LAS NI\u00d1AS BIEN"}]},{"@type":"WebSite","@id":"https:\/\/antiqua.mx\/en\/#website","url":"https:\/\/antiqua.mx\/en\/","name":"","description":"","potentialAction":[{"@type":"SearchAction","target":{"@type":"EntryPoint","urlTemplate":"https:\/\/antiqua.mx\/en\/?s={search_term_string}"},"query-input":{"@type":"PropertyValueSpecification","valueRequired":true,"valueName":"search_term_string"}}],"inLanguage":"en-US"}]}},"jetpack_sharing_enabled":true,"_links":{"self":[{"href":"https:\/\/antiqua.mx\/en\/wp-json\/wp\/v2\/product\/2344","targetHints":{"allow":["GET"]}}],"collection":[{"href":"https:\/\/antiqua.mx\/en\/wp-json\/wp\/v2\/product"}],"about":[{"href":"https:\/\/antiqua.mx\/en\/wp-json\/wp\/v2\/types\/product"}],"replies":[{"embeddable":true,"href":"https:\/\/antiqua.mx\/en\/wp-json\/wp\/v2\/comments?post=2344"}],"wp:featuredmedia":[{"embeddable":true,"href":"https:\/\/antiqua.mx\/en\/wp-json\/wp\/v2\/media\/2345"}],"wp:attachment":[{"href":"https:\/\/antiqua.mx\/en\/wp-json\/wp\/v2\/media?parent=2344"}],"wp:term":[{"taxonomy":"product_brand","embeddable":true,"href":"https:\/\/antiqua.mx\/en\/wp-json\/wp\/v2\/product_brand?post=2344"},{"taxonomy":"product_cat","embeddable":true,"href":"https:\/\/antiqua.mx\/en\/wp-json\/wp\/v2\/product_cat?post=2344"},{"taxonomy":"product_tag","embeddable":true,"href":"https:\/\/antiqua.mx\/en\/wp-json\/wp\/v2\/product_tag?post=2344"}],"curies":[{"name":"wp","href":"https:\/\/api.w.org\/{rel}","templated":true}]}}