{"id":23522,"date":"2024-04-04T01:27:21","date_gmt":"2024-04-04T01:27:21","guid":{"rendered":"https:\/\/antiqua.mx\/?post_type=product&#038;p=23522"},"modified":"2025-08-16T20:12:09","modified_gmt":"2025-08-16T20:12:09","slug":"santa-anna-justo-a-cantos-de-rebeldia","status":"publish","type":"product","link":"https:\/\/antiqua.mx\/en\/product\/santa-anna-justo-a-cantos-de-rebeldia","title":{"rendered":"SANTA ANNA JUSTO A. CANTOS DE REBELD\u00cdA"},"content":{"rendered":"<p><strong>Santa Anna Justo A.<\/strong><\/p>\n<p>A\u00f1o 1930<\/p>\n<p>R\u00fastico, en buenas condiciones. El empastado est\u00e1 manchado.<\/p>\n<p>Vi\u00f1eta y apunte de Salvador Pruneda.<\/p>\n<p>El ejemplar est\u00e1 dedicado por el autor.<\/p>\n<p>Impreso en M\u00e9xico.<\/p>\n<p>93 p\u00e1ginas<\/p>","protected":false},"excerpt":{"rendered":"<ul>\n<li>A\u00f1o 1930<\/li>\n<li>R\u00fastico, en buenas condiciones. El empastado est\u00e1 manchado.<\/li>\n<li>Vi\u00f1eta y apunte de Salvador Pruneda.<\/li>\n<li>El ejemplar est\u00e1 dedicado por el autor.<\/li>\n<li>Impreso en M\u00e9xico.<\/li>\n<li>93 p\u00e1ginas<\/li>\n<\/ul>","protected":false},"featured_media":24428,"comment_status":"open","ping_status":"closed","template":"","meta":{"_joinchat":[]},"product_brand":[],"product_cat":[349,388,2593,335,375,943,451,340],"product_tag":[5761,5215,1184],"class_list":{"0":"post-23522","1":"product","2":"type-product","3":"status-publish","6":"product_cat-arte","7":"product_cat-geomex","8":"product_cat-dedi","9":"product_cat-literatura","10":"product_cat-mex","11":"product_cat-obra-plastica-mex","12":"product_cat-otros","13":"product_cat-poesia","14":"product_tag-justo-a-santa-anna","15":"product_tag-salvador-pruneda","16":"product_tag-tabasco","18":"first","19":"instock","20":"featured","21":"taxable","22":"shipping-taxable","23":"purchasable","24":"product-type-simple"},"yoast_head":"<!-- This site is optimized with the Yoast SEO plugin v26.1.1 - https:\/\/yoast.com\/wordpress\/plugins\/seo\/ -->\n<title>SANTA ANNA JUSTO A. CANTOS DE REBELD\u00cdA -<\/title>\n<meta name=\"robots\" content=\"index, follow, max-snippet:-1, max-image-preview:large, max-video-preview:-1\" \/>\n<link rel=\"canonical\" href=\"https:\/\/antiqua.mx\/en\/product\/santa-anna-justo-a-cantos-de-rebeldia\" \/>\n<meta property=\"og:locale\" content=\"en_US\" \/>\n<meta property=\"og:type\" content=\"article\" \/>\n<meta property=\"og:title\" content=\"SANTA ANNA JUSTO A. CANTOS DE REBELD\u00cdA -\" \/>\n<meta property=\"og:description\" content=\"A\u00f1o 1930  R\u00fastico, en buenas condiciones. El empastado est\u00e1 manchado.  Vi\u00f1eta y apunte de Salvador Pruneda.  El ejemplar est\u00e1 dedicado por el autor.  Impreso en M\u00e9xico.  93 p\u00e1ginas\" \/>\n<meta property=\"og:url\" content=\"https:\/\/antiqua.mx\/en\/product\/santa-anna-justo-a-cantos-de-rebeldia\" \/>\n<meta property=\"article:modified_time\" content=\"2025-08-16T20:12:09+00:00\" \/>\n<meta property=\"og:image\" content=\"https:\/\/antiqua.mx\/wp-content\/uploads\/2024\/04\/IMG_2845-scaled.jpeg\" \/>\n\t<meta property=\"og:image:width\" content=\"2056\" \/>\n\t<meta property=\"og:image:height\" content=\"2560\" \/>\n\t<meta property=\"og:image:type\" content=\"image\/jpeg\" \/>\n<meta name=\"twitter:card\" content=\"summary_large_image\" \/>\n<script type=\"application\/ld+json\" class=\"yoast-schema-graph\">{\"@context\":\"https:\/\/schema.org\",\"@graph\":[{\"@type\":\"WebPage\",\"@id\":\"https:\/\/antiqua.mx\/en\/product\/santa-anna-justo-a-cantos-de-rebeldia\",\"url\":\"https:\/\/antiqua.mx\/en\/product\/santa-anna-justo-a-cantos-de-rebeldia\",\"name\":\"SANTA ANNA JUSTO A. CANTOS DE REBELD\u00cdA -\",\"isPartOf\":{\"@id\":\"https:\/\/antiqua.mx\/en\/#website\"},\"primaryImageOfPage\":{\"@id\":\"https:\/\/antiqua.mx\/en\/product\/santa-anna-justo-a-cantos-de-rebeldia#primaryimage\"},\"image\":{\"@id\":\"https:\/\/antiqua.mx\/en\/product\/santa-anna-justo-a-cantos-de-rebeldia#primaryimage\"},\"thumbnailUrl\":\"https:\/\/antiqua.mx\/wp-content\/uploads\/2024\/04\/IMG_2845-scaled.jpeg\",\"datePublished\":\"2024-04-04T01:27:21+00:00\",\"dateModified\":\"2025-08-16T20:12:09+00:00\",\"breadcrumb\":{\"@id\":\"https:\/\/antiqua.mx\/en\/product\/santa-anna-justo-a-cantos-de-rebeldia#breadcrumb\"},\"inLanguage\":\"en-US\",\"potentialAction\":[{\"@type\":\"ReadAction\",\"target\":[\"https:\/\/antiqua.mx\/en\/product\/santa-anna-justo-a-cantos-de-rebeldia\"]}]},{\"@type\":\"ImageObject\",\"inLanguage\":\"en-US\",\"@id\":\"https:\/\/antiqua.mx\/en\/product\/santa-anna-justo-a-cantos-de-rebeldia#primaryimage\",\"url\":\"https:\/\/antiqua.mx\/wp-content\/uploads\/2024\/04\/IMG_2845-scaled.jpeg\",\"contentUrl\":\"https:\/\/antiqua.mx\/wp-content\/uploads\/2024\/04\/IMG_2845-scaled.jpeg\",\"width\":2056,\"height\":2560},{\"@type\":\"BreadcrumbList\",\"@id\":\"https:\/\/antiqua.mx\/en\/product\/santa-anna-justo-a-cantos-de-rebeldia#breadcrumb\",\"itemListElement\":[{\"@type\":\"ListItem\",\"position\":1,\"name\":\"Portada\",\"item\":\"https:\/\/antiqua.mx\/en\/\"},{\"@type\":\"ListItem\",\"position\":2,\"name\":\"Tienda\",\"item\":\"https:\/\/antiqua.mx\/en\/tienda\"},{\"@type\":\"ListItem\",\"position\":3,\"name\":\"SANTA ANNA JUSTO A. CANTOS DE REBELD\u00cdA\"}]},{\"@type\":\"WebSite\",\"@id\":\"https:\/\/antiqua.mx\/en\/#website\",\"url\":\"https:\/\/antiqua.mx\/en\/\",\"name\":\"\",\"description\":\"\",\"potentialAction\":[{\"@type\":\"SearchAction\",\"target\":{\"@type\":\"EntryPoint\",\"urlTemplate\":\"https:\/\/antiqua.mx\/en\/?s={search_term_string}\"},\"query-input\":{\"@type\":\"PropertyValueSpecification\",\"valueRequired\":true,\"valueName\":\"search_term_string\"}}],\"inLanguage\":\"en-US\"}]}<\/script>\n<!-- \/ Yoast SEO plugin. -->","yoast_head_json":{"title":"SANTA ANNA JUSTO A. CANTOS DE REBELD\u00cdA -","robots":{"index":"index","follow":"follow","max-snippet":"max-snippet:-1","max-image-preview":"max-image-preview:large","max-video-preview":"max-video-preview:-1"},"canonical":"https:\/\/antiqua.mx\/en\/product\/santa-anna-justo-a-cantos-de-rebeldia","og_locale":"en_US","og_type":"article","og_title":"SANTA ANNA JUSTO A. CANTOS DE REBELD\u00cdA -","og_description":"A\u00f1o 1930  R\u00fastico, en buenas condiciones. El empastado est\u00e1 manchado.  Vi\u00f1eta y apunte de Salvador Pruneda.  El ejemplar est\u00e1 dedicado por el autor.  Impreso en M\u00e9xico.  93 p\u00e1ginas","og_url":"https:\/\/antiqua.mx\/en\/product\/santa-anna-justo-a-cantos-de-rebeldia","article_modified_time":"2025-08-16T20:12:09+00:00","og_image":[{"width":2056,"height":2560,"url":"https:\/\/antiqua.mx\/wp-content\/uploads\/2024\/04\/IMG_2845-scaled.jpeg","type":"image\/jpeg"}],"twitter_card":"summary_large_image","schema":{"@context":"https:\/\/schema.org","@graph":[{"@type":"WebPage","@id":"https:\/\/antiqua.mx\/en\/product\/santa-anna-justo-a-cantos-de-rebeldia","url":"https:\/\/antiqua.mx\/en\/product\/santa-anna-justo-a-cantos-de-rebeldia","name":"SANTA ANNA JUSTO A. CANTOS DE REBELD\u00cdA -","isPartOf":{"@id":"https:\/\/antiqua.mx\/en\/#website"},"primaryImageOfPage":{"@id":"https:\/\/antiqua.mx\/en\/product\/santa-anna-justo-a-cantos-de-rebeldia#primaryimage"},"image":{"@id":"https:\/\/antiqua.mx\/en\/product\/santa-anna-justo-a-cantos-de-rebeldia#primaryimage"},"thumbnailUrl":"https:\/\/antiqua.mx\/wp-content\/uploads\/2024\/04\/IMG_2845-scaled.jpeg","datePublished":"2024-04-04T01:27:21+00:00","dateModified":"2025-08-16T20:12:09+00:00","breadcrumb":{"@id":"https:\/\/antiqua.mx\/en\/product\/santa-anna-justo-a-cantos-de-rebeldia#breadcrumb"},"inLanguage":"en-US","potentialAction":[{"@type":"ReadAction","target":["https:\/\/antiqua.mx\/en\/product\/santa-anna-justo-a-cantos-de-rebeldia"]}]},{"@type":"ImageObject","inLanguage":"en-US","@id":"https:\/\/antiqua.mx\/en\/product\/santa-anna-justo-a-cantos-de-rebeldia#primaryimage","url":"https:\/\/antiqua.mx\/wp-content\/uploads\/2024\/04\/IMG_2845-scaled.jpeg","contentUrl":"https:\/\/antiqua.mx\/wp-content\/uploads\/2024\/04\/IMG_2845-scaled.jpeg","width":2056,"height":2560},{"@type":"BreadcrumbList","@id":"https:\/\/antiqua.mx\/en\/product\/santa-anna-justo-a-cantos-de-rebeldia#breadcrumb","itemListElement":[{"@type":"ListItem","position":1,"name":"Portada","item":"https:\/\/antiqua.mx\/en\/"},{"@type":"ListItem","position":2,"name":"Tienda","item":"https:\/\/antiqua.mx\/en\/tienda"},{"@type":"ListItem","position":3,"name":"SANTA ANNA JUSTO A. CANTOS DE REBELD\u00cdA"}]},{"@type":"WebSite","@id":"https:\/\/antiqua.mx\/en\/#website","url":"https:\/\/antiqua.mx\/en\/","name":"","description":"","potentialAction":[{"@type":"SearchAction","target":{"@type":"EntryPoint","urlTemplate":"https:\/\/antiqua.mx\/en\/?s={search_term_string}"},"query-input":{"@type":"PropertyValueSpecification","valueRequired":true,"valueName":"search_term_string"}}],"inLanguage":"en-US"}]}},"jetpack_sharing_enabled":true,"_links":{"self":[{"href":"https:\/\/antiqua.mx\/en\/wp-json\/wp\/v2\/product\/23522","targetHints":{"allow":["GET"]}}],"collection":[{"href":"https:\/\/antiqua.mx\/en\/wp-json\/wp\/v2\/product"}],"about":[{"href":"https:\/\/antiqua.mx\/en\/wp-json\/wp\/v2\/types\/product"}],"replies":[{"embeddable":true,"href":"https:\/\/antiqua.mx\/en\/wp-json\/wp\/v2\/comments?post=23522"}],"wp:featuredmedia":[{"embeddable":true,"href":"https:\/\/antiqua.mx\/en\/wp-json\/wp\/v2\/media\/24428"}],"wp:attachment":[{"href":"https:\/\/antiqua.mx\/en\/wp-json\/wp\/v2\/media?parent=23522"}],"wp:term":[{"taxonomy":"product_brand","embeddable":true,"href":"https:\/\/antiqua.mx\/en\/wp-json\/wp\/v2\/product_brand?post=23522"},{"taxonomy":"product_cat","embeddable":true,"href":"https:\/\/antiqua.mx\/en\/wp-json\/wp\/v2\/product_cat?post=23522"},{"taxonomy":"product_tag","embeddable":true,"href":"https:\/\/antiqua.mx\/en\/wp-json\/wp\/v2\/product_tag?post=23522"}],"curies":[{"name":"wp","href":"https:\/\/api.w.org\/{rel}","templated":true}]}}