{"id":23526,"date":"2024-04-06T00:31:15","date_gmt":"2024-04-06T00:31:15","guid":{"rendered":"https:\/\/antiqua.mx\/?post_type=product&#038;p=23526"},"modified":"2025-07-08T16:12:25","modified_gmt":"2025-07-08T16:12:25","slug":"nansen-diaz-erendira-elementos-de-fonologia-y-morfologia-del-tarasco-de-san-jeronimo-purenchecuaro-michoacan","status":"publish","type":"product","link":"https:\/\/antiqua.mx\/en\/product\/nansen-diaz-erendira-elementos-de-fonologia-y-morfologia-del-tarasco-de-san-jeronimo-purenchecuaro-michoacan","title":{"rendered":"NANSEN D\u00cdAZ ER\u00c9NDIRA. ELEMENTOS DE FONOLOG\u00cdA Y MORFOLOG\u00cdA DEL TARASCO DE SAN JER\u00d3NIMO PURENCH\u00c9CUARO MICHOAC\u00c1N"},"content":{"rendered":"<p><strong>Nansen D\u00edaz Er\u00e9ndira<\/strong><\/p>\n<p>Editorial: INSTITUTO NACIONAL DE ANTROPOLOG\u00cdA E HISTORIA<\/p>\n<p>Primera edici\u00f3n<\/p>\n<p>A\u00f1o 1985<\/p>\n<p>R\u00fastico, en buenas condiciones. El empastado est\u00e1 maltratado y algunas p\u00e1ginas est\u00e1n subrayadas con tinta azul.<\/p>\n<p><strong>Departamento de Ling\u00fc\u00edstica. Colecci\u00f3n Cient\u00edfica.<\/strong><\/p>\n<p>Impreso en M\u00e9xico.<\/p>\n<p>109 p\u00e1ginas<\/p>","protected":false},"excerpt":{"rendered":"<ul>\n<li>Editorial: INSTITUTO NACIONAL DE ANTROPOLOG\u00cdA E HISTORIA<\/li>\n<li>Primera edici\u00f3n<\/li>\n<li>A\u00f1o 1985<\/li>\n<li>R\u00fastico, en buenas condiciones. El empastado est\u00e1 maltratado y algunas p\u00e1ginas est\u00e1n subrayadas con tinta azul.<\/li>\n<li><strong>Departamento de Ling\u00fc\u00edstica. Colecci\u00f3n Cient\u00edfica.<\/strong><\/li>\n<li>Impreso en M\u00e9xico.<\/li>\n<li>109 p\u00e1ginas<\/li>\n<\/ul>","protected":false},"featured_media":25060,"comment_status":"open","ping_status":"closed","template":"","meta":{"_joinchat":[]},"product_brand":[],"product_cat":[454,388,397,375,451],"product_tag":[5765,991,5764,1150],"class_list":{"0":"post-23526","1":"product","2":"type-product","3":"status-publish","6":"product_cat-diccionarios","7":"product_cat-geomex","8":"product_cat-lengindi","9":"product_cat-mex","10":"product_cat-otros","11":"product_tag-erendira-nansen-diaz","12":"product_tag-michoacan","13":"product_tag-san-jeronimo-purenchecuaro","14":"product_tag-tarascos","16":"first","17":"instock","18":"featured","19":"taxable","20":"shipping-taxable","21":"purchasable","22":"product-type-simple"},"yoast_head":"<!-- This site is optimized with the Yoast SEO plugin v26.1.1 - https:\/\/yoast.com\/wordpress\/plugins\/seo\/ -->\n<title>NANSEN D\u00cdAZ ER\u00c9NDIRA. ELEMENTOS DE FONOLOG\u00cdA Y MORFOLOG\u00cdA DEL TARASCO DE SAN JER\u00d3NIMO PURENCH\u00c9CUARO MICHOAC\u00c1N -<\/title>\n<meta name=\"robots\" content=\"index, follow, max-snippet:-1, max-image-preview:large, max-video-preview:-1\" \/>\n<link rel=\"canonical\" href=\"https:\/\/antiqua.mx\/en\/product\/nansen-diaz-erendira-elementos-de-fonologia-y-morfologia-del-tarasco-de-san-jeronimo-purenchecuaro-michoacan\" \/>\n<meta property=\"og:locale\" content=\"en_US\" \/>\n<meta property=\"og:type\" content=\"article\" \/>\n<meta property=\"og:title\" content=\"NANSEN D\u00cdAZ ER\u00c9NDIRA. ELEMENTOS DE FONOLOG\u00cdA Y MORFOLOG\u00cdA DEL TARASCO DE SAN JER\u00d3NIMO PURENCH\u00c9CUARO MICHOAC\u00c1N -\" \/>\n<meta property=\"og:description\" content=\"Editorial: INSTITUTO NACIONAL DE ANTROPOLOG\u00cdA E HISTORIA  Primera edici\u00f3n  A\u00f1o 1985  R\u00fastico, en buenas condiciones. El empastado est\u00e1 maltratado y algunas p\u00e1ginas est\u00e1n subrayadas con tinta azul.  Departamento de Ling\u00fc\u00edstica. Colecci\u00f3n Cient\u00edfica.  Impreso en M\u00e9xico.  109 p\u00e1ginas\" \/>\n<meta property=\"og:url\" content=\"https:\/\/antiqua.mx\/en\/product\/nansen-diaz-erendira-elementos-de-fonologia-y-morfologia-del-tarasco-de-san-jeronimo-purenchecuaro-michoacan\" \/>\n<meta property=\"article:modified_time\" content=\"2025-07-08T16:12:25+00:00\" \/>\n<meta property=\"og:image\" content=\"https:\/\/antiqua.mx\/wp-content\/uploads\/2024\/04\/IMG_3172-scaled.jpeg\" \/>\n\t<meta property=\"og:image:width\" content=\"2065\" \/>\n\t<meta property=\"og:image:height\" content=\"2560\" \/>\n\t<meta property=\"og:image:type\" content=\"image\/jpeg\" \/>\n<meta name=\"twitter:card\" content=\"summary_large_image\" \/>\n<script type=\"application\/ld+json\" class=\"yoast-schema-graph\">{\"@context\":\"https:\/\/schema.org\",\"@graph\":[{\"@type\":\"WebPage\",\"@id\":\"https:\/\/antiqua.mx\/en\/product\/nansen-diaz-erendira-elementos-de-fonologia-y-morfologia-del-tarasco-de-san-jeronimo-purenchecuaro-michoacan\",\"url\":\"https:\/\/antiqua.mx\/en\/product\/nansen-diaz-erendira-elementos-de-fonologia-y-morfologia-del-tarasco-de-san-jeronimo-purenchecuaro-michoacan\",\"name\":\"NANSEN D\u00cdAZ ER\u00c9NDIRA. ELEMENTOS DE FONOLOG\u00cdA Y MORFOLOG\u00cdA DEL TARASCO DE SAN JER\u00d3NIMO PURENCH\u00c9CUARO MICHOAC\u00c1N -\",\"isPartOf\":{\"@id\":\"https:\/\/antiqua.mx\/en\/#website\"},\"primaryImageOfPage\":{\"@id\":\"https:\/\/antiqua.mx\/en\/product\/nansen-diaz-erendira-elementos-de-fonologia-y-morfologia-del-tarasco-de-san-jeronimo-purenchecuaro-michoacan#primaryimage\"},\"image\":{\"@id\":\"https:\/\/antiqua.mx\/en\/product\/nansen-diaz-erendira-elementos-de-fonologia-y-morfologia-del-tarasco-de-san-jeronimo-purenchecuaro-michoacan#primaryimage\"},\"thumbnailUrl\":\"https:\/\/antiqua.mx\/wp-content\/uploads\/2024\/04\/IMG_3172-scaled.jpeg\",\"datePublished\":\"2024-04-06T00:31:15+00:00\",\"dateModified\":\"2025-07-08T16:12:25+00:00\",\"breadcrumb\":{\"@id\":\"https:\/\/antiqua.mx\/en\/product\/nansen-diaz-erendira-elementos-de-fonologia-y-morfologia-del-tarasco-de-san-jeronimo-purenchecuaro-michoacan#breadcrumb\"},\"inLanguage\":\"en-US\",\"potentialAction\":[{\"@type\":\"ReadAction\",\"target\":[\"https:\/\/antiqua.mx\/en\/product\/nansen-diaz-erendira-elementos-de-fonologia-y-morfologia-del-tarasco-de-san-jeronimo-purenchecuaro-michoacan\"]}]},{\"@type\":\"ImageObject\",\"inLanguage\":\"en-US\",\"@id\":\"https:\/\/antiqua.mx\/en\/product\/nansen-diaz-erendira-elementos-de-fonologia-y-morfologia-del-tarasco-de-san-jeronimo-purenchecuaro-michoacan#primaryimage\",\"url\":\"https:\/\/antiqua.mx\/wp-content\/uploads\/2024\/04\/IMG_3172-scaled.jpeg\",\"contentUrl\":\"https:\/\/antiqua.mx\/wp-content\/uploads\/2024\/04\/IMG_3172-scaled.jpeg\",\"width\":2065,\"height\":2560},{\"@type\":\"BreadcrumbList\",\"@id\":\"https:\/\/antiqua.mx\/en\/product\/nansen-diaz-erendira-elementos-de-fonologia-y-morfologia-del-tarasco-de-san-jeronimo-purenchecuaro-michoacan#breadcrumb\",\"itemListElement\":[{\"@type\":\"ListItem\",\"position\":1,\"name\":\"Portada\",\"item\":\"https:\/\/antiqua.mx\/en\/\"},{\"@type\":\"ListItem\",\"position\":2,\"name\":\"Tienda\",\"item\":\"https:\/\/antiqua.mx\/en\/tienda\"},{\"@type\":\"ListItem\",\"position\":3,\"name\":\"NANSEN D\u00cdAZ ER\u00c9NDIRA. ELEMENTOS DE FONOLOG\u00cdA Y MORFOLOG\u00cdA DEL TARASCO DE SAN JER\u00d3NIMO PURENCH\u00c9CUARO MICHOAC\u00c1N\"}]},{\"@type\":\"WebSite\",\"@id\":\"https:\/\/antiqua.mx\/en\/#website\",\"url\":\"https:\/\/antiqua.mx\/en\/\",\"name\":\"\",\"description\":\"\",\"potentialAction\":[{\"@type\":\"SearchAction\",\"target\":{\"@type\":\"EntryPoint\",\"urlTemplate\":\"https:\/\/antiqua.mx\/en\/?s={search_term_string}\"},\"query-input\":{\"@type\":\"PropertyValueSpecification\",\"valueRequired\":true,\"valueName\":\"search_term_string\"}}],\"inLanguage\":\"en-US\"}]}<\/script>\n<!-- \/ Yoast SEO plugin. -->","yoast_head_json":{"title":"NANSEN D\u00cdAZ ER\u00c9NDIRA. ELEMENTOS DE FONOLOG\u00cdA Y MORFOLOG\u00cdA DEL TARASCO DE SAN JER\u00d3NIMO PURENCH\u00c9CUARO MICHOAC\u00c1N -","robots":{"index":"index","follow":"follow","max-snippet":"max-snippet:-1","max-image-preview":"max-image-preview:large","max-video-preview":"max-video-preview:-1"},"canonical":"https:\/\/antiqua.mx\/en\/product\/nansen-diaz-erendira-elementos-de-fonologia-y-morfologia-del-tarasco-de-san-jeronimo-purenchecuaro-michoacan","og_locale":"en_US","og_type":"article","og_title":"NANSEN D\u00cdAZ ER\u00c9NDIRA. ELEMENTOS DE FONOLOG\u00cdA Y MORFOLOG\u00cdA DEL TARASCO DE SAN JER\u00d3NIMO PURENCH\u00c9CUARO MICHOAC\u00c1N -","og_description":"Editorial: INSTITUTO NACIONAL DE ANTROPOLOG\u00cdA E HISTORIA  Primera edici\u00f3n  A\u00f1o 1985  R\u00fastico, en buenas condiciones. El empastado est\u00e1 maltratado y algunas p\u00e1ginas est\u00e1n subrayadas con tinta azul.  Departamento de Ling\u00fc\u00edstica. Colecci\u00f3n Cient\u00edfica.  Impreso en M\u00e9xico.  109 p\u00e1ginas","og_url":"https:\/\/antiqua.mx\/en\/product\/nansen-diaz-erendira-elementos-de-fonologia-y-morfologia-del-tarasco-de-san-jeronimo-purenchecuaro-michoacan","article_modified_time":"2025-07-08T16:12:25+00:00","og_image":[{"width":2065,"height":2560,"url":"https:\/\/antiqua.mx\/wp-content\/uploads\/2024\/04\/IMG_3172-scaled.jpeg","type":"image\/jpeg"}],"twitter_card":"summary_large_image","schema":{"@context":"https:\/\/schema.org","@graph":[{"@type":"WebPage","@id":"https:\/\/antiqua.mx\/en\/product\/nansen-diaz-erendira-elementos-de-fonologia-y-morfologia-del-tarasco-de-san-jeronimo-purenchecuaro-michoacan","url":"https:\/\/antiqua.mx\/en\/product\/nansen-diaz-erendira-elementos-de-fonologia-y-morfologia-del-tarasco-de-san-jeronimo-purenchecuaro-michoacan","name":"NANSEN D\u00cdAZ ER\u00c9NDIRA. ELEMENTOS DE FONOLOG\u00cdA Y MORFOLOG\u00cdA DEL TARASCO DE SAN JER\u00d3NIMO PURENCH\u00c9CUARO MICHOAC\u00c1N -","isPartOf":{"@id":"https:\/\/antiqua.mx\/en\/#website"},"primaryImageOfPage":{"@id":"https:\/\/antiqua.mx\/en\/product\/nansen-diaz-erendira-elementos-de-fonologia-y-morfologia-del-tarasco-de-san-jeronimo-purenchecuaro-michoacan#primaryimage"},"image":{"@id":"https:\/\/antiqua.mx\/en\/product\/nansen-diaz-erendira-elementos-de-fonologia-y-morfologia-del-tarasco-de-san-jeronimo-purenchecuaro-michoacan#primaryimage"},"thumbnailUrl":"https:\/\/antiqua.mx\/wp-content\/uploads\/2024\/04\/IMG_3172-scaled.jpeg","datePublished":"2024-04-06T00:31:15+00:00","dateModified":"2025-07-08T16:12:25+00:00","breadcrumb":{"@id":"https:\/\/antiqua.mx\/en\/product\/nansen-diaz-erendira-elementos-de-fonologia-y-morfologia-del-tarasco-de-san-jeronimo-purenchecuaro-michoacan#breadcrumb"},"inLanguage":"en-US","potentialAction":[{"@type":"ReadAction","target":["https:\/\/antiqua.mx\/en\/product\/nansen-diaz-erendira-elementos-de-fonologia-y-morfologia-del-tarasco-de-san-jeronimo-purenchecuaro-michoacan"]}]},{"@type":"ImageObject","inLanguage":"en-US","@id":"https:\/\/antiqua.mx\/en\/product\/nansen-diaz-erendira-elementos-de-fonologia-y-morfologia-del-tarasco-de-san-jeronimo-purenchecuaro-michoacan#primaryimage","url":"https:\/\/antiqua.mx\/wp-content\/uploads\/2024\/04\/IMG_3172-scaled.jpeg","contentUrl":"https:\/\/antiqua.mx\/wp-content\/uploads\/2024\/04\/IMG_3172-scaled.jpeg","width":2065,"height":2560},{"@type":"BreadcrumbList","@id":"https:\/\/antiqua.mx\/en\/product\/nansen-diaz-erendira-elementos-de-fonologia-y-morfologia-del-tarasco-de-san-jeronimo-purenchecuaro-michoacan#breadcrumb","itemListElement":[{"@type":"ListItem","position":1,"name":"Portada","item":"https:\/\/antiqua.mx\/en\/"},{"@type":"ListItem","position":2,"name":"Tienda","item":"https:\/\/antiqua.mx\/en\/tienda"},{"@type":"ListItem","position":3,"name":"NANSEN D\u00cdAZ ER\u00c9NDIRA. ELEMENTOS DE FONOLOG\u00cdA Y MORFOLOG\u00cdA DEL TARASCO DE SAN JER\u00d3NIMO PURENCH\u00c9CUARO MICHOAC\u00c1N"}]},{"@type":"WebSite","@id":"https:\/\/antiqua.mx\/en\/#website","url":"https:\/\/antiqua.mx\/en\/","name":"","description":"","potentialAction":[{"@type":"SearchAction","target":{"@type":"EntryPoint","urlTemplate":"https:\/\/antiqua.mx\/en\/?s={search_term_string}"},"query-input":{"@type":"PropertyValueSpecification","valueRequired":true,"valueName":"search_term_string"}}],"inLanguage":"en-US"}]}},"jetpack_sharing_enabled":true,"_links":{"self":[{"href":"https:\/\/antiqua.mx\/en\/wp-json\/wp\/v2\/product\/23526","targetHints":{"allow":["GET"]}}],"collection":[{"href":"https:\/\/antiqua.mx\/en\/wp-json\/wp\/v2\/product"}],"about":[{"href":"https:\/\/antiqua.mx\/en\/wp-json\/wp\/v2\/types\/product"}],"replies":[{"embeddable":true,"href":"https:\/\/antiqua.mx\/en\/wp-json\/wp\/v2\/comments?post=23526"}],"wp:featuredmedia":[{"embeddable":true,"href":"https:\/\/antiqua.mx\/en\/wp-json\/wp\/v2\/media\/25060"}],"wp:attachment":[{"href":"https:\/\/antiqua.mx\/en\/wp-json\/wp\/v2\/media?parent=23526"}],"wp:term":[{"taxonomy":"product_brand","embeddable":true,"href":"https:\/\/antiqua.mx\/en\/wp-json\/wp\/v2\/product_brand?post=23526"},{"taxonomy":"product_cat","embeddable":true,"href":"https:\/\/antiqua.mx\/en\/wp-json\/wp\/v2\/product_cat?post=23526"},{"taxonomy":"product_tag","embeddable":true,"href":"https:\/\/antiqua.mx\/en\/wp-json\/wp\/v2\/product_tag?post=23526"}],"curies":[{"name":"wp","href":"https:\/\/api.w.org\/{rel}","templated":true}]}}