{"id":23556,"date":"2024-04-15T20:56:07","date_gmt":"2024-04-15T20:56:07","guid":{"rendered":"https:\/\/antiqua.mx\/?post_type=product&#038;p=23556"},"modified":"2024-06-17T21:00:28","modified_gmt":"2024-06-17T21:00:28","slug":"anguiano-marina-y-furst-peter-t-la-endoculturacion-entre-los-huicholes","status":"publish","type":"product","link":"https:\/\/antiqua.mx\/en\/product\/anguiano-marina-y-furst-peter-t-la-endoculturacion-entre-los-huicholes","title":{"rendered":"ANGUIANO MARINA Y FURST PETER T. LA ENDOCULTURACI\u00d3N ENTRE LOS HUICHOLES"},"content":{"rendered":"<p><strong>Anguiano Marina y Furst Peter T.<\/strong><\/p>\n<p>Editorial: INSTITUTO NACIONAL INDIGENISTA<\/p>\n<p>Primera reimpresi\u00f3n<\/p>\n<p>A\u00f1o 1987<\/p>\n<p>R\u00fastico, en buenas condiciones. El empastado est\u00e1 maltratado a dem\u00e1s de tener la clasificaci\u00f3n de biblioteca y sellos en los cantos.<\/p>\n<p>Traducci\u00f3n de Celia Paschero.<\/p>\n<p>El ejemplar est\u00e1 ilustrado con fotograf\u00edas a blanco y negro.<\/p>\n<p>La obra tiene sellos del\u00a0 \u201cBIBLIOTECA CENTRO DE INFORMACI\u00d3N Y DOCUMENTACI\u00d3N. DIRECCI\u00d3N GENERAL DE CULTURAS POPULARES&#8221;.<\/p>\n<p><strong>INVESTIGACIONES SOCIALES. COLECCI\u00d3N INDI. N\u00daMERO 3.<\/strong><\/p>\n<p>Impreso en M\u00e9xico.<\/p>\n<p>116 p\u00e1ginas<\/p>","protected":false},"excerpt":{"rendered":"<ul>\n<li>Editorial: INSTITUTO NACIONAL INDIGENISTA<\/li>\n<li>Primera reimpresi\u00f3n<\/li>\n<li>A\u00f1o 1987<\/li>\n<li>R\u00fastico, en buenas condiciones. El empastado est\u00e1 maltratado a dem\u00e1s de tener la clasificaci\u00f3n de biblioteca y sellos en los cantos.<\/li>\n<li>Traducci\u00f3n de Celia Paschero.<\/li>\n<li>El ejemplar est\u00e1 ilustrado con fotograf\u00edas a blanco y negro.<\/li>\n<li>La obra tiene sellos del\u00a0 \u201cBIBLIOTECA CENTRO DE INFORMACI\u00d3N Y DOCUMENTACI\u00d3N. DIRECCI\u00d3N GENERAL DE CULTURAS POPULARES&#8221;.<\/li>\n<li><strong>INVESTIGACIONES SOCIALES. COLECCI\u00d3N INDI. N\u00daMERO 3.<\/strong><\/li>\n<li>Impreso en M\u00e9xico.<\/li>\n<li>116 p\u00e1ginas<\/li>\n<\/ul>","protected":false},"featured_media":0,"comment_status":"open","ping_status":"closed","template":"","meta":{"_joinchat":[]},"product_brand":[],"product_cat":[396,375],"product_tag":[1137,5814,5815],"class_list":{"1":"product","2":"type-product","3":"status-publish","5":"product_cat-antarque","6":"product_cat-mex","7":"product_tag-huicholes","8":"product_tag-marina-anguiano","9":"product_tag-peter-t-furst","11":"first","12":"instock","13":"featured","14":"taxable","15":"shipping-taxable","16":"purchasable","17":"product-type-simple"},"yoast_head":"<!-- This site is optimized with the Yoast SEO plugin v26.1.1 - https:\/\/yoast.com\/wordpress\/plugins\/seo\/ -->\n<title>ANGUIANO MARINA Y FURST PETER T. LA ENDOCULTURACI\u00d3N ENTRE LOS HUICHOLES -<\/title>\n<meta name=\"robots\" content=\"index, follow, max-snippet:-1, max-image-preview:large, max-video-preview:-1\" \/>\n<link rel=\"canonical\" href=\"https:\/\/antiqua.mx\/en\/product\/anguiano-marina-y-furst-peter-t-la-endoculturacion-entre-los-huicholes\" \/>\n<meta property=\"og:locale\" content=\"en_US\" \/>\n<meta property=\"og:type\" content=\"article\" \/>\n<meta property=\"og:title\" content=\"ANGUIANO MARINA Y FURST PETER T. LA ENDOCULTURACI\u00d3N ENTRE LOS HUICHOLES -\" \/>\n<meta property=\"og:description\" content=\"Editorial: INSTITUTO NACIONAL INDIGENISTA  Primera reimpresi\u00f3n  A\u00f1o 1987  R\u00fastico, en buenas condiciones. El empastado est\u00e1 maltratado a dem\u00e1s de tener la clasificaci\u00f3n de biblioteca y sellos en los cantos.  Traducci\u00f3n de Celia Paschero.  El ejemplar est\u00e1 ilustrado con fotograf\u00edas a blanco y negro.  La obra tiene sellos del\u00a0 \u201cBIBLIOTECA CENTRO DE INFORMACI\u00d3N Y DOCUMENTACI\u00d3N. DIRECCI\u00d3N GENERAL DE CULTURAS POPULARES&quot;.  INVESTIGACIONES SOCIALES. COLECCI\u00d3N INDI. N\u00daMERO 3.  Impreso en M\u00e9xico.  116 p\u00e1ginas\" \/>\n<meta property=\"og:url\" content=\"https:\/\/antiqua.mx\/en\/product\/anguiano-marina-y-furst-peter-t-la-endoculturacion-entre-los-huicholes\" \/>\n<meta property=\"article:modified_time\" content=\"2024-06-17T21:00:28+00:00\" \/>\n<meta name=\"twitter:card\" content=\"summary_large_image\" \/>\n<script type=\"application\/ld+json\" class=\"yoast-schema-graph\">{\"@context\":\"https:\/\/schema.org\",\"@graph\":[{\"@type\":\"WebPage\",\"@id\":\"https:\/\/antiqua.mx\/en\/product\/anguiano-marina-y-furst-peter-t-la-endoculturacion-entre-los-huicholes\",\"url\":\"https:\/\/antiqua.mx\/en\/product\/anguiano-marina-y-furst-peter-t-la-endoculturacion-entre-los-huicholes\",\"name\":\"ANGUIANO MARINA Y FURST PETER T. LA ENDOCULTURACI\u00d3N ENTRE LOS HUICHOLES -\",\"isPartOf\":{\"@id\":\"https:\/\/antiqua.mx\/en\/#website\"},\"datePublished\":\"2024-04-15T20:56:07+00:00\",\"dateModified\":\"2024-06-17T21:00:28+00:00\",\"breadcrumb\":{\"@id\":\"https:\/\/antiqua.mx\/en\/product\/anguiano-marina-y-furst-peter-t-la-endoculturacion-entre-los-huicholes#breadcrumb\"},\"inLanguage\":\"en-US\",\"potentialAction\":[{\"@type\":\"ReadAction\",\"target\":[\"https:\/\/antiqua.mx\/en\/product\/anguiano-marina-y-furst-peter-t-la-endoculturacion-entre-los-huicholes\"]}]},{\"@type\":\"BreadcrumbList\",\"@id\":\"https:\/\/antiqua.mx\/en\/product\/anguiano-marina-y-furst-peter-t-la-endoculturacion-entre-los-huicholes#breadcrumb\",\"itemListElement\":[{\"@type\":\"ListItem\",\"position\":1,\"name\":\"Portada\",\"item\":\"https:\/\/antiqua.mx\/en\/\"},{\"@type\":\"ListItem\",\"position\":2,\"name\":\"Tienda\",\"item\":\"https:\/\/antiqua.mx\/en\/tienda\"},{\"@type\":\"ListItem\",\"position\":3,\"name\":\"ANGUIANO MARINA Y FURST PETER T. LA ENDOCULTURACI\u00d3N ENTRE LOS HUICHOLES\"}]},{\"@type\":\"WebSite\",\"@id\":\"https:\/\/antiqua.mx\/en\/#website\",\"url\":\"https:\/\/antiqua.mx\/en\/\",\"name\":\"\",\"description\":\"\",\"potentialAction\":[{\"@type\":\"SearchAction\",\"target\":{\"@type\":\"EntryPoint\",\"urlTemplate\":\"https:\/\/antiqua.mx\/en\/?s={search_term_string}\"},\"query-input\":{\"@type\":\"PropertyValueSpecification\",\"valueRequired\":true,\"valueName\":\"search_term_string\"}}],\"inLanguage\":\"en-US\"}]}<\/script>\n<!-- \/ Yoast SEO plugin. -->","yoast_head_json":{"title":"ANGUIANO MARINA Y FURST PETER T. LA ENDOCULTURACI\u00d3N ENTRE LOS HUICHOLES -","robots":{"index":"index","follow":"follow","max-snippet":"max-snippet:-1","max-image-preview":"max-image-preview:large","max-video-preview":"max-video-preview:-1"},"canonical":"https:\/\/antiqua.mx\/en\/product\/anguiano-marina-y-furst-peter-t-la-endoculturacion-entre-los-huicholes","og_locale":"en_US","og_type":"article","og_title":"ANGUIANO MARINA Y FURST PETER T. LA ENDOCULTURACI\u00d3N ENTRE LOS HUICHOLES -","og_description":"Editorial: INSTITUTO NACIONAL INDIGENISTA  Primera reimpresi\u00f3n  A\u00f1o 1987  R\u00fastico, en buenas condiciones. El empastado est\u00e1 maltratado a dem\u00e1s de tener la clasificaci\u00f3n de biblioteca y sellos en los cantos.  Traducci\u00f3n de Celia Paschero.  El ejemplar est\u00e1 ilustrado con fotograf\u00edas a blanco y negro.  La obra tiene sellos del\u00a0 \u201cBIBLIOTECA CENTRO DE INFORMACI\u00d3N Y DOCUMENTACI\u00d3N. DIRECCI\u00d3N GENERAL DE CULTURAS POPULARES\".  INVESTIGACIONES SOCIALES. COLECCI\u00d3N INDI. N\u00daMERO 3.  Impreso en M\u00e9xico.  116 p\u00e1ginas","og_url":"https:\/\/antiqua.mx\/en\/product\/anguiano-marina-y-furst-peter-t-la-endoculturacion-entre-los-huicholes","article_modified_time":"2024-06-17T21:00:28+00:00","twitter_card":"summary_large_image","schema":{"@context":"https:\/\/schema.org","@graph":[{"@type":"WebPage","@id":"https:\/\/antiqua.mx\/en\/product\/anguiano-marina-y-furst-peter-t-la-endoculturacion-entre-los-huicholes","url":"https:\/\/antiqua.mx\/en\/product\/anguiano-marina-y-furst-peter-t-la-endoculturacion-entre-los-huicholes","name":"ANGUIANO MARINA Y FURST PETER T. LA ENDOCULTURACI\u00d3N ENTRE LOS HUICHOLES -","isPartOf":{"@id":"https:\/\/antiqua.mx\/en\/#website"},"datePublished":"2024-04-15T20:56:07+00:00","dateModified":"2024-06-17T21:00:28+00:00","breadcrumb":{"@id":"https:\/\/antiqua.mx\/en\/product\/anguiano-marina-y-furst-peter-t-la-endoculturacion-entre-los-huicholes#breadcrumb"},"inLanguage":"en-US","potentialAction":[{"@type":"ReadAction","target":["https:\/\/antiqua.mx\/en\/product\/anguiano-marina-y-furst-peter-t-la-endoculturacion-entre-los-huicholes"]}]},{"@type":"BreadcrumbList","@id":"https:\/\/antiqua.mx\/en\/product\/anguiano-marina-y-furst-peter-t-la-endoculturacion-entre-los-huicholes#breadcrumb","itemListElement":[{"@type":"ListItem","position":1,"name":"Portada","item":"https:\/\/antiqua.mx\/en\/"},{"@type":"ListItem","position":2,"name":"Tienda","item":"https:\/\/antiqua.mx\/en\/tienda"},{"@type":"ListItem","position":3,"name":"ANGUIANO MARINA Y FURST PETER T. LA ENDOCULTURACI\u00d3N ENTRE LOS HUICHOLES"}]},{"@type":"WebSite","@id":"https:\/\/antiqua.mx\/en\/#website","url":"https:\/\/antiqua.mx\/en\/","name":"","description":"","potentialAction":[{"@type":"SearchAction","target":{"@type":"EntryPoint","urlTemplate":"https:\/\/antiqua.mx\/en\/?s={search_term_string}"},"query-input":{"@type":"PropertyValueSpecification","valueRequired":true,"valueName":"search_term_string"}}],"inLanguage":"en-US"}]}},"jetpack_sharing_enabled":true,"_links":{"self":[{"href":"https:\/\/antiqua.mx\/en\/wp-json\/wp\/v2\/product\/23556","targetHints":{"allow":["GET"]}}],"collection":[{"href":"https:\/\/antiqua.mx\/en\/wp-json\/wp\/v2\/product"}],"about":[{"href":"https:\/\/antiqua.mx\/en\/wp-json\/wp\/v2\/types\/product"}],"replies":[{"embeddable":true,"href":"https:\/\/antiqua.mx\/en\/wp-json\/wp\/v2\/comments?post=23556"}],"wp:attachment":[{"href":"https:\/\/antiqua.mx\/en\/wp-json\/wp\/v2\/media?parent=23556"}],"wp:term":[{"taxonomy":"product_brand","embeddable":true,"href":"https:\/\/antiqua.mx\/en\/wp-json\/wp\/v2\/product_brand?post=23556"},{"taxonomy":"product_cat","embeddable":true,"href":"https:\/\/antiqua.mx\/en\/wp-json\/wp\/v2\/product_cat?post=23556"},{"taxonomy":"product_tag","embeddable":true,"href":"https:\/\/antiqua.mx\/en\/wp-json\/wp\/v2\/product_tag?post=23556"}],"curies":[{"name":"wp","href":"https:\/\/api.w.org\/{rel}","templated":true}]}}