{"id":2359,"date":"2020-09-12T21:25:24","date_gmt":"2020-09-12T21:25:24","guid":{"rendered":"https:\/\/antiqua.mx\/?post_type=product&#038;p=2359"},"modified":"2024-06-07T00:33:33","modified_gmt":"2024-06-07T00:33:33","slug":"martre-gonzalo-el-chanfalla","status":"publish","type":"product","link":"https:\/\/antiqua.mx\/en\/product\/martre-gonzalo-el-chanfalla","title":{"rendered":"MARTR\u00c9 GONZALO. EL CHANFALLA"},"content":{"rendered":"<p><strong>Martr\u00e9 Gonzalo<\/strong><\/p>\n<p>Editorial: Claves Latinoamericanas<\/p>\n<p>Segunda edici\u00f3n<\/p>\n<p>A\u00f1o 1984<\/p>\n<p>R\u00fastico, en muy buenas condiciones. Dise\u00f1o de portada Fernando Rodr\u00edguez.<\/p>\n<p>Impreso en M\u00e9xico.<\/p>\n<p>278 p\u00e1ginas<\/p>","protected":false},"excerpt":{"rendered":"<ul>\n<li>Editorial: Claves Latinoamericanas<\/li>\n<li>Segunda edici\u00f3n<\/li>\n<li>A\u00f1o 1984<\/li>\n<li>R\u00fastico, en muy buenas condiciones. Dise\u00f1o de portada Fernando Rodr\u00edguez.<\/li>\n<li>Impreso en M\u00e9xico.<\/li>\n<li>278 p\u00e1ginas<\/li>\n<\/ul>","protected":false},"featured_media":3371,"comment_status":"open","ping_status":"closed","template":"","meta":{"_joinchat":[]},"product_brand":[],"product_cat":[335,336],"product_tag":[733],"class_list":{"0":"post-2359","1":"product","2":"type-product","3":"status-publish","6":"product_cat-literatura","7":"product_cat-litmexicana","8":"product_tag-gonzalo-martre","10":"first","11":"outofstock","12":"featured","13":"taxable","14":"shipping-taxable","15":"purchasable","16":"product-type-simple"},"yoast_head":"<!-- This site is optimized with the Yoast SEO plugin v26.1.1 - https:\/\/yoast.com\/wordpress\/plugins\/seo\/ -->\n<title>MARTR\u00c9 GONZALO. EL CHANFALLA -<\/title>\n<meta name=\"robots\" content=\"index, follow, max-snippet:-1, max-image-preview:large, max-video-preview:-1\" \/>\n<link rel=\"canonical\" href=\"https:\/\/antiqua.mx\/en\/product\/martre-gonzalo-el-chanfalla\" \/>\n<meta property=\"og:locale\" content=\"en_US\" \/>\n<meta property=\"og:type\" content=\"article\" \/>\n<meta property=\"og:title\" content=\"MARTR\u00c9 GONZALO. EL CHANFALLA -\" \/>\n<meta property=\"og:description\" content=\"Editorial: Claves Latinoamericanas  Segunda edici\u00f3n  A\u00f1o 1984  R\u00fastico, en muy buenas condiciones. Dise\u00f1o de portada Fernando Rodr\u00edguez.  Impreso en M\u00e9xico.  278 p\u00e1ginas\" \/>\n<meta property=\"og:url\" content=\"https:\/\/antiqua.mx\/en\/product\/martre-gonzalo-el-chanfalla\" \/>\n<meta property=\"article:modified_time\" content=\"2024-06-07T00:33:33+00:00\" \/>\n<meta property=\"og:image\" content=\"https:\/\/antiqua.mx\/wp-content\/uploads\/2020\/09\/D237FC56-4F24-429B-B1DE-DEA5A09EA960_1_105_c.jpeg\" \/>\n\t<meta property=\"og:image:width\" content=\"768\" \/>\n\t<meta property=\"og:image:height\" content=\"1024\" \/>\n\t<meta property=\"og:image:type\" content=\"image\/jpeg\" \/>\n<meta name=\"twitter:card\" content=\"summary_large_image\" \/>\n<script type=\"application\/ld+json\" class=\"yoast-schema-graph\">{\"@context\":\"https:\/\/schema.org\",\"@graph\":[{\"@type\":\"WebPage\",\"@id\":\"https:\/\/antiqua.mx\/en\/product\/martre-gonzalo-el-chanfalla\",\"url\":\"https:\/\/antiqua.mx\/en\/product\/martre-gonzalo-el-chanfalla\",\"name\":\"MARTR\u00c9 GONZALO. EL CHANFALLA -\",\"isPartOf\":{\"@id\":\"https:\/\/antiqua.mx\/en\/#website\"},\"primaryImageOfPage\":{\"@id\":\"https:\/\/antiqua.mx\/en\/product\/martre-gonzalo-el-chanfalla#primaryimage\"},\"image\":{\"@id\":\"https:\/\/antiqua.mx\/en\/product\/martre-gonzalo-el-chanfalla#primaryimage\"},\"thumbnailUrl\":\"https:\/\/antiqua.mx\/wp-content\/uploads\/2020\/09\/D237FC56-4F24-429B-B1DE-DEA5A09EA960_1_105_c.jpeg\",\"datePublished\":\"2020-09-12T21:25:24+00:00\",\"dateModified\":\"2024-06-07T00:33:33+00:00\",\"breadcrumb\":{\"@id\":\"https:\/\/antiqua.mx\/en\/product\/martre-gonzalo-el-chanfalla#breadcrumb\"},\"inLanguage\":\"en-US\",\"potentialAction\":[{\"@type\":\"ReadAction\",\"target\":[\"https:\/\/antiqua.mx\/en\/product\/martre-gonzalo-el-chanfalla\"]}]},{\"@type\":\"ImageObject\",\"inLanguage\":\"en-US\",\"@id\":\"https:\/\/antiqua.mx\/en\/product\/martre-gonzalo-el-chanfalla#primaryimage\",\"url\":\"https:\/\/antiqua.mx\/wp-content\/uploads\/2020\/09\/D237FC56-4F24-429B-B1DE-DEA5A09EA960_1_105_c.jpeg\",\"contentUrl\":\"https:\/\/antiqua.mx\/wp-content\/uploads\/2020\/09\/D237FC56-4F24-429B-B1DE-DEA5A09EA960_1_105_c.jpeg\",\"width\":768,\"height\":1024},{\"@type\":\"BreadcrumbList\",\"@id\":\"https:\/\/antiqua.mx\/en\/product\/martre-gonzalo-el-chanfalla#breadcrumb\",\"itemListElement\":[{\"@type\":\"ListItem\",\"position\":1,\"name\":\"Portada\",\"item\":\"https:\/\/antiqua.mx\/en\/\"},{\"@type\":\"ListItem\",\"position\":2,\"name\":\"Tienda\",\"item\":\"https:\/\/antiqua.mx\/en\/tienda\"},{\"@type\":\"ListItem\",\"position\":3,\"name\":\"MARTR\u00c9 GONZALO. EL CHANFALLA\"}]},{\"@type\":\"WebSite\",\"@id\":\"https:\/\/antiqua.mx\/en\/#website\",\"url\":\"https:\/\/antiqua.mx\/en\/\",\"name\":\"\",\"description\":\"\",\"potentialAction\":[{\"@type\":\"SearchAction\",\"target\":{\"@type\":\"EntryPoint\",\"urlTemplate\":\"https:\/\/antiqua.mx\/en\/?s={search_term_string}\"},\"query-input\":{\"@type\":\"PropertyValueSpecification\",\"valueRequired\":true,\"valueName\":\"search_term_string\"}}],\"inLanguage\":\"en-US\"}]}<\/script>\n<!-- \/ Yoast SEO plugin. -->","yoast_head_json":{"title":"MARTR\u00c9 GONZALO. EL CHANFALLA -","robots":{"index":"index","follow":"follow","max-snippet":"max-snippet:-1","max-image-preview":"max-image-preview:large","max-video-preview":"max-video-preview:-1"},"canonical":"https:\/\/antiqua.mx\/en\/product\/martre-gonzalo-el-chanfalla","og_locale":"en_US","og_type":"article","og_title":"MARTR\u00c9 GONZALO. EL CHANFALLA -","og_description":"Editorial: Claves Latinoamericanas  Segunda edici\u00f3n  A\u00f1o 1984  R\u00fastico, en muy buenas condiciones. Dise\u00f1o de portada Fernando Rodr\u00edguez.  Impreso en M\u00e9xico.  278 p\u00e1ginas","og_url":"https:\/\/antiqua.mx\/en\/product\/martre-gonzalo-el-chanfalla","article_modified_time":"2024-06-07T00:33:33+00:00","og_image":[{"width":768,"height":1024,"url":"https:\/\/antiqua.mx\/wp-content\/uploads\/2020\/09\/D237FC56-4F24-429B-B1DE-DEA5A09EA960_1_105_c.jpeg","type":"image\/jpeg"}],"twitter_card":"summary_large_image","schema":{"@context":"https:\/\/schema.org","@graph":[{"@type":"WebPage","@id":"https:\/\/antiqua.mx\/en\/product\/martre-gonzalo-el-chanfalla","url":"https:\/\/antiqua.mx\/en\/product\/martre-gonzalo-el-chanfalla","name":"MARTR\u00c9 GONZALO. EL CHANFALLA -","isPartOf":{"@id":"https:\/\/antiqua.mx\/en\/#website"},"primaryImageOfPage":{"@id":"https:\/\/antiqua.mx\/en\/product\/martre-gonzalo-el-chanfalla#primaryimage"},"image":{"@id":"https:\/\/antiqua.mx\/en\/product\/martre-gonzalo-el-chanfalla#primaryimage"},"thumbnailUrl":"https:\/\/antiqua.mx\/wp-content\/uploads\/2020\/09\/D237FC56-4F24-429B-B1DE-DEA5A09EA960_1_105_c.jpeg","datePublished":"2020-09-12T21:25:24+00:00","dateModified":"2024-06-07T00:33:33+00:00","breadcrumb":{"@id":"https:\/\/antiqua.mx\/en\/product\/martre-gonzalo-el-chanfalla#breadcrumb"},"inLanguage":"en-US","potentialAction":[{"@type":"ReadAction","target":["https:\/\/antiqua.mx\/en\/product\/martre-gonzalo-el-chanfalla"]}]},{"@type":"ImageObject","inLanguage":"en-US","@id":"https:\/\/antiqua.mx\/en\/product\/martre-gonzalo-el-chanfalla#primaryimage","url":"https:\/\/antiqua.mx\/wp-content\/uploads\/2020\/09\/D237FC56-4F24-429B-B1DE-DEA5A09EA960_1_105_c.jpeg","contentUrl":"https:\/\/antiqua.mx\/wp-content\/uploads\/2020\/09\/D237FC56-4F24-429B-B1DE-DEA5A09EA960_1_105_c.jpeg","width":768,"height":1024},{"@type":"BreadcrumbList","@id":"https:\/\/antiqua.mx\/en\/product\/martre-gonzalo-el-chanfalla#breadcrumb","itemListElement":[{"@type":"ListItem","position":1,"name":"Portada","item":"https:\/\/antiqua.mx\/en\/"},{"@type":"ListItem","position":2,"name":"Tienda","item":"https:\/\/antiqua.mx\/en\/tienda"},{"@type":"ListItem","position":3,"name":"MARTR\u00c9 GONZALO. EL CHANFALLA"}]},{"@type":"WebSite","@id":"https:\/\/antiqua.mx\/en\/#website","url":"https:\/\/antiqua.mx\/en\/","name":"","description":"","potentialAction":[{"@type":"SearchAction","target":{"@type":"EntryPoint","urlTemplate":"https:\/\/antiqua.mx\/en\/?s={search_term_string}"},"query-input":{"@type":"PropertyValueSpecification","valueRequired":true,"valueName":"search_term_string"}}],"inLanguage":"en-US"}]}},"jetpack_sharing_enabled":true,"_links":{"self":[{"href":"https:\/\/antiqua.mx\/en\/wp-json\/wp\/v2\/product\/2359","targetHints":{"allow":["GET"]}}],"collection":[{"href":"https:\/\/antiqua.mx\/en\/wp-json\/wp\/v2\/product"}],"about":[{"href":"https:\/\/antiqua.mx\/en\/wp-json\/wp\/v2\/types\/product"}],"replies":[{"embeddable":true,"href":"https:\/\/antiqua.mx\/en\/wp-json\/wp\/v2\/comments?post=2359"}],"wp:featuredmedia":[{"embeddable":true,"href":"https:\/\/antiqua.mx\/en\/wp-json\/wp\/v2\/media\/3371"}],"wp:attachment":[{"href":"https:\/\/antiqua.mx\/en\/wp-json\/wp\/v2\/media?parent=2359"}],"wp:term":[{"taxonomy":"product_brand","embeddable":true,"href":"https:\/\/antiqua.mx\/en\/wp-json\/wp\/v2\/product_brand?post=2359"},{"taxonomy":"product_cat","embeddable":true,"href":"https:\/\/antiqua.mx\/en\/wp-json\/wp\/v2\/product_cat?post=2359"},{"taxonomy":"product_tag","embeddable":true,"href":"https:\/\/antiqua.mx\/en\/wp-json\/wp\/v2\/product_tag?post=2359"}],"curies":[{"name":"wp","href":"https:\/\/api.w.org\/{rel}","templated":true}]}}