{"id":23825,"date":"2024-06-01T22:59:54","date_gmt":"2024-06-01T22:59:54","guid":{"rendered":"https:\/\/antiqua.mx\/?post_type=product&#038;p=23825"},"modified":"2024-06-17T21:12:38","modified_gmt":"2024-06-17T21:12:38","slug":"brambila-y-sanchez-aureliano-formulario-de-vinicultura","status":"publish","type":"product","link":"https:\/\/antiqua.mx\/en\/product\/brambila-y-sanchez-aureliano-formulario-de-vinicultura\/","title":{"rendered":"BRAMBILA Y S\u00c1NCHEZ AURELIANO. FORMULARIO DE VINICULTURA"},"content":{"rendered":"<p><strong>Brambila y S\u00e1nchez Aureliano<\/strong><\/p>\n<p>Editorial: &#8220;LA HELVETIA&#8221;<\/p>\n<p>S\u00e9ptima edici\u00f3n<\/p>\n<p>A\u00f1o 1935<\/p>\n<p>R\u00fastico, en buenas condiciones. El empastado est\u00e1 maltratado.<\/p>\n<p>La obra est\u00e1 ilustrada con fotograf\u00edas y grabados.<\/p>\n<p>Impreso en M\u00e9xico, D. F.<\/p>\n<p>54 p\u00e1ginas<\/p>\n<p>&nbsp;<\/p>","protected":false},"excerpt":{"rendered":"<ul>\n<li>Editorial: &#8220;LA HELVETIA&#8221;<\/li>\n<li>S\u00e9ptima edici\u00f3n<\/li>\n<li>A\u00f1o 1935<\/li>\n<li>R\u00fastico, en buenas condiciones. El empastado est\u00e1 maltratado.<\/li>\n<li>La obra est\u00e1 ilustrada con fotograf\u00edas y grabados.<\/li>\n<li>Impreso en M\u00e9xico, D. F.<\/li>\n<li>54 p\u00e1ginas<\/li>\n<\/ul>","protected":false},"featured_media":0,"comment_status":"open","ping_status":"closed","template":"","meta":{"_joinchat":[]},"product_brand":[],"product_cat":[451],"product_tag":[5954,5952,1057,5955,5953],"class_list":{"1":"product","2":"type-product","3":"status-publish","5":"product_cat-otros","6":"product_tag-aguardientes","7":"product_tag-aureliano-brambila-y-sanchez","8":"product_tag-formularios","9":"product_tag-licores","10":"product_tag-vinos","12":"first","13":"instock","14":"featured","15":"taxable","16":"shipping-taxable","17":"purchasable","18":"product-type-simple"},"yoast_head":"<!-- This site is optimized with the Yoast SEO plugin v26.1.1 - https:\/\/yoast.com\/wordpress\/plugins\/seo\/ -->\n<title>BRAMBILA Y S\u00c1NCHEZ AURELIANO. FORMULARIO DE VINICULTURA -<\/title>\n<meta name=\"robots\" content=\"index, follow, max-snippet:-1, max-image-preview:large, max-video-preview:-1\" \/>\n<link rel=\"canonical\" href=\"https:\/\/antiqua.mx\/en\/product\/brambila-y-sanchez-aureliano-formulario-de-vinicultura\/\" \/>\n<meta property=\"og:locale\" content=\"en_US\" \/>\n<meta property=\"og:type\" content=\"article\" \/>\n<meta property=\"og:title\" content=\"BRAMBILA Y S\u00c1NCHEZ AURELIANO. FORMULARIO DE VINICULTURA -\" \/>\n<meta property=\"og:description\" content=\"Editorial: &quot;LA HELVETIA&quot;  S\u00e9ptima edici\u00f3n  A\u00f1o 1935  R\u00fastico, en buenas condiciones. El empastado est\u00e1 maltratado.  La obra est\u00e1 ilustrada con fotograf\u00edas y grabados.  Impreso en M\u00e9xico, D. F.  54 p\u00e1ginas\" \/>\n<meta property=\"og:url\" content=\"https:\/\/antiqua.mx\/en\/product\/brambila-y-sanchez-aureliano-formulario-de-vinicultura\/\" \/>\n<meta property=\"article:modified_time\" content=\"2024-06-17T21:12:38+00:00\" \/>\n<meta name=\"twitter:card\" content=\"summary_large_image\" \/>\n<script type=\"application\/ld+json\" class=\"yoast-schema-graph\">{\"@context\":\"https:\/\/schema.org\",\"@graph\":[{\"@type\":\"WebPage\",\"@id\":\"https:\/\/antiqua.mx\/producto\/brambila-y-sanchez-aureliano-formulario-de-vinicultura\/\",\"url\":\"https:\/\/antiqua.mx\/producto\/brambila-y-sanchez-aureliano-formulario-de-vinicultura\/\",\"name\":\"BRAMBILA Y S\u00c1NCHEZ AURELIANO. FORMULARIO DE VINICULTURA -\",\"isPartOf\":{\"@id\":\"https:\/\/antiqua.mx\/en\/#website\"},\"datePublished\":\"2024-06-01T22:59:54+00:00\",\"dateModified\":\"2024-06-17T21:12:38+00:00\",\"breadcrumb\":{\"@id\":\"https:\/\/antiqua.mx\/producto\/brambila-y-sanchez-aureliano-formulario-de-vinicultura\/#breadcrumb\"},\"inLanguage\":\"en-US\",\"potentialAction\":[{\"@type\":\"ReadAction\",\"target\":[\"https:\/\/antiqua.mx\/producto\/brambila-y-sanchez-aureliano-formulario-de-vinicultura\/\"]}]},{\"@type\":\"BreadcrumbList\",\"@id\":\"https:\/\/antiqua.mx\/producto\/brambila-y-sanchez-aureliano-formulario-de-vinicultura\/#breadcrumb\",\"itemListElement\":[{\"@type\":\"ListItem\",\"position\":1,\"name\":\"Portada\",\"item\":\"https:\/\/antiqua.mx\/en\/\"},{\"@type\":\"ListItem\",\"position\":2,\"name\":\"Tienda\",\"item\":\"https:\/\/antiqua.mx\/tienda\/\"},{\"@type\":\"ListItem\",\"position\":3,\"name\":\"BRAMBILA Y S\u00c1NCHEZ AURELIANO. FORMULARIO DE VINICULTURA\"}]},{\"@type\":\"WebSite\",\"@id\":\"https:\/\/antiqua.mx\/en\/#website\",\"url\":\"https:\/\/antiqua.mx\/en\/\",\"name\":\"\",\"description\":\"\",\"potentialAction\":[{\"@type\":\"SearchAction\",\"target\":{\"@type\":\"EntryPoint\",\"urlTemplate\":\"https:\/\/antiqua.mx\/en\/?s={search_term_string}\"},\"query-input\":{\"@type\":\"PropertyValueSpecification\",\"valueRequired\":true,\"valueName\":\"search_term_string\"}}],\"inLanguage\":\"en-US\"}]}<\/script>\n<!-- \/ Yoast SEO plugin. -->","yoast_head_json":{"title":"BRAMBILA Y S\u00c1NCHEZ AURELIANO. FORMULARIO DE VINICULTURA -","robots":{"index":"index","follow":"follow","max-snippet":"max-snippet:-1","max-image-preview":"max-image-preview:large","max-video-preview":"max-video-preview:-1"},"canonical":"https:\/\/antiqua.mx\/en\/product\/brambila-y-sanchez-aureliano-formulario-de-vinicultura\/","og_locale":"en_US","og_type":"article","og_title":"BRAMBILA Y S\u00c1NCHEZ AURELIANO. FORMULARIO DE VINICULTURA -","og_description":"Editorial: \"LA HELVETIA\"  S\u00e9ptima edici\u00f3n  A\u00f1o 1935  R\u00fastico, en buenas condiciones. El empastado est\u00e1 maltratado.  La obra est\u00e1 ilustrada con fotograf\u00edas y grabados.  Impreso en M\u00e9xico, D. F.  54 p\u00e1ginas","og_url":"https:\/\/antiqua.mx\/en\/product\/brambila-y-sanchez-aureliano-formulario-de-vinicultura\/","article_modified_time":"2024-06-17T21:12:38+00:00","twitter_card":"summary_large_image","schema":{"@context":"https:\/\/schema.org","@graph":[{"@type":"WebPage","@id":"https:\/\/antiqua.mx\/producto\/brambila-y-sanchez-aureliano-formulario-de-vinicultura\/","url":"https:\/\/antiqua.mx\/producto\/brambila-y-sanchez-aureliano-formulario-de-vinicultura\/","name":"BRAMBILA Y S\u00c1NCHEZ AURELIANO. FORMULARIO DE VINICULTURA -","isPartOf":{"@id":"https:\/\/antiqua.mx\/en\/#website"},"datePublished":"2024-06-01T22:59:54+00:00","dateModified":"2024-06-17T21:12:38+00:00","breadcrumb":{"@id":"https:\/\/antiqua.mx\/producto\/brambila-y-sanchez-aureliano-formulario-de-vinicultura\/#breadcrumb"},"inLanguage":"en-US","potentialAction":[{"@type":"ReadAction","target":["https:\/\/antiqua.mx\/producto\/brambila-y-sanchez-aureliano-formulario-de-vinicultura\/"]}]},{"@type":"BreadcrumbList","@id":"https:\/\/antiqua.mx\/producto\/brambila-y-sanchez-aureliano-formulario-de-vinicultura\/#breadcrumb","itemListElement":[{"@type":"ListItem","position":1,"name":"Portada","item":"https:\/\/antiqua.mx\/en\/"},{"@type":"ListItem","position":2,"name":"Tienda","item":"https:\/\/antiqua.mx\/tienda\/"},{"@type":"ListItem","position":3,"name":"BRAMBILA Y S\u00c1NCHEZ AURELIANO. FORMULARIO DE VINICULTURA"}]},{"@type":"WebSite","@id":"https:\/\/antiqua.mx\/en\/#website","url":"https:\/\/antiqua.mx\/en\/","name":"","description":"","potentialAction":[{"@type":"SearchAction","target":{"@type":"EntryPoint","urlTemplate":"https:\/\/antiqua.mx\/en\/?s={search_term_string}"},"query-input":{"@type":"PropertyValueSpecification","valueRequired":true,"valueName":"search_term_string"}}],"inLanguage":"en-US"}]}},"jetpack_sharing_enabled":true,"_links":{"self":[{"href":"https:\/\/antiqua.mx\/en\/wp-json\/wp\/v2\/product\/23825","targetHints":{"allow":["GET"]}}],"collection":[{"href":"https:\/\/antiqua.mx\/en\/wp-json\/wp\/v2\/product"}],"about":[{"href":"https:\/\/antiqua.mx\/en\/wp-json\/wp\/v2\/types\/product"}],"replies":[{"embeddable":true,"href":"https:\/\/antiqua.mx\/en\/wp-json\/wp\/v2\/comments?post=23825"}],"wp:attachment":[{"href":"https:\/\/antiqua.mx\/en\/wp-json\/wp\/v2\/media?parent=23825"}],"wp:term":[{"taxonomy":"product_brand","embeddable":true,"href":"https:\/\/antiqua.mx\/en\/wp-json\/wp\/v2\/product_brand?post=23825"},{"taxonomy":"product_cat","embeddable":true,"href":"https:\/\/antiqua.mx\/en\/wp-json\/wp\/v2\/product_cat?post=23825"},{"taxonomy":"product_tag","embeddable":true,"href":"https:\/\/antiqua.mx\/en\/wp-json\/wp\/v2\/product_tag?post=23825"}],"curies":[{"name":"wp","href":"https:\/\/api.w.org\/{rel}","templated":true}]}}