{"id":2404,"date":"2020-09-13T00:30:03","date_gmt":"2020-09-13T00:30:03","guid":{"rendered":"https:\/\/antiqua.mx\/?post_type=product&#038;p=2404"},"modified":"2025-03-09T00:22:45","modified_gmt":"2025-03-09T00:22:45","slug":"montemayor-carlos-los-informes-secretos","status":"publish","type":"product","link":"https:\/\/antiqua.mx\/en\/product\/montemayor-carlos-los-informes-secretos","title":{"rendered":"MONTEMAYOR CARLOS. LOS INFORMES SECRETOS"},"content":{"rendered":"<p><strong>Montemayor Carlos<\/strong><\/p>\n<p>Editorial: Joaqu\u00edn Mortiz<\/p>\n<p>Primera reimpresi\u00f3n<\/p>\n<p>A\u00f1o 1999<\/p>\n<p>R\u00fastico, en muy buenas condiciones.<\/p>\n<p>Ilustraci\u00f3n de portada &#8220;Ojo occidental 2&#8221;. de Sa\u00fal Villa.<\/p>\n<p>248 p\u00e1ginas<\/p>","protected":false},"excerpt":{"rendered":"<ul>\n<li>Editorial: Joaqu\u00edn Mortiz<\/li>\n<li>Primera reimpresi\u00f3n<\/li>\n<li>A\u00f1o 1999<\/li>\n<li>R\u00fastico, en muy buenas condiciones.<\/li>\n<li>Ilustraci\u00f3n de portada &#8220;Ojo occidental 2&#8221;. de Sa\u00fal Villa.<\/li>\n<li>248 p\u00e1ginas<\/li>\n<\/ul>","protected":false},"featured_media":2405,"comment_status":"open","ping_status":"closed","template":"","meta":{"_joinchat":[]},"product_brand":[],"product_cat":[335,336],"product_tag":[740],"class_list":{"0":"post-2404","1":"product","2":"type-product","3":"status-publish","6":"product_cat-literatura","7":"product_cat-litmexicana","8":"product_tag-carlos-montemayor","10":"first","11":"outofstock","12":"featured","13":"taxable","14":"shipping-taxable","15":"purchasable","16":"product-type-simple"},"yoast_head":"<!-- This site is optimized with the Yoast SEO plugin v26.1.1 - https:\/\/yoast.com\/wordpress\/plugins\/seo\/ -->\n<title>MONTEMAYOR CARLOS. LOS INFORMES SECRETOS -<\/title>\n<meta name=\"robots\" content=\"index, follow, max-snippet:-1, max-image-preview:large, max-video-preview:-1\" \/>\n<link rel=\"canonical\" href=\"https:\/\/antiqua.mx\/en\/product\/montemayor-carlos-los-informes-secretos\/\" \/>\n<meta property=\"og:locale\" content=\"en_US\" \/>\n<meta property=\"og:type\" content=\"article\" \/>\n<meta property=\"og:title\" content=\"MONTEMAYOR CARLOS. LOS INFORMES SECRETOS -\" \/>\n<meta property=\"og:description\" content=\"Editorial: Joaqu\u00edn Mortiz  Primera reimpresi\u00f3n  A\u00f1o 1999  R\u00fastico, en muy buenas condiciones.  Ilustraci\u00f3n de portada &quot;Ojo occidental 2&quot;. de Sa\u00fal Villa.  248 p\u00e1ginas\" \/>\n<meta property=\"og:url\" content=\"https:\/\/antiqua.mx\/en\/product\/montemayor-carlos-los-informes-secretos\/\" \/>\n<meta property=\"article:modified_time\" content=\"2025-03-09T00:22:45+00:00\" \/>\n<meta property=\"og:image\" content=\"https:\/\/antiqua.mx\/wp-content\/uploads\/2020\/09\/MONTEMAYOR.-LOS-INFORMES-SECRETOS-scaled.jpg\" \/>\n\t<meta property=\"og:image:width\" content=\"1829\" \/>\n\t<meta property=\"og:image:height\" content=\"2560\" \/>\n\t<meta property=\"og:image:type\" content=\"image\/jpeg\" \/>\n<meta name=\"twitter:card\" content=\"summary_large_image\" \/>\n<script type=\"application\/ld+json\" class=\"yoast-schema-graph\">{\"@context\":\"https:\/\/schema.org\",\"@graph\":[{\"@type\":\"WebPage\",\"@id\":\"https:\/\/antiqua.mx\/producto\/montemayor-carlos-los-informes-secretos\",\"url\":\"https:\/\/antiqua.mx\/producto\/montemayor-carlos-los-informes-secretos\",\"name\":\"MONTEMAYOR CARLOS. LOS INFORMES SECRETOS -\",\"isPartOf\":{\"@id\":\"https:\/\/antiqua.mx\/en\/#website\"},\"primaryImageOfPage\":{\"@id\":\"https:\/\/antiqua.mx\/producto\/montemayor-carlos-los-informes-secretos#primaryimage\"},\"image\":{\"@id\":\"https:\/\/antiqua.mx\/producto\/montemayor-carlos-los-informes-secretos#primaryimage\"},\"thumbnailUrl\":\"https:\/\/antiqua.mx\/wp-content\/uploads\/2020\/09\/MONTEMAYOR.-LOS-INFORMES-SECRETOS-scaled.jpg\",\"datePublished\":\"2020-09-13T00:30:03+00:00\",\"dateModified\":\"2025-03-09T00:22:45+00:00\",\"breadcrumb\":{\"@id\":\"https:\/\/antiqua.mx\/producto\/montemayor-carlos-los-informes-secretos#breadcrumb\"},\"inLanguage\":\"en-US\",\"potentialAction\":[{\"@type\":\"ReadAction\",\"target\":[\"https:\/\/antiqua.mx\/producto\/montemayor-carlos-los-informes-secretos\"]}]},{\"@type\":\"ImageObject\",\"inLanguage\":\"en-US\",\"@id\":\"https:\/\/antiqua.mx\/producto\/montemayor-carlos-los-informes-secretos#primaryimage\",\"url\":\"https:\/\/antiqua.mx\/wp-content\/uploads\/2020\/09\/MONTEMAYOR.-LOS-INFORMES-SECRETOS-scaled.jpg\",\"contentUrl\":\"https:\/\/antiqua.mx\/wp-content\/uploads\/2020\/09\/MONTEMAYOR.-LOS-INFORMES-SECRETOS-scaled.jpg\",\"width\":1829,\"height\":2560},{\"@type\":\"BreadcrumbList\",\"@id\":\"https:\/\/antiqua.mx\/producto\/montemayor-carlos-los-informes-secretos#breadcrumb\",\"itemListElement\":[{\"@type\":\"ListItem\",\"position\":1,\"name\":\"Portada\",\"item\":\"https:\/\/antiqua.mx\/en\/\"},{\"@type\":\"ListItem\",\"position\":2,\"name\":\"Tienda\",\"item\":\"https:\/\/antiqua.mx\/en\/tienda\"},{\"@type\":\"ListItem\",\"position\":3,\"name\":\"MONTEMAYOR CARLOS. LOS INFORMES SECRETOS\"}]},{\"@type\":\"WebSite\",\"@id\":\"https:\/\/antiqua.mx\/en\/#website\",\"url\":\"https:\/\/antiqua.mx\/en\/\",\"name\":\"\",\"description\":\"\",\"potentialAction\":[{\"@type\":\"SearchAction\",\"target\":{\"@type\":\"EntryPoint\",\"urlTemplate\":\"https:\/\/antiqua.mx\/en\/?s={search_term_string}\"},\"query-input\":{\"@type\":\"PropertyValueSpecification\",\"valueRequired\":true,\"valueName\":\"search_term_string\"}}],\"inLanguage\":\"en-US\"}]}<\/script>\n<!-- \/ Yoast SEO plugin. -->","yoast_head_json":{"title":"MONTEMAYOR CARLOS. LOS INFORMES SECRETOS -","robots":{"index":"index","follow":"follow","max-snippet":"max-snippet:-1","max-image-preview":"max-image-preview:large","max-video-preview":"max-video-preview:-1"},"canonical":"https:\/\/antiqua.mx\/en\/product\/montemayor-carlos-los-informes-secretos\/","og_locale":"en_US","og_type":"article","og_title":"MONTEMAYOR CARLOS. LOS INFORMES SECRETOS -","og_description":"Editorial: Joaqu\u00edn Mortiz  Primera reimpresi\u00f3n  A\u00f1o 1999  R\u00fastico, en muy buenas condiciones.  Ilustraci\u00f3n de portada \"Ojo occidental 2\". de Sa\u00fal Villa.  248 p\u00e1ginas","og_url":"https:\/\/antiqua.mx\/en\/product\/montemayor-carlos-los-informes-secretos\/","article_modified_time":"2025-03-09T00:22:45+00:00","og_image":[{"width":1829,"height":2560,"url":"https:\/\/antiqua.mx\/wp-content\/uploads\/2020\/09\/MONTEMAYOR.-LOS-INFORMES-SECRETOS-scaled.jpg","type":"image\/jpeg"}],"twitter_card":"summary_large_image","schema":{"@context":"https:\/\/schema.org","@graph":[{"@type":"WebPage","@id":"https:\/\/antiqua.mx\/producto\/montemayor-carlos-los-informes-secretos","url":"https:\/\/antiqua.mx\/producto\/montemayor-carlos-los-informes-secretos","name":"MONTEMAYOR CARLOS. LOS INFORMES SECRETOS -","isPartOf":{"@id":"https:\/\/antiqua.mx\/en\/#website"},"primaryImageOfPage":{"@id":"https:\/\/antiqua.mx\/producto\/montemayor-carlos-los-informes-secretos#primaryimage"},"image":{"@id":"https:\/\/antiqua.mx\/producto\/montemayor-carlos-los-informes-secretos#primaryimage"},"thumbnailUrl":"https:\/\/antiqua.mx\/wp-content\/uploads\/2020\/09\/MONTEMAYOR.-LOS-INFORMES-SECRETOS-scaled.jpg","datePublished":"2020-09-13T00:30:03+00:00","dateModified":"2025-03-09T00:22:45+00:00","breadcrumb":{"@id":"https:\/\/antiqua.mx\/producto\/montemayor-carlos-los-informes-secretos#breadcrumb"},"inLanguage":"en-US","potentialAction":[{"@type":"ReadAction","target":["https:\/\/antiqua.mx\/producto\/montemayor-carlos-los-informes-secretos"]}]},{"@type":"ImageObject","inLanguage":"en-US","@id":"https:\/\/antiqua.mx\/producto\/montemayor-carlos-los-informes-secretos#primaryimage","url":"https:\/\/antiqua.mx\/wp-content\/uploads\/2020\/09\/MONTEMAYOR.-LOS-INFORMES-SECRETOS-scaled.jpg","contentUrl":"https:\/\/antiqua.mx\/wp-content\/uploads\/2020\/09\/MONTEMAYOR.-LOS-INFORMES-SECRETOS-scaled.jpg","width":1829,"height":2560},{"@type":"BreadcrumbList","@id":"https:\/\/antiqua.mx\/producto\/montemayor-carlos-los-informes-secretos#breadcrumb","itemListElement":[{"@type":"ListItem","position":1,"name":"Portada","item":"https:\/\/antiqua.mx\/en\/"},{"@type":"ListItem","position":2,"name":"Tienda","item":"https:\/\/antiqua.mx\/en\/tienda"},{"@type":"ListItem","position":3,"name":"MONTEMAYOR CARLOS. LOS INFORMES SECRETOS"}]},{"@type":"WebSite","@id":"https:\/\/antiqua.mx\/en\/#website","url":"https:\/\/antiqua.mx\/en\/","name":"","description":"","potentialAction":[{"@type":"SearchAction","target":{"@type":"EntryPoint","urlTemplate":"https:\/\/antiqua.mx\/en\/?s={search_term_string}"},"query-input":{"@type":"PropertyValueSpecification","valueRequired":true,"valueName":"search_term_string"}}],"inLanguage":"en-US"}]}},"jetpack_sharing_enabled":true,"_links":{"self":[{"href":"https:\/\/antiqua.mx\/en\/wp-json\/wp\/v2\/product\/2404","targetHints":{"allow":["GET"]}}],"collection":[{"href":"https:\/\/antiqua.mx\/en\/wp-json\/wp\/v2\/product"}],"about":[{"href":"https:\/\/antiqua.mx\/en\/wp-json\/wp\/v2\/types\/product"}],"replies":[{"embeddable":true,"href":"https:\/\/antiqua.mx\/en\/wp-json\/wp\/v2\/comments?post=2404"}],"wp:featuredmedia":[{"embeddable":true,"href":"https:\/\/antiqua.mx\/en\/wp-json\/wp\/v2\/media\/2405"}],"wp:attachment":[{"href":"https:\/\/antiqua.mx\/en\/wp-json\/wp\/v2\/media?parent=2404"}],"wp:term":[{"taxonomy":"product_brand","embeddable":true,"href":"https:\/\/antiqua.mx\/en\/wp-json\/wp\/v2\/product_brand?post=2404"},{"taxonomy":"product_cat","embeddable":true,"href":"https:\/\/antiqua.mx\/en\/wp-json\/wp\/v2\/product_cat?post=2404"},{"taxonomy":"product_tag","embeddable":true,"href":"https:\/\/antiqua.mx\/en\/wp-json\/wp\/v2\/product_tag?post=2404"}],"curies":[{"name":"wp","href":"https:\/\/api.w.org\/{rel}","templated":true}]}}