{"id":2449,"date":"2020-09-13T07:28:14","date_gmt":"2020-09-13T07:28:14","guid":{"rendered":"https:\/\/antiqua.mx\/?post_type=product&#038;p=2449"},"modified":"2021-08-06T19:47:13","modified_gmt":"2021-08-06T19:47:13","slug":"pacheco-jose-emilio-el-reposo-del-fuego","status":"publish","type":"product","link":"https:\/\/antiqua.mx\/en\/product\/pacheco-jose-emilio-el-reposo-del-fuego","title":{"rendered":"PACHECO JOS\u00c9 EMILIO. EL REPOSO DEL FUEGO"},"content":{"rendered":"<p><strong>Pacheco Jos\u00e9 Emilio<\/strong><\/p>\n<p>Editorial: ERA<\/p>\n<p>Tercera edici\u00f3n<\/p>\n<p>A\u00f1o 1984<\/p>\n<p>R\u00fastico, en buenas condiciones. El empastado est\u00e1 un poco maltratado.<\/p>\n<p>63 p\u00e1ginas<\/p>","protected":false},"excerpt":{"rendered":"<ul>\n<li>Editorial: ERA<\/li>\n<li>Tercera edici\u00f3n<\/li>\n<li>A\u00f1o 1984<\/li>\n<li>R\u00fastico, en buenas condiciones. El empastado est\u00e1 un poco maltratado.<\/li>\n<li>63 p\u00e1ginas<\/li>\n<\/ul>","protected":false},"featured_media":2450,"comment_status":"open","ping_status":"closed","template":"","meta":{"_joinchat":[]},"product_brand":[],"product_cat":[335,336],"product_tag":[749],"class_list":{"0":"post-2449","1":"product","2":"type-product","3":"status-publish","6":"product_cat-literatura","7":"product_cat-litmexicana","8":"product_tag-jose-emilio-pacheco","10":"first","11":"instock","12":"featured","13":"taxable","14":"shipping-taxable","15":"purchasable","16":"product-type-simple"},"yoast_head":"<!-- This site is optimized with the Yoast SEO plugin v26.1.1 - https:\/\/yoast.com\/wordpress\/plugins\/seo\/ -->\n<title>PACHECO JOS\u00c9 EMILIO. EL REPOSO DEL FUEGO -<\/title>\n<meta name=\"robots\" content=\"index, follow, max-snippet:-1, max-image-preview:large, max-video-preview:-1\" \/>\n<link rel=\"canonical\" href=\"https:\/\/antiqua.mx\/en\/product\/pacheco-jose-emilio-el-reposo-del-fuego\" \/>\n<meta property=\"og:locale\" content=\"en_US\" \/>\n<meta property=\"og:type\" content=\"article\" \/>\n<meta property=\"og:title\" content=\"PACHECO JOS\u00c9 EMILIO. EL REPOSO DEL FUEGO -\" \/>\n<meta property=\"og:description\" content=\"Editorial: ERA  Tercera edici\u00f3n  A\u00f1o 1984  R\u00fastico, en buenas condiciones. El empastado est\u00e1 un poco maltratado.  63 p\u00e1ginas\" \/>\n<meta property=\"og:url\" content=\"https:\/\/antiqua.mx\/en\/product\/pacheco-jose-emilio-el-reposo-del-fuego\" \/>\n<meta property=\"article:modified_time\" content=\"2021-08-06T19:47:13+00:00\" \/>\n<meta property=\"og:image\" content=\"https:\/\/antiqua.mx\/wp-content\/uploads\/2020\/09\/PACHECO-JOS\u00c9-EMILIO.-EL-REPOSO-DEL-FUEGO-scaled.jpg\" \/>\n\t<meta property=\"og:image:width\" content=\"1499\" \/>\n\t<meta property=\"og:image:height\" content=\"2560\" \/>\n\t<meta property=\"og:image:type\" content=\"image\/jpeg\" \/>\n<meta name=\"twitter:card\" content=\"summary_large_image\" \/>\n<script type=\"application\/ld+json\" class=\"yoast-schema-graph\">{\"@context\":\"https:\/\/schema.org\",\"@graph\":[{\"@type\":\"WebPage\",\"@id\":\"https:\/\/antiqua.mx\/en\/product\/pacheco-jose-emilio-el-reposo-del-fuego\",\"url\":\"https:\/\/antiqua.mx\/en\/product\/pacheco-jose-emilio-el-reposo-del-fuego\",\"name\":\"PACHECO JOS\u00c9 EMILIO. EL REPOSO DEL FUEGO -\",\"isPartOf\":{\"@id\":\"https:\/\/antiqua.mx\/en\/#website\"},\"primaryImageOfPage\":{\"@id\":\"https:\/\/antiqua.mx\/en\/product\/pacheco-jose-emilio-el-reposo-del-fuego#primaryimage\"},\"image\":{\"@id\":\"https:\/\/antiqua.mx\/en\/product\/pacheco-jose-emilio-el-reposo-del-fuego#primaryimage\"},\"thumbnailUrl\":\"https:\/\/antiqua.mx\/wp-content\/uploads\/2020\/09\/PACHECO-JOS\u00c9-EMILIO.-EL-REPOSO-DEL-FUEGO-scaled.jpg\",\"datePublished\":\"2020-09-13T07:28:14+00:00\",\"dateModified\":\"2021-08-06T19:47:13+00:00\",\"breadcrumb\":{\"@id\":\"https:\/\/antiqua.mx\/en\/product\/pacheco-jose-emilio-el-reposo-del-fuego#breadcrumb\"},\"inLanguage\":\"en-US\",\"potentialAction\":[{\"@type\":\"ReadAction\",\"target\":[\"https:\/\/antiqua.mx\/en\/product\/pacheco-jose-emilio-el-reposo-del-fuego\"]}]},{\"@type\":\"ImageObject\",\"inLanguage\":\"en-US\",\"@id\":\"https:\/\/antiqua.mx\/en\/product\/pacheco-jose-emilio-el-reposo-del-fuego#primaryimage\",\"url\":\"https:\/\/antiqua.mx\/wp-content\/uploads\/2020\/09\/PACHECO-JOS\u00c9-EMILIO.-EL-REPOSO-DEL-FUEGO-scaled.jpg\",\"contentUrl\":\"https:\/\/antiqua.mx\/wp-content\/uploads\/2020\/09\/PACHECO-JOS\u00c9-EMILIO.-EL-REPOSO-DEL-FUEGO-scaled.jpg\",\"width\":1499,\"height\":2560},{\"@type\":\"BreadcrumbList\",\"@id\":\"https:\/\/antiqua.mx\/en\/product\/pacheco-jose-emilio-el-reposo-del-fuego#breadcrumb\",\"itemListElement\":[{\"@type\":\"ListItem\",\"position\":1,\"name\":\"Portada\",\"item\":\"https:\/\/antiqua.mx\/en\/\"},{\"@type\":\"ListItem\",\"position\":2,\"name\":\"Tienda\",\"item\":\"https:\/\/antiqua.mx\/en\/tienda\"},{\"@type\":\"ListItem\",\"position\":3,\"name\":\"PACHECO JOS\u00c9 EMILIO. EL REPOSO DEL FUEGO\"}]},{\"@type\":\"WebSite\",\"@id\":\"https:\/\/antiqua.mx\/en\/#website\",\"url\":\"https:\/\/antiqua.mx\/en\/\",\"name\":\"\",\"description\":\"\",\"potentialAction\":[{\"@type\":\"SearchAction\",\"target\":{\"@type\":\"EntryPoint\",\"urlTemplate\":\"https:\/\/antiqua.mx\/en\/?s={search_term_string}\"},\"query-input\":{\"@type\":\"PropertyValueSpecification\",\"valueRequired\":true,\"valueName\":\"search_term_string\"}}],\"inLanguage\":\"en-US\"}]}<\/script>\n<!-- \/ Yoast SEO plugin. -->","yoast_head_json":{"title":"PACHECO JOS\u00c9 EMILIO. EL REPOSO DEL FUEGO -","robots":{"index":"index","follow":"follow","max-snippet":"max-snippet:-1","max-image-preview":"max-image-preview:large","max-video-preview":"max-video-preview:-1"},"canonical":"https:\/\/antiqua.mx\/en\/product\/pacheco-jose-emilio-el-reposo-del-fuego","og_locale":"en_US","og_type":"article","og_title":"PACHECO JOS\u00c9 EMILIO. EL REPOSO DEL FUEGO -","og_description":"Editorial: ERA  Tercera edici\u00f3n  A\u00f1o 1984  R\u00fastico, en buenas condiciones. El empastado est\u00e1 un poco maltratado.  63 p\u00e1ginas","og_url":"https:\/\/antiqua.mx\/en\/product\/pacheco-jose-emilio-el-reposo-del-fuego","article_modified_time":"2021-08-06T19:47:13+00:00","og_image":[{"width":1499,"height":2560,"url":"https:\/\/antiqua.mx\/wp-content\/uploads\/2020\/09\/PACHECO-JOS\u00c9-EMILIO.-EL-REPOSO-DEL-FUEGO-scaled.jpg","type":"image\/jpeg"}],"twitter_card":"summary_large_image","schema":{"@context":"https:\/\/schema.org","@graph":[{"@type":"WebPage","@id":"https:\/\/antiqua.mx\/en\/product\/pacheco-jose-emilio-el-reposo-del-fuego","url":"https:\/\/antiqua.mx\/en\/product\/pacheco-jose-emilio-el-reposo-del-fuego","name":"PACHECO JOS\u00c9 EMILIO. EL REPOSO DEL FUEGO -","isPartOf":{"@id":"https:\/\/antiqua.mx\/en\/#website"},"primaryImageOfPage":{"@id":"https:\/\/antiqua.mx\/en\/product\/pacheco-jose-emilio-el-reposo-del-fuego#primaryimage"},"image":{"@id":"https:\/\/antiqua.mx\/en\/product\/pacheco-jose-emilio-el-reposo-del-fuego#primaryimage"},"thumbnailUrl":"https:\/\/antiqua.mx\/wp-content\/uploads\/2020\/09\/PACHECO-JOS\u00c9-EMILIO.-EL-REPOSO-DEL-FUEGO-scaled.jpg","datePublished":"2020-09-13T07:28:14+00:00","dateModified":"2021-08-06T19:47:13+00:00","breadcrumb":{"@id":"https:\/\/antiqua.mx\/en\/product\/pacheco-jose-emilio-el-reposo-del-fuego#breadcrumb"},"inLanguage":"en-US","potentialAction":[{"@type":"ReadAction","target":["https:\/\/antiqua.mx\/en\/product\/pacheco-jose-emilio-el-reposo-del-fuego"]}]},{"@type":"ImageObject","inLanguage":"en-US","@id":"https:\/\/antiqua.mx\/en\/product\/pacheco-jose-emilio-el-reposo-del-fuego#primaryimage","url":"https:\/\/antiqua.mx\/wp-content\/uploads\/2020\/09\/PACHECO-JOS\u00c9-EMILIO.-EL-REPOSO-DEL-FUEGO-scaled.jpg","contentUrl":"https:\/\/antiqua.mx\/wp-content\/uploads\/2020\/09\/PACHECO-JOS\u00c9-EMILIO.-EL-REPOSO-DEL-FUEGO-scaled.jpg","width":1499,"height":2560},{"@type":"BreadcrumbList","@id":"https:\/\/antiqua.mx\/en\/product\/pacheco-jose-emilio-el-reposo-del-fuego#breadcrumb","itemListElement":[{"@type":"ListItem","position":1,"name":"Portada","item":"https:\/\/antiqua.mx\/en\/"},{"@type":"ListItem","position":2,"name":"Tienda","item":"https:\/\/antiqua.mx\/en\/tienda"},{"@type":"ListItem","position":3,"name":"PACHECO JOS\u00c9 EMILIO. EL REPOSO DEL FUEGO"}]},{"@type":"WebSite","@id":"https:\/\/antiqua.mx\/en\/#website","url":"https:\/\/antiqua.mx\/en\/","name":"","description":"","potentialAction":[{"@type":"SearchAction","target":{"@type":"EntryPoint","urlTemplate":"https:\/\/antiqua.mx\/en\/?s={search_term_string}"},"query-input":{"@type":"PropertyValueSpecification","valueRequired":true,"valueName":"search_term_string"}}],"inLanguage":"en-US"}]}},"jetpack_sharing_enabled":true,"_links":{"self":[{"href":"https:\/\/antiqua.mx\/en\/wp-json\/wp\/v2\/product\/2449","targetHints":{"allow":["GET"]}}],"collection":[{"href":"https:\/\/antiqua.mx\/en\/wp-json\/wp\/v2\/product"}],"about":[{"href":"https:\/\/antiqua.mx\/en\/wp-json\/wp\/v2\/types\/product"}],"replies":[{"embeddable":true,"href":"https:\/\/antiqua.mx\/en\/wp-json\/wp\/v2\/comments?post=2449"}],"wp:featuredmedia":[{"embeddable":true,"href":"https:\/\/antiqua.mx\/en\/wp-json\/wp\/v2\/media\/2450"}],"wp:attachment":[{"href":"https:\/\/antiqua.mx\/en\/wp-json\/wp\/v2\/media?parent=2449"}],"wp:term":[{"taxonomy":"product_brand","embeddable":true,"href":"https:\/\/antiqua.mx\/en\/wp-json\/wp\/v2\/product_brand?post=2449"},{"taxonomy":"product_cat","embeddable":true,"href":"https:\/\/antiqua.mx\/en\/wp-json\/wp\/v2\/product_cat?post=2449"},{"taxonomy":"product_tag","embeddable":true,"href":"https:\/\/antiqua.mx\/en\/wp-json\/wp\/v2\/product_tag?post=2449"}],"curies":[{"name":"wp","href":"https:\/\/api.w.org\/{rel}","templated":true}]}}