{"id":25456,"date":"2026-02-03T23:02:11","date_gmt":"2026-02-03T23:02:11","guid":{"rendered":"https:\/\/antiqua.mx\/?post_type=product&#038;p=25456"},"modified":"2026-02-07T23:38:43","modified_gmt":"2026-02-07T23:38:43","slug":"baz-gustavo-y-gallo-e-l-historia-del-ferrocarril-mexicano-estudios-cientificos-historicos-y-estadisticos","status":"publish","type":"product","link":"https:\/\/antiqua.mx\/en\/product\/baz-gustavo-y-gallo-e-l-historia-del-ferrocarril-mexicano-estudios-cientificos-historicos-y-estadisticos\/","title":{"rendered":"BAZ GUSTAVO Y GALLO E. L. HISTORIA DEL FERROCARRIL MEXICANO. ESTUDIOS CIENT\u00cdFICOS, HIST\u00d3RICOS Y ESTAD\u00cdSTICOS"},"content":{"rendered":"<p><strong>Baz Gustavo y Gallo E. L.<\/strong><\/p>\n<p>Editorial: COSMOS<\/p>\n<p>Segunda edici\u00f3n<\/p>\n<p>A\u00f1o 1975<\/p>\n<p>Empastado, en buenas condiciones. Las \u00faltimas 15 hojas presentan manchas de humedad que no interfieren con su lectura<\/p>\n<p>El ejemplar est\u00e1 ilustrado con m\u00faltiples litograf\u00edas a color y dos mapas a blanco y negro.<\/p>\n<p><em>&#8220;Riqueza de M\u00e9xico en la zona del Golfo \u00e1 la Mesa Central, bajo su aspecto geol\u00f3gico, agr\u00edcola, manufacturero y comercial&#8221;<\/em><\/p>\n<p>La obra tiene sellos del \u201cASPIRANTADO JUAN PONCE DE LE\u00d3N BIBLIOTECA: DR. CARLOS FUENTES GUTI\u00c9RREZ 10 PONIENTE No. 1711, PUEBLA, PUE.\u201d<\/p>\n<p>Ejemplar No. 145 de 500.<\/p>\n<p>Impreso en M\u00e9xico.<\/p>\n<p>295 p\u00e1ginas<\/p>\n<p>&nbsp;<\/p>","protected":false},"excerpt":{"rendered":"<ul>\n<li>Editorial: COSMOS<\/li>\n<li>Segunda edici\u00f3n<\/li>\n<li>A\u00f1o 1975<\/li>\n<li>Empastado, en buenas condiciones. Las \u00faltimas 15 hojas presentan manchas de humedad que no interfieren con su lectura<\/li>\n<li>El ejemplar est\u00e1 ilustrado con m\u00faltiples litograf\u00edas a color y dos mapas a blanco y negro.<\/li>\n<li><em>&#8220;Riqueza de M\u00e9xico en la zona del Golfo \u00e1 la Mesa Central, bajo su aspecto geol\u00f3gico, agr\u00edcola, manufacturero y comercial&#8221;<\/em><\/li>\n<li>La obra tiene sellos del \u201cASPIRANTADO JUAN PONCE DE LE\u00d3N BIBLIOTECA: DR. CARLOS FUENTES GUTI\u00c9RREZ 10 PONIENTE No. 1711, PUEBLA, PUE.\u201d<\/li>\n<li>Ejemplar No. 145 de 500.<\/li>\n<li>Impreso en M\u00e9xico.<\/li>\n<li>295 p\u00e1ginas<\/li>\n<li><\/li>\n<\/ul>","protected":false},"featured_media":0,"comment_status":"closed","ping_status":"closed","template":"","meta":{"_joinchat":[]},"product_brand":[],"product_cat":[393,375],"product_tag":[6417,4134],"class_list":{"1":"product","2":"type-product","3":"status-publish","5":"product_cat-ferrocar","6":"product_cat-mex","7":"product_tag-e-l-gallo","8":"product_tag-gustavo-baz","10":"first","11":"instock","12":"featured","13":"taxable","14":"shipping-taxable","15":"purchasable","16":"product-type-simple"},"yoast_head":"<!-- This site is optimized with the Yoast SEO plugin v26.1.1 - https:\/\/yoast.com\/wordpress\/plugins\/seo\/ -->\n<title>BAZ GUSTAVO Y GALLO E. L. HISTORIA DEL FERROCARRIL MEXICANO. ESTUDIOS CIENT\u00cdFICOS, HIST\u00d3RICOS Y ESTAD\u00cdSTICOS -<\/title>\n<meta name=\"robots\" content=\"index, follow, max-snippet:-1, max-image-preview:large, max-video-preview:-1\" \/>\n<link rel=\"canonical\" href=\"https:\/\/antiqua.mx\/en\/product\/baz-gustavo-y-gallo-e-l-historia-del-ferrocarril-mexicano-estudios-cientificos-historicos-y-estadisticos\/\" \/>\n<meta property=\"og:locale\" content=\"en_US\" \/>\n<meta property=\"og:type\" content=\"article\" \/>\n<meta property=\"og:title\" content=\"BAZ GUSTAVO Y GALLO E. L. HISTORIA DEL FERROCARRIL MEXICANO. ESTUDIOS CIENT\u00cdFICOS, HIST\u00d3RICOS Y ESTAD\u00cdSTICOS -\" \/>\n<meta property=\"og:description\" content=\"Editorial: COSMOS  Segunda edici\u00f3n  A\u00f1o 1975  Empastado, en buenas condiciones. Las \u00faltimas 15 hojas presentan manchas de humedad que no interfieren con su lectura  El ejemplar est\u00e1 ilustrado con m\u00faltiples litograf\u00edas a color y dos mapas a blanco y negro.  &quot;Riqueza de M\u00e9xico en la zona del Golfo \u00e1 la Mesa Central, bajo su aspecto geol\u00f3gico, agr\u00edcola, manufacturero y comercial&quot;  La obra tiene sellos del \u201cASPIRANTADO JUAN PONCE DE LE\u00d3N BIBLIOTECA: DR. CARLOS FUENTES GUTI\u00c9RREZ 10 PONIENTE No. 1711, PUEBLA, PUE.\u201d  Ejemplar No. 145 de 500.  Impreso en M\u00e9xico.  295 p\u00e1ginas\" \/>\n<meta property=\"og:url\" content=\"https:\/\/antiqua.mx\/en\/product\/baz-gustavo-y-gallo-e-l-historia-del-ferrocarril-mexicano-estudios-cientificos-historicos-y-estadisticos\/\" \/>\n<meta property=\"article:modified_time\" content=\"2026-02-07T23:38:43+00:00\" \/>\n<meta name=\"twitter:card\" content=\"summary_large_image\" \/>\n<meta name=\"twitter:label1\" content=\"Est. reading time\" \/>\n\t<meta name=\"twitter:data1\" content=\"1 minute\" \/>\n<script type=\"application\/ld+json\" class=\"yoast-schema-graph\">{\"@context\":\"https:\/\/schema.org\",\"@graph\":[{\"@type\":\"WebPage\",\"@id\":\"https:\/\/antiqua.mx\/producto\/baz-gustavo-y-gallo-e-l-historia-del-ferrocarril-mexicano-estudios-cientificos-historicos-y-estadisticos\/\",\"url\":\"https:\/\/antiqua.mx\/producto\/baz-gustavo-y-gallo-e-l-historia-del-ferrocarril-mexicano-estudios-cientificos-historicos-y-estadisticos\/\",\"name\":\"BAZ GUSTAVO Y GALLO E. L. HISTORIA DEL FERROCARRIL MEXICANO. ESTUDIOS CIENT\u00cdFICOS, HIST\u00d3RICOS Y ESTAD\u00cdSTICOS -\",\"isPartOf\":{\"@id\":\"https:\/\/antiqua.mx\/en\/#website\"},\"datePublished\":\"2026-02-03T23:02:11+00:00\",\"dateModified\":\"2026-02-07T23:38:43+00:00\",\"breadcrumb\":{\"@id\":\"https:\/\/antiqua.mx\/producto\/baz-gustavo-y-gallo-e-l-historia-del-ferrocarril-mexicano-estudios-cientificos-historicos-y-estadisticos\/#breadcrumb\"},\"inLanguage\":\"en-US\",\"potentialAction\":[{\"@type\":\"ReadAction\",\"target\":[\"https:\/\/antiqua.mx\/producto\/baz-gustavo-y-gallo-e-l-historia-del-ferrocarril-mexicano-estudios-cientificos-historicos-y-estadisticos\/\"]}]},{\"@type\":\"BreadcrumbList\",\"@id\":\"https:\/\/antiqua.mx\/producto\/baz-gustavo-y-gallo-e-l-historia-del-ferrocarril-mexicano-estudios-cientificos-historicos-y-estadisticos\/#breadcrumb\",\"itemListElement\":[{\"@type\":\"ListItem\",\"position\":1,\"name\":\"Portada\",\"item\":\"https:\/\/antiqua.mx\/en\/\"},{\"@type\":\"ListItem\",\"position\":2,\"name\":\"Tienda\",\"item\":\"https:\/\/antiqua.mx\/tienda\/\"},{\"@type\":\"ListItem\",\"position\":3,\"name\":\"BAZ GUSTAVO Y GALLO E. L. HISTORIA DEL FERROCARRIL MEXICANO. ESTUDIOS CIENT\u00cdFICOS, HIST\u00d3RICOS Y ESTAD\u00cdSTICOS\"}]},{\"@type\":\"WebSite\",\"@id\":\"https:\/\/antiqua.mx\/en\/#website\",\"url\":\"https:\/\/antiqua.mx\/en\/\",\"name\":\"\",\"description\":\"\",\"potentialAction\":[{\"@type\":\"SearchAction\",\"target\":{\"@type\":\"EntryPoint\",\"urlTemplate\":\"https:\/\/antiqua.mx\/en\/?s={search_term_string}\"},\"query-input\":{\"@type\":\"PropertyValueSpecification\",\"valueRequired\":true,\"valueName\":\"search_term_string\"}}],\"inLanguage\":\"en-US\"}]}<\/script>\n<!-- \/ Yoast SEO plugin. -->","yoast_head_json":{"title":"BAZ GUSTAVO Y GALLO E. L. HISTORIA DEL FERROCARRIL MEXICANO. ESTUDIOS CIENT\u00cdFICOS, HIST\u00d3RICOS Y ESTAD\u00cdSTICOS -","robots":{"index":"index","follow":"follow","max-snippet":"max-snippet:-1","max-image-preview":"max-image-preview:large","max-video-preview":"max-video-preview:-1"},"canonical":"https:\/\/antiqua.mx\/en\/product\/baz-gustavo-y-gallo-e-l-historia-del-ferrocarril-mexicano-estudios-cientificos-historicos-y-estadisticos\/","og_locale":"en_US","og_type":"article","og_title":"BAZ GUSTAVO Y GALLO E. L. HISTORIA DEL FERROCARRIL MEXICANO. ESTUDIOS CIENT\u00cdFICOS, HIST\u00d3RICOS Y ESTAD\u00cdSTICOS -","og_description":"Editorial: COSMOS  Segunda edici\u00f3n  A\u00f1o 1975  Empastado, en buenas condiciones. Las \u00faltimas 15 hojas presentan manchas de humedad que no interfieren con su lectura  El ejemplar est\u00e1 ilustrado con m\u00faltiples litograf\u00edas a color y dos mapas a blanco y negro.  \"Riqueza de M\u00e9xico en la zona del Golfo \u00e1 la Mesa Central, bajo su aspecto geol\u00f3gico, agr\u00edcola, manufacturero y comercial\"  La obra tiene sellos del \u201cASPIRANTADO JUAN PONCE DE LE\u00d3N BIBLIOTECA: DR. CARLOS FUENTES GUTI\u00c9RREZ 10 PONIENTE No. 1711, PUEBLA, PUE.\u201d  Ejemplar No. 145 de 500.  Impreso en M\u00e9xico.  295 p\u00e1ginas","og_url":"https:\/\/antiqua.mx\/en\/product\/baz-gustavo-y-gallo-e-l-historia-del-ferrocarril-mexicano-estudios-cientificos-historicos-y-estadisticos\/","article_modified_time":"2026-02-07T23:38:43+00:00","twitter_card":"summary_large_image","twitter_misc":{"Est. reading time":"1 minute"},"schema":{"@context":"https:\/\/schema.org","@graph":[{"@type":"WebPage","@id":"https:\/\/antiqua.mx\/producto\/baz-gustavo-y-gallo-e-l-historia-del-ferrocarril-mexicano-estudios-cientificos-historicos-y-estadisticos\/","url":"https:\/\/antiqua.mx\/producto\/baz-gustavo-y-gallo-e-l-historia-del-ferrocarril-mexicano-estudios-cientificos-historicos-y-estadisticos\/","name":"BAZ GUSTAVO Y GALLO E. L. HISTORIA DEL FERROCARRIL MEXICANO. ESTUDIOS CIENT\u00cdFICOS, HIST\u00d3RICOS Y ESTAD\u00cdSTICOS -","isPartOf":{"@id":"https:\/\/antiqua.mx\/en\/#website"},"datePublished":"2026-02-03T23:02:11+00:00","dateModified":"2026-02-07T23:38:43+00:00","breadcrumb":{"@id":"https:\/\/antiqua.mx\/producto\/baz-gustavo-y-gallo-e-l-historia-del-ferrocarril-mexicano-estudios-cientificos-historicos-y-estadisticos\/#breadcrumb"},"inLanguage":"en-US","potentialAction":[{"@type":"ReadAction","target":["https:\/\/antiqua.mx\/producto\/baz-gustavo-y-gallo-e-l-historia-del-ferrocarril-mexicano-estudios-cientificos-historicos-y-estadisticos\/"]}]},{"@type":"BreadcrumbList","@id":"https:\/\/antiqua.mx\/producto\/baz-gustavo-y-gallo-e-l-historia-del-ferrocarril-mexicano-estudios-cientificos-historicos-y-estadisticos\/#breadcrumb","itemListElement":[{"@type":"ListItem","position":1,"name":"Portada","item":"https:\/\/antiqua.mx\/en\/"},{"@type":"ListItem","position":2,"name":"Tienda","item":"https:\/\/antiqua.mx\/tienda\/"},{"@type":"ListItem","position":3,"name":"BAZ GUSTAVO Y GALLO E. L. HISTORIA DEL FERROCARRIL MEXICANO. ESTUDIOS CIENT\u00cdFICOS, HIST\u00d3RICOS Y ESTAD\u00cdSTICOS"}]},{"@type":"WebSite","@id":"https:\/\/antiqua.mx\/en\/#website","url":"https:\/\/antiqua.mx\/en\/","name":"","description":"","potentialAction":[{"@type":"SearchAction","target":{"@type":"EntryPoint","urlTemplate":"https:\/\/antiqua.mx\/en\/?s={search_term_string}"},"query-input":{"@type":"PropertyValueSpecification","valueRequired":true,"valueName":"search_term_string"}}],"inLanguage":"en-US"}]}},"jetpack_sharing_enabled":true,"_links":{"self":[{"href":"https:\/\/antiqua.mx\/en\/wp-json\/wp\/v2\/product\/25456","targetHints":{"allow":["GET"]}}],"collection":[{"href":"https:\/\/antiqua.mx\/en\/wp-json\/wp\/v2\/product"}],"about":[{"href":"https:\/\/antiqua.mx\/en\/wp-json\/wp\/v2\/types\/product"}],"replies":[{"embeddable":true,"href":"https:\/\/antiqua.mx\/en\/wp-json\/wp\/v2\/comments?post=25456"}],"wp:attachment":[{"href":"https:\/\/antiqua.mx\/en\/wp-json\/wp\/v2\/media?parent=25456"}],"wp:term":[{"taxonomy":"product_brand","embeddable":true,"href":"https:\/\/antiqua.mx\/en\/wp-json\/wp\/v2\/product_brand?post=25456"},{"taxonomy":"product_cat","embeddable":true,"href":"https:\/\/antiqua.mx\/en\/wp-json\/wp\/v2\/product_cat?post=25456"},{"taxonomy":"product_tag","embeddable":true,"href":"https:\/\/antiqua.mx\/en\/wp-json\/wp\/v2\/product_tag?post=25456"}],"curies":[{"name":"wp","href":"https:\/\/api.w.org\/{rel}","templated":true}]}}