{"id":25473,"date":"2026-02-18T00:57:38","date_gmt":"2026-02-18T00:57:38","guid":{"rendered":"https:\/\/antiqua.mx\/?post_type=product&#038;p=25473"},"modified":"2026-03-02T19:58:49","modified_gmt":"2026-03-02T19:58:49","slug":"estampas-de-historia-de-mexico","status":"publish","type":"product","link":"https:\/\/antiqua.mx\/en\/product\/estampas-de-historia-de-mexico\/","title":{"rendered":"ESTAMPAS DE HISTORIA DE M\u00c9XICO"},"content":{"rendered":"<p>Editorial: BANCA SERF\u00cdN, S. A.<\/p>\n<p>A\u00f1o 1977<\/p>\n<p>Empastado, en buenas condiciones. El empastado est\u00e1 ligeramente maltratado.<\/p>\n<p>Idea, recopilaci\u00f3n y textos de Ricardo L\u00f3pez M\u00e9ndez.<\/p>\n<p>Dibujos de Alberto Beltr\u00e1n.<\/p>\n<p>Pr\u00f3logo de Salvador Novo.<\/p>\n<p>Edici\u00f3n fuera de comercio.<\/p>\n<p>Impreso en M\u00e9xico.<\/p>\n<p>75 p\u00e1ginas<\/p>","protected":false},"excerpt":{"rendered":"<ul>\n<li>Editorial: BANCA SERF\u00cdN, S. A.<\/li>\n<li>A\u00f1o 1977<\/li>\n<li>Empastado, en buenas condiciones. El empastado est\u00e1 ligeramente maltratado.<\/li>\n<li>Idea, recopilaci\u00f3n y textos de Ricardo L\u00f3pez M\u00e9ndez.<\/li>\n<li>Dibujos de Alberto Beltr\u00e1n.<\/li>\n<li>Pr\u00f3logo de Salvador Novo.<\/li>\n<li>Edici\u00f3n fuera de comercio.<\/li>\n<li>Impreso en M\u00e9xico.<\/li>\n<li>75 p\u00e1ginas<\/li>\n<\/ul>","protected":false},"featured_media":0,"comment_status":"closed","ping_status":"closed","template":"","meta":{"_joinchat":[]},"product_brand":[],"product_cat":[349,350,378,375,943],"product_tag":[912,6246,865,1209,1203,1352,1411,6427,744],"class_list":{"1":"product","2":"type-product","3":"status-publish","5":"product_cat-arte","6":"product_cat-arte-mexicano","7":"product_cat-histmex-mex","8":"product_cat-mex","9":"product_cat-obra-plastica-mex","10":"product_tag-alberto-beltran","11":"product_tag-mexico-en-el-siglo-xiv","12":"product_tag-mexico-en-el-siglo-xix","13":"product_tag-mexico-en-el-siglo-xvi","14":"product_tag-mexico-en-el-siglo-xvii","15":"product_tag-mexico-en-el-siglo-xviii","16":"product_tag-mexico-en-el-siglo-xx","17":"product_tag-ricardo-lopez-mendez","18":"product_tag-salvador-novo","20":"first","21":"instock","22":"featured","23":"taxable","24":"shipping-taxable","25":"purchasable","26":"product-type-simple"},"yoast_head":"<!-- This site is optimized with the Yoast SEO plugin v26.1.1 - https:\/\/yoast.com\/wordpress\/plugins\/seo\/ -->\n<title>ESTAMPAS DE HISTORIA DE M\u00c9XICO -<\/title>\n<meta name=\"robots\" content=\"index, follow, max-snippet:-1, max-image-preview:large, max-video-preview:-1\" \/>\n<link rel=\"canonical\" href=\"https:\/\/antiqua.mx\/en\/product\/estampas-de-historia-de-mexico\/\" \/>\n<meta property=\"og:locale\" content=\"en_US\" \/>\n<meta property=\"og:type\" content=\"article\" \/>\n<meta property=\"og:title\" content=\"ESTAMPAS DE HISTORIA DE M\u00c9XICO -\" \/>\n<meta property=\"og:description\" content=\"Editorial: BANCA SERF\u00cdN, S. A.  A\u00f1o 1977  Empastado, en buenas condiciones. El empastado est\u00e1 ligeramente maltratado.  Idea, recopilaci\u00f3n y textos de Ricardo L\u00f3pez M\u00e9ndez.  Dibujos de Alberto Beltr\u00e1n.  Pr\u00f3logo de Salvador Novo.  Edici\u00f3n fuera de comercio.  Impreso en M\u00e9xico.  75 p\u00e1ginas\" \/>\n<meta property=\"og:url\" content=\"https:\/\/antiqua.mx\/en\/product\/estampas-de-historia-de-mexico\/\" \/>\n<meta property=\"article:modified_time\" content=\"2026-03-02T19:58:49+00:00\" \/>\n<meta name=\"twitter:card\" content=\"summary_large_image\" \/>\n<meta name=\"twitter:label1\" content=\"Est. reading time\" \/>\n\t<meta name=\"twitter:data1\" content=\"1 minute\" \/>\n<script type=\"application\/ld+json\" class=\"yoast-schema-graph\">{\"@context\":\"https:\/\/schema.org\",\"@graph\":[{\"@type\":\"WebPage\",\"@id\":\"https:\/\/antiqua.mx\/producto\/estampas-de-historia-de-mexico\/\",\"url\":\"https:\/\/antiqua.mx\/producto\/estampas-de-historia-de-mexico\/\",\"name\":\"ESTAMPAS DE HISTORIA DE M\u00c9XICO -\",\"isPartOf\":{\"@id\":\"https:\/\/antiqua.mx\/en\/#website\"},\"datePublished\":\"2026-02-18T00:57:38+00:00\",\"dateModified\":\"2026-03-02T19:58:49+00:00\",\"breadcrumb\":{\"@id\":\"https:\/\/antiqua.mx\/producto\/estampas-de-historia-de-mexico\/#breadcrumb\"},\"inLanguage\":\"en-US\",\"potentialAction\":[{\"@type\":\"ReadAction\",\"target\":[\"https:\/\/antiqua.mx\/producto\/estampas-de-historia-de-mexico\/\"]}]},{\"@type\":\"BreadcrumbList\",\"@id\":\"https:\/\/antiqua.mx\/producto\/estampas-de-historia-de-mexico\/#breadcrumb\",\"itemListElement\":[{\"@type\":\"ListItem\",\"position\":1,\"name\":\"Portada\",\"item\":\"https:\/\/antiqua.mx\/en\/\"},{\"@type\":\"ListItem\",\"position\":2,\"name\":\"Tienda\",\"item\":\"https:\/\/antiqua.mx\/tienda\/\"},{\"@type\":\"ListItem\",\"position\":3,\"name\":\"ESTAMPAS DE HISTORIA DE M\u00c9XICO\"}]},{\"@type\":\"WebSite\",\"@id\":\"https:\/\/antiqua.mx\/en\/#website\",\"url\":\"https:\/\/antiqua.mx\/en\/\",\"name\":\"\",\"description\":\"\",\"potentialAction\":[{\"@type\":\"SearchAction\",\"target\":{\"@type\":\"EntryPoint\",\"urlTemplate\":\"https:\/\/antiqua.mx\/en\/?s={search_term_string}\"},\"query-input\":{\"@type\":\"PropertyValueSpecification\",\"valueRequired\":true,\"valueName\":\"search_term_string\"}}],\"inLanguage\":\"en-US\"}]}<\/script>\n<!-- \/ Yoast SEO plugin. -->","yoast_head_json":{"title":"ESTAMPAS DE HISTORIA DE M\u00c9XICO -","robots":{"index":"index","follow":"follow","max-snippet":"max-snippet:-1","max-image-preview":"max-image-preview:large","max-video-preview":"max-video-preview:-1"},"canonical":"https:\/\/antiqua.mx\/en\/product\/estampas-de-historia-de-mexico\/","og_locale":"en_US","og_type":"article","og_title":"ESTAMPAS DE HISTORIA DE M\u00c9XICO -","og_description":"Editorial: BANCA SERF\u00cdN, S. A.  A\u00f1o 1977  Empastado, en buenas condiciones. El empastado est\u00e1 ligeramente maltratado.  Idea, recopilaci\u00f3n y textos de Ricardo L\u00f3pez M\u00e9ndez.  Dibujos de Alberto Beltr\u00e1n.  Pr\u00f3logo de Salvador Novo.  Edici\u00f3n fuera de comercio.  Impreso en M\u00e9xico.  75 p\u00e1ginas","og_url":"https:\/\/antiqua.mx\/en\/product\/estampas-de-historia-de-mexico\/","article_modified_time":"2026-03-02T19:58:49+00:00","twitter_card":"summary_large_image","twitter_misc":{"Est. reading time":"1 minute"},"schema":{"@context":"https:\/\/schema.org","@graph":[{"@type":"WebPage","@id":"https:\/\/antiqua.mx\/producto\/estampas-de-historia-de-mexico\/","url":"https:\/\/antiqua.mx\/producto\/estampas-de-historia-de-mexico\/","name":"ESTAMPAS DE HISTORIA DE M\u00c9XICO -","isPartOf":{"@id":"https:\/\/antiqua.mx\/en\/#website"},"datePublished":"2026-02-18T00:57:38+00:00","dateModified":"2026-03-02T19:58:49+00:00","breadcrumb":{"@id":"https:\/\/antiqua.mx\/producto\/estampas-de-historia-de-mexico\/#breadcrumb"},"inLanguage":"en-US","potentialAction":[{"@type":"ReadAction","target":["https:\/\/antiqua.mx\/producto\/estampas-de-historia-de-mexico\/"]}]},{"@type":"BreadcrumbList","@id":"https:\/\/antiqua.mx\/producto\/estampas-de-historia-de-mexico\/#breadcrumb","itemListElement":[{"@type":"ListItem","position":1,"name":"Portada","item":"https:\/\/antiqua.mx\/en\/"},{"@type":"ListItem","position":2,"name":"Tienda","item":"https:\/\/antiqua.mx\/tienda\/"},{"@type":"ListItem","position":3,"name":"ESTAMPAS DE HISTORIA DE M\u00c9XICO"}]},{"@type":"WebSite","@id":"https:\/\/antiqua.mx\/en\/#website","url":"https:\/\/antiqua.mx\/en\/","name":"","description":"","potentialAction":[{"@type":"SearchAction","target":{"@type":"EntryPoint","urlTemplate":"https:\/\/antiqua.mx\/en\/?s={search_term_string}"},"query-input":{"@type":"PropertyValueSpecification","valueRequired":true,"valueName":"search_term_string"}}],"inLanguage":"en-US"}]}},"jetpack_sharing_enabled":true,"_links":{"self":[{"href":"https:\/\/antiqua.mx\/en\/wp-json\/wp\/v2\/product\/25473","targetHints":{"allow":["GET"]}}],"collection":[{"href":"https:\/\/antiqua.mx\/en\/wp-json\/wp\/v2\/product"}],"about":[{"href":"https:\/\/antiqua.mx\/en\/wp-json\/wp\/v2\/types\/product"}],"replies":[{"embeddable":true,"href":"https:\/\/antiqua.mx\/en\/wp-json\/wp\/v2\/comments?post=25473"}],"wp:attachment":[{"href":"https:\/\/antiqua.mx\/en\/wp-json\/wp\/v2\/media?parent=25473"}],"wp:term":[{"taxonomy":"product_brand","embeddable":true,"href":"https:\/\/antiqua.mx\/en\/wp-json\/wp\/v2\/product_brand?post=25473"},{"taxonomy":"product_cat","embeddable":true,"href":"https:\/\/antiqua.mx\/en\/wp-json\/wp\/v2\/product_cat?post=25473"},{"taxonomy":"product_tag","embeddable":true,"href":"https:\/\/antiqua.mx\/en\/wp-json\/wp\/v2\/product_tag?post=25473"}],"curies":[{"name":"wp","href":"https:\/\/api.w.org\/{rel}","templated":true}]}}