{"id":25475,"date":"2026-02-20T22:17:11","date_gmt":"2026-02-20T22:17:11","guid":{"rendered":"https:\/\/antiqua.mx\/?post_type=product&#038;p=25475"},"modified":"2026-03-02T19:59:19","modified_gmt":"2026-03-02T19:59:19","slug":"calvino-italo-memoria-del-mundo-y-otras-cosmicomicas","status":"publish","type":"product","link":"https:\/\/antiqua.mx\/en\/product\/calvino-italo-memoria-del-mundo-y-otras-cosmicomicas\/","title":{"rendered":"CALVINO \u00cdTALO. MEMORIA DEL MUNDO Y OTRAS COSMIC\u00d3MICAS"},"content":{"rendered":"<p><strong>Calvino \u00cdtalo<\/strong><\/p>\n<p>Editorial: Siruela \/ Bolsillo<\/p>\n<p>Segunda edici\u00f3n<\/p>\n<p>A\u00f1o 1995<\/p>\n<p>R\u00fastico, en buenas condiciones. El empastado est\u00e1 ligeramente maltratado.<\/p>\n<p>Traducci\u00f3n de Aurora Bern\u00e1rdez.<\/p>\n<p>Impreso en Espa\u00f1a.<\/p>\n<p>228 p\u00e1ginas<\/p>","protected":false},"excerpt":{"rendered":"<ul>\n<li>Editorial: Siruela \/ Bolsillo<\/li>\n<li>Segunda edici\u00f3n<\/li>\n<li>A\u00f1o 1995<\/li>\n<li>R\u00fastico, en buenas condiciones. El empastado est\u00e1 ligeramente maltratado.<\/li>\n<li>Traducci\u00f3n de Aurora Bern\u00e1rdez.<\/li>\n<li>Impreso en Espa\u00f1a.<\/li>\n<li>228 p\u00e1ginas<\/li>\n<\/ul>","protected":false},"featured_media":0,"comment_status":"closed","ping_status":"closed","template":"","meta":{"_joinchat":[]},"product_brand":[],"product_cat":[335,337],"product_tag":[3339],"class_list":{"1":"product","2":"type-product","3":"status-publish","5":"product_cat-literatura","6":"product_cat-lituniversal","7":"product_tag-italo-calvino","9":"first","10":"instock","11":"taxable","12":"shipping-taxable","13":"purchasable","14":"product-type-simple"},"yoast_head":"<!-- This site is optimized with the Yoast SEO plugin v26.1.1 - https:\/\/yoast.com\/wordpress\/plugins\/seo\/ -->\n<title>CALVINO \u00cdTALO. MEMORIA DEL MUNDO Y OTRAS COSMIC\u00d3MICAS -<\/title>\n<meta name=\"robots\" content=\"index, follow, max-snippet:-1, max-image-preview:large, max-video-preview:-1\" \/>\n<link rel=\"canonical\" href=\"https:\/\/antiqua.mx\/en\/product\/calvino-italo-memoria-del-mundo-y-otras-cosmicomicas\/\" \/>\n<meta property=\"og:locale\" content=\"en_US\" \/>\n<meta property=\"og:type\" content=\"article\" \/>\n<meta property=\"og:title\" content=\"CALVINO \u00cdTALO. MEMORIA DEL MUNDO Y OTRAS COSMIC\u00d3MICAS -\" \/>\n<meta property=\"og:description\" content=\"Editorial: Siruela \/ Bolsillo  Segunda edici\u00f3n  A\u00f1o 1995  R\u00fastico, en buenas condiciones. El empastado est\u00e1 ligeramente maltratado.  Traducci\u00f3n de Aurora Bern\u00e1rdez.  Impreso en Espa\u00f1a.  228 p\u00e1ginas\" \/>\n<meta property=\"og:url\" content=\"https:\/\/antiqua.mx\/en\/product\/calvino-italo-memoria-del-mundo-y-otras-cosmicomicas\/\" \/>\n<meta property=\"article:modified_time\" content=\"2026-03-02T19:59:19+00:00\" \/>\n<meta name=\"twitter:card\" content=\"summary_large_image\" \/>\n<meta name=\"twitter:label1\" content=\"Est. reading time\" \/>\n\t<meta name=\"twitter:data1\" content=\"1 minute\" \/>\n<script type=\"application\/ld+json\" class=\"yoast-schema-graph\">{\"@context\":\"https:\/\/schema.org\",\"@graph\":[{\"@type\":\"WebPage\",\"@id\":\"https:\/\/antiqua.mx\/en\/product\/calvino-italo-memoria-del-mundo-y-otras-cosmicomicas\/\",\"url\":\"https:\/\/antiqua.mx\/en\/product\/calvino-italo-memoria-del-mundo-y-otras-cosmicomicas\/\",\"name\":\"CALVINO \u00cdTALO. MEMORIA DEL MUNDO Y OTRAS COSMIC\u00d3MICAS -\",\"isPartOf\":{\"@id\":\"https:\/\/antiqua.mx\/en\/#website\"},\"datePublished\":\"2026-02-20T22:17:11+00:00\",\"dateModified\":\"2026-03-02T19:59:19+00:00\",\"breadcrumb\":{\"@id\":\"https:\/\/antiqua.mx\/en\/product\/calvino-italo-memoria-del-mundo-y-otras-cosmicomicas\/#breadcrumb\"},\"inLanguage\":\"en-US\",\"potentialAction\":[{\"@type\":\"ReadAction\",\"target\":[\"https:\/\/antiqua.mx\/en\/product\/calvino-italo-memoria-del-mundo-y-otras-cosmicomicas\/\"]}]},{\"@type\":\"BreadcrumbList\",\"@id\":\"https:\/\/antiqua.mx\/en\/product\/calvino-italo-memoria-del-mundo-y-otras-cosmicomicas\/#breadcrumb\",\"itemListElement\":[{\"@type\":\"ListItem\",\"position\":1,\"name\":\"Portada\",\"item\":\"https:\/\/antiqua.mx\/en\/\"},{\"@type\":\"ListItem\",\"position\":2,\"name\":\"Tienda\",\"item\":\"https:\/\/antiqua.mx\/tienda\/\"},{\"@type\":\"ListItem\",\"position\":3,\"name\":\"CALVINO \u00cdTALO. MEMORIA DEL MUNDO Y OTRAS COSMIC\u00d3MICAS\"}]},{\"@type\":\"WebSite\",\"@id\":\"https:\/\/antiqua.mx\/en\/#website\",\"url\":\"https:\/\/antiqua.mx\/en\/\",\"name\":\"\",\"description\":\"\",\"potentialAction\":[{\"@type\":\"SearchAction\",\"target\":{\"@type\":\"EntryPoint\",\"urlTemplate\":\"https:\/\/antiqua.mx\/en\/?s={search_term_string}\"},\"query-input\":{\"@type\":\"PropertyValueSpecification\",\"valueRequired\":true,\"valueName\":\"search_term_string\"}}],\"inLanguage\":\"en-US\"}]}<\/script>\n<!-- \/ Yoast SEO plugin. -->","yoast_head_json":{"title":"CALVINO \u00cdTALO. MEMORIA DEL MUNDO Y OTRAS COSMIC\u00d3MICAS -","robots":{"index":"index","follow":"follow","max-snippet":"max-snippet:-1","max-image-preview":"max-image-preview:large","max-video-preview":"max-video-preview:-1"},"canonical":"https:\/\/antiqua.mx\/en\/product\/calvino-italo-memoria-del-mundo-y-otras-cosmicomicas\/","og_locale":"en_US","og_type":"article","og_title":"CALVINO \u00cdTALO. MEMORIA DEL MUNDO Y OTRAS COSMIC\u00d3MICAS -","og_description":"Editorial: Siruela \/ Bolsillo  Segunda edici\u00f3n  A\u00f1o 1995  R\u00fastico, en buenas condiciones. El empastado est\u00e1 ligeramente maltratado.  Traducci\u00f3n de Aurora Bern\u00e1rdez.  Impreso en Espa\u00f1a.  228 p\u00e1ginas","og_url":"https:\/\/antiqua.mx\/en\/product\/calvino-italo-memoria-del-mundo-y-otras-cosmicomicas\/","article_modified_time":"2026-03-02T19:59:19+00:00","twitter_card":"summary_large_image","twitter_misc":{"Est. reading time":"1 minute"},"schema":{"@context":"https:\/\/schema.org","@graph":[{"@type":"WebPage","@id":"https:\/\/antiqua.mx\/en\/product\/calvino-italo-memoria-del-mundo-y-otras-cosmicomicas\/","url":"https:\/\/antiqua.mx\/en\/product\/calvino-italo-memoria-del-mundo-y-otras-cosmicomicas\/","name":"CALVINO \u00cdTALO. MEMORIA DEL MUNDO Y OTRAS COSMIC\u00d3MICAS -","isPartOf":{"@id":"https:\/\/antiqua.mx\/en\/#website"},"datePublished":"2026-02-20T22:17:11+00:00","dateModified":"2026-03-02T19:59:19+00:00","breadcrumb":{"@id":"https:\/\/antiqua.mx\/en\/product\/calvino-italo-memoria-del-mundo-y-otras-cosmicomicas\/#breadcrumb"},"inLanguage":"en-US","potentialAction":[{"@type":"ReadAction","target":["https:\/\/antiqua.mx\/en\/product\/calvino-italo-memoria-del-mundo-y-otras-cosmicomicas\/"]}]},{"@type":"BreadcrumbList","@id":"https:\/\/antiqua.mx\/en\/product\/calvino-italo-memoria-del-mundo-y-otras-cosmicomicas\/#breadcrumb","itemListElement":[{"@type":"ListItem","position":1,"name":"Portada","item":"https:\/\/antiqua.mx\/en\/"},{"@type":"ListItem","position":2,"name":"Tienda","item":"https:\/\/antiqua.mx\/tienda\/"},{"@type":"ListItem","position":3,"name":"CALVINO \u00cdTALO. MEMORIA DEL MUNDO Y OTRAS COSMIC\u00d3MICAS"}]},{"@type":"WebSite","@id":"https:\/\/antiqua.mx\/en\/#website","url":"https:\/\/antiqua.mx\/en\/","name":"","description":"","potentialAction":[{"@type":"SearchAction","target":{"@type":"EntryPoint","urlTemplate":"https:\/\/antiqua.mx\/en\/?s={search_term_string}"},"query-input":{"@type":"PropertyValueSpecification","valueRequired":true,"valueName":"search_term_string"}}],"inLanguage":"en-US"}]}},"jetpack_sharing_enabled":true,"_links":{"self":[{"href":"https:\/\/antiqua.mx\/en\/wp-json\/wp\/v2\/product\/25475","targetHints":{"allow":["GET"]}}],"collection":[{"href":"https:\/\/antiqua.mx\/en\/wp-json\/wp\/v2\/product"}],"about":[{"href":"https:\/\/antiqua.mx\/en\/wp-json\/wp\/v2\/types\/product"}],"replies":[{"embeddable":true,"href":"https:\/\/antiqua.mx\/en\/wp-json\/wp\/v2\/comments?post=25475"}],"wp:attachment":[{"href":"https:\/\/antiqua.mx\/en\/wp-json\/wp\/v2\/media?parent=25475"}],"wp:term":[{"taxonomy":"product_brand","embeddable":true,"href":"https:\/\/antiqua.mx\/en\/wp-json\/wp\/v2\/product_brand?post=25475"},{"taxonomy":"product_cat","embeddable":true,"href":"https:\/\/antiqua.mx\/en\/wp-json\/wp\/v2\/product_cat?post=25475"},{"taxonomy":"product_tag","embeddable":true,"href":"https:\/\/antiqua.mx\/en\/wp-json\/wp\/v2\/product_tag?post=25475"}],"curies":[{"name":"wp","href":"https:\/\/api.w.org\/{rel}","templated":true}]}}