{"id":25479,"date":"2026-02-24T23:28:07","date_gmt":"2026-02-24T23:28:07","guid":{"rendered":"https:\/\/antiqua.mx\/?post_type=product&#038;p=25479"},"modified":"2026-03-02T19:56:23","modified_gmt":"2026-03-02T19:56:23","slug":"poe-edgar-allan-cuentos-macabros","status":"publish","type":"product","link":"https:\/\/antiqua.mx\/en\/product\/poe-edgar-allan-cuentos-macabros\/","title":{"rendered":"POE EDGAR ALLAN. CUENTOS MACABROS"},"content":{"rendered":"<p><strong>Poe Edgar Allan<\/strong><\/p>\n<p>Editorial: EDELVIVES<\/p>\n<p>Sexta edici\u00f3n<\/p>\n<p>A\u00f1o 2016<\/p>\n<p>Empastado, en muy buenas condiciones.<\/p>\n<p>Traducidos por Julio Cort\u00e1zar.<\/p>\n<p>Ilustrados por Benjamin Lacombe.<\/p>\n<p>Impreso en Italia<\/p>\n<p>212 p\u00e1ginas<\/p>","protected":false},"excerpt":{"rendered":"<ul>\n<li>Editorial: EDELVIVES<\/li>\n<li>Sexta edici\u00f3n<\/li>\n<li>A\u00f1o 2016<\/li>\n<li>Empastado, en muy buenas condiciones.<\/li>\n<li>Traducidos por Julio Cort\u00e1zar.<\/li>\n<li>Ilustrados por Benjamin Lacombe.<\/li>\n<li>Impreso en Italia<\/li>\n<li>212 p\u00e1ginas<\/li>\n<\/ul>","protected":false},"featured_media":0,"comment_status":"closed","ping_status":"closed","template":"","meta":{"_joinchat":[]},"product_brand":[],"product_cat":[338,335],"product_tag":[6431,3300,2499],"class_list":{"1":"product","2":"type-product","3":"status-publish","5":"product_cat-ciencia-ficcion","6":"product_cat-literatura","7":"product_tag-benjamin-lacombe","8":"product_tag-edgar-allan-poe","9":"product_tag-julio-cortazar","11":"first","12":"instock","13":"featured","14":"taxable","15":"shipping-taxable","16":"purchasable","17":"product-type-simple"},"yoast_head":"<!-- This site is optimized with the Yoast SEO plugin v26.1.1 - https:\/\/yoast.com\/wordpress\/plugins\/seo\/ -->\n<title>POE EDGAR ALLAN. CUENTOS MACABROS -<\/title>\n<meta name=\"robots\" content=\"index, follow, max-snippet:-1, max-image-preview:large, max-video-preview:-1\" \/>\n<link rel=\"canonical\" href=\"https:\/\/antiqua.mx\/en\/product\/poe-edgar-allan-cuentos-macabros\/\" \/>\n<meta property=\"og:locale\" content=\"en_US\" \/>\n<meta property=\"og:type\" content=\"article\" \/>\n<meta property=\"og:title\" content=\"POE EDGAR ALLAN. CUENTOS MACABROS -\" \/>\n<meta property=\"og:description\" content=\"Editorial: EDELVIVES  Sexta edici\u00f3n  A\u00f1o 2016  Empastado, en muy buenas condiciones.  Traducidos por Julio Cort\u00e1zar.  Ilustrados por Benjamin Lacombe.  Impreso en Italia  212 p\u00e1ginas\" \/>\n<meta property=\"og:url\" content=\"https:\/\/antiqua.mx\/en\/product\/poe-edgar-allan-cuentos-macabros\/\" \/>\n<meta property=\"article:modified_time\" content=\"2026-03-02T19:56:23+00:00\" \/>\n<meta name=\"twitter:card\" content=\"summary_large_image\" \/>\n<meta name=\"twitter:label1\" content=\"Est. reading time\" \/>\n\t<meta name=\"twitter:data1\" content=\"1 minute\" \/>\n<script type=\"application\/ld+json\" class=\"yoast-schema-graph\">{\"@context\":\"https:\/\/schema.org\",\"@graph\":[{\"@type\":\"WebPage\",\"@id\":\"https:\/\/antiqua.mx\/producto\/poe-edgar-allan-cuentos-macabros\/\",\"url\":\"https:\/\/antiqua.mx\/producto\/poe-edgar-allan-cuentos-macabros\/\",\"name\":\"POE EDGAR ALLAN. CUENTOS MACABROS -\",\"isPartOf\":{\"@id\":\"https:\/\/antiqua.mx\/en\/#website\"},\"datePublished\":\"2026-02-24T23:28:07+00:00\",\"dateModified\":\"2026-03-02T19:56:23+00:00\",\"breadcrumb\":{\"@id\":\"https:\/\/antiqua.mx\/producto\/poe-edgar-allan-cuentos-macabros\/#breadcrumb\"},\"inLanguage\":\"en-US\",\"potentialAction\":[{\"@type\":\"ReadAction\",\"target\":[\"https:\/\/antiqua.mx\/producto\/poe-edgar-allan-cuentos-macabros\/\"]}]},{\"@type\":\"BreadcrumbList\",\"@id\":\"https:\/\/antiqua.mx\/producto\/poe-edgar-allan-cuentos-macabros\/#breadcrumb\",\"itemListElement\":[{\"@type\":\"ListItem\",\"position\":1,\"name\":\"Portada\",\"item\":\"https:\/\/antiqua.mx\/en\/\"},{\"@type\":\"ListItem\",\"position\":2,\"name\":\"Tienda\",\"item\":\"https:\/\/antiqua.mx\/tienda\/\"},{\"@type\":\"ListItem\",\"position\":3,\"name\":\"POE EDGAR ALLAN. CUENTOS MACABROS\"}]},{\"@type\":\"WebSite\",\"@id\":\"https:\/\/antiqua.mx\/en\/#website\",\"url\":\"https:\/\/antiqua.mx\/en\/\",\"name\":\"\",\"description\":\"\",\"potentialAction\":[{\"@type\":\"SearchAction\",\"target\":{\"@type\":\"EntryPoint\",\"urlTemplate\":\"https:\/\/antiqua.mx\/en\/?s={search_term_string}\"},\"query-input\":{\"@type\":\"PropertyValueSpecification\",\"valueRequired\":true,\"valueName\":\"search_term_string\"}}],\"inLanguage\":\"en-US\"}]}<\/script>\n<!-- \/ Yoast SEO plugin. -->","yoast_head_json":{"title":"POE EDGAR ALLAN. CUENTOS MACABROS -","robots":{"index":"index","follow":"follow","max-snippet":"max-snippet:-1","max-image-preview":"max-image-preview:large","max-video-preview":"max-video-preview:-1"},"canonical":"https:\/\/antiqua.mx\/en\/product\/poe-edgar-allan-cuentos-macabros\/","og_locale":"en_US","og_type":"article","og_title":"POE EDGAR ALLAN. CUENTOS MACABROS -","og_description":"Editorial: EDELVIVES  Sexta edici\u00f3n  A\u00f1o 2016  Empastado, en muy buenas condiciones.  Traducidos por Julio Cort\u00e1zar.  Ilustrados por Benjamin Lacombe.  Impreso en Italia  212 p\u00e1ginas","og_url":"https:\/\/antiqua.mx\/en\/product\/poe-edgar-allan-cuentos-macabros\/","article_modified_time":"2026-03-02T19:56:23+00:00","twitter_card":"summary_large_image","twitter_misc":{"Est. reading time":"1 minute"},"schema":{"@context":"https:\/\/schema.org","@graph":[{"@type":"WebPage","@id":"https:\/\/antiqua.mx\/producto\/poe-edgar-allan-cuentos-macabros\/","url":"https:\/\/antiqua.mx\/producto\/poe-edgar-allan-cuentos-macabros\/","name":"POE EDGAR ALLAN. CUENTOS MACABROS -","isPartOf":{"@id":"https:\/\/antiqua.mx\/en\/#website"},"datePublished":"2026-02-24T23:28:07+00:00","dateModified":"2026-03-02T19:56:23+00:00","breadcrumb":{"@id":"https:\/\/antiqua.mx\/producto\/poe-edgar-allan-cuentos-macabros\/#breadcrumb"},"inLanguage":"en-US","potentialAction":[{"@type":"ReadAction","target":["https:\/\/antiqua.mx\/producto\/poe-edgar-allan-cuentos-macabros\/"]}]},{"@type":"BreadcrumbList","@id":"https:\/\/antiqua.mx\/producto\/poe-edgar-allan-cuentos-macabros\/#breadcrumb","itemListElement":[{"@type":"ListItem","position":1,"name":"Portada","item":"https:\/\/antiqua.mx\/en\/"},{"@type":"ListItem","position":2,"name":"Tienda","item":"https:\/\/antiqua.mx\/tienda\/"},{"@type":"ListItem","position":3,"name":"POE EDGAR ALLAN. CUENTOS MACABROS"}]},{"@type":"WebSite","@id":"https:\/\/antiqua.mx\/en\/#website","url":"https:\/\/antiqua.mx\/en\/","name":"","description":"","potentialAction":[{"@type":"SearchAction","target":{"@type":"EntryPoint","urlTemplate":"https:\/\/antiqua.mx\/en\/?s={search_term_string}"},"query-input":{"@type":"PropertyValueSpecification","valueRequired":true,"valueName":"search_term_string"}}],"inLanguage":"en-US"}]}},"jetpack_sharing_enabled":true,"_links":{"self":[{"href":"https:\/\/antiqua.mx\/en\/wp-json\/wp\/v2\/product\/25479","targetHints":{"allow":["GET"]}}],"collection":[{"href":"https:\/\/antiqua.mx\/en\/wp-json\/wp\/v2\/product"}],"about":[{"href":"https:\/\/antiqua.mx\/en\/wp-json\/wp\/v2\/types\/product"}],"replies":[{"embeddable":true,"href":"https:\/\/antiqua.mx\/en\/wp-json\/wp\/v2\/comments?post=25479"}],"wp:attachment":[{"href":"https:\/\/antiqua.mx\/en\/wp-json\/wp\/v2\/media?parent=25479"}],"wp:term":[{"taxonomy":"product_brand","embeddable":true,"href":"https:\/\/antiqua.mx\/en\/wp-json\/wp\/v2\/product_brand?post=25479"},{"taxonomy":"product_cat","embeddable":true,"href":"https:\/\/antiqua.mx\/en\/wp-json\/wp\/v2\/product_cat?post=25479"},{"taxonomy":"product_tag","embeddable":true,"href":"https:\/\/antiqua.mx\/en\/wp-json\/wp\/v2\/product_tag?post=25479"}],"curies":[{"name":"wp","href":"https:\/\/api.w.org\/{rel}","templated":true}]}}