{"id":25480,"date":"2026-02-24T23:49:25","date_gmt":"2026-02-24T23:49:25","guid":{"rendered":"https:\/\/antiqua.mx\/?post_type=product&#038;p=25480"},"modified":"2026-03-02T19:56:31","modified_gmt":"2026-03-02T19:56:31","slug":"la-realidad-del-petroleo-mexicano-antes-de-1938-expedicion-que-realizo-la-comision-investigadora-del-congreso-a-la-region-petrolera","status":"publish","type":"product","link":"https:\/\/antiqua.mx\/en\/product\/la-realidad-del-petroleo-mexicano-antes-de-1938-expedicion-que-realizo-la-comision-investigadora-del-congreso-a-la-region-petrolera\/","title":{"rendered":"LA REALIDAD DEL PETR\u00d3LEO MEXICANO ANTES DE 1938. EXPEDICI\u00d3N QUE REALIZ\u00d3 LA COMISI\u00d3N INVESTIGADORA DEL CONGRESO A LA REGI\u00d3N PETROLERA"},"content":{"rendered":"<p>Editorial: Gustavo Casasola<\/p>\n<p>Primera edici\u00f3n<\/p>\n<p>A\u00f1o 2013<\/p>\n<p>R\u00fastico, en muy buenas condiciones.<\/p>\n<p>El ejemplar est\u00e1 ilustrado con m\u00faltiples fotograf\u00edas a blanco y negro.<\/p>\n<p><strong>Colecci\u00f3n: Hechos y hombres de prensa, tomo II.<\/strong><\/p>\n<p>Impreso en M\u00e9xico.<\/p>\n<p>231 p\u00e1ginas<\/p>","protected":false},"excerpt":{"rendered":"<ul>\n<li>Editorial: Gustavo Casasola<\/li>\n<li>Primera edici\u00f3n<\/li>\n<li>A\u00f1o 2013<\/li>\n<li>R\u00fastico, en muy buenas condiciones.<\/li>\n<li>El ejemplar est\u00e1 ilustrado con m\u00faltiples fotograf\u00edas a blanco y negro.<\/li>\n<li><strong>Colecci\u00f3n: Hechos y hombres de prensa, tomo II.<\/strong><\/li>\n<li>Impreso en M\u00e9xico.<\/li>\n<li>231 p\u00e1ginas<\/li>\n<\/ul>","protected":false},"featured_media":0,"comment_status":"closed","ping_status":"closed","template":"","meta":{"_joinchat":[]},"product_brand":[],"product_cat":[388,375,392],"product_tag":[5098],"class_list":{"1":"product","2":"type-product","3":"status-publish","5":"product_cat-geomex","6":"product_cat-mex","7":"product_cat-petroleo","8":"product_tag-gustavo-casasola","10":"first","11":"instock","12":"featured","13":"taxable","14":"shipping-taxable","15":"purchasable","16":"product-type-simple"},"yoast_head":"<!-- This site is optimized with the Yoast SEO plugin v26.1.1 - https:\/\/yoast.com\/wordpress\/plugins\/seo\/ -->\n<title>LA REALIDAD DEL PETR\u00d3LEO MEXICANO ANTES DE 1938. EXPEDICI\u00d3N QUE REALIZ\u00d3 LA COMISI\u00d3N INVESTIGADORA DEL CONGRESO A LA REGI\u00d3N PETROLERA -<\/title>\n<meta name=\"robots\" content=\"index, follow, max-snippet:-1, max-image-preview:large, max-video-preview:-1\" \/>\n<link rel=\"canonical\" href=\"https:\/\/antiqua.mx\/en\/product\/la-realidad-del-petroleo-mexicano-antes-de-1938-expedicion-que-realizo-la-comision-investigadora-del-congreso-a-la-region-petrolera\/\" \/>\n<meta property=\"og:locale\" content=\"en_US\" \/>\n<meta property=\"og:type\" content=\"article\" \/>\n<meta property=\"og:title\" content=\"LA REALIDAD DEL PETR\u00d3LEO MEXICANO ANTES DE 1938. EXPEDICI\u00d3N QUE REALIZ\u00d3 LA COMISI\u00d3N INVESTIGADORA DEL CONGRESO A LA REGI\u00d3N PETROLERA -\" \/>\n<meta property=\"og:description\" content=\"Editorial: Gustavo Casasola  Primera edici\u00f3n  A\u00f1o 2013  R\u00fastico, en muy buenas condiciones.  El ejemplar est\u00e1 ilustrado con m\u00faltiples fotograf\u00edas a blanco y negro.  Colecci\u00f3n: Hechos y hombres de prensa, tomo II.  Impreso en M\u00e9xico.  231 p\u00e1ginas\" \/>\n<meta property=\"og:url\" content=\"https:\/\/antiqua.mx\/en\/product\/la-realidad-del-petroleo-mexicano-antes-de-1938-expedicion-que-realizo-la-comision-investigadora-del-congreso-a-la-region-petrolera\/\" \/>\n<meta property=\"article:modified_time\" content=\"2026-03-02T19:56:31+00:00\" \/>\n<meta name=\"twitter:card\" content=\"summary_large_image\" \/>\n<meta name=\"twitter:label1\" content=\"Est. reading time\" \/>\n\t<meta name=\"twitter:data1\" content=\"1 minute\" \/>\n<script type=\"application\/ld+json\" class=\"yoast-schema-graph\">{\"@context\":\"https:\/\/schema.org\",\"@graph\":[{\"@type\":\"WebPage\",\"@id\":\"https:\/\/antiqua.mx\/producto\/la-realidad-del-petroleo-mexicano-antes-de-1938-expedicion-que-realizo-la-comision-investigadora-del-congreso-a-la-region-petrolera\/\",\"url\":\"https:\/\/antiqua.mx\/producto\/la-realidad-del-petroleo-mexicano-antes-de-1938-expedicion-que-realizo-la-comision-investigadora-del-congreso-a-la-region-petrolera\/\",\"name\":\"LA REALIDAD DEL PETR\u00d3LEO MEXICANO ANTES DE 1938. EXPEDICI\u00d3N QUE REALIZ\u00d3 LA COMISI\u00d3N INVESTIGADORA DEL CONGRESO A LA REGI\u00d3N PETROLERA -\",\"isPartOf\":{\"@id\":\"https:\/\/antiqua.mx\/en\/#website\"},\"datePublished\":\"2026-02-24T23:49:25+00:00\",\"dateModified\":\"2026-03-02T19:56:31+00:00\",\"breadcrumb\":{\"@id\":\"https:\/\/antiqua.mx\/producto\/la-realidad-del-petroleo-mexicano-antes-de-1938-expedicion-que-realizo-la-comision-investigadora-del-congreso-a-la-region-petrolera\/#breadcrumb\"},\"inLanguage\":\"en-US\",\"potentialAction\":[{\"@type\":\"ReadAction\",\"target\":[\"https:\/\/antiqua.mx\/producto\/la-realidad-del-petroleo-mexicano-antes-de-1938-expedicion-que-realizo-la-comision-investigadora-del-congreso-a-la-region-petrolera\/\"]}]},{\"@type\":\"BreadcrumbList\",\"@id\":\"https:\/\/antiqua.mx\/producto\/la-realidad-del-petroleo-mexicano-antes-de-1938-expedicion-que-realizo-la-comision-investigadora-del-congreso-a-la-region-petrolera\/#breadcrumb\",\"itemListElement\":[{\"@type\":\"ListItem\",\"position\":1,\"name\":\"Portada\",\"item\":\"https:\/\/antiqua.mx\/en\/\"},{\"@type\":\"ListItem\",\"position\":2,\"name\":\"Tienda\",\"item\":\"https:\/\/antiqua.mx\/tienda\/\"},{\"@type\":\"ListItem\",\"position\":3,\"name\":\"LA REALIDAD DEL PETR\u00d3LEO MEXICANO ANTES DE 1938. EXPEDICI\u00d3N QUE REALIZ\u00d3 LA COMISI\u00d3N INVESTIGADORA DEL CONGRESO A LA REGI\u00d3N PETROLERA\"}]},{\"@type\":\"WebSite\",\"@id\":\"https:\/\/antiqua.mx\/en\/#website\",\"url\":\"https:\/\/antiqua.mx\/en\/\",\"name\":\"\",\"description\":\"\",\"potentialAction\":[{\"@type\":\"SearchAction\",\"target\":{\"@type\":\"EntryPoint\",\"urlTemplate\":\"https:\/\/antiqua.mx\/en\/?s={search_term_string}\"},\"query-input\":{\"@type\":\"PropertyValueSpecification\",\"valueRequired\":true,\"valueName\":\"search_term_string\"}}],\"inLanguage\":\"en-US\"}]}<\/script>\n<!-- \/ Yoast SEO plugin. -->","yoast_head_json":{"title":"LA REALIDAD DEL PETR\u00d3LEO MEXICANO ANTES DE 1938. EXPEDICI\u00d3N QUE REALIZ\u00d3 LA COMISI\u00d3N INVESTIGADORA DEL CONGRESO A LA REGI\u00d3N PETROLERA -","robots":{"index":"index","follow":"follow","max-snippet":"max-snippet:-1","max-image-preview":"max-image-preview:large","max-video-preview":"max-video-preview:-1"},"canonical":"https:\/\/antiqua.mx\/en\/product\/la-realidad-del-petroleo-mexicano-antes-de-1938-expedicion-que-realizo-la-comision-investigadora-del-congreso-a-la-region-petrolera\/","og_locale":"en_US","og_type":"article","og_title":"LA REALIDAD DEL PETR\u00d3LEO MEXICANO ANTES DE 1938. EXPEDICI\u00d3N QUE REALIZ\u00d3 LA COMISI\u00d3N INVESTIGADORA DEL CONGRESO A LA REGI\u00d3N PETROLERA -","og_description":"Editorial: Gustavo Casasola  Primera edici\u00f3n  A\u00f1o 2013  R\u00fastico, en muy buenas condiciones.  El ejemplar est\u00e1 ilustrado con m\u00faltiples fotograf\u00edas a blanco y negro.  Colecci\u00f3n: Hechos y hombres de prensa, tomo II.  Impreso en M\u00e9xico.  231 p\u00e1ginas","og_url":"https:\/\/antiqua.mx\/en\/product\/la-realidad-del-petroleo-mexicano-antes-de-1938-expedicion-que-realizo-la-comision-investigadora-del-congreso-a-la-region-petrolera\/","article_modified_time":"2026-03-02T19:56:31+00:00","twitter_card":"summary_large_image","twitter_misc":{"Est. reading time":"1 minute"},"schema":{"@context":"https:\/\/schema.org","@graph":[{"@type":"WebPage","@id":"https:\/\/antiqua.mx\/producto\/la-realidad-del-petroleo-mexicano-antes-de-1938-expedicion-que-realizo-la-comision-investigadora-del-congreso-a-la-region-petrolera\/","url":"https:\/\/antiqua.mx\/producto\/la-realidad-del-petroleo-mexicano-antes-de-1938-expedicion-que-realizo-la-comision-investigadora-del-congreso-a-la-region-petrolera\/","name":"LA REALIDAD DEL PETR\u00d3LEO MEXICANO ANTES DE 1938. EXPEDICI\u00d3N QUE REALIZ\u00d3 LA COMISI\u00d3N INVESTIGADORA DEL CONGRESO A LA REGI\u00d3N PETROLERA -","isPartOf":{"@id":"https:\/\/antiqua.mx\/en\/#website"},"datePublished":"2026-02-24T23:49:25+00:00","dateModified":"2026-03-02T19:56:31+00:00","breadcrumb":{"@id":"https:\/\/antiqua.mx\/producto\/la-realidad-del-petroleo-mexicano-antes-de-1938-expedicion-que-realizo-la-comision-investigadora-del-congreso-a-la-region-petrolera\/#breadcrumb"},"inLanguage":"en-US","potentialAction":[{"@type":"ReadAction","target":["https:\/\/antiqua.mx\/producto\/la-realidad-del-petroleo-mexicano-antes-de-1938-expedicion-que-realizo-la-comision-investigadora-del-congreso-a-la-region-petrolera\/"]}]},{"@type":"BreadcrumbList","@id":"https:\/\/antiqua.mx\/producto\/la-realidad-del-petroleo-mexicano-antes-de-1938-expedicion-que-realizo-la-comision-investigadora-del-congreso-a-la-region-petrolera\/#breadcrumb","itemListElement":[{"@type":"ListItem","position":1,"name":"Portada","item":"https:\/\/antiqua.mx\/en\/"},{"@type":"ListItem","position":2,"name":"Tienda","item":"https:\/\/antiqua.mx\/tienda\/"},{"@type":"ListItem","position":3,"name":"LA REALIDAD DEL PETR\u00d3LEO MEXICANO ANTES DE 1938. EXPEDICI\u00d3N QUE REALIZ\u00d3 LA COMISI\u00d3N INVESTIGADORA DEL CONGRESO A LA REGI\u00d3N PETROLERA"}]},{"@type":"WebSite","@id":"https:\/\/antiqua.mx\/en\/#website","url":"https:\/\/antiqua.mx\/en\/","name":"","description":"","potentialAction":[{"@type":"SearchAction","target":{"@type":"EntryPoint","urlTemplate":"https:\/\/antiqua.mx\/en\/?s={search_term_string}"},"query-input":{"@type":"PropertyValueSpecification","valueRequired":true,"valueName":"search_term_string"}}],"inLanguage":"en-US"}]}},"jetpack_sharing_enabled":true,"_links":{"self":[{"href":"https:\/\/antiqua.mx\/en\/wp-json\/wp\/v2\/product\/25480","targetHints":{"allow":["GET"]}}],"collection":[{"href":"https:\/\/antiqua.mx\/en\/wp-json\/wp\/v2\/product"}],"about":[{"href":"https:\/\/antiqua.mx\/en\/wp-json\/wp\/v2\/types\/product"}],"replies":[{"embeddable":true,"href":"https:\/\/antiqua.mx\/en\/wp-json\/wp\/v2\/comments?post=25480"}],"wp:attachment":[{"href":"https:\/\/antiqua.mx\/en\/wp-json\/wp\/v2\/media?parent=25480"}],"wp:term":[{"taxonomy":"product_brand","embeddable":true,"href":"https:\/\/antiqua.mx\/en\/wp-json\/wp\/v2\/product_brand?post=25480"},{"taxonomy":"product_cat","embeddable":true,"href":"https:\/\/antiqua.mx\/en\/wp-json\/wp\/v2\/product_cat?post=25480"},{"taxonomy":"product_tag","embeddable":true,"href":"https:\/\/antiqua.mx\/en\/wp-json\/wp\/v2\/product_tag?post=25480"}],"curies":[{"name":"wp","href":"https:\/\/api.w.org\/{rel}","templated":true}]}}