{"id":25505,"date":"2026-02-28T21:39:10","date_gmt":"2026-02-28T21:39:10","guid":{"rendered":"https:\/\/antiqua.mx\/?post_type=product&#038;p=25505"},"modified":"2026-03-02T19:57:22","modified_gmt":"2026-03-02T19:57:22","slug":"lawrence-d-h-la-segunda-lady-chatterley-john-thomas-and-lady-jane","status":"publish","type":"product","link":"https:\/\/antiqua.mx\/en\/product\/lawrence-d-h-la-segunda-lady-chatterley-john-thomas-and-lady-jane\/","title":{"rendered":"LAWRENCE D. H. LA SEGUNDA LADY CHATTERLEY (JOHN THOMAS AND LADY JANE)"},"content":{"rendered":"<p><strong>Lawrence D. H.<\/strong><\/p>\n<p>Editorial: FUNAMBULISTA<\/p>\n<p>Primera edici\u00f3n<\/p>\n<p>A\u00f1o 2013<\/p>\n<p>Empastado con camisa, en buenas condiciones. La camisa est\u00e1 maltratada.<\/p>\n<p>Traducci\u00f3n de Gonzalo G\u00f3mez Montoro y Max Lacruz.<\/p>\n<p>Postfacio de Gonzalo G\u00f3mez Montoro.<\/p>\n<p><strong>Grandes Cl\u00e1sicos.<\/strong><\/p>\n<p>Impreso en Espa\u00f1a.<\/p>\n<p>494 p\u00e1ginas<\/p>","protected":false},"excerpt":{"rendered":"<ul>\n<li>Editorial: FUNAMBULISTA<\/li>\n<li>Primera edici\u00f3n<\/li>\n<li>A\u00f1o 2013<\/li>\n<li>Empastado con camisa, en buenas condiciones. La camisa est\u00e1 maltratada.<\/li>\n<li>Traducci\u00f3n de Gonzalo G\u00f3mez Montoro y Max Lacruz.<\/li>\n<li>Postfacio de Gonzalo G\u00f3mez Montoro.<\/li>\n<li><strong>Grandes Cl\u00e1sicos.<\/strong><\/li>\n<li>Impreso en Espa\u00f1a.<\/li>\n<li>494 p\u00e1ginas<\/li>\n<\/ul>","protected":false},"featured_media":0,"comment_status":"closed","ping_status":"closed","template":"","meta":{"_joinchat":[]},"product_brand":[],"product_cat":[335,337],"product_tag":[6439],"class_list":{"1":"product","2":"type-product","3":"status-publish","5":"product_cat-literatura","6":"product_cat-lituniversal","7":"product_tag-d-h-lawrence","9":"first","10":"instock","11":"featured","12":"taxable","13":"shipping-taxable","14":"purchasable","15":"product-type-simple"},"yoast_head":"<!-- This site is optimized with the Yoast SEO plugin v26.1.1 - https:\/\/yoast.com\/wordpress\/plugins\/seo\/ -->\n<title>LAWRENCE D. H. LA SEGUNDA LADY CHATTERLEY (JOHN THOMAS AND LADY JANE) -<\/title>\n<meta name=\"robots\" content=\"index, follow, max-snippet:-1, max-image-preview:large, max-video-preview:-1\" \/>\n<link rel=\"canonical\" href=\"https:\/\/antiqua.mx\/en\/product\/lawrence-d-h-la-segunda-lady-chatterley-john-thomas-and-lady-jane\/\" \/>\n<meta property=\"og:locale\" content=\"en_US\" \/>\n<meta property=\"og:type\" content=\"article\" \/>\n<meta property=\"og:title\" content=\"LAWRENCE D. H. LA SEGUNDA LADY CHATTERLEY (JOHN THOMAS AND LADY JANE) -\" \/>\n<meta property=\"og:description\" content=\"Editorial: FUNAMBULISTA  Primera edici\u00f3n  A\u00f1o 2013  Empastado con camisa, en buenas condiciones. La camisa est\u00e1 maltratada.  Traducci\u00f3n de Gonzalo G\u00f3mez Montoro y Max Lacruz.  Postfacio de Gonzalo G\u00f3mez Montoro.  Grandes Cl\u00e1sicos.  Impreso en Espa\u00f1a.  494 p\u00e1ginas\" \/>\n<meta property=\"og:url\" content=\"https:\/\/antiqua.mx\/en\/product\/lawrence-d-h-la-segunda-lady-chatterley-john-thomas-and-lady-jane\/\" \/>\n<meta property=\"article:modified_time\" content=\"2026-03-02T19:57:22+00:00\" \/>\n<meta name=\"twitter:card\" content=\"summary_large_image\" \/>\n<meta name=\"twitter:label1\" content=\"Est. reading time\" \/>\n\t<meta name=\"twitter:data1\" content=\"1 minute\" \/>\n<script type=\"application\/ld+json\" class=\"yoast-schema-graph\">{\"@context\":\"https:\/\/schema.org\",\"@graph\":[{\"@type\":\"WebPage\",\"@id\":\"https:\/\/antiqua.mx\/producto\/lawrence-d-h-la-segunda-lady-chatterley-john-thomas-and-lady-jane\/\",\"url\":\"https:\/\/antiqua.mx\/producto\/lawrence-d-h-la-segunda-lady-chatterley-john-thomas-and-lady-jane\/\",\"name\":\"LAWRENCE D. H. LA SEGUNDA LADY CHATTERLEY (JOHN THOMAS AND LADY JANE) -\",\"isPartOf\":{\"@id\":\"https:\/\/antiqua.mx\/en\/#website\"},\"datePublished\":\"2026-02-28T21:39:10+00:00\",\"dateModified\":\"2026-03-02T19:57:22+00:00\",\"breadcrumb\":{\"@id\":\"https:\/\/antiqua.mx\/producto\/lawrence-d-h-la-segunda-lady-chatterley-john-thomas-and-lady-jane\/#breadcrumb\"},\"inLanguage\":\"en-US\",\"potentialAction\":[{\"@type\":\"ReadAction\",\"target\":[\"https:\/\/antiqua.mx\/producto\/lawrence-d-h-la-segunda-lady-chatterley-john-thomas-and-lady-jane\/\"]}]},{\"@type\":\"BreadcrumbList\",\"@id\":\"https:\/\/antiqua.mx\/producto\/lawrence-d-h-la-segunda-lady-chatterley-john-thomas-and-lady-jane\/#breadcrumb\",\"itemListElement\":[{\"@type\":\"ListItem\",\"position\":1,\"name\":\"Portada\",\"item\":\"https:\/\/antiqua.mx\/en\/\"},{\"@type\":\"ListItem\",\"position\":2,\"name\":\"Tienda\",\"item\":\"https:\/\/antiqua.mx\/tienda\/\"},{\"@type\":\"ListItem\",\"position\":3,\"name\":\"LAWRENCE D. H. LA SEGUNDA LADY CHATTERLEY (JOHN THOMAS AND LADY JANE)\"}]},{\"@type\":\"WebSite\",\"@id\":\"https:\/\/antiqua.mx\/en\/#website\",\"url\":\"https:\/\/antiqua.mx\/en\/\",\"name\":\"\",\"description\":\"\",\"potentialAction\":[{\"@type\":\"SearchAction\",\"target\":{\"@type\":\"EntryPoint\",\"urlTemplate\":\"https:\/\/antiqua.mx\/en\/?s={search_term_string}\"},\"query-input\":{\"@type\":\"PropertyValueSpecification\",\"valueRequired\":true,\"valueName\":\"search_term_string\"}}],\"inLanguage\":\"en-US\"}]}<\/script>\n<!-- \/ Yoast SEO plugin. -->","yoast_head_json":{"title":"LAWRENCE D. H. LA SEGUNDA LADY CHATTERLEY (JOHN THOMAS AND LADY JANE) -","robots":{"index":"index","follow":"follow","max-snippet":"max-snippet:-1","max-image-preview":"max-image-preview:large","max-video-preview":"max-video-preview:-1"},"canonical":"https:\/\/antiqua.mx\/en\/product\/lawrence-d-h-la-segunda-lady-chatterley-john-thomas-and-lady-jane\/","og_locale":"en_US","og_type":"article","og_title":"LAWRENCE D. H. LA SEGUNDA LADY CHATTERLEY (JOHN THOMAS AND LADY JANE) -","og_description":"Editorial: FUNAMBULISTA  Primera edici\u00f3n  A\u00f1o 2013  Empastado con camisa, en buenas condiciones. La camisa est\u00e1 maltratada.  Traducci\u00f3n de Gonzalo G\u00f3mez Montoro y Max Lacruz.  Postfacio de Gonzalo G\u00f3mez Montoro.  Grandes Cl\u00e1sicos.  Impreso en Espa\u00f1a.  494 p\u00e1ginas","og_url":"https:\/\/antiqua.mx\/en\/product\/lawrence-d-h-la-segunda-lady-chatterley-john-thomas-and-lady-jane\/","article_modified_time":"2026-03-02T19:57:22+00:00","twitter_card":"summary_large_image","twitter_misc":{"Est. reading time":"1 minute"},"schema":{"@context":"https:\/\/schema.org","@graph":[{"@type":"WebPage","@id":"https:\/\/antiqua.mx\/producto\/lawrence-d-h-la-segunda-lady-chatterley-john-thomas-and-lady-jane\/","url":"https:\/\/antiqua.mx\/producto\/lawrence-d-h-la-segunda-lady-chatterley-john-thomas-and-lady-jane\/","name":"LAWRENCE D. H. LA SEGUNDA LADY CHATTERLEY (JOHN THOMAS AND LADY JANE) -","isPartOf":{"@id":"https:\/\/antiqua.mx\/en\/#website"},"datePublished":"2026-02-28T21:39:10+00:00","dateModified":"2026-03-02T19:57:22+00:00","breadcrumb":{"@id":"https:\/\/antiqua.mx\/producto\/lawrence-d-h-la-segunda-lady-chatterley-john-thomas-and-lady-jane\/#breadcrumb"},"inLanguage":"en-US","potentialAction":[{"@type":"ReadAction","target":["https:\/\/antiqua.mx\/producto\/lawrence-d-h-la-segunda-lady-chatterley-john-thomas-and-lady-jane\/"]}]},{"@type":"BreadcrumbList","@id":"https:\/\/antiqua.mx\/producto\/lawrence-d-h-la-segunda-lady-chatterley-john-thomas-and-lady-jane\/#breadcrumb","itemListElement":[{"@type":"ListItem","position":1,"name":"Portada","item":"https:\/\/antiqua.mx\/en\/"},{"@type":"ListItem","position":2,"name":"Tienda","item":"https:\/\/antiqua.mx\/tienda\/"},{"@type":"ListItem","position":3,"name":"LAWRENCE D. H. LA SEGUNDA LADY CHATTERLEY (JOHN THOMAS AND LADY JANE)"}]},{"@type":"WebSite","@id":"https:\/\/antiqua.mx\/en\/#website","url":"https:\/\/antiqua.mx\/en\/","name":"","description":"","potentialAction":[{"@type":"SearchAction","target":{"@type":"EntryPoint","urlTemplate":"https:\/\/antiqua.mx\/en\/?s={search_term_string}"},"query-input":{"@type":"PropertyValueSpecification","valueRequired":true,"valueName":"search_term_string"}}],"inLanguage":"en-US"}]}},"jetpack_sharing_enabled":true,"_links":{"self":[{"href":"https:\/\/antiqua.mx\/en\/wp-json\/wp\/v2\/product\/25505","targetHints":{"allow":["GET"]}}],"collection":[{"href":"https:\/\/antiqua.mx\/en\/wp-json\/wp\/v2\/product"}],"about":[{"href":"https:\/\/antiqua.mx\/en\/wp-json\/wp\/v2\/types\/product"}],"replies":[{"embeddable":true,"href":"https:\/\/antiqua.mx\/en\/wp-json\/wp\/v2\/comments?post=25505"}],"wp:attachment":[{"href":"https:\/\/antiqua.mx\/en\/wp-json\/wp\/v2\/media?parent=25505"}],"wp:term":[{"taxonomy":"product_brand","embeddable":true,"href":"https:\/\/antiqua.mx\/en\/wp-json\/wp\/v2\/product_brand?post=25505"},{"taxonomy":"product_cat","embeddable":true,"href":"https:\/\/antiqua.mx\/en\/wp-json\/wp\/v2\/product_cat?post=25505"},{"taxonomy":"product_tag","embeddable":true,"href":"https:\/\/antiqua.mx\/en\/wp-json\/wp\/v2\/product_tag?post=25505"}],"curies":[{"name":"wp","href":"https:\/\/api.w.org\/{rel}","templated":true}]}}