{"id":25518,"date":"2026-03-04T01:37:09","date_gmt":"2026-03-04T01:37:09","guid":{"rendered":"https:\/\/antiqua.mx\/?post_type=product&#038;p=25518"},"modified":"2026-03-04T01:37:48","modified_gmt":"2026-03-04T01:37:48","slug":"gonzalez-casanova-pablo-cuentos-indigenas-2","status":"publish","type":"product","link":"https:\/\/antiqua.mx\/en\/product\/gonzalez-casanova-pablo-cuentos-indigenas-2\/","title":{"rendered":"GONZ\u00c1LEZ CASANOVA PABLO. CUENTOS IND\u00cdGENAS"},"content":{"rendered":"<p><strong>Gonz\u00e1lez Casanova Pablo<\/strong><\/p>\n<p>Editorial: Universidad Nacional Aut\u00f3noma de M\u00e9xico<\/p>\n<p>Cuarta edici\u00f3n<\/p>\n<p>A\u00f1o 2001<\/p>\n<p>R\u00fastico, en buenas condiciones.<\/p>\n<p>Pr\u00f3logo a la primera edici\u00f3n, por Agust\u00edn Y\u00e1\u00f1ez.<\/p>\n<p><strong>Instituto de Investigaciones Hist\u00f3ricas. Serie Cultura N\u00e1huatl.<\/strong><\/p>\n<p>Impreso en M\u00e9xico.<\/p>\n<p>111 p\u00e1ginas<\/p>","protected":false},"excerpt":{"rendered":"<ul>\n<li>Editorial: Universidad Nacional Aut\u00f3noma de M\u00e9xico<\/li>\n<li>Cuarta edici\u00f3n<\/li>\n<li>A\u00f1o 2001<\/li>\n<li>R\u00fastico, en buenas condiciones.<\/li>\n<li>Pr\u00f3logo a la primera edici\u00f3n, por Agust\u00edn Y\u00e1\u00f1ez.<\/li>\n<li><strong>Instituto de Investigaciones Hist\u00f3ricas. Serie Cultura N\u00e1huatl.<\/strong><\/li>\n<li>Impreso en M\u00e9xico.<\/li>\n<li>111 p\u00e1ginas<\/li>\n<\/ul>","protected":false},"featured_media":0,"comment_status":"closed","ping_status":"closed","template":"","meta":{"_joinchat":[]},"product_brand":[],"product_cat":[396,569,397,335,336,375],"product_tag":[890,4954,519,849],"class_list":{"1":"product","2":"type-product","3":"status-publish","5":"product_cat-antarque","6":"product_cat-azt-may-nah-olm","7":"product_cat-lengindi","8":"product_cat-literatura","9":"product_cat-litmexicana","10":"product_cat-mex","11":"product_tag-agustin-yanez","12":"product_tag-cuentos","13":"product_tag-nahuatl","14":"product_tag-pablo-gonzalez-casanova","16":"first","17":"instock","18":"taxable","19":"shipping-taxable","20":"purchasable","21":"product-type-simple"},"yoast_head":"<!-- This site is optimized with the Yoast SEO plugin v26.1.1 - https:\/\/yoast.com\/wordpress\/plugins\/seo\/ -->\n<title>GONZ\u00c1LEZ CASANOVA PABLO. CUENTOS IND\u00cdGENAS -<\/title>\n<meta name=\"robots\" content=\"index, follow, max-snippet:-1, max-image-preview:large, max-video-preview:-1\" \/>\n<link rel=\"canonical\" href=\"https:\/\/antiqua.mx\/en\/product\/gonzalez-casanova-pablo-cuentos-indigenas-2\/\" \/>\n<meta property=\"og:locale\" content=\"en_US\" \/>\n<meta property=\"og:type\" content=\"article\" \/>\n<meta property=\"og:title\" content=\"GONZ\u00c1LEZ CASANOVA PABLO. CUENTOS IND\u00cdGENAS -\" \/>\n<meta property=\"og:description\" content=\"Editorial: Universidad Nacional Aut\u00f3noma de M\u00e9xico  Cuarta edici\u00f3n  A\u00f1o 2001  R\u00fastico, en buenas condiciones.  Pr\u00f3logo a la primera edici\u00f3n, por Agust\u00edn Y\u00e1\u00f1ez.  Instituto de Investigaciones Hist\u00f3ricas. Serie Cultura N\u00e1huatl.  Impreso en M\u00e9xico.  111 p\u00e1ginas\" \/>\n<meta property=\"og:url\" content=\"https:\/\/antiqua.mx\/en\/product\/gonzalez-casanova-pablo-cuentos-indigenas-2\/\" \/>\n<meta property=\"article:modified_time\" content=\"2026-03-04T01:37:48+00:00\" \/>\n<meta name=\"twitter:card\" content=\"summary_large_image\" \/>\n<meta name=\"twitter:label1\" content=\"Est. reading time\" \/>\n\t<meta name=\"twitter:data1\" content=\"1 minute\" \/>\n<script type=\"application\/ld+json\" class=\"yoast-schema-graph\">{\"@context\":\"https:\/\/schema.org\",\"@graph\":[{\"@type\":\"WebPage\",\"@id\":\"https:\/\/antiqua.mx\/producto\/gonzalez-casanova-pablo-cuentos-indigenas-2\/\",\"url\":\"https:\/\/antiqua.mx\/producto\/gonzalez-casanova-pablo-cuentos-indigenas-2\/\",\"name\":\"GONZ\u00c1LEZ CASANOVA PABLO. CUENTOS IND\u00cdGENAS -\",\"isPartOf\":{\"@id\":\"https:\/\/antiqua.mx\/en\/#website\"},\"datePublished\":\"2026-03-04T01:37:09+00:00\",\"dateModified\":\"2026-03-04T01:37:48+00:00\",\"breadcrumb\":{\"@id\":\"https:\/\/antiqua.mx\/producto\/gonzalez-casanova-pablo-cuentos-indigenas-2\/#breadcrumb\"},\"inLanguage\":\"en-US\",\"potentialAction\":[{\"@type\":\"ReadAction\",\"target\":[\"https:\/\/antiqua.mx\/producto\/gonzalez-casanova-pablo-cuentos-indigenas-2\/\"]}]},{\"@type\":\"BreadcrumbList\",\"@id\":\"https:\/\/antiqua.mx\/producto\/gonzalez-casanova-pablo-cuentos-indigenas-2\/#breadcrumb\",\"itemListElement\":[{\"@type\":\"ListItem\",\"position\":1,\"name\":\"Portada\",\"item\":\"https:\/\/antiqua.mx\/en\/\"},{\"@type\":\"ListItem\",\"position\":2,\"name\":\"Tienda\",\"item\":\"https:\/\/antiqua.mx\/tienda\/\"},{\"@type\":\"ListItem\",\"position\":3,\"name\":\"GONZ\u00c1LEZ CASANOVA PABLO. CUENTOS IND\u00cdGENAS\"}]},{\"@type\":\"WebSite\",\"@id\":\"https:\/\/antiqua.mx\/en\/#website\",\"url\":\"https:\/\/antiqua.mx\/en\/\",\"name\":\"\",\"description\":\"\",\"potentialAction\":[{\"@type\":\"SearchAction\",\"target\":{\"@type\":\"EntryPoint\",\"urlTemplate\":\"https:\/\/antiqua.mx\/en\/?s={search_term_string}\"},\"query-input\":{\"@type\":\"PropertyValueSpecification\",\"valueRequired\":true,\"valueName\":\"search_term_string\"}}],\"inLanguage\":\"en-US\"}]}<\/script>\n<!-- \/ Yoast SEO plugin. -->","yoast_head_json":{"title":"GONZ\u00c1LEZ CASANOVA PABLO. CUENTOS IND\u00cdGENAS -","robots":{"index":"index","follow":"follow","max-snippet":"max-snippet:-1","max-image-preview":"max-image-preview:large","max-video-preview":"max-video-preview:-1"},"canonical":"https:\/\/antiqua.mx\/en\/product\/gonzalez-casanova-pablo-cuentos-indigenas-2\/","og_locale":"en_US","og_type":"article","og_title":"GONZ\u00c1LEZ CASANOVA PABLO. CUENTOS IND\u00cdGENAS -","og_description":"Editorial: Universidad Nacional Aut\u00f3noma de M\u00e9xico  Cuarta edici\u00f3n  A\u00f1o 2001  R\u00fastico, en buenas condiciones.  Pr\u00f3logo a la primera edici\u00f3n, por Agust\u00edn Y\u00e1\u00f1ez.  Instituto de Investigaciones Hist\u00f3ricas. Serie Cultura N\u00e1huatl.  Impreso en M\u00e9xico.  111 p\u00e1ginas","og_url":"https:\/\/antiqua.mx\/en\/product\/gonzalez-casanova-pablo-cuentos-indigenas-2\/","article_modified_time":"2026-03-04T01:37:48+00:00","twitter_card":"summary_large_image","twitter_misc":{"Est. reading time":"1 minute"},"schema":{"@context":"https:\/\/schema.org","@graph":[{"@type":"WebPage","@id":"https:\/\/antiqua.mx\/producto\/gonzalez-casanova-pablo-cuentos-indigenas-2\/","url":"https:\/\/antiqua.mx\/producto\/gonzalez-casanova-pablo-cuentos-indigenas-2\/","name":"GONZ\u00c1LEZ CASANOVA PABLO. CUENTOS IND\u00cdGENAS -","isPartOf":{"@id":"https:\/\/antiqua.mx\/en\/#website"},"datePublished":"2026-03-04T01:37:09+00:00","dateModified":"2026-03-04T01:37:48+00:00","breadcrumb":{"@id":"https:\/\/antiqua.mx\/producto\/gonzalez-casanova-pablo-cuentos-indigenas-2\/#breadcrumb"},"inLanguage":"en-US","potentialAction":[{"@type":"ReadAction","target":["https:\/\/antiqua.mx\/producto\/gonzalez-casanova-pablo-cuentos-indigenas-2\/"]}]},{"@type":"BreadcrumbList","@id":"https:\/\/antiqua.mx\/producto\/gonzalez-casanova-pablo-cuentos-indigenas-2\/#breadcrumb","itemListElement":[{"@type":"ListItem","position":1,"name":"Portada","item":"https:\/\/antiqua.mx\/en\/"},{"@type":"ListItem","position":2,"name":"Tienda","item":"https:\/\/antiqua.mx\/tienda\/"},{"@type":"ListItem","position":3,"name":"GONZ\u00c1LEZ CASANOVA PABLO. CUENTOS IND\u00cdGENAS"}]},{"@type":"WebSite","@id":"https:\/\/antiqua.mx\/en\/#website","url":"https:\/\/antiqua.mx\/en\/","name":"","description":"","potentialAction":[{"@type":"SearchAction","target":{"@type":"EntryPoint","urlTemplate":"https:\/\/antiqua.mx\/en\/?s={search_term_string}"},"query-input":{"@type":"PropertyValueSpecification","valueRequired":true,"valueName":"search_term_string"}}],"inLanguage":"en-US"}]}},"jetpack_sharing_enabled":true,"_links":{"self":[{"href":"https:\/\/antiqua.mx\/en\/wp-json\/wp\/v2\/product\/25518","targetHints":{"allow":["GET"]}}],"collection":[{"href":"https:\/\/antiqua.mx\/en\/wp-json\/wp\/v2\/product"}],"about":[{"href":"https:\/\/antiqua.mx\/en\/wp-json\/wp\/v2\/types\/product"}],"replies":[{"embeddable":true,"href":"https:\/\/antiqua.mx\/en\/wp-json\/wp\/v2\/comments?post=25518"}],"wp:attachment":[{"href":"https:\/\/antiqua.mx\/en\/wp-json\/wp\/v2\/media?parent=25518"}],"wp:term":[{"taxonomy":"product_brand","embeddable":true,"href":"https:\/\/antiqua.mx\/en\/wp-json\/wp\/v2\/product_brand?post=25518"},{"taxonomy":"product_cat","embeddable":true,"href":"https:\/\/antiqua.mx\/en\/wp-json\/wp\/v2\/product_cat?post=25518"},{"taxonomy":"product_tag","embeddable":true,"href":"https:\/\/antiqua.mx\/en\/wp-json\/wp\/v2\/product_tag?post=25518"}],"curies":[{"name":"wp","href":"https:\/\/api.w.org\/{rel}","templated":true}]}}