{"id":2734,"date":"2020-09-26T13:17:27","date_gmt":"2020-09-26T13:17:27","guid":{"rendered":"https:\/\/antiqua.mx\/?post_type=product&#038;p=2734"},"modified":"2024-09-27T21:54:08","modified_gmt":"2024-09-27T21:54:08","slug":"spota-luis-la-plaza","status":"publish","type":"product","link":"https:\/\/antiqua.mx\/en\/product\/spota-luis-la-plaza\/","title":{"rendered":"SPOTA LUIS. LA PLAZA"},"content":{"rendered":"<p><strong>Spota Luis<\/strong><\/p>\n<p>Editorial: Joaqu\u00edn Mortiz<\/p>\n<p>Tercera edici\u00f3n<\/p>\n<p>A\u00f1o 1972<\/p>\n<p>Empastado con camisa, en buenas condiciones. La camisa est\u00e1 maltratada.<\/p>\n<p>Impreso en M\u00e9xico.<\/p>\n<p>314 p\u00e1ginas<\/p>","protected":false},"excerpt":{"rendered":"<ul>\n<li>Editorial: Joaqu\u00edn Mortiz<\/li>\n<li>Tercera edici\u00f3n<\/li>\n<li>A\u00f1o 1972<\/li>\n<li>Empastado con camisa, en buenas condiciones. La camisa est\u00e1 maltratada.<\/li>\n<li>Impreso en M\u00e9xico.<\/li>\n<li>314 p\u00e1ginas<\/li>\n<\/ul>","protected":false},"featured_media":2735,"comment_status":"open","ping_status":"closed","template":"","meta":{"_joinchat":[]},"product_brand":[],"product_cat":[335,336],"product_tag":[776],"class_list":{"0":"post-2734","1":"product","2":"type-product","3":"status-publish","6":"product_cat-literatura","7":"product_cat-litmexicana","8":"product_tag-luis-spota","10":"first","11":"instock","12":"featured","13":"taxable","14":"shipping-taxable","15":"purchasable","16":"product-type-simple"},"yoast_head":"<!-- This site is optimized with the Yoast SEO plugin v26.1.1 - https:\/\/yoast.com\/wordpress\/plugins\/seo\/ -->\n<title>SPOTA LUIS. LA PLAZA -<\/title>\n<meta name=\"robots\" content=\"index, follow, max-snippet:-1, max-image-preview:large, max-video-preview:-1\" \/>\n<link rel=\"canonical\" href=\"https:\/\/antiqua.mx\/en\/product\/spota-luis-la-plaza\/\" \/>\n<meta property=\"og:locale\" content=\"en_US\" \/>\n<meta property=\"og:type\" content=\"article\" \/>\n<meta property=\"og:title\" content=\"SPOTA LUIS. LA PLAZA -\" \/>\n<meta property=\"og:description\" content=\"Editorial: Joaqu\u00edn Mortiz  Tercera edici\u00f3n  A\u00f1o 1972  Empastado con camisa, en buenas condiciones. La camisa est\u00e1 maltratada.  Impreso en M\u00e9xico.  314 p\u00e1ginas\" \/>\n<meta property=\"og:url\" content=\"https:\/\/antiqua.mx\/en\/product\/spota-luis-la-plaza\/\" \/>\n<meta property=\"article:modified_time\" content=\"2024-09-27T21:54:08+00:00\" \/>\n<meta property=\"og:image\" content=\"https:\/\/antiqua.mx\/wp-content\/uploads\/2020\/09\/SPOTA.-LA-PLAZA-scaled.jpg\" \/>\n\t<meta property=\"og:image:width\" content=\"1829\" \/>\n\t<meta property=\"og:image:height\" content=\"2560\" \/>\n\t<meta property=\"og:image:type\" content=\"image\/jpeg\" \/>\n<meta name=\"twitter:card\" content=\"summary_large_image\" \/>\n<script type=\"application\/ld+json\" class=\"yoast-schema-graph\">{\"@context\":\"https:\/\/schema.org\",\"@graph\":[{\"@type\":\"WebPage\",\"@id\":\"https:\/\/antiqua.mx\/producto\/spota-luis-la-plaza\/\",\"url\":\"https:\/\/antiqua.mx\/producto\/spota-luis-la-plaza\/\",\"name\":\"SPOTA LUIS. LA PLAZA -\",\"isPartOf\":{\"@id\":\"https:\/\/antiqua.mx\/en\/#website\"},\"primaryImageOfPage\":{\"@id\":\"https:\/\/antiqua.mx\/producto\/spota-luis-la-plaza\/#primaryimage\"},\"image\":{\"@id\":\"https:\/\/antiqua.mx\/producto\/spota-luis-la-plaza\/#primaryimage\"},\"thumbnailUrl\":\"https:\/\/antiqua.mx\/wp-content\/uploads\/2020\/09\/SPOTA.-LA-PLAZA-scaled.jpg\",\"datePublished\":\"2020-09-26T13:17:27+00:00\",\"dateModified\":\"2024-09-27T21:54:08+00:00\",\"breadcrumb\":{\"@id\":\"https:\/\/antiqua.mx\/producto\/spota-luis-la-plaza\/#breadcrumb\"},\"inLanguage\":\"en-US\",\"potentialAction\":[{\"@type\":\"ReadAction\",\"target\":[\"https:\/\/antiqua.mx\/producto\/spota-luis-la-plaza\/\"]}]},{\"@type\":\"ImageObject\",\"inLanguage\":\"en-US\",\"@id\":\"https:\/\/antiqua.mx\/producto\/spota-luis-la-plaza\/#primaryimage\",\"url\":\"https:\/\/antiqua.mx\/wp-content\/uploads\/2020\/09\/SPOTA.-LA-PLAZA-scaled.jpg\",\"contentUrl\":\"https:\/\/antiqua.mx\/wp-content\/uploads\/2020\/09\/SPOTA.-LA-PLAZA-scaled.jpg\",\"width\":1829,\"height\":2560},{\"@type\":\"BreadcrumbList\",\"@id\":\"https:\/\/antiqua.mx\/producto\/spota-luis-la-plaza\/#breadcrumb\",\"itemListElement\":[{\"@type\":\"ListItem\",\"position\":1,\"name\":\"Portada\",\"item\":\"https:\/\/antiqua.mx\/en\/\"},{\"@type\":\"ListItem\",\"position\":2,\"name\":\"Tienda\",\"item\":\"https:\/\/antiqua.mx\/tienda\/\"},{\"@type\":\"ListItem\",\"position\":3,\"name\":\"SPOTA LUIS. LA PLAZA\"}]},{\"@type\":\"WebSite\",\"@id\":\"https:\/\/antiqua.mx\/en\/#website\",\"url\":\"https:\/\/antiqua.mx\/en\/\",\"name\":\"\",\"description\":\"\",\"potentialAction\":[{\"@type\":\"SearchAction\",\"target\":{\"@type\":\"EntryPoint\",\"urlTemplate\":\"https:\/\/antiqua.mx\/en\/?s={search_term_string}\"},\"query-input\":{\"@type\":\"PropertyValueSpecification\",\"valueRequired\":true,\"valueName\":\"search_term_string\"}}],\"inLanguage\":\"en-US\"}]}<\/script>\n<!-- \/ Yoast SEO plugin. -->","yoast_head_json":{"title":"SPOTA LUIS. LA PLAZA -","robots":{"index":"index","follow":"follow","max-snippet":"max-snippet:-1","max-image-preview":"max-image-preview:large","max-video-preview":"max-video-preview:-1"},"canonical":"https:\/\/antiqua.mx\/en\/product\/spota-luis-la-plaza\/","og_locale":"en_US","og_type":"article","og_title":"SPOTA LUIS. LA PLAZA -","og_description":"Editorial: Joaqu\u00edn Mortiz  Tercera edici\u00f3n  A\u00f1o 1972  Empastado con camisa, en buenas condiciones. La camisa est\u00e1 maltratada.  Impreso en M\u00e9xico.  314 p\u00e1ginas","og_url":"https:\/\/antiqua.mx\/en\/product\/spota-luis-la-plaza\/","article_modified_time":"2024-09-27T21:54:08+00:00","og_image":[{"width":1829,"height":2560,"url":"https:\/\/antiqua.mx\/wp-content\/uploads\/2020\/09\/SPOTA.-LA-PLAZA-scaled.jpg","type":"image\/jpeg"}],"twitter_card":"summary_large_image","schema":{"@context":"https:\/\/schema.org","@graph":[{"@type":"WebPage","@id":"https:\/\/antiqua.mx\/producto\/spota-luis-la-plaza\/","url":"https:\/\/antiqua.mx\/producto\/spota-luis-la-plaza\/","name":"SPOTA LUIS. LA PLAZA -","isPartOf":{"@id":"https:\/\/antiqua.mx\/en\/#website"},"primaryImageOfPage":{"@id":"https:\/\/antiqua.mx\/producto\/spota-luis-la-plaza\/#primaryimage"},"image":{"@id":"https:\/\/antiqua.mx\/producto\/spota-luis-la-plaza\/#primaryimage"},"thumbnailUrl":"https:\/\/antiqua.mx\/wp-content\/uploads\/2020\/09\/SPOTA.-LA-PLAZA-scaled.jpg","datePublished":"2020-09-26T13:17:27+00:00","dateModified":"2024-09-27T21:54:08+00:00","breadcrumb":{"@id":"https:\/\/antiqua.mx\/producto\/spota-luis-la-plaza\/#breadcrumb"},"inLanguage":"en-US","potentialAction":[{"@type":"ReadAction","target":["https:\/\/antiqua.mx\/producto\/spota-luis-la-plaza\/"]}]},{"@type":"ImageObject","inLanguage":"en-US","@id":"https:\/\/antiqua.mx\/producto\/spota-luis-la-plaza\/#primaryimage","url":"https:\/\/antiqua.mx\/wp-content\/uploads\/2020\/09\/SPOTA.-LA-PLAZA-scaled.jpg","contentUrl":"https:\/\/antiqua.mx\/wp-content\/uploads\/2020\/09\/SPOTA.-LA-PLAZA-scaled.jpg","width":1829,"height":2560},{"@type":"BreadcrumbList","@id":"https:\/\/antiqua.mx\/producto\/spota-luis-la-plaza\/#breadcrumb","itemListElement":[{"@type":"ListItem","position":1,"name":"Portada","item":"https:\/\/antiqua.mx\/en\/"},{"@type":"ListItem","position":2,"name":"Tienda","item":"https:\/\/antiqua.mx\/tienda\/"},{"@type":"ListItem","position":3,"name":"SPOTA LUIS. LA PLAZA"}]},{"@type":"WebSite","@id":"https:\/\/antiqua.mx\/en\/#website","url":"https:\/\/antiqua.mx\/en\/","name":"","description":"","potentialAction":[{"@type":"SearchAction","target":{"@type":"EntryPoint","urlTemplate":"https:\/\/antiqua.mx\/en\/?s={search_term_string}"},"query-input":{"@type":"PropertyValueSpecification","valueRequired":true,"valueName":"search_term_string"}}],"inLanguage":"en-US"}]}},"jetpack_sharing_enabled":true,"_links":{"self":[{"href":"https:\/\/antiqua.mx\/en\/wp-json\/wp\/v2\/product\/2734","targetHints":{"allow":["GET"]}}],"collection":[{"href":"https:\/\/antiqua.mx\/en\/wp-json\/wp\/v2\/product"}],"about":[{"href":"https:\/\/antiqua.mx\/en\/wp-json\/wp\/v2\/types\/product"}],"replies":[{"embeddable":true,"href":"https:\/\/antiqua.mx\/en\/wp-json\/wp\/v2\/comments?post=2734"}],"wp:featuredmedia":[{"embeddable":true,"href":"https:\/\/antiqua.mx\/en\/wp-json\/wp\/v2\/media\/2735"}],"wp:attachment":[{"href":"https:\/\/antiqua.mx\/en\/wp-json\/wp\/v2\/media?parent=2734"}],"wp:term":[{"taxonomy":"product_brand","embeddable":true,"href":"https:\/\/antiqua.mx\/en\/wp-json\/wp\/v2\/product_brand?post=2734"},{"taxonomy":"product_cat","embeddable":true,"href":"https:\/\/antiqua.mx\/en\/wp-json\/wp\/v2\/product_cat?post=2734"},{"taxonomy":"product_tag","embeddable":true,"href":"https:\/\/antiqua.mx\/en\/wp-json\/wp\/v2\/product_tag?post=2734"}],"curies":[{"name":"wp","href":"https:\/\/api.w.org\/{rel}","templated":true}]}}