{"id":3292,"date":"2021-01-14T23:43:58","date_gmt":"2021-01-14T23:43:58","guid":{"rendered":"https:\/\/antiqua.mx\/?post_type=product&#038;p=3292"},"modified":"2024-07-20T21:41:21","modified_gmt":"2024-07-20T21:41:21","slug":"revista-ateneo","status":"publish","type":"product","link":"https:\/\/antiqua.mx\/en\/product\/revista-ateneo\/","title":{"rendered":"REVISTA ATENEO CHIAPAS"},"content":{"rendered":"<p>Director: R\u00f3mulo Calzada<\/p>\n<p>A\u00f1o 1951<\/p>\n<p>R\u00fastico, en muy buenas condiciones. La revista tiene grabados de Franco L\u00e1zaro G\u00f3mez.<\/p>\n<p>A\u00f1o I Vol. 1 enero-febrero-marzo Tuxtla Guti\u00e9rrez, Chiapas.<\/p>\n<p>Tiene art\u00edculos de R\u00f3mulo Calzada, Fernando Casta\u00f1\u00f3n Gamboa, Miguel \u00c1lvarez Acosta, Armando Duvalier, Jes\u00fas Agripino Guti\u00e9rrez, Pedro Alvarado Lang entre otros.<\/p>\n<p>176 p\u00e1ginas<\/p>\n<p>&nbsp;<\/p>","protected":false},"excerpt":{"rendered":"<ul>\n<li>Director: R\u00f3mulo Calzada<\/li>\n<li>A\u00f1o 1951<\/li>\n<li>R\u00fastico, en muy buenas condiciones. La revista tiene grabados de Franco L\u00e1zaro G\u00f3mez.<\/li>\n<li>A\u00f1o I Vol. 1 enero-febrero-marzo Tuxtla Guti\u00e9rrez, Chiapas.<\/li>\n<li>Tiene art\u00edculos de R\u00f3mulo Calzada, Fernando Casta\u00f1\u00f3n Gamboa, Miguel \u00c1lvarez Acosta, Armando Duvalier, Jes\u00fas Agripino Guti\u00e9rrez, Pedro Alvarado Lang entre otros.<\/li>\n<li>176 p\u00e1ginas<\/li>\n<\/ul>","protected":false},"featured_media":3294,"comment_status":"open","ping_status":"closed","template":"","meta":{"_joinchat":[]},"product_brand":[],"product_cat":[349,350,388,375,897],"product_tag":[1259,841],"class_list":{"0":"post-3292","1":"product","2":"type-product","3":"status-publish","6":"product_cat-arte","7":"product_cat-arte-mexicano","8":"product_cat-geomex","9":"product_cat-mex","10":"product_cat-revista-ateneo","11":"product_tag-alvarado-lang","12":"product_tag-chiapas","14":"first","15":"outofstock","16":"featured","17":"sold-individually","18":"taxable","19":"shipping-taxable","20":"purchasable","21":"product-type-simple"},"yoast_head":"<!-- This site is optimized with the Yoast SEO plugin v26.1.1 - https:\/\/yoast.com\/wordpress\/plugins\/seo\/ -->\n<title>REVISTA ATENEO CHIAPAS -<\/title>\n<meta name=\"robots\" content=\"index, follow, max-snippet:-1, max-image-preview:large, max-video-preview:-1\" \/>\n<link rel=\"canonical\" href=\"https:\/\/antiqua.mx\/en\/product\/revista-ateneo\/\" \/>\n<meta property=\"og:locale\" content=\"en_US\" \/>\n<meta property=\"og:type\" content=\"article\" \/>\n<meta property=\"og:title\" content=\"REVISTA ATENEO CHIAPAS -\" \/>\n<meta property=\"og:description\" content=\"Director: R\u00f3mulo Calzada  A\u00f1o 1951  R\u00fastico, en muy buenas condiciones. La revista tiene grabados de Franco L\u00e1zaro G\u00f3mez.  A\u00f1o I Vol. 1 enero-febrero-marzo Tuxtla Guti\u00e9rrez, Chiapas.  Tiene art\u00edculos de R\u00f3mulo Calzada, Fernando Casta\u00f1\u00f3n Gamboa, Miguel \u00c1lvarez Acosta, Armando Duvalier, Jes\u00fas Agripino Guti\u00e9rrez, Pedro Alvarado Lang entre otros.  176 p\u00e1ginas\" \/>\n<meta property=\"og:url\" content=\"https:\/\/antiqua.mx\/en\/product\/revista-ateneo\/\" \/>\n<meta property=\"article:modified_time\" content=\"2024-07-20T21:41:21+00:00\" \/>\n<meta property=\"og:image\" content=\"https:\/\/antiqua.mx\/wp-content\/uploads\/2021\/01\/IMG_E0433-2-scaled.jpeg\" \/>\n\t<meta property=\"og:image:width\" content=\"1920\" \/>\n\t<meta property=\"og:image:height\" content=\"2560\" \/>\n\t<meta property=\"og:image:type\" content=\"image\/jpeg\" \/>\n<meta name=\"twitter:card\" content=\"summary_large_image\" \/>\n<script type=\"application\/ld+json\" class=\"yoast-schema-graph\">{\"@context\":\"https:\/\/schema.org\",\"@graph\":[{\"@type\":\"WebPage\",\"@id\":\"https:\/\/antiqua.mx\/producto\/revista-ateneo\/\",\"url\":\"https:\/\/antiqua.mx\/producto\/revista-ateneo\/\",\"name\":\"REVISTA ATENEO CHIAPAS -\",\"isPartOf\":{\"@id\":\"https:\/\/antiqua.mx\/en\/#website\"},\"primaryImageOfPage\":{\"@id\":\"https:\/\/antiqua.mx\/producto\/revista-ateneo\/#primaryimage\"},\"image\":{\"@id\":\"https:\/\/antiqua.mx\/producto\/revista-ateneo\/#primaryimage\"},\"thumbnailUrl\":\"https:\/\/antiqua.mx\/wp-content\/uploads\/2021\/01\/IMG_E0433-2-scaled.jpeg\",\"datePublished\":\"2021-01-14T23:43:58+00:00\",\"dateModified\":\"2024-07-20T21:41:21+00:00\",\"breadcrumb\":{\"@id\":\"https:\/\/antiqua.mx\/producto\/revista-ateneo\/#breadcrumb\"},\"inLanguage\":\"en-US\",\"potentialAction\":[{\"@type\":\"ReadAction\",\"target\":[\"https:\/\/antiqua.mx\/producto\/revista-ateneo\/\"]}]},{\"@type\":\"ImageObject\",\"inLanguage\":\"en-US\",\"@id\":\"https:\/\/antiqua.mx\/producto\/revista-ateneo\/#primaryimage\",\"url\":\"https:\/\/antiqua.mx\/wp-content\/uploads\/2021\/01\/IMG_E0433-2-scaled.jpeg\",\"contentUrl\":\"https:\/\/antiqua.mx\/wp-content\/uploads\/2021\/01\/IMG_E0433-2-scaled.jpeg\",\"width\":1920,\"height\":2560},{\"@type\":\"BreadcrumbList\",\"@id\":\"https:\/\/antiqua.mx\/producto\/revista-ateneo\/#breadcrumb\",\"itemListElement\":[{\"@type\":\"ListItem\",\"position\":1,\"name\":\"Portada\",\"item\":\"https:\/\/antiqua.mx\/en\/\"},{\"@type\":\"ListItem\",\"position\":2,\"name\":\"Tienda\",\"item\":\"https:\/\/antiqua.mx\/tienda\/\"},{\"@type\":\"ListItem\",\"position\":3,\"name\":\"REVISTA ATENEO CHIAPAS\"}]},{\"@type\":\"WebSite\",\"@id\":\"https:\/\/antiqua.mx\/en\/#website\",\"url\":\"https:\/\/antiqua.mx\/en\/\",\"name\":\"\",\"description\":\"\",\"potentialAction\":[{\"@type\":\"SearchAction\",\"target\":{\"@type\":\"EntryPoint\",\"urlTemplate\":\"https:\/\/antiqua.mx\/en\/?s={search_term_string}\"},\"query-input\":{\"@type\":\"PropertyValueSpecification\",\"valueRequired\":true,\"valueName\":\"search_term_string\"}}],\"inLanguage\":\"en-US\"}]}<\/script>\n<!-- \/ Yoast SEO plugin. -->","yoast_head_json":{"title":"REVISTA ATENEO CHIAPAS -","robots":{"index":"index","follow":"follow","max-snippet":"max-snippet:-1","max-image-preview":"max-image-preview:large","max-video-preview":"max-video-preview:-1"},"canonical":"https:\/\/antiqua.mx\/en\/product\/revista-ateneo\/","og_locale":"en_US","og_type":"article","og_title":"REVISTA ATENEO CHIAPAS -","og_description":"Director: R\u00f3mulo Calzada  A\u00f1o 1951  R\u00fastico, en muy buenas condiciones. La revista tiene grabados de Franco L\u00e1zaro G\u00f3mez.  A\u00f1o I Vol. 1 enero-febrero-marzo Tuxtla Guti\u00e9rrez, Chiapas.  Tiene art\u00edculos de R\u00f3mulo Calzada, Fernando Casta\u00f1\u00f3n Gamboa, Miguel \u00c1lvarez Acosta, Armando Duvalier, Jes\u00fas Agripino Guti\u00e9rrez, Pedro Alvarado Lang entre otros.  176 p\u00e1ginas","og_url":"https:\/\/antiqua.mx\/en\/product\/revista-ateneo\/","article_modified_time":"2024-07-20T21:41:21+00:00","og_image":[{"width":1920,"height":2560,"url":"https:\/\/antiqua.mx\/wp-content\/uploads\/2021\/01\/IMG_E0433-2-scaled.jpeg","type":"image\/jpeg"}],"twitter_card":"summary_large_image","schema":{"@context":"https:\/\/schema.org","@graph":[{"@type":"WebPage","@id":"https:\/\/antiqua.mx\/producto\/revista-ateneo\/","url":"https:\/\/antiqua.mx\/producto\/revista-ateneo\/","name":"REVISTA ATENEO CHIAPAS -","isPartOf":{"@id":"https:\/\/antiqua.mx\/en\/#website"},"primaryImageOfPage":{"@id":"https:\/\/antiqua.mx\/producto\/revista-ateneo\/#primaryimage"},"image":{"@id":"https:\/\/antiqua.mx\/producto\/revista-ateneo\/#primaryimage"},"thumbnailUrl":"https:\/\/antiqua.mx\/wp-content\/uploads\/2021\/01\/IMG_E0433-2-scaled.jpeg","datePublished":"2021-01-14T23:43:58+00:00","dateModified":"2024-07-20T21:41:21+00:00","breadcrumb":{"@id":"https:\/\/antiqua.mx\/producto\/revista-ateneo\/#breadcrumb"},"inLanguage":"en-US","potentialAction":[{"@type":"ReadAction","target":["https:\/\/antiqua.mx\/producto\/revista-ateneo\/"]}]},{"@type":"ImageObject","inLanguage":"en-US","@id":"https:\/\/antiqua.mx\/producto\/revista-ateneo\/#primaryimage","url":"https:\/\/antiqua.mx\/wp-content\/uploads\/2021\/01\/IMG_E0433-2-scaled.jpeg","contentUrl":"https:\/\/antiqua.mx\/wp-content\/uploads\/2021\/01\/IMG_E0433-2-scaled.jpeg","width":1920,"height":2560},{"@type":"BreadcrumbList","@id":"https:\/\/antiqua.mx\/producto\/revista-ateneo\/#breadcrumb","itemListElement":[{"@type":"ListItem","position":1,"name":"Portada","item":"https:\/\/antiqua.mx\/en\/"},{"@type":"ListItem","position":2,"name":"Tienda","item":"https:\/\/antiqua.mx\/tienda\/"},{"@type":"ListItem","position":3,"name":"REVISTA ATENEO CHIAPAS"}]},{"@type":"WebSite","@id":"https:\/\/antiqua.mx\/en\/#website","url":"https:\/\/antiqua.mx\/en\/","name":"","description":"","potentialAction":[{"@type":"SearchAction","target":{"@type":"EntryPoint","urlTemplate":"https:\/\/antiqua.mx\/en\/?s={search_term_string}"},"query-input":{"@type":"PropertyValueSpecification","valueRequired":true,"valueName":"search_term_string"}}],"inLanguage":"en-US"}]}},"jetpack_sharing_enabled":true,"_links":{"self":[{"href":"https:\/\/antiqua.mx\/en\/wp-json\/wp\/v2\/product\/3292","targetHints":{"allow":["GET"]}}],"collection":[{"href":"https:\/\/antiqua.mx\/en\/wp-json\/wp\/v2\/product"}],"about":[{"href":"https:\/\/antiqua.mx\/en\/wp-json\/wp\/v2\/types\/product"}],"replies":[{"embeddable":true,"href":"https:\/\/antiqua.mx\/en\/wp-json\/wp\/v2\/comments?post=3292"}],"wp:featuredmedia":[{"embeddable":true,"href":"https:\/\/antiqua.mx\/en\/wp-json\/wp\/v2\/media\/3294"}],"wp:attachment":[{"href":"https:\/\/antiqua.mx\/en\/wp-json\/wp\/v2\/media?parent=3292"}],"wp:term":[{"taxonomy":"product_brand","embeddable":true,"href":"https:\/\/antiqua.mx\/en\/wp-json\/wp\/v2\/product_brand?post=3292"},{"taxonomy":"product_cat","embeddable":true,"href":"https:\/\/antiqua.mx\/en\/wp-json\/wp\/v2\/product_cat?post=3292"},{"taxonomy":"product_tag","embeddable":true,"href":"https:\/\/antiqua.mx\/en\/wp-json\/wp\/v2\/product_tag?post=3292"}],"curies":[{"name":"wp","href":"https:\/\/api.w.org\/{rel}","templated":true}]}}