{"id":3453,"date":"2021-01-22T23:42:46","date_gmt":"2021-01-22T23:42:46","guid":{"rendered":"https:\/\/antiqua.mx\/?post_type=product&#038;p=3453"},"modified":"2025-08-21T22:14:48","modified_gmt":"2025-08-21T22:14:48","slug":"mancisidor-jose-zola-conferencia","status":"publish","type":"product","link":"https:\/\/antiqua.mx\/en\/product\/mancisidor-jose-zola-conferencia","title":{"rendered":"MANCISIDOR JOS\u00c9. ZOL\u00c1 (CONFERENCIA)"},"content":{"rendered":"<p><strong>Mancisidor Jos\u00e9<\/strong><\/p>\n<p>Editorial: &#8220;MOMENTO&#8221;<\/p>\n<p>R\u00fastico, en buenas condiciones. La partes superior de la portada est\u00e1 rota.<\/p>\n<p>El ejemplar est\u00e1 intonso.<\/p>\n<p>Impreso en Xalapa, Veracruz, M\u00e9xico.<\/p>\n<p>33 p\u00e1ginas<\/p>\n<p>&nbsp;<\/p>","protected":false},"excerpt":{"rendered":"<ul>\n<li>Editorial: &#8220;MOMENTO&#8221;<\/li>\n<li>R\u00fastico, en buenas condiciones. La partes superior de la portada est\u00e1 rota.<\/li>\n<li>El ejemplar est\u00e1 intonso.<\/li>\n<li>Impreso en Xalapa, Veracruz, M\u00e9xico.<\/li>\n<li>33 p\u00e1ginas<\/li>\n<\/ul>","protected":false},"featured_media":3454,"comment_status":"open","ping_status":"closed","template":"","meta":{"_joinchat":[]},"product_brand":[],"product_cat":[349,350,453,353,451],"product_tag":[902,730,905],"class_list":{"0":"post-3453","1":"product","2":"type-product","3":"status-publish","6":"product_cat-arte","7":"product_cat-arte-mexicano","8":"product_cat-biografias","9":"product_cat-estri","10":"product_cat-otros","11":"product_tag-estridentismo","12":"product_tag-jose-mancisidor","13":"product_tag-zola","15":"first","16":"instock","17":"featured","18":"sold-individually","19":"taxable","20":"shipping-taxable","21":"purchasable","22":"product-type-simple"},"yoast_head":"<!-- This site is optimized with the Yoast SEO plugin v26.1.1 - https:\/\/yoast.com\/wordpress\/plugins\/seo\/ -->\n<title>MANCISIDOR JOS\u00c9. ZOL\u00c1 (CONFERENCIA) -<\/title>\n<meta name=\"robots\" content=\"index, follow, max-snippet:-1, max-image-preview:large, max-video-preview:-1\" \/>\n<link rel=\"canonical\" href=\"https:\/\/antiqua.mx\/en\/product\/mancisidor-jose-zola-conferencia\/\" \/>\n<meta property=\"og:locale\" content=\"en_US\" \/>\n<meta property=\"og:type\" content=\"article\" \/>\n<meta property=\"og:title\" content=\"MANCISIDOR JOS\u00c9. ZOL\u00c1 (CONFERENCIA) -\" \/>\n<meta property=\"og:description\" content=\"Editorial: &quot;MOMENTO&quot;  R\u00fastico, en buenas condiciones. La partes superior de la portada est\u00e1 rota.  El ejemplar est\u00e1 intonso.  Impreso en Xalapa, Veracruz, M\u00e9xico.  33 p\u00e1ginas\" \/>\n<meta property=\"og:url\" content=\"https:\/\/antiqua.mx\/en\/product\/mancisidor-jose-zola-conferencia\/\" \/>\n<meta property=\"article:modified_time\" content=\"2025-08-21T22:14:48+00:00\" \/>\n<meta property=\"og:image\" content=\"https:\/\/antiqua.mx\/wp-content\/uploads\/2021\/01\/E7CE7F58-E1AC-44A8-8E7A-4F1259449839_1_105_c.jpeg\" \/>\n\t<meta property=\"og:image:width\" content=\"768\" \/>\n\t<meta property=\"og:image:height\" content=\"1024\" \/>\n\t<meta property=\"og:image:type\" content=\"image\/jpeg\" \/>\n<meta name=\"twitter:card\" content=\"summary_large_image\" \/>\n<script type=\"application\/ld+json\" class=\"yoast-schema-graph\">{\"@context\":\"https:\/\/schema.org\",\"@graph\":[{\"@type\":\"WebPage\",\"@id\":\"https:\/\/antiqua.mx\/producto\/mancisidor-jose-zola-conferencia\",\"url\":\"https:\/\/antiqua.mx\/producto\/mancisidor-jose-zola-conferencia\",\"name\":\"MANCISIDOR JOS\u00c9. ZOL\u00c1 (CONFERENCIA) -\",\"isPartOf\":{\"@id\":\"https:\/\/antiqua.mx\/en\/#website\"},\"primaryImageOfPage\":{\"@id\":\"https:\/\/antiqua.mx\/producto\/mancisidor-jose-zola-conferencia#primaryimage\"},\"image\":{\"@id\":\"https:\/\/antiqua.mx\/producto\/mancisidor-jose-zola-conferencia#primaryimage\"},\"thumbnailUrl\":\"https:\/\/antiqua.mx\/wp-content\/uploads\/2021\/01\/E7CE7F58-E1AC-44A8-8E7A-4F1259449839_1_105_c.jpeg\",\"datePublished\":\"2021-01-22T23:42:46+00:00\",\"dateModified\":\"2025-08-21T22:14:48+00:00\",\"breadcrumb\":{\"@id\":\"https:\/\/antiqua.mx\/producto\/mancisidor-jose-zola-conferencia#breadcrumb\"},\"inLanguage\":\"en-US\",\"potentialAction\":[{\"@type\":\"ReadAction\",\"target\":[\"https:\/\/antiqua.mx\/producto\/mancisidor-jose-zola-conferencia\"]}]},{\"@type\":\"ImageObject\",\"inLanguage\":\"en-US\",\"@id\":\"https:\/\/antiqua.mx\/producto\/mancisidor-jose-zola-conferencia#primaryimage\",\"url\":\"https:\/\/antiqua.mx\/wp-content\/uploads\/2021\/01\/E7CE7F58-E1AC-44A8-8E7A-4F1259449839_1_105_c.jpeg\",\"contentUrl\":\"https:\/\/antiqua.mx\/wp-content\/uploads\/2021\/01\/E7CE7F58-E1AC-44A8-8E7A-4F1259449839_1_105_c.jpeg\",\"width\":768,\"height\":1024},{\"@type\":\"BreadcrumbList\",\"@id\":\"https:\/\/antiqua.mx\/producto\/mancisidor-jose-zola-conferencia#breadcrumb\",\"itemListElement\":[{\"@type\":\"ListItem\",\"position\":1,\"name\":\"Portada\",\"item\":\"https:\/\/antiqua.mx\/en\/\"},{\"@type\":\"ListItem\",\"position\":2,\"name\":\"Tienda\",\"item\":\"https:\/\/antiqua.mx\/en\/tienda\"},{\"@type\":\"ListItem\",\"position\":3,\"name\":\"MANCISIDOR JOS\u00c9. ZOL\u00c1 (CONFERENCIA)\"}]},{\"@type\":\"WebSite\",\"@id\":\"https:\/\/antiqua.mx\/en\/#website\",\"url\":\"https:\/\/antiqua.mx\/en\/\",\"name\":\"\",\"description\":\"\",\"potentialAction\":[{\"@type\":\"SearchAction\",\"target\":{\"@type\":\"EntryPoint\",\"urlTemplate\":\"https:\/\/antiqua.mx\/en\/?s={search_term_string}\"},\"query-input\":{\"@type\":\"PropertyValueSpecification\",\"valueRequired\":true,\"valueName\":\"search_term_string\"}}],\"inLanguage\":\"en-US\"}]}<\/script>\n<!-- \/ Yoast SEO plugin. -->","yoast_head_json":{"title":"MANCISIDOR JOS\u00c9. ZOL\u00c1 (CONFERENCIA) -","robots":{"index":"index","follow":"follow","max-snippet":"max-snippet:-1","max-image-preview":"max-image-preview:large","max-video-preview":"max-video-preview:-1"},"canonical":"https:\/\/antiqua.mx\/en\/product\/mancisidor-jose-zola-conferencia\/","og_locale":"en_US","og_type":"article","og_title":"MANCISIDOR JOS\u00c9. ZOL\u00c1 (CONFERENCIA) -","og_description":"Editorial: \"MOMENTO\"  R\u00fastico, en buenas condiciones. La partes superior de la portada est\u00e1 rota.  El ejemplar est\u00e1 intonso.  Impreso en Xalapa, Veracruz, M\u00e9xico.  33 p\u00e1ginas","og_url":"https:\/\/antiqua.mx\/en\/product\/mancisidor-jose-zola-conferencia\/","article_modified_time":"2025-08-21T22:14:48+00:00","og_image":[{"width":768,"height":1024,"url":"https:\/\/antiqua.mx\/wp-content\/uploads\/2021\/01\/E7CE7F58-E1AC-44A8-8E7A-4F1259449839_1_105_c.jpeg","type":"image\/jpeg"}],"twitter_card":"summary_large_image","schema":{"@context":"https:\/\/schema.org","@graph":[{"@type":"WebPage","@id":"https:\/\/antiqua.mx\/producto\/mancisidor-jose-zola-conferencia","url":"https:\/\/antiqua.mx\/producto\/mancisidor-jose-zola-conferencia","name":"MANCISIDOR JOS\u00c9. ZOL\u00c1 (CONFERENCIA) -","isPartOf":{"@id":"https:\/\/antiqua.mx\/en\/#website"},"primaryImageOfPage":{"@id":"https:\/\/antiqua.mx\/producto\/mancisidor-jose-zola-conferencia#primaryimage"},"image":{"@id":"https:\/\/antiqua.mx\/producto\/mancisidor-jose-zola-conferencia#primaryimage"},"thumbnailUrl":"https:\/\/antiqua.mx\/wp-content\/uploads\/2021\/01\/E7CE7F58-E1AC-44A8-8E7A-4F1259449839_1_105_c.jpeg","datePublished":"2021-01-22T23:42:46+00:00","dateModified":"2025-08-21T22:14:48+00:00","breadcrumb":{"@id":"https:\/\/antiqua.mx\/producto\/mancisidor-jose-zola-conferencia#breadcrumb"},"inLanguage":"en-US","potentialAction":[{"@type":"ReadAction","target":["https:\/\/antiqua.mx\/producto\/mancisidor-jose-zola-conferencia"]}]},{"@type":"ImageObject","inLanguage":"en-US","@id":"https:\/\/antiqua.mx\/producto\/mancisidor-jose-zola-conferencia#primaryimage","url":"https:\/\/antiqua.mx\/wp-content\/uploads\/2021\/01\/E7CE7F58-E1AC-44A8-8E7A-4F1259449839_1_105_c.jpeg","contentUrl":"https:\/\/antiqua.mx\/wp-content\/uploads\/2021\/01\/E7CE7F58-E1AC-44A8-8E7A-4F1259449839_1_105_c.jpeg","width":768,"height":1024},{"@type":"BreadcrumbList","@id":"https:\/\/antiqua.mx\/producto\/mancisidor-jose-zola-conferencia#breadcrumb","itemListElement":[{"@type":"ListItem","position":1,"name":"Portada","item":"https:\/\/antiqua.mx\/en\/"},{"@type":"ListItem","position":2,"name":"Tienda","item":"https:\/\/antiqua.mx\/en\/tienda"},{"@type":"ListItem","position":3,"name":"MANCISIDOR JOS\u00c9. ZOL\u00c1 (CONFERENCIA)"}]},{"@type":"WebSite","@id":"https:\/\/antiqua.mx\/en\/#website","url":"https:\/\/antiqua.mx\/en\/","name":"","description":"","potentialAction":[{"@type":"SearchAction","target":{"@type":"EntryPoint","urlTemplate":"https:\/\/antiqua.mx\/en\/?s={search_term_string}"},"query-input":{"@type":"PropertyValueSpecification","valueRequired":true,"valueName":"search_term_string"}}],"inLanguage":"en-US"}]}},"jetpack_sharing_enabled":true,"_links":{"self":[{"href":"https:\/\/antiqua.mx\/en\/wp-json\/wp\/v2\/product\/3453","targetHints":{"allow":["GET"]}}],"collection":[{"href":"https:\/\/antiqua.mx\/en\/wp-json\/wp\/v2\/product"}],"about":[{"href":"https:\/\/antiqua.mx\/en\/wp-json\/wp\/v2\/types\/product"}],"replies":[{"embeddable":true,"href":"https:\/\/antiqua.mx\/en\/wp-json\/wp\/v2\/comments?post=3453"}],"wp:featuredmedia":[{"embeddable":true,"href":"https:\/\/antiqua.mx\/en\/wp-json\/wp\/v2\/media\/3454"}],"wp:attachment":[{"href":"https:\/\/antiqua.mx\/en\/wp-json\/wp\/v2\/media?parent=3453"}],"wp:term":[{"taxonomy":"product_brand","embeddable":true,"href":"https:\/\/antiqua.mx\/en\/wp-json\/wp\/v2\/product_brand?post=3453"},{"taxonomy":"product_cat","embeddable":true,"href":"https:\/\/antiqua.mx\/en\/wp-json\/wp\/v2\/product_cat?post=3453"},{"taxonomy":"product_tag","embeddable":true,"href":"https:\/\/antiqua.mx\/en\/wp-json\/wp\/v2\/product_tag?post=3453"}],"curies":[{"name":"wp","href":"https:\/\/api.w.org\/{rel}","templated":true}]}}