{"id":3456,"date":"2021-01-22T23:53:02","date_gmt":"2021-01-22T23:53:02","guid":{"rendered":"https:\/\/antiqua.mx\/?post_type=product&#038;p=3456"},"modified":"2025-08-21T21:55:46","modified_gmt":"2025-08-21T21:55:46","slug":"mancisidor-jose-lenin-conferencia","status":"publish","type":"product","link":"https:\/\/antiqua.mx\/en\/product\/mancisidor-jose-lenin-conferencia","title":{"rendered":"MANCISIDOR JOS\u00c9. LENIN (CONFERENCIA)"},"content":{"rendered":"<p><strong>Mancisidor Jos\u00e9<\/strong><\/p>\n<p>Editorial: &#8220;INTEGRALES&#8221;<\/p>\n<p>R\u00fastico, en buenas condiciones. La parte del lomo est\u00e1 manchado.<\/p>\n<p>El ejemplar est\u00e1 dedicado para Miguel Bustos Cerecedo.<\/p>\n<p>Impreso en Xalapa, Veracruz, M\u00e9xico<\/p>\n<p>40 p\u00e1ginas<\/p>","protected":false},"excerpt":{"rendered":"<ul>\n<li>Editorial: &#8220;INTEGRALES&#8221;<\/li>\n<li>R\u00fastico, en buenas condiciones. La parte del lomo est\u00e1 manchado.<\/li>\n<li>El ejemplar est\u00e1 dedicado para Miguel Bustos Cerecedo.<\/li>\n<li>Impreso en Xalapa, Veracruz, M\u00e9xico<\/li>\n<li>40 p\u00e1ginas<\/li>\n<\/ul>","protected":false},"featured_media":15726,"comment_status":"open","ping_status":"closed","template":"","meta":{"_joinchat":[]},"product_brand":[],"product_cat":[349,350,453,353,2593,451],"product_tag":[902,730,906,2665],"class_list":{"0":"post-3456","1":"product","2":"type-product","3":"status-publish","6":"product_cat-arte","7":"product_cat-arte-mexicano","8":"product_cat-biografias","9":"product_cat-estri","10":"product_cat-dedi","11":"product_cat-otros","12":"product_tag-estridentismo","13":"product_tag-jose-mancisidor","14":"product_tag-lenin","15":"product_tag-miguel-bustos-cerecedo","17":"first","18":"instock","19":"featured","20":"sold-individually","21":"taxable","22":"shipping-taxable","23":"purchasable","24":"product-type-simple"},"yoast_head":"<!-- This site is optimized with the Yoast SEO plugin v26.1.1 - https:\/\/yoast.com\/wordpress\/plugins\/seo\/ -->\n<title>MANCISIDOR JOS\u00c9. LENIN (CONFERENCIA) -<\/title>\n<meta name=\"robots\" content=\"index, follow, max-snippet:-1, max-image-preview:large, max-video-preview:-1\" \/>\n<link rel=\"canonical\" href=\"https:\/\/antiqua.mx\/en\/product\/mancisidor-jose-lenin-conferencia\/\" \/>\n<meta property=\"og:locale\" content=\"en_US\" \/>\n<meta property=\"og:type\" content=\"article\" \/>\n<meta property=\"og:title\" content=\"MANCISIDOR JOS\u00c9. LENIN (CONFERENCIA) -\" \/>\n<meta property=\"og:description\" content=\"Editorial: &quot;INTEGRALES&quot;  R\u00fastico, en buenas condiciones. La parte del lomo est\u00e1 manchado.  El ejemplar est\u00e1 dedicado para Miguel Bustos Cerecedo.  Impreso en Xalapa, Veracruz, M\u00e9xico  40 p\u00e1ginas\" \/>\n<meta property=\"og:url\" content=\"https:\/\/antiqua.mx\/en\/product\/mancisidor-jose-lenin-conferencia\/\" \/>\n<meta property=\"article:modified_time\" content=\"2025-08-21T21:55:46+00:00\" \/>\n<meta property=\"og:image\" content=\"https:\/\/antiqua.mx\/wp-content\/uploads\/2021\/01\/9379C7D2-6F6D-4792-BD85-F5F9352304B8-scaled.jpeg\" \/>\n\t<meta property=\"og:image:width\" content=\"1920\" \/>\n\t<meta property=\"og:image:height\" content=\"2560\" \/>\n\t<meta property=\"og:image:type\" content=\"image\/jpeg\" \/>\n<meta name=\"twitter:card\" content=\"summary_large_image\" \/>\n<script type=\"application\/ld+json\" class=\"yoast-schema-graph\">{\"@context\":\"https:\/\/schema.org\",\"@graph\":[{\"@type\":\"WebPage\",\"@id\":\"https:\/\/antiqua.mx\/producto\/mancisidor-jose-lenin-conferencia\",\"url\":\"https:\/\/antiqua.mx\/producto\/mancisidor-jose-lenin-conferencia\",\"name\":\"MANCISIDOR JOS\u00c9. LENIN (CONFERENCIA) -\",\"isPartOf\":{\"@id\":\"https:\/\/antiqua.mx\/en\/#website\"},\"primaryImageOfPage\":{\"@id\":\"https:\/\/antiqua.mx\/producto\/mancisidor-jose-lenin-conferencia#primaryimage\"},\"image\":{\"@id\":\"https:\/\/antiqua.mx\/producto\/mancisidor-jose-lenin-conferencia#primaryimage\"},\"thumbnailUrl\":\"https:\/\/antiqua.mx\/wp-content\/uploads\/2021\/01\/9379C7D2-6F6D-4792-BD85-F5F9352304B8-scaled.jpeg\",\"datePublished\":\"2021-01-22T23:53:02+00:00\",\"dateModified\":\"2025-08-21T21:55:46+00:00\",\"breadcrumb\":{\"@id\":\"https:\/\/antiqua.mx\/producto\/mancisidor-jose-lenin-conferencia#breadcrumb\"},\"inLanguage\":\"en-US\",\"potentialAction\":[{\"@type\":\"ReadAction\",\"target\":[\"https:\/\/antiqua.mx\/producto\/mancisidor-jose-lenin-conferencia\"]}]},{\"@type\":\"ImageObject\",\"inLanguage\":\"en-US\",\"@id\":\"https:\/\/antiqua.mx\/producto\/mancisidor-jose-lenin-conferencia#primaryimage\",\"url\":\"https:\/\/antiqua.mx\/wp-content\/uploads\/2021\/01\/9379C7D2-6F6D-4792-BD85-F5F9352304B8-scaled.jpeg\",\"contentUrl\":\"https:\/\/antiqua.mx\/wp-content\/uploads\/2021\/01\/9379C7D2-6F6D-4792-BD85-F5F9352304B8-scaled.jpeg\",\"width\":1920,\"height\":2560},{\"@type\":\"BreadcrumbList\",\"@id\":\"https:\/\/antiqua.mx\/producto\/mancisidor-jose-lenin-conferencia#breadcrumb\",\"itemListElement\":[{\"@type\":\"ListItem\",\"position\":1,\"name\":\"Portada\",\"item\":\"https:\/\/antiqua.mx\/en\/\"},{\"@type\":\"ListItem\",\"position\":2,\"name\":\"Tienda\",\"item\":\"https:\/\/antiqua.mx\/en\/tienda\"},{\"@type\":\"ListItem\",\"position\":3,\"name\":\"MANCISIDOR JOS\u00c9. LENIN (CONFERENCIA)\"}]},{\"@type\":\"WebSite\",\"@id\":\"https:\/\/antiqua.mx\/en\/#website\",\"url\":\"https:\/\/antiqua.mx\/en\/\",\"name\":\"\",\"description\":\"\",\"potentialAction\":[{\"@type\":\"SearchAction\",\"target\":{\"@type\":\"EntryPoint\",\"urlTemplate\":\"https:\/\/antiqua.mx\/en\/?s={search_term_string}\"},\"query-input\":{\"@type\":\"PropertyValueSpecification\",\"valueRequired\":true,\"valueName\":\"search_term_string\"}}],\"inLanguage\":\"en-US\"}]}<\/script>\n<!-- \/ Yoast SEO plugin. -->","yoast_head_json":{"title":"MANCISIDOR JOS\u00c9. LENIN (CONFERENCIA) -","robots":{"index":"index","follow":"follow","max-snippet":"max-snippet:-1","max-image-preview":"max-image-preview:large","max-video-preview":"max-video-preview:-1"},"canonical":"https:\/\/antiqua.mx\/en\/product\/mancisidor-jose-lenin-conferencia\/","og_locale":"en_US","og_type":"article","og_title":"MANCISIDOR JOS\u00c9. LENIN (CONFERENCIA) -","og_description":"Editorial: \"INTEGRALES\"  R\u00fastico, en buenas condiciones. La parte del lomo est\u00e1 manchado.  El ejemplar est\u00e1 dedicado para Miguel Bustos Cerecedo.  Impreso en Xalapa, Veracruz, M\u00e9xico  40 p\u00e1ginas","og_url":"https:\/\/antiqua.mx\/en\/product\/mancisidor-jose-lenin-conferencia\/","article_modified_time":"2025-08-21T21:55:46+00:00","og_image":[{"width":1920,"height":2560,"url":"https:\/\/antiqua.mx\/wp-content\/uploads\/2021\/01\/9379C7D2-6F6D-4792-BD85-F5F9352304B8-scaled.jpeg","type":"image\/jpeg"}],"twitter_card":"summary_large_image","schema":{"@context":"https:\/\/schema.org","@graph":[{"@type":"WebPage","@id":"https:\/\/antiqua.mx\/producto\/mancisidor-jose-lenin-conferencia","url":"https:\/\/antiqua.mx\/producto\/mancisidor-jose-lenin-conferencia","name":"MANCISIDOR JOS\u00c9. LENIN (CONFERENCIA) -","isPartOf":{"@id":"https:\/\/antiqua.mx\/en\/#website"},"primaryImageOfPage":{"@id":"https:\/\/antiqua.mx\/producto\/mancisidor-jose-lenin-conferencia#primaryimage"},"image":{"@id":"https:\/\/antiqua.mx\/producto\/mancisidor-jose-lenin-conferencia#primaryimage"},"thumbnailUrl":"https:\/\/antiqua.mx\/wp-content\/uploads\/2021\/01\/9379C7D2-6F6D-4792-BD85-F5F9352304B8-scaled.jpeg","datePublished":"2021-01-22T23:53:02+00:00","dateModified":"2025-08-21T21:55:46+00:00","breadcrumb":{"@id":"https:\/\/antiqua.mx\/producto\/mancisidor-jose-lenin-conferencia#breadcrumb"},"inLanguage":"en-US","potentialAction":[{"@type":"ReadAction","target":["https:\/\/antiqua.mx\/producto\/mancisidor-jose-lenin-conferencia"]}]},{"@type":"ImageObject","inLanguage":"en-US","@id":"https:\/\/antiqua.mx\/producto\/mancisidor-jose-lenin-conferencia#primaryimage","url":"https:\/\/antiqua.mx\/wp-content\/uploads\/2021\/01\/9379C7D2-6F6D-4792-BD85-F5F9352304B8-scaled.jpeg","contentUrl":"https:\/\/antiqua.mx\/wp-content\/uploads\/2021\/01\/9379C7D2-6F6D-4792-BD85-F5F9352304B8-scaled.jpeg","width":1920,"height":2560},{"@type":"BreadcrumbList","@id":"https:\/\/antiqua.mx\/producto\/mancisidor-jose-lenin-conferencia#breadcrumb","itemListElement":[{"@type":"ListItem","position":1,"name":"Portada","item":"https:\/\/antiqua.mx\/en\/"},{"@type":"ListItem","position":2,"name":"Tienda","item":"https:\/\/antiqua.mx\/en\/tienda"},{"@type":"ListItem","position":3,"name":"MANCISIDOR JOS\u00c9. LENIN (CONFERENCIA)"}]},{"@type":"WebSite","@id":"https:\/\/antiqua.mx\/en\/#website","url":"https:\/\/antiqua.mx\/en\/","name":"","description":"","potentialAction":[{"@type":"SearchAction","target":{"@type":"EntryPoint","urlTemplate":"https:\/\/antiqua.mx\/en\/?s={search_term_string}"},"query-input":{"@type":"PropertyValueSpecification","valueRequired":true,"valueName":"search_term_string"}}],"inLanguage":"en-US"}]}},"jetpack_sharing_enabled":true,"_links":{"self":[{"href":"https:\/\/antiqua.mx\/en\/wp-json\/wp\/v2\/product\/3456","targetHints":{"allow":["GET"]}}],"collection":[{"href":"https:\/\/antiqua.mx\/en\/wp-json\/wp\/v2\/product"}],"about":[{"href":"https:\/\/antiqua.mx\/en\/wp-json\/wp\/v2\/types\/product"}],"replies":[{"embeddable":true,"href":"https:\/\/antiqua.mx\/en\/wp-json\/wp\/v2\/comments?post=3456"}],"wp:featuredmedia":[{"embeddable":true,"href":"https:\/\/antiqua.mx\/en\/wp-json\/wp\/v2\/media\/15726"}],"wp:attachment":[{"href":"https:\/\/antiqua.mx\/en\/wp-json\/wp\/v2\/media?parent=3456"}],"wp:term":[{"taxonomy":"product_brand","embeddable":true,"href":"https:\/\/antiqua.mx\/en\/wp-json\/wp\/v2\/product_brand?post=3456"},{"taxonomy":"product_cat","embeddable":true,"href":"https:\/\/antiqua.mx\/en\/wp-json\/wp\/v2\/product_cat?post=3456"},{"taxonomy":"product_tag","embeddable":true,"href":"https:\/\/antiqua.mx\/en\/wp-json\/wp\/v2\/product_tag?post=3456"}],"curies":[{"name":"wp","href":"https:\/\/api.w.org\/{rel}","templated":true}]}}