{"id":3599,"date":"2021-02-04T21:40:55","date_gmt":"2021-02-04T21:40:55","guid":{"rendered":"https:\/\/antiqua.mx\/?post_type=product&#038;p=3599"},"modified":"2021-04-21T23:33:20","modified_gmt":"2021-04-21T23:33:20","slug":"gascon-mercado-julian-el-payaso-mexicano","status":"publish","type":"product","link":"https:\/\/antiqua.mx\/en\/product\/gascon-mercado-julian-el-payaso-mexicano\/","title":{"rendered":"GASC\u00d3N MERCADO JULI\u00c1N. EL PAYASO MEXICANO"},"content":{"rendered":"<p><strong>Gasc\u00f3n Mercado Juli\u00e1n<\/strong><\/p>\n<p>Editorial: DIANA<\/p>\n<p>Primera edici\u00f3n<\/p>\n<p>A\u00f1o 1975<\/p>\n<p>R\u00fastico, en muy buenas condiciones. La obra tiene sellos del\u00a0 &#8220;ASPIRANTADO JUAN PONCE DE LE\u00d3N BIBLIOTECA: DR. CARLOS FUENTES GUTI\u00c9RREZ 10 PONIENTE No. 1711, PUEBLA, PUE.&#8221;<\/p>\n<p>La edici\u00f3n consta de 2000 ejemplares.<\/p>\n<p>135 p\u00e1ginas<\/p>","protected":false},"excerpt":{"rendered":"<ul>\n<li>Editorial: DIANA<\/li>\n<li>Primera edici\u00f3n<\/li>\n<li>A\u00f1o 1975<\/li>\n<li>R\u00fastico, en muy buenas condiciones. La obra tiene sellos del\u00a0 &#8220;ASPIRANTADO JUAN PONCE DE LE\u00d3N BIBLIOTECA: DR. CARLOS FUENTES GUTI\u00c9RREZ 10 PONIENTE No. 1711, PUEBLA, PUE.&#8221;<\/li>\n<li>La edici\u00f3n consta de 2000 ejemplares.<\/li>\n<li>135 p\u00e1ginas<\/li>\n<\/ul>","protected":false},"featured_media":3667,"comment_status":"open","ping_status":"closed","template":"","meta":{"_joinchat":[]},"product_brand":[],"product_cat":[349,365],"product_tag":[939],"class_list":{"0":"post-3599","1":"product","2":"type-product","3":"status-publish","6":"product_cat-arte","7":"product_cat-citpay","8":"product_tag-el-payaso-mexicano","10":"first","11":"instock","12":"featured","13":"sold-individually","14":"taxable","15":"shipping-taxable","16":"purchasable","17":"product-type-simple"},"yoast_head":"<!-- This site is optimized with the Yoast SEO plugin v26.1.1 - https:\/\/yoast.com\/wordpress\/plugins\/seo\/ -->\n<title>GASC\u00d3N MERCADO JULI\u00c1N. EL PAYASO MEXICANO -<\/title>\n<meta name=\"robots\" content=\"index, follow, max-snippet:-1, max-image-preview:large, max-video-preview:-1\" \/>\n<link rel=\"canonical\" href=\"https:\/\/antiqua.mx\/en\/product\/gascon-mercado-julian-el-payaso-mexicano\/\" \/>\n<meta property=\"og:locale\" content=\"en_US\" \/>\n<meta property=\"og:type\" content=\"article\" \/>\n<meta property=\"og:title\" content=\"GASC\u00d3N MERCADO JULI\u00c1N. EL PAYASO MEXICANO -\" \/>\n<meta property=\"og:description\" content=\"Editorial: DIANA  Primera edici\u00f3n  A\u00f1o 1975  R\u00fastico, en muy buenas condiciones. La obra tiene sellos del\u00a0 &quot;ASPIRANTADO JUAN PONCE DE LE\u00d3N BIBLIOTECA: DR. CARLOS FUENTES GUTI\u00c9RREZ 10 PONIENTE No. 1711, PUEBLA, PUE.&quot;  La edici\u00f3n consta de 2000 ejemplares.  135 p\u00e1ginas\" \/>\n<meta property=\"og:url\" content=\"https:\/\/antiqua.mx\/en\/product\/gascon-mercado-julian-el-payaso-mexicano\/\" \/>\n<meta property=\"article:modified_time\" content=\"2021-04-21T23:33:20+00:00\" \/>\n<meta property=\"og:image\" content=\"https:\/\/antiqua.mx\/wp-content\/uploads\/2021\/02\/7DD2FF7A-70E2-408E-8396-F08EDF62ABF5-scaled.jpeg\" \/>\n\t<meta property=\"og:image:width\" content=\"1920\" \/>\n\t<meta property=\"og:image:height\" content=\"2560\" \/>\n\t<meta property=\"og:image:type\" content=\"image\/jpeg\" \/>\n<meta name=\"twitter:card\" content=\"summary_large_image\" \/>\n<script type=\"application\/ld+json\" class=\"yoast-schema-graph\">{\"@context\":\"https:\/\/schema.org\",\"@graph\":[{\"@type\":\"WebPage\",\"@id\":\"https:\/\/antiqua.mx\/producto\/gascon-mercado-julian-el-payaso-mexicano\/\",\"url\":\"https:\/\/antiqua.mx\/producto\/gascon-mercado-julian-el-payaso-mexicano\/\",\"name\":\"GASC\u00d3N MERCADO JULI\u00c1N. EL PAYASO MEXICANO -\",\"isPartOf\":{\"@id\":\"https:\/\/antiqua.mx\/en\/#website\"},\"primaryImageOfPage\":{\"@id\":\"https:\/\/antiqua.mx\/producto\/gascon-mercado-julian-el-payaso-mexicano\/#primaryimage\"},\"image\":{\"@id\":\"https:\/\/antiqua.mx\/producto\/gascon-mercado-julian-el-payaso-mexicano\/#primaryimage\"},\"thumbnailUrl\":\"https:\/\/antiqua.mx\/wp-content\/uploads\/2021\/02\/7DD2FF7A-70E2-408E-8396-F08EDF62ABF5-scaled.jpeg\",\"datePublished\":\"2021-02-04T21:40:55+00:00\",\"dateModified\":\"2021-04-21T23:33:20+00:00\",\"breadcrumb\":{\"@id\":\"https:\/\/antiqua.mx\/producto\/gascon-mercado-julian-el-payaso-mexicano\/#breadcrumb\"},\"inLanguage\":\"en-US\",\"potentialAction\":[{\"@type\":\"ReadAction\",\"target\":[\"https:\/\/antiqua.mx\/producto\/gascon-mercado-julian-el-payaso-mexicano\/\"]}]},{\"@type\":\"ImageObject\",\"inLanguage\":\"en-US\",\"@id\":\"https:\/\/antiqua.mx\/producto\/gascon-mercado-julian-el-payaso-mexicano\/#primaryimage\",\"url\":\"https:\/\/antiqua.mx\/wp-content\/uploads\/2021\/02\/7DD2FF7A-70E2-408E-8396-F08EDF62ABF5-scaled.jpeg\",\"contentUrl\":\"https:\/\/antiqua.mx\/wp-content\/uploads\/2021\/02\/7DD2FF7A-70E2-408E-8396-F08EDF62ABF5-scaled.jpeg\",\"width\":1920,\"height\":2560},{\"@type\":\"BreadcrumbList\",\"@id\":\"https:\/\/antiqua.mx\/producto\/gascon-mercado-julian-el-payaso-mexicano\/#breadcrumb\",\"itemListElement\":[{\"@type\":\"ListItem\",\"position\":1,\"name\":\"Portada\",\"item\":\"https:\/\/antiqua.mx\/en\/\"},{\"@type\":\"ListItem\",\"position\":2,\"name\":\"Tienda\",\"item\":\"https:\/\/antiqua.mx\/tienda\/\"},{\"@type\":\"ListItem\",\"position\":3,\"name\":\"GASC\u00d3N MERCADO JULI\u00c1N. EL PAYASO MEXICANO\"}]},{\"@type\":\"WebSite\",\"@id\":\"https:\/\/antiqua.mx\/en\/#website\",\"url\":\"https:\/\/antiqua.mx\/en\/\",\"name\":\"\",\"description\":\"\",\"potentialAction\":[{\"@type\":\"SearchAction\",\"target\":{\"@type\":\"EntryPoint\",\"urlTemplate\":\"https:\/\/antiqua.mx\/en\/?s={search_term_string}\"},\"query-input\":{\"@type\":\"PropertyValueSpecification\",\"valueRequired\":true,\"valueName\":\"search_term_string\"}}],\"inLanguage\":\"en-US\"}]}<\/script>\n<!-- \/ Yoast SEO plugin. -->","yoast_head_json":{"title":"GASC\u00d3N MERCADO JULI\u00c1N. EL PAYASO MEXICANO -","robots":{"index":"index","follow":"follow","max-snippet":"max-snippet:-1","max-image-preview":"max-image-preview:large","max-video-preview":"max-video-preview:-1"},"canonical":"https:\/\/antiqua.mx\/en\/product\/gascon-mercado-julian-el-payaso-mexicano\/","og_locale":"en_US","og_type":"article","og_title":"GASC\u00d3N MERCADO JULI\u00c1N. EL PAYASO MEXICANO -","og_description":"Editorial: DIANA  Primera edici\u00f3n  A\u00f1o 1975  R\u00fastico, en muy buenas condiciones. La obra tiene sellos del\u00a0 \"ASPIRANTADO JUAN PONCE DE LE\u00d3N BIBLIOTECA: DR. CARLOS FUENTES GUTI\u00c9RREZ 10 PONIENTE No. 1711, PUEBLA, PUE.\"  La edici\u00f3n consta de 2000 ejemplares.  135 p\u00e1ginas","og_url":"https:\/\/antiqua.mx\/en\/product\/gascon-mercado-julian-el-payaso-mexicano\/","article_modified_time":"2021-04-21T23:33:20+00:00","og_image":[{"width":1920,"height":2560,"url":"https:\/\/antiqua.mx\/wp-content\/uploads\/2021\/02\/7DD2FF7A-70E2-408E-8396-F08EDF62ABF5-scaled.jpeg","type":"image\/jpeg"}],"twitter_card":"summary_large_image","schema":{"@context":"https:\/\/schema.org","@graph":[{"@type":"WebPage","@id":"https:\/\/antiqua.mx\/producto\/gascon-mercado-julian-el-payaso-mexicano\/","url":"https:\/\/antiqua.mx\/producto\/gascon-mercado-julian-el-payaso-mexicano\/","name":"GASC\u00d3N MERCADO JULI\u00c1N. EL PAYASO MEXICANO -","isPartOf":{"@id":"https:\/\/antiqua.mx\/en\/#website"},"primaryImageOfPage":{"@id":"https:\/\/antiqua.mx\/producto\/gascon-mercado-julian-el-payaso-mexicano\/#primaryimage"},"image":{"@id":"https:\/\/antiqua.mx\/producto\/gascon-mercado-julian-el-payaso-mexicano\/#primaryimage"},"thumbnailUrl":"https:\/\/antiqua.mx\/wp-content\/uploads\/2021\/02\/7DD2FF7A-70E2-408E-8396-F08EDF62ABF5-scaled.jpeg","datePublished":"2021-02-04T21:40:55+00:00","dateModified":"2021-04-21T23:33:20+00:00","breadcrumb":{"@id":"https:\/\/antiqua.mx\/producto\/gascon-mercado-julian-el-payaso-mexicano\/#breadcrumb"},"inLanguage":"en-US","potentialAction":[{"@type":"ReadAction","target":["https:\/\/antiqua.mx\/producto\/gascon-mercado-julian-el-payaso-mexicano\/"]}]},{"@type":"ImageObject","inLanguage":"en-US","@id":"https:\/\/antiqua.mx\/producto\/gascon-mercado-julian-el-payaso-mexicano\/#primaryimage","url":"https:\/\/antiqua.mx\/wp-content\/uploads\/2021\/02\/7DD2FF7A-70E2-408E-8396-F08EDF62ABF5-scaled.jpeg","contentUrl":"https:\/\/antiqua.mx\/wp-content\/uploads\/2021\/02\/7DD2FF7A-70E2-408E-8396-F08EDF62ABF5-scaled.jpeg","width":1920,"height":2560},{"@type":"BreadcrumbList","@id":"https:\/\/antiqua.mx\/producto\/gascon-mercado-julian-el-payaso-mexicano\/#breadcrumb","itemListElement":[{"@type":"ListItem","position":1,"name":"Portada","item":"https:\/\/antiqua.mx\/en\/"},{"@type":"ListItem","position":2,"name":"Tienda","item":"https:\/\/antiqua.mx\/tienda\/"},{"@type":"ListItem","position":3,"name":"GASC\u00d3N MERCADO JULI\u00c1N. EL PAYASO MEXICANO"}]},{"@type":"WebSite","@id":"https:\/\/antiqua.mx\/en\/#website","url":"https:\/\/antiqua.mx\/en\/","name":"","description":"","potentialAction":[{"@type":"SearchAction","target":{"@type":"EntryPoint","urlTemplate":"https:\/\/antiqua.mx\/en\/?s={search_term_string}"},"query-input":{"@type":"PropertyValueSpecification","valueRequired":true,"valueName":"search_term_string"}}],"inLanguage":"en-US"}]}},"jetpack_sharing_enabled":true,"_links":{"self":[{"href":"https:\/\/antiqua.mx\/en\/wp-json\/wp\/v2\/product\/3599","targetHints":{"allow":["GET"]}}],"collection":[{"href":"https:\/\/antiqua.mx\/en\/wp-json\/wp\/v2\/product"}],"about":[{"href":"https:\/\/antiqua.mx\/en\/wp-json\/wp\/v2\/types\/product"}],"replies":[{"embeddable":true,"href":"https:\/\/antiqua.mx\/en\/wp-json\/wp\/v2\/comments?post=3599"}],"wp:featuredmedia":[{"embeddable":true,"href":"https:\/\/antiqua.mx\/en\/wp-json\/wp\/v2\/media\/3667"}],"wp:attachment":[{"href":"https:\/\/antiqua.mx\/en\/wp-json\/wp\/v2\/media?parent=3599"}],"wp:term":[{"taxonomy":"product_brand","embeddable":true,"href":"https:\/\/antiqua.mx\/en\/wp-json\/wp\/v2\/product_brand?post=3599"},{"taxonomy":"product_cat","embeddable":true,"href":"https:\/\/antiqua.mx\/en\/wp-json\/wp\/v2\/product_cat?post=3599"},{"taxonomy":"product_tag","embeddable":true,"href":"https:\/\/antiqua.mx\/en\/wp-json\/wp\/v2\/product_tag?post=3599"}],"curies":[{"name":"wp","href":"https:\/\/api.w.org\/{rel}","templated":true}]}}