{"id":3629,"date":"2021-02-16T20:51:48","date_gmt":"2021-02-16T20:51:48","guid":{"rendered":"https:\/\/antiqua.mx\/?post_type=product&#038;p=3629"},"modified":"2025-01-25T00:49:59","modified_gmt":"2025-01-25T00:49:59","slug":"estudios-de-cultura-nahuatl-volumen-vi","status":"publish","type":"product","link":"https:\/\/antiqua.mx\/en\/product\/estudios-de-cultura-nahuatl-volumen-vi","title":{"rendered":"ESTUDIOS DE CULTURA N\u00c1HUATL. VOLUMEN VI"},"content":{"rendered":"<p><strong>Editores de este volumen: \u00c1ngel Ma. Garibay K., Miguel Le\u00f3n Portilla y Alfredo L\u00f3pez Austin.<\/strong><\/p>\n<p>Editorial: Universidad Nacional Aut\u00f3noma de M\u00e9xico<\/p>\n<p>Primera edici\u00f3n<\/p>\n<p>A\u00f1o 1966<\/p>\n<p>R\u00fastico, en muy buenas condiciones.<\/p>\n<p><strong> Instituto de Investigaciones Hist\u00f3ricas. Seminario de Cultura N\u00e1huatl. Volumen VI.<\/strong><\/p>\n<p>Impreso en M\u00e9xico.<\/p>\n<p>261 p\u00e1ginas<\/p>","protected":false},"excerpt":{"rendered":"<ul>\n<li>Editores de este volumen: \u00c1ngel Ma. Garibay K., Miguel Le\u00f3n Portilla y Alfredo L\u00f3pez Austin.<\/li>\n<li>Editorial: Universidad Nacional Aut\u00f3noma de M\u00e9xico<\/li>\n<li>Primera edici\u00f3n<\/li>\n<li>A\u00f1o 1966<\/li>\n<li>R\u00fastico, en muy buenas condiciones.<\/li>\n<li><strong>Instituto de Investigaciones Hist\u00f3ricas. Seminario de Cultura N\u00e1huatl. Volumen VI.<\/strong><\/li>\n<li>Impreso en M\u00e9xico.<\/li>\n<li>261 p\u00e1ginas<\/li>\n<\/ul>","protected":false},"featured_media":3703,"comment_status":"open","ping_status":"closed","template":"","meta":{"_joinchat":[]},"product_brand":[],"product_cat":[569,387,375,376],"product_tag":[519],"class_list":{"0":"post-3629","1":"product","2":"type-product","3":"status-publish","6":"product_cat-azt-may-nah-olm","7":"product_cat-cultmex","8":"product_cat-mex","9":"product_cat-mexpre","10":"product_tag-nahuatl","12":"first","13":"instock","14":"featured","15":"sold-individually","16":"taxable","17":"shipping-taxable","18":"purchasable","19":"product-type-simple"},"yoast_head":"<!-- This site is optimized with the Yoast SEO plugin v26.1.1 - https:\/\/yoast.com\/wordpress\/plugins\/seo\/ -->\n<title>ESTUDIOS DE CULTURA N\u00c1HUATL. VOLUMEN VI -<\/title>\n<meta name=\"robots\" content=\"index, follow, max-snippet:-1, max-image-preview:large, max-video-preview:-1\" \/>\n<link rel=\"canonical\" href=\"https:\/\/antiqua.mx\/en\/product\/estudios-de-cultura-nahuatl-volumen-vi\/\" \/>\n<meta property=\"og:locale\" content=\"en_US\" \/>\n<meta property=\"og:type\" content=\"article\" \/>\n<meta property=\"og:title\" content=\"ESTUDIOS DE CULTURA N\u00c1HUATL. VOLUMEN VI -\" \/>\n<meta property=\"og:description\" content=\"Editores de este volumen: \u00c1ngel Ma. Garibay K., Miguel Le\u00f3n Portilla y Alfredo L\u00f3pez Austin.  Editorial: Universidad Nacional Aut\u00f3noma de M\u00e9xico  Primera edici\u00f3n  A\u00f1o 1966  R\u00fastico, en muy buenas condiciones.  Instituto de Investigaciones Hist\u00f3ricas. Seminario de Cultura N\u00e1huatl. Volumen VI.  Impreso en M\u00e9xico.  261 p\u00e1ginas\" \/>\n<meta property=\"og:url\" content=\"https:\/\/antiqua.mx\/en\/product\/estudios-de-cultura-nahuatl-volumen-vi\/\" \/>\n<meta property=\"article:modified_time\" content=\"2025-01-25T00:49:59+00:00\" \/>\n<meta property=\"og:image\" content=\"https:\/\/antiqua.mx\/wp-content\/uploads\/2021\/02\/85D72003-0400-494E-99F2-A1E3A6B1F8BF-scaled.jpeg\" \/>\n\t<meta property=\"og:image:width\" content=\"1920\" \/>\n\t<meta property=\"og:image:height\" content=\"2560\" \/>\n\t<meta property=\"og:image:type\" content=\"image\/jpeg\" \/>\n<meta name=\"twitter:card\" content=\"summary_large_image\" \/>\n<script type=\"application\/ld+json\" class=\"yoast-schema-graph\">{\"@context\":\"https:\/\/schema.org\",\"@graph\":[{\"@type\":\"WebPage\",\"@id\":\"https:\/\/antiqua.mx\/producto\/estudios-de-cultura-nahuatl-volumen-vi\",\"url\":\"https:\/\/antiqua.mx\/producto\/estudios-de-cultura-nahuatl-volumen-vi\",\"name\":\"ESTUDIOS DE CULTURA N\u00c1HUATL. VOLUMEN VI -\",\"isPartOf\":{\"@id\":\"https:\/\/antiqua.mx\/en\/#website\"},\"primaryImageOfPage\":{\"@id\":\"https:\/\/antiqua.mx\/producto\/estudios-de-cultura-nahuatl-volumen-vi#primaryimage\"},\"image\":{\"@id\":\"https:\/\/antiqua.mx\/producto\/estudios-de-cultura-nahuatl-volumen-vi#primaryimage\"},\"thumbnailUrl\":\"https:\/\/antiqua.mx\/wp-content\/uploads\/2021\/02\/85D72003-0400-494E-99F2-A1E3A6B1F8BF-scaled.jpeg\",\"datePublished\":\"2021-02-16T20:51:48+00:00\",\"dateModified\":\"2025-01-25T00:49:59+00:00\",\"breadcrumb\":{\"@id\":\"https:\/\/antiqua.mx\/producto\/estudios-de-cultura-nahuatl-volumen-vi#breadcrumb\"},\"inLanguage\":\"en-US\",\"potentialAction\":[{\"@type\":\"ReadAction\",\"target\":[\"https:\/\/antiqua.mx\/producto\/estudios-de-cultura-nahuatl-volumen-vi\"]}]},{\"@type\":\"ImageObject\",\"inLanguage\":\"en-US\",\"@id\":\"https:\/\/antiqua.mx\/producto\/estudios-de-cultura-nahuatl-volumen-vi#primaryimage\",\"url\":\"https:\/\/antiqua.mx\/wp-content\/uploads\/2021\/02\/85D72003-0400-494E-99F2-A1E3A6B1F8BF-scaled.jpeg\",\"contentUrl\":\"https:\/\/antiqua.mx\/wp-content\/uploads\/2021\/02\/85D72003-0400-494E-99F2-A1E3A6B1F8BF-scaled.jpeg\",\"width\":1920,\"height\":2560},{\"@type\":\"BreadcrumbList\",\"@id\":\"https:\/\/antiqua.mx\/producto\/estudios-de-cultura-nahuatl-volumen-vi#breadcrumb\",\"itemListElement\":[{\"@type\":\"ListItem\",\"position\":1,\"name\":\"Portada\",\"item\":\"https:\/\/antiqua.mx\/en\/\"},{\"@type\":\"ListItem\",\"position\":2,\"name\":\"Tienda\",\"item\":\"https:\/\/antiqua.mx\/en\/tienda\"},{\"@type\":\"ListItem\",\"position\":3,\"name\":\"ESTUDIOS DE CULTURA N\u00c1HUATL. VOLUMEN VI\"}]},{\"@type\":\"WebSite\",\"@id\":\"https:\/\/antiqua.mx\/en\/#website\",\"url\":\"https:\/\/antiqua.mx\/en\/\",\"name\":\"\",\"description\":\"\",\"potentialAction\":[{\"@type\":\"SearchAction\",\"target\":{\"@type\":\"EntryPoint\",\"urlTemplate\":\"https:\/\/antiqua.mx\/en\/?s={search_term_string}\"},\"query-input\":{\"@type\":\"PropertyValueSpecification\",\"valueRequired\":true,\"valueName\":\"search_term_string\"}}],\"inLanguage\":\"en-US\"}]}<\/script>\n<!-- \/ Yoast SEO plugin. -->","yoast_head_json":{"title":"ESTUDIOS DE CULTURA N\u00c1HUATL. VOLUMEN VI -","robots":{"index":"index","follow":"follow","max-snippet":"max-snippet:-1","max-image-preview":"max-image-preview:large","max-video-preview":"max-video-preview:-1"},"canonical":"https:\/\/antiqua.mx\/en\/product\/estudios-de-cultura-nahuatl-volumen-vi\/","og_locale":"en_US","og_type":"article","og_title":"ESTUDIOS DE CULTURA N\u00c1HUATL. VOLUMEN VI -","og_description":"Editores de este volumen: \u00c1ngel Ma. Garibay K., Miguel Le\u00f3n Portilla y Alfredo L\u00f3pez Austin.  Editorial: Universidad Nacional Aut\u00f3noma de M\u00e9xico  Primera edici\u00f3n  A\u00f1o 1966  R\u00fastico, en muy buenas condiciones.  Instituto de Investigaciones Hist\u00f3ricas. Seminario de Cultura N\u00e1huatl. Volumen VI.  Impreso en M\u00e9xico.  261 p\u00e1ginas","og_url":"https:\/\/antiqua.mx\/en\/product\/estudios-de-cultura-nahuatl-volumen-vi\/","article_modified_time":"2025-01-25T00:49:59+00:00","og_image":[{"width":1920,"height":2560,"url":"https:\/\/antiqua.mx\/wp-content\/uploads\/2021\/02\/85D72003-0400-494E-99F2-A1E3A6B1F8BF-scaled.jpeg","type":"image\/jpeg"}],"twitter_card":"summary_large_image","schema":{"@context":"https:\/\/schema.org","@graph":[{"@type":"WebPage","@id":"https:\/\/antiqua.mx\/producto\/estudios-de-cultura-nahuatl-volumen-vi","url":"https:\/\/antiqua.mx\/producto\/estudios-de-cultura-nahuatl-volumen-vi","name":"ESTUDIOS DE CULTURA N\u00c1HUATL. VOLUMEN VI -","isPartOf":{"@id":"https:\/\/antiqua.mx\/en\/#website"},"primaryImageOfPage":{"@id":"https:\/\/antiqua.mx\/producto\/estudios-de-cultura-nahuatl-volumen-vi#primaryimage"},"image":{"@id":"https:\/\/antiqua.mx\/producto\/estudios-de-cultura-nahuatl-volumen-vi#primaryimage"},"thumbnailUrl":"https:\/\/antiqua.mx\/wp-content\/uploads\/2021\/02\/85D72003-0400-494E-99F2-A1E3A6B1F8BF-scaled.jpeg","datePublished":"2021-02-16T20:51:48+00:00","dateModified":"2025-01-25T00:49:59+00:00","breadcrumb":{"@id":"https:\/\/antiqua.mx\/producto\/estudios-de-cultura-nahuatl-volumen-vi#breadcrumb"},"inLanguage":"en-US","potentialAction":[{"@type":"ReadAction","target":["https:\/\/antiqua.mx\/producto\/estudios-de-cultura-nahuatl-volumen-vi"]}]},{"@type":"ImageObject","inLanguage":"en-US","@id":"https:\/\/antiqua.mx\/producto\/estudios-de-cultura-nahuatl-volumen-vi#primaryimage","url":"https:\/\/antiqua.mx\/wp-content\/uploads\/2021\/02\/85D72003-0400-494E-99F2-A1E3A6B1F8BF-scaled.jpeg","contentUrl":"https:\/\/antiqua.mx\/wp-content\/uploads\/2021\/02\/85D72003-0400-494E-99F2-A1E3A6B1F8BF-scaled.jpeg","width":1920,"height":2560},{"@type":"BreadcrumbList","@id":"https:\/\/antiqua.mx\/producto\/estudios-de-cultura-nahuatl-volumen-vi#breadcrumb","itemListElement":[{"@type":"ListItem","position":1,"name":"Portada","item":"https:\/\/antiqua.mx\/en\/"},{"@type":"ListItem","position":2,"name":"Tienda","item":"https:\/\/antiqua.mx\/en\/tienda"},{"@type":"ListItem","position":3,"name":"ESTUDIOS DE CULTURA N\u00c1HUATL. VOLUMEN VI"}]},{"@type":"WebSite","@id":"https:\/\/antiqua.mx\/en\/#website","url":"https:\/\/antiqua.mx\/en\/","name":"","description":"","potentialAction":[{"@type":"SearchAction","target":{"@type":"EntryPoint","urlTemplate":"https:\/\/antiqua.mx\/en\/?s={search_term_string}"},"query-input":{"@type":"PropertyValueSpecification","valueRequired":true,"valueName":"search_term_string"}}],"inLanguage":"en-US"}]}},"jetpack_sharing_enabled":true,"_links":{"self":[{"href":"https:\/\/antiqua.mx\/en\/wp-json\/wp\/v2\/product\/3629","targetHints":{"allow":["GET"]}}],"collection":[{"href":"https:\/\/antiqua.mx\/en\/wp-json\/wp\/v2\/product"}],"about":[{"href":"https:\/\/antiqua.mx\/en\/wp-json\/wp\/v2\/types\/product"}],"replies":[{"embeddable":true,"href":"https:\/\/antiqua.mx\/en\/wp-json\/wp\/v2\/comments?post=3629"}],"wp:featuredmedia":[{"embeddable":true,"href":"https:\/\/antiqua.mx\/en\/wp-json\/wp\/v2\/media\/3703"}],"wp:attachment":[{"href":"https:\/\/antiqua.mx\/en\/wp-json\/wp\/v2\/media?parent=3629"}],"wp:term":[{"taxonomy":"product_brand","embeddable":true,"href":"https:\/\/antiqua.mx\/en\/wp-json\/wp\/v2\/product_brand?post=3629"},{"taxonomy":"product_cat","embeddable":true,"href":"https:\/\/antiqua.mx\/en\/wp-json\/wp\/v2\/product_cat?post=3629"},{"taxonomy":"product_tag","embeddable":true,"href":"https:\/\/antiqua.mx\/en\/wp-json\/wp\/v2\/product_tag?post=3629"}],"curies":[{"name":"wp","href":"https:\/\/api.w.org\/{rel}","templated":true}]}}