{"id":3921,"date":"2021-02-27T00:44:17","date_gmt":"2021-02-27T00:44:17","guid":{"rendered":"https:\/\/antiqua.mx\/?post_type=product&#038;p=3921"},"modified":"2026-03-28T20:36:47","modified_gmt":"2026-03-28T20:36:47","slug":"velazquez-de-leon-de-gonzalez-josefina-cocina-criolla-de-nueva-orleans","status":"publish","type":"product","link":"https:\/\/antiqua.mx\/en\/product\/velazquez-de-leon-de-gonzalez-josefina-cocina-criolla-de-nueva-orleans\/","title":{"rendered":"VEL\u00c1ZQUEZ DE LE\u00d3N JOSEFINA. COCINA CRIOLLA DE NUEVA ORLEANS"},"content":{"rendered":"<p><strong>Vel\u00e1zquez de Le\u00f3n Josefina<\/strong><\/p>\n<p>Editorial: Ediciones J. Vel\u00e1zquez de Le\u00f3n<\/p>\n<p>Primera edici\u00f3n<\/p>\n<p>A\u00f1o 1952<\/p>\n<p>R\u00fastico, en buenas condiciones. La palabra &#8220;Nueva Orleans&#8221; est\u00e1 borrada de la portada y de la primera hoja.<\/p>\n<p>Selecci\u00f3n de 100 recetas distintas de la cocina y reposter\u00eda criolla de Nueva Orleans, adaptadas a los elementos de \u00e9ste pa\u00eds.<\/p>\n<p>Impreso en M\u00e9xico.<\/p>\n<p><span style=\"font-family: -apple-system, BlinkMacSystemFont, 'Segoe UI', Roboto, Oxygen-Sans, Ubuntu, Cantarell, 'Helvetica Neue', sans-serif;\">98 p\u00e1ginas<\/span><\/p>","protected":false},"excerpt":{"rendered":"<ul>\n<li>Editorial: Ediciones J. Vel\u00e1zquez de Le\u00f3n<\/li>\n<li>Primera edici\u00f3n<\/li>\n<li>A\u00f1o 1952<\/li>\n<li>R\u00fastico, en buenas condiciones. La palabra &#8220;Nueva Orleans&#8221; est\u00e1 borrada de la portada y de la primera hoja.<\/li>\n<li>Selecci\u00f3n de 100 recetas distintas de la cocina y reposter\u00eda criolla de Nueva Orleans, adaptadas a los elementos de \u00e9ste pa\u00eds.<\/li>\n<li>Impreso en M\u00e9xico.<\/li>\n<li><span style=\"font-family: -apple-system, BlinkMacSystemFont, 'Segoe UI', Roboto, Oxygen-Sans, Ubuntu, Cantarell, 'Helvetica Neue', sans-serif;\">98 p\u00e1ginas<\/span><\/li>\n<\/ul>","protected":false},"featured_media":26495,"comment_status":"open","ping_status":"closed","template":"","meta":{"_joinchat":[]},"product_brand":[],"product_cat":[415,416,418],"product_tag":[1008,1007],"class_list":{"0":"post-3921","1":"product","2":"type-product","3":"status-publish","6":"product_cat-cocina","7":"product_cat-cocinamex","8":"product_cat-recetarios","9":"product_tag-josefina-velazquez-de-leon","10":"product_tag-reposteria","12":"first","13":"outofstock","14":"featured","15":"sold-individually","16":"taxable","17":"shipping-taxable","18":"purchasable","19":"product-type-simple"},"yoast_head":"<!-- This site is optimized with the Yoast SEO plugin v26.1.1 - https:\/\/yoast.com\/wordpress\/plugins\/seo\/ -->\n<title>VEL\u00c1ZQUEZ DE LE\u00d3N JOSEFINA. COCINA CRIOLLA DE NUEVA ORLEANS -<\/title>\n<meta name=\"robots\" content=\"index, follow, max-snippet:-1, max-image-preview:large, max-video-preview:-1\" \/>\n<link rel=\"canonical\" href=\"https:\/\/antiqua.mx\/en\/product\/velazquez-de-leon-de-gonzalez-josefina-cocina-criolla-de-nueva-orleans\/\" \/>\n<meta property=\"og:locale\" content=\"en_US\" \/>\n<meta property=\"og:type\" content=\"article\" \/>\n<meta property=\"og:title\" content=\"VEL\u00c1ZQUEZ DE LE\u00d3N JOSEFINA. COCINA CRIOLLA DE NUEVA ORLEANS -\" \/>\n<meta property=\"og:description\" content=\"Editorial: Ediciones J. Vel\u00e1zquez de Le\u00f3n  Primera edici\u00f3n  A\u00f1o 1952  R\u00fastico, en buenas condiciones. La palabra &quot;Nueva Orleans&quot; est\u00e1 borrada de la portada y de la primera hoja.  Selecci\u00f3n de 100 recetas distintas de la cocina y reposter\u00eda criolla de Nueva Orleans, adaptadas a los elementos de \u00e9ste pa\u00eds.  Impreso en M\u00e9xico.  98 p\u00e1ginas\" \/>\n<meta property=\"og:url\" content=\"https:\/\/antiqua.mx\/en\/product\/velazquez-de-leon-de-gonzalez-josefina-cocina-criolla-de-nueva-orleans\/\" \/>\n<meta property=\"article:modified_time\" content=\"2026-03-28T20:36:47+00:00\" \/>\n<meta property=\"og:image\" content=\"https:\/\/antiqua.mx\/wp-content\/uploads\/2021\/02\/VELAZQUEZ-DE-LEON-JOSEFINA.-COCINA-CRIOLLA-DE-NUEVA-ORLEANS.jpeg\" \/>\n\t<meta property=\"og:image:width\" content=\"1920\" \/>\n\t<meta property=\"og:image:height\" content=\"2560\" \/>\n\t<meta property=\"og:image:type\" content=\"image\/jpeg\" \/>\n<meta name=\"twitter:card\" content=\"summary_large_image\" \/>\n<meta name=\"twitter:label1\" content=\"Est. reading time\" \/>\n\t<meta name=\"twitter:data1\" content=\"1 minute\" \/>\n<script type=\"application\/ld+json\" class=\"yoast-schema-graph\">{\"@context\":\"https:\/\/schema.org\",\"@graph\":[{\"@type\":\"WebPage\",\"@id\":\"https:\/\/antiqua.mx\/producto\/velazquez-de-leon-de-gonzalez-josefina-cocina-criolla-de-nueva-orleans\/\",\"url\":\"https:\/\/antiqua.mx\/producto\/velazquez-de-leon-de-gonzalez-josefina-cocina-criolla-de-nueva-orleans\/\",\"name\":\"VEL\u00c1ZQUEZ DE LE\u00d3N JOSEFINA. COCINA CRIOLLA DE NUEVA ORLEANS -\",\"isPartOf\":{\"@id\":\"https:\/\/antiqua.mx\/en\/#website\"},\"primaryImageOfPage\":{\"@id\":\"https:\/\/antiqua.mx\/producto\/velazquez-de-leon-de-gonzalez-josefina-cocina-criolla-de-nueva-orleans\/#primaryimage\"},\"image\":{\"@id\":\"https:\/\/antiqua.mx\/producto\/velazquez-de-leon-de-gonzalez-josefina-cocina-criolla-de-nueva-orleans\/#primaryimage\"},\"thumbnailUrl\":\"https:\/\/antiqua.mx\/wp-content\/uploads\/2021\/02\/VELAZQUEZ-DE-LEON-JOSEFINA.-COCINA-CRIOLLA-DE-NUEVA-ORLEANS.jpeg\",\"datePublished\":\"2021-02-27T00:44:17+00:00\",\"dateModified\":\"2026-03-28T20:36:47+00:00\",\"breadcrumb\":{\"@id\":\"https:\/\/antiqua.mx\/producto\/velazquez-de-leon-de-gonzalez-josefina-cocina-criolla-de-nueva-orleans\/#breadcrumb\"},\"inLanguage\":\"en-US\",\"potentialAction\":[{\"@type\":\"ReadAction\",\"target\":[\"https:\/\/antiqua.mx\/producto\/velazquez-de-leon-de-gonzalez-josefina-cocina-criolla-de-nueva-orleans\/\"]}]},{\"@type\":\"ImageObject\",\"inLanguage\":\"en-US\",\"@id\":\"https:\/\/antiqua.mx\/producto\/velazquez-de-leon-de-gonzalez-josefina-cocina-criolla-de-nueva-orleans\/#primaryimage\",\"url\":\"https:\/\/antiqua.mx\/wp-content\/uploads\/2021\/02\/VELAZQUEZ-DE-LEON-JOSEFINA.-COCINA-CRIOLLA-DE-NUEVA-ORLEANS.jpeg\",\"contentUrl\":\"https:\/\/antiqua.mx\/wp-content\/uploads\/2021\/02\/VELAZQUEZ-DE-LEON-JOSEFINA.-COCINA-CRIOLLA-DE-NUEVA-ORLEANS.jpeg\",\"width\":1920,\"height\":2560},{\"@type\":\"BreadcrumbList\",\"@id\":\"https:\/\/antiqua.mx\/producto\/velazquez-de-leon-de-gonzalez-josefina-cocina-criolla-de-nueva-orleans\/#breadcrumb\",\"itemListElement\":[{\"@type\":\"ListItem\",\"position\":1,\"name\":\"Portada\",\"item\":\"https:\/\/antiqua.mx\/en\/\"},{\"@type\":\"ListItem\",\"position\":2,\"name\":\"Tienda\",\"item\":\"https:\/\/antiqua.mx\/tienda\/\"},{\"@type\":\"ListItem\",\"position\":3,\"name\":\"VEL\u00c1ZQUEZ DE LE\u00d3N JOSEFINA. COCINA CRIOLLA DE NUEVA ORLEANS\"}]},{\"@type\":\"WebSite\",\"@id\":\"https:\/\/antiqua.mx\/en\/#website\",\"url\":\"https:\/\/antiqua.mx\/en\/\",\"name\":\"\",\"description\":\"\",\"potentialAction\":[{\"@type\":\"SearchAction\",\"target\":{\"@type\":\"EntryPoint\",\"urlTemplate\":\"https:\/\/antiqua.mx\/en\/?s={search_term_string}\"},\"query-input\":{\"@type\":\"PropertyValueSpecification\",\"valueRequired\":true,\"valueName\":\"search_term_string\"}}],\"inLanguage\":\"en-US\"}]}<\/script>\n<!-- \/ Yoast SEO plugin. -->","yoast_head_json":{"title":"VEL\u00c1ZQUEZ DE LE\u00d3N JOSEFINA. COCINA CRIOLLA DE NUEVA ORLEANS -","robots":{"index":"index","follow":"follow","max-snippet":"max-snippet:-1","max-image-preview":"max-image-preview:large","max-video-preview":"max-video-preview:-1"},"canonical":"https:\/\/antiqua.mx\/en\/product\/velazquez-de-leon-de-gonzalez-josefina-cocina-criolla-de-nueva-orleans\/","og_locale":"en_US","og_type":"article","og_title":"VEL\u00c1ZQUEZ DE LE\u00d3N JOSEFINA. COCINA CRIOLLA DE NUEVA ORLEANS -","og_description":"Editorial: Ediciones J. Vel\u00e1zquez de Le\u00f3n  Primera edici\u00f3n  A\u00f1o 1952  R\u00fastico, en buenas condiciones. La palabra \"Nueva Orleans\" est\u00e1 borrada de la portada y de la primera hoja.  Selecci\u00f3n de 100 recetas distintas de la cocina y reposter\u00eda criolla de Nueva Orleans, adaptadas a los elementos de \u00e9ste pa\u00eds.  Impreso en M\u00e9xico.  98 p\u00e1ginas","og_url":"https:\/\/antiqua.mx\/en\/product\/velazquez-de-leon-de-gonzalez-josefina-cocina-criolla-de-nueva-orleans\/","article_modified_time":"2026-03-28T20:36:47+00:00","og_image":[{"width":1920,"height":2560,"url":"https:\/\/antiqua.mx\/wp-content\/uploads\/2021\/02\/VELAZQUEZ-DE-LEON-JOSEFINA.-COCINA-CRIOLLA-DE-NUEVA-ORLEANS.jpeg","type":"image\/jpeg"}],"twitter_card":"summary_large_image","twitter_misc":{"Est. reading time":"1 minute"},"schema":{"@context":"https:\/\/schema.org","@graph":[{"@type":"WebPage","@id":"https:\/\/antiqua.mx\/producto\/velazquez-de-leon-de-gonzalez-josefina-cocina-criolla-de-nueva-orleans\/","url":"https:\/\/antiqua.mx\/producto\/velazquez-de-leon-de-gonzalez-josefina-cocina-criolla-de-nueva-orleans\/","name":"VEL\u00c1ZQUEZ DE LE\u00d3N JOSEFINA. COCINA CRIOLLA DE NUEVA ORLEANS -","isPartOf":{"@id":"https:\/\/antiqua.mx\/en\/#website"},"primaryImageOfPage":{"@id":"https:\/\/antiqua.mx\/producto\/velazquez-de-leon-de-gonzalez-josefina-cocina-criolla-de-nueva-orleans\/#primaryimage"},"image":{"@id":"https:\/\/antiqua.mx\/producto\/velazquez-de-leon-de-gonzalez-josefina-cocina-criolla-de-nueva-orleans\/#primaryimage"},"thumbnailUrl":"https:\/\/antiqua.mx\/wp-content\/uploads\/2021\/02\/VELAZQUEZ-DE-LEON-JOSEFINA.-COCINA-CRIOLLA-DE-NUEVA-ORLEANS.jpeg","datePublished":"2021-02-27T00:44:17+00:00","dateModified":"2026-03-28T20:36:47+00:00","breadcrumb":{"@id":"https:\/\/antiqua.mx\/producto\/velazquez-de-leon-de-gonzalez-josefina-cocina-criolla-de-nueva-orleans\/#breadcrumb"},"inLanguage":"en-US","potentialAction":[{"@type":"ReadAction","target":["https:\/\/antiqua.mx\/producto\/velazquez-de-leon-de-gonzalez-josefina-cocina-criolla-de-nueva-orleans\/"]}]},{"@type":"ImageObject","inLanguage":"en-US","@id":"https:\/\/antiqua.mx\/producto\/velazquez-de-leon-de-gonzalez-josefina-cocina-criolla-de-nueva-orleans\/#primaryimage","url":"https:\/\/antiqua.mx\/wp-content\/uploads\/2021\/02\/VELAZQUEZ-DE-LEON-JOSEFINA.-COCINA-CRIOLLA-DE-NUEVA-ORLEANS.jpeg","contentUrl":"https:\/\/antiqua.mx\/wp-content\/uploads\/2021\/02\/VELAZQUEZ-DE-LEON-JOSEFINA.-COCINA-CRIOLLA-DE-NUEVA-ORLEANS.jpeg","width":1920,"height":2560},{"@type":"BreadcrumbList","@id":"https:\/\/antiqua.mx\/producto\/velazquez-de-leon-de-gonzalez-josefina-cocina-criolla-de-nueva-orleans\/#breadcrumb","itemListElement":[{"@type":"ListItem","position":1,"name":"Portada","item":"https:\/\/antiqua.mx\/en\/"},{"@type":"ListItem","position":2,"name":"Tienda","item":"https:\/\/antiqua.mx\/tienda\/"},{"@type":"ListItem","position":3,"name":"VEL\u00c1ZQUEZ DE LE\u00d3N JOSEFINA. COCINA CRIOLLA DE NUEVA ORLEANS"}]},{"@type":"WebSite","@id":"https:\/\/antiqua.mx\/en\/#website","url":"https:\/\/antiqua.mx\/en\/","name":"","description":"","potentialAction":[{"@type":"SearchAction","target":{"@type":"EntryPoint","urlTemplate":"https:\/\/antiqua.mx\/en\/?s={search_term_string}"},"query-input":{"@type":"PropertyValueSpecification","valueRequired":true,"valueName":"search_term_string"}}],"inLanguage":"en-US"}]}},"jetpack_sharing_enabled":true,"_links":{"self":[{"href":"https:\/\/antiqua.mx\/en\/wp-json\/wp\/v2\/product\/3921","targetHints":{"allow":["GET"]}}],"collection":[{"href":"https:\/\/antiqua.mx\/en\/wp-json\/wp\/v2\/product"}],"about":[{"href":"https:\/\/antiqua.mx\/en\/wp-json\/wp\/v2\/types\/product"}],"replies":[{"embeddable":true,"href":"https:\/\/antiqua.mx\/en\/wp-json\/wp\/v2\/comments?post=3921"}],"wp:featuredmedia":[{"embeddable":true,"href":"https:\/\/antiqua.mx\/en\/wp-json\/wp\/v2\/media\/26495"}],"wp:attachment":[{"href":"https:\/\/antiqua.mx\/en\/wp-json\/wp\/v2\/media?parent=3921"}],"wp:term":[{"taxonomy":"product_brand","embeddable":true,"href":"https:\/\/antiqua.mx\/en\/wp-json\/wp\/v2\/product_brand?post=3921"},{"taxonomy":"product_cat","embeddable":true,"href":"https:\/\/antiqua.mx\/en\/wp-json\/wp\/v2\/product_cat?post=3921"},{"taxonomy":"product_tag","embeddable":true,"href":"https:\/\/antiqua.mx\/en\/wp-json\/wp\/v2\/product_tag?post=3921"}],"curies":[{"name":"wp","href":"https:\/\/api.w.org\/{rel}","templated":true}]}}