{"id":3934,"date":"2021-03-02T22:07:03","date_gmt":"2021-03-02T22:07:03","guid":{"rendered":"https:\/\/antiqua.mx\/?post_type=product&#038;p=3934"},"modified":"2026-03-28T23:37:25","modified_gmt":"2026-03-28T23:37:25","slug":"verti-sebastian-tradiciones-mexicanas","status":"publish","type":"product","link":"https:\/\/antiqua.mx\/en\/product\/verti-sebastian-tradiciones-mexicanas","title":{"rendered":"VERTI SEBASTI\u00c1N. TRADICIONES MEXICANAS"},"content":{"rendered":"<p><strong>Verti Sebasti\u00e1n<\/strong><\/p>\n<p>Editorial: DIANA<\/p>\n<p>Tercera edici\u00f3n, especial de lujo para conservas LA COSTE\u00d1A<\/p>\n<p>A\u00f1o 1993<\/p>\n<p>Empastado con camisa, en muy buenas condiciones.<\/p>\n<p>Fotograf\u00eda de Juan Daniel Torres Polo, Javier Cabrera, Enrique Salazar Hijar y Haro y Andr\u00e9s Zavala.<\/p>\n<p>Impreso en M\u00e9xico.<\/p>\n<p>429 p\u00e1ginas<\/p>","protected":false},"excerpt":{"rendered":"<ul>\n<li>Editorial: DIANA<\/li>\n<li>Tercera edici\u00f3n, especial de lujo para conservas LA COSTE\u00d1A<\/li>\n<li>A\u00f1o 1993<\/li>\n<li>Empastado con camisa, en muy buenas condiciones.<\/li>\n<li>Fotograf\u00eda de Juan Daniel Torres Polo, Javier Cabrera, Enrique Salazar Hijar y Haro y Andr\u00e9s Zavala.<\/li>\n<li>Impreso en M\u00e9xico.<\/li>\n<li>429 p\u00e1ginas<\/li>\n<\/ul>","protected":false},"featured_media":26579,"comment_status":"open","ping_status":"closed","template":"","meta":{"_joinchat":[]},"product_brand":[],"product_cat":[415,416,387,375,418],"product_tag":[6251,1012],"class_list":{"0":"post-3934","1":"product","2":"type-product","3":"status-publish","6":"product_cat-cocina","7":"product_cat-cocinamex","8":"product_cat-cultmex","9":"product_cat-mex","10":"product_cat-recetarios","11":"product_tag-la-costena","12":"product_tag-sebastian-verti","14":"first","15":"instock","16":"featured","17":"sold-individually","18":"taxable","19":"shipping-taxable","20":"purchasable","21":"product-type-simple"},"yoast_head":"<!-- This site is optimized with the Yoast SEO plugin v26.1.1 - https:\/\/yoast.com\/wordpress\/plugins\/seo\/ -->\n<title>VERTI SEBASTI\u00c1N. TRADICIONES MEXICANAS -<\/title>\n<meta name=\"robots\" content=\"index, follow, max-snippet:-1, max-image-preview:large, max-video-preview:-1\" \/>\n<link rel=\"canonical\" href=\"https:\/\/antiqua.mx\/en\/product\/verti-sebastian-tradiciones-mexicanas\/\" \/>\n<meta property=\"og:locale\" content=\"en_US\" \/>\n<meta property=\"og:type\" content=\"article\" \/>\n<meta property=\"og:title\" content=\"VERTI SEBASTI\u00c1N. TRADICIONES MEXICANAS -\" \/>\n<meta property=\"og:description\" content=\"Editorial: DIANA  Tercera edici\u00f3n, especial de lujo para conservas LA COSTE\u00d1A  A\u00f1o 1993  Empastado con camisa, en muy buenas condiciones.  Fotograf\u00eda de Juan Daniel Torres Polo, Javier Cabrera, Enrique Salazar Hijar y Haro y Andr\u00e9s Zavala.  Impreso en M\u00e9xico.  429 p\u00e1ginas\" \/>\n<meta property=\"og:url\" content=\"https:\/\/antiqua.mx\/en\/product\/verti-sebastian-tradiciones-mexicanas\/\" \/>\n<meta property=\"article:modified_time\" content=\"2026-03-28T23:37:25+00:00\" \/>\n<meta property=\"og:image\" content=\"https:\/\/antiqua.mx\/wp-content\/uploads\/2021\/03\/VERTI-SEBASTIAN.-TRADICIONES-MEXICANAS.jpeg\" \/>\n\t<meta property=\"og:image:width\" content=\"1920\" \/>\n\t<meta property=\"og:image:height\" content=\"2560\" \/>\n\t<meta property=\"og:image:type\" content=\"image\/jpeg\" \/>\n<meta name=\"twitter:card\" content=\"summary_large_image\" \/>\n<meta name=\"twitter:label1\" content=\"Est. reading time\" \/>\n\t<meta name=\"twitter:data1\" content=\"1 minute\" \/>\n<script type=\"application\/ld+json\" class=\"yoast-schema-graph\">{\"@context\":\"https:\/\/schema.org\",\"@graph\":[{\"@type\":\"WebPage\",\"@id\":\"https:\/\/antiqua.mx\/producto\/verti-sebastian-tradiciones-mexicanas\",\"url\":\"https:\/\/antiqua.mx\/producto\/verti-sebastian-tradiciones-mexicanas\",\"name\":\"VERTI SEBASTI\u00c1N. TRADICIONES MEXICANAS -\",\"isPartOf\":{\"@id\":\"https:\/\/antiqua.mx\/en\/#website\"},\"primaryImageOfPage\":{\"@id\":\"https:\/\/antiqua.mx\/producto\/verti-sebastian-tradiciones-mexicanas#primaryimage\"},\"image\":{\"@id\":\"https:\/\/antiqua.mx\/producto\/verti-sebastian-tradiciones-mexicanas#primaryimage\"},\"thumbnailUrl\":\"https:\/\/antiqua.mx\/wp-content\/uploads\/2021\/03\/VERTI-SEBASTIAN.-TRADICIONES-MEXICANAS.jpeg\",\"datePublished\":\"2021-03-02T22:07:03+00:00\",\"dateModified\":\"2026-03-28T23:37:25+00:00\",\"breadcrumb\":{\"@id\":\"https:\/\/antiqua.mx\/producto\/verti-sebastian-tradiciones-mexicanas#breadcrumb\"},\"inLanguage\":\"en-US\",\"potentialAction\":[{\"@type\":\"ReadAction\",\"target\":[\"https:\/\/antiqua.mx\/producto\/verti-sebastian-tradiciones-mexicanas\"]}]},{\"@type\":\"ImageObject\",\"inLanguage\":\"en-US\",\"@id\":\"https:\/\/antiqua.mx\/producto\/verti-sebastian-tradiciones-mexicanas#primaryimage\",\"url\":\"https:\/\/antiqua.mx\/wp-content\/uploads\/2021\/03\/VERTI-SEBASTIAN.-TRADICIONES-MEXICANAS.jpeg\",\"contentUrl\":\"https:\/\/antiqua.mx\/wp-content\/uploads\/2021\/03\/VERTI-SEBASTIAN.-TRADICIONES-MEXICANAS.jpeg\",\"width\":1920,\"height\":2560},{\"@type\":\"BreadcrumbList\",\"@id\":\"https:\/\/antiqua.mx\/producto\/verti-sebastian-tradiciones-mexicanas#breadcrumb\",\"itemListElement\":[{\"@type\":\"ListItem\",\"position\":1,\"name\":\"Portada\",\"item\":\"https:\/\/antiqua.mx\/en\/\"},{\"@type\":\"ListItem\",\"position\":2,\"name\":\"Tienda\",\"item\":\"https:\/\/antiqua.mx\/en\/tienda\"},{\"@type\":\"ListItem\",\"position\":3,\"name\":\"VERTI SEBASTI\u00c1N. TRADICIONES MEXICANAS\"}]},{\"@type\":\"WebSite\",\"@id\":\"https:\/\/antiqua.mx\/en\/#website\",\"url\":\"https:\/\/antiqua.mx\/en\/\",\"name\":\"\",\"description\":\"\",\"potentialAction\":[{\"@type\":\"SearchAction\",\"target\":{\"@type\":\"EntryPoint\",\"urlTemplate\":\"https:\/\/antiqua.mx\/en\/?s={search_term_string}\"},\"query-input\":{\"@type\":\"PropertyValueSpecification\",\"valueRequired\":true,\"valueName\":\"search_term_string\"}}],\"inLanguage\":\"en-US\"}]}<\/script>\n<!-- \/ Yoast SEO plugin. -->","yoast_head_json":{"title":"VERTI SEBASTI\u00c1N. TRADICIONES MEXICANAS -","robots":{"index":"index","follow":"follow","max-snippet":"max-snippet:-1","max-image-preview":"max-image-preview:large","max-video-preview":"max-video-preview:-1"},"canonical":"https:\/\/antiqua.mx\/en\/product\/verti-sebastian-tradiciones-mexicanas\/","og_locale":"en_US","og_type":"article","og_title":"VERTI SEBASTI\u00c1N. TRADICIONES MEXICANAS -","og_description":"Editorial: DIANA  Tercera edici\u00f3n, especial de lujo para conservas LA COSTE\u00d1A  A\u00f1o 1993  Empastado con camisa, en muy buenas condiciones.  Fotograf\u00eda de Juan Daniel Torres Polo, Javier Cabrera, Enrique Salazar Hijar y Haro y Andr\u00e9s Zavala.  Impreso en M\u00e9xico.  429 p\u00e1ginas","og_url":"https:\/\/antiqua.mx\/en\/product\/verti-sebastian-tradiciones-mexicanas\/","article_modified_time":"2026-03-28T23:37:25+00:00","og_image":[{"width":1920,"height":2560,"url":"https:\/\/antiqua.mx\/wp-content\/uploads\/2021\/03\/VERTI-SEBASTIAN.-TRADICIONES-MEXICANAS.jpeg","type":"image\/jpeg"}],"twitter_card":"summary_large_image","twitter_misc":{"Est. reading time":"1 minute"},"schema":{"@context":"https:\/\/schema.org","@graph":[{"@type":"WebPage","@id":"https:\/\/antiqua.mx\/producto\/verti-sebastian-tradiciones-mexicanas","url":"https:\/\/antiqua.mx\/producto\/verti-sebastian-tradiciones-mexicanas","name":"VERTI SEBASTI\u00c1N. TRADICIONES MEXICANAS -","isPartOf":{"@id":"https:\/\/antiqua.mx\/en\/#website"},"primaryImageOfPage":{"@id":"https:\/\/antiqua.mx\/producto\/verti-sebastian-tradiciones-mexicanas#primaryimage"},"image":{"@id":"https:\/\/antiqua.mx\/producto\/verti-sebastian-tradiciones-mexicanas#primaryimage"},"thumbnailUrl":"https:\/\/antiqua.mx\/wp-content\/uploads\/2021\/03\/VERTI-SEBASTIAN.-TRADICIONES-MEXICANAS.jpeg","datePublished":"2021-03-02T22:07:03+00:00","dateModified":"2026-03-28T23:37:25+00:00","breadcrumb":{"@id":"https:\/\/antiqua.mx\/producto\/verti-sebastian-tradiciones-mexicanas#breadcrumb"},"inLanguage":"en-US","potentialAction":[{"@type":"ReadAction","target":["https:\/\/antiqua.mx\/producto\/verti-sebastian-tradiciones-mexicanas"]}]},{"@type":"ImageObject","inLanguage":"en-US","@id":"https:\/\/antiqua.mx\/producto\/verti-sebastian-tradiciones-mexicanas#primaryimage","url":"https:\/\/antiqua.mx\/wp-content\/uploads\/2021\/03\/VERTI-SEBASTIAN.-TRADICIONES-MEXICANAS.jpeg","contentUrl":"https:\/\/antiqua.mx\/wp-content\/uploads\/2021\/03\/VERTI-SEBASTIAN.-TRADICIONES-MEXICANAS.jpeg","width":1920,"height":2560},{"@type":"BreadcrumbList","@id":"https:\/\/antiqua.mx\/producto\/verti-sebastian-tradiciones-mexicanas#breadcrumb","itemListElement":[{"@type":"ListItem","position":1,"name":"Portada","item":"https:\/\/antiqua.mx\/en\/"},{"@type":"ListItem","position":2,"name":"Tienda","item":"https:\/\/antiqua.mx\/en\/tienda"},{"@type":"ListItem","position":3,"name":"VERTI SEBASTI\u00c1N. TRADICIONES MEXICANAS"}]},{"@type":"WebSite","@id":"https:\/\/antiqua.mx\/en\/#website","url":"https:\/\/antiqua.mx\/en\/","name":"","description":"","potentialAction":[{"@type":"SearchAction","target":{"@type":"EntryPoint","urlTemplate":"https:\/\/antiqua.mx\/en\/?s={search_term_string}"},"query-input":{"@type":"PropertyValueSpecification","valueRequired":true,"valueName":"search_term_string"}}],"inLanguage":"en-US"}]}},"jetpack_sharing_enabled":true,"_links":{"self":[{"href":"https:\/\/antiqua.mx\/en\/wp-json\/wp\/v2\/product\/3934","targetHints":{"allow":["GET"]}}],"collection":[{"href":"https:\/\/antiqua.mx\/en\/wp-json\/wp\/v2\/product"}],"about":[{"href":"https:\/\/antiqua.mx\/en\/wp-json\/wp\/v2\/types\/product"}],"replies":[{"embeddable":true,"href":"https:\/\/antiqua.mx\/en\/wp-json\/wp\/v2\/comments?post=3934"}],"wp:featuredmedia":[{"embeddable":true,"href":"https:\/\/antiqua.mx\/en\/wp-json\/wp\/v2\/media\/26579"}],"wp:attachment":[{"href":"https:\/\/antiqua.mx\/en\/wp-json\/wp\/v2\/media?parent=3934"}],"wp:term":[{"taxonomy":"product_brand","embeddable":true,"href":"https:\/\/antiqua.mx\/en\/wp-json\/wp\/v2\/product_brand?post=3934"},{"taxonomy":"product_cat","embeddable":true,"href":"https:\/\/antiqua.mx\/en\/wp-json\/wp\/v2\/product_cat?post=3934"},{"taxonomy":"product_tag","embeddable":true,"href":"https:\/\/antiqua.mx\/en\/wp-json\/wp\/v2\/product_tag?post=3934"}],"curies":[{"name":"wp","href":"https:\/\/api.w.org\/{rel}","templated":true}]}}