{"id":4146,"date":"2021-03-04T01:47:10","date_gmt":"2021-03-04T01:47:10","guid":{"rendered":"https:\/\/antiqua.mx\/?post_type=product&#038;p=4146"},"modified":"2026-03-25T23:26:14","modified_gmt":"2026-03-25T23:26:14","slug":"gonzalez-de-la-vara-fernan-la-cocina-mexicana-a-traves-de-los-siglos-ii-epoca-prehispanica","status":"publish","type":"product","link":"https:\/\/antiqua.mx\/en\/product\/gonzalez-de-la-vara-fernan-la-cocina-mexicana-a-traves-de-los-siglos-ii-epoca-prehispanica\/","title":{"rendered":"GONZ\u00c1LEZ DE LA VARA FERN\u00c1N. LA COCINA MEXICANA A TRAV\u00c9S DE LOS SIGLOS. II. \u00c9POCA PREHISP\u00c1NICA"},"content":{"rendered":"<p><strong>Gonz\u00e1lez de la Vara Fern\u00e1n<\/strong><\/p>\n<p>Editorial: Cl\u00edo, libros y videos, S. A. de C. V.\u00a0 \/ Fundaci\u00f3n Herdez, A. C.<\/p>\n<p>Primera edici\u00f3n<\/p>\n<p>A\u00f1o 1996<\/p>\n<p>R\u00fastico, en buenas condiciones.<\/p>\n<p>La obra completa es de 10 vol\u00famenes.<\/p>\n<p>Direcci\u00f3n general de Enrique Krauze.<\/p>\n<p>61 p\u00e1ginas<\/p>","protected":false},"excerpt":{"rendered":"<ul>\n<li>Editorial: Cl\u00edo, libros y videos, S. A. de C. V.\u00a0 \/ Fundaci\u00f3n Herdez, A. C.<\/li>\n<li>Primera edici\u00f3n<\/li>\n<li>A\u00f1o 1996<\/li>\n<li>R\u00fastico, en buenas condiciones.<\/li>\n<li>La obra completa es de 10 vol\u00famenes.<\/li>\n<li>Direcci\u00f3n general de Enrique Krauze.<\/li>\n<li>61 p\u00e1ginas<\/li>\n<\/ul>","protected":false},"featured_media":26339,"comment_status":"open","ping_status":"closed","template":"","meta":{"_joinchat":[]},"product_brand":[],"product_cat":[415,416,387,375,376],"product_tag":[1627,1020,1019,1081],"class_list":{"0":"post-4146","1":"product","2":"type-product","3":"status-publish","6":"product_cat-cocina","7":"product_cat-cocinamex","8":"product_cat-cultmex","9":"product_cat-mex","10":"product_cat-mexpre","11":"product_tag-dulces","12":"product_tag-enrique-krauze","13":"product_tag-revistas-clio","14":"product_tag-tamales-y-atoles","16":"first","17":"instock","18":"featured","19":"sold-individually","20":"taxable","21":"shipping-taxable","22":"purchasable","23":"product-type-simple"},"yoast_head":"<!-- This site is optimized with the Yoast SEO plugin v26.1.1 - https:\/\/yoast.com\/wordpress\/plugins\/seo\/ -->\n<title>GONZ\u00c1LEZ DE LA VARA FERN\u00c1N. LA COCINA MEXICANA A TRAV\u00c9S DE LOS SIGLOS. II. \u00c9POCA PREHISP\u00c1NICA -<\/title>\n<meta name=\"robots\" content=\"index, follow, max-snippet:-1, max-image-preview:large, max-video-preview:-1\" \/>\n<link rel=\"canonical\" href=\"https:\/\/antiqua.mx\/en\/product\/gonzalez-de-la-vara-fernan-la-cocina-mexicana-a-traves-de-los-siglos-ii-epoca-prehispanica\/\" \/>\n<meta property=\"og:locale\" content=\"en_US\" \/>\n<meta property=\"og:type\" content=\"article\" \/>\n<meta property=\"og:title\" content=\"GONZ\u00c1LEZ DE LA VARA FERN\u00c1N. LA COCINA MEXICANA A TRAV\u00c9S DE LOS SIGLOS. II. \u00c9POCA PREHISP\u00c1NICA -\" \/>\n<meta property=\"og:description\" content=\"Editorial: Cl\u00edo, libros y videos, S. A. de C. V.\u00a0 \/ Fundaci\u00f3n Herdez, A. C.  Primera edici\u00f3n  A\u00f1o 1996  R\u00fastico, en buenas condiciones.  La obra completa es de 10 vol\u00famenes.  Direcci\u00f3n general de Enrique Krauze.  61 p\u00e1ginas\" \/>\n<meta property=\"og:url\" content=\"https:\/\/antiqua.mx\/en\/product\/gonzalez-de-la-vara-fernan-la-cocina-mexicana-a-traves-de-los-siglos-ii-epoca-prehispanica\/\" \/>\n<meta property=\"article:modified_time\" content=\"2026-03-25T23:26:14+00:00\" \/>\n<meta property=\"og:image\" content=\"https:\/\/antiqua.mx\/wp-content\/uploads\/2021\/03\/GONZALEZ-DE-LA-VARA-FERNAN.-LA-COCINA-MEXICANA-A-TRAVES-DE-LOS-SIGLOS.-II.-EPOCA-PREHISPANICA.jpeg\" \/>\n\t<meta property=\"og:image:width\" content=\"1920\" \/>\n\t<meta property=\"og:image:height\" content=\"2560\" \/>\n\t<meta property=\"og:image:type\" content=\"image\/jpeg\" \/>\n<meta name=\"twitter:card\" content=\"summary_large_image\" \/>\n<meta name=\"twitter:label1\" content=\"Est. reading time\" \/>\n\t<meta name=\"twitter:data1\" content=\"1 minute\" \/>\n<script type=\"application\/ld+json\" class=\"yoast-schema-graph\">{\"@context\":\"https:\/\/schema.org\",\"@graph\":[{\"@type\":\"WebPage\",\"@id\":\"https:\/\/antiqua.mx\/producto\/gonzalez-de-la-vara-fernan-la-cocina-mexicana-a-traves-de-los-siglos-ii-epoca-prehispanica\/\",\"url\":\"https:\/\/antiqua.mx\/producto\/gonzalez-de-la-vara-fernan-la-cocina-mexicana-a-traves-de-los-siglos-ii-epoca-prehispanica\/\",\"name\":\"GONZ\u00c1LEZ DE LA VARA FERN\u00c1N. LA COCINA MEXICANA A TRAV\u00c9S DE LOS SIGLOS. II. \u00c9POCA PREHISP\u00c1NICA -\",\"isPartOf\":{\"@id\":\"https:\/\/antiqua.mx\/en\/#website\"},\"primaryImageOfPage\":{\"@id\":\"https:\/\/antiqua.mx\/producto\/gonzalez-de-la-vara-fernan-la-cocina-mexicana-a-traves-de-los-siglos-ii-epoca-prehispanica\/#primaryimage\"},\"image\":{\"@id\":\"https:\/\/antiqua.mx\/producto\/gonzalez-de-la-vara-fernan-la-cocina-mexicana-a-traves-de-los-siglos-ii-epoca-prehispanica\/#primaryimage\"},\"thumbnailUrl\":\"https:\/\/antiqua.mx\/wp-content\/uploads\/2021\/03\/GONZALEZ-DE-LA-VARA-FERNAN.-LA-COCINA-MEXICANA-A-TRAVES-DE-LOS-SIGLOS.-II.-EPOCA-PREHISPANICA.jpeg\",\"datePublished\":\"2021-03-04T01:47:10+00:00\",\"dateModified\":\"2026-03-25T23:26:14+00:00\",\"breadcrumb\":{\"@id\":\"https:\/\/antiqua.mx\/producto\/gonzalez-de-la-vara-fernan-la-cocina-mexicana-a-traves-de-los-siglos-ii-epoca-prehispanica\/#breadcrumb\"},\"inLanguage\":\"en-US\",\"potentialAction\":[{\"@type\":\"ReadAction\",\"target\":[\"https:\/\/antiqua.mx\/producto\/gonzalez-de-la-vara-fernan-la-cocina-mexicana-a-traves-de-los-siglos-ii-epoca-prehispanica\/\"]}]},{\"@type\":\"ImageObject\",\"inLanguage\":\"en-US\",\"@id\":\"https:\/\/antiqua.mx\/producto\/gonzalez-de-la-vara-fernan-la-cocina-mexicana-a-traves-de-los-siglos-ii-epoca-prehispanica\/#primaryimage\",\"url\":\"https:\/\/antiqua.mx\/wp-content\/uploads\/2021\/03\/GONZALEZ-DE-LA-VARA-FERNAN.-LA-COCINA-MEXICANA-A-TRAVES-DE-LOS-SIGLOS.-II.-EPOCA-PREHISPANICA.jpeg\",\"contentUrl\":\"https:\/\/antiqua.mx\/wp-content\/uploads\/2021\/03\/GONZALEZ-DE-LA-VARA-FERNAN.-LA-COCINA-MEXICANA-A-TRAVES-DE-LOS-SIGLOS.-II.-EPOCA-PREHISPANICA.jpeg\",\"width\":1920,\"height\":2560},{\"@type\":\"BreadcrumbList\",\"@id\":\"https:\/\/antiqua.mx\/producto\/gonzalez-de-la-vara-fernan-la-cocina-mexicana-a-traves-de-los-siglos-ii-epoca-prehispanica\/#breadcrumb\",\"itemListElement\":[{\"@type\":\"ListItem\",\"position\":1,\"name\":\"Portada\",\"item\":\"https:\/\/antiqua.mx\/en\/\"},{\"@type\":\"ListItem\",\"position\":2,\"name\":\"Tienda\",\"item\":\"https:\/\/antiqua.mx\/tienda\/\"},{\"@type\":\"ListItem\",\"position\":3,\"name\":\"GONZ\u00c1LEZ DE LA VARA FERN\u00c1N. LA COCINA MEXICANA A TRAV\u00c9S DE LOS SIGLOS. II. \u00c9POCA PREHISP\u00c1NICA\"}]},{\"@type\":\"WebSite\",\"@id\":\"https:\/\/antiqua.mx\/en\/#website\",\"url\":\"https:\/\/antiqua.mx\/en\/\",\"name\":\"\",\"description\":\"\",\"potentialAction\":[{\"@type\":\"SearchAction\",\"target\":{\"@type\":\"EntryPoint\",\"urlTemplate\":\"https:\/\/antiqua.mx\/en\/?s={search_term_string}\"},\"query-input\":{\"@type\":\"PropertyValueSpecification\",\"valueRequired\":true,\"valueName\":\"search_term_string\"}}],\"inLanguage\":\"en-US\"}]}<\/script>\n<!-- \/ Yoast SEO plugin. -->","yoast_head_json":{"title":"GONZ\u00c1LEZ DE LA VARA FERN\u00c1N. LA COCINA MEXICANA A TRAV\u00c9S DE LOS SIGLOS. II. \u00c9POCA PREHISP\u00c1NICA -","robots":{"index":"index","follow":"follow","max-snippet":"max-snippet:-1","max-image-preview":"max-image-preview:large","max-video-preview":"max-video-preview:-1"},"canonical":"https:\/\/antiqua.mx\/en\/product\/gonzalez-de-la-vara-fernan-la-cocina-mexicana-a-traves-de-los-siglos-ii-epoca-prehispanica\/","og_locale":"en_US","og_type":"article","og_title":"GONZ\u00c1LEZ DE LA VARA FERN\u00c1N. LA COCINA MEXICANA A TRAV\u00c9S DE LOS SIGLOS. II. \u00c9POCA PREHISP\u00c1NICA -","og_description":"Editorial: Cl\u00edo, libros y videos, S. A. de C. V.\u00a0 \/ Fundaci\u00f3n Herdez, A. C.  Primera edici\u00f3n  A\u00f1o 1996  R\u00fastico, en buenas condiciones.  La obra completa es de 10 vol\u00famenes.  Direcci\u00f3n general de Enrique Krauze.  61 p\u00e1ginas","og_url":"https:\/\/antiqua.mx\/en\/product\/gonzalez-de-la-vara-fernan-la-cocina-mexicana-a-traves-de-los-siglos-ii-epoca-prehispanica\/","article_modified_time":"2026-03-25T23:26:14+00:00","og_image":[{"width":1920,"height":2560,"url":"https:\/\/antiqua.mx\/wp-content\/uploads\/2021\/03\/GONZALEZ-DE-LA-VARA-FERNAN.-LA-COCINA-MEXICANA-A-TRAVES-DE-LOS-SIGLOS.-II.-EPOCA-PREHISPANICA.jpeg","type":"image\/jpeg"}],"twitter_card":"summary_large_image","twitter_misc":{"Est. reading time":"1 minute"},"schema":{"@context":"https:\/\/schema.org","@graph":[{"@type":"WebPage","@id":"https:\/\/antiqua.mx\/producto\/gonzalez-de-la-vara-fernan-la-cocina-mexicana-a-traves-de-los-siglos-ii-epoca-prehispanica\/","url":"https:\/\/antiqua.mx\/producto\/gonzalez-de-la-vara-fernan-la-cocina-mexicana-a-traves-de-los-siglos-ii-epoca-prehispanica\/","name":"GONZ\u00c1LEZ DE LA VARA FERN\u00c1N. LA COCINA MEXICANA A TRAV\u00c9S DE LOS SIGLOS. II. \u00c9POCA PREHISP\u00c1NICA -","isPartOf":{"@id":"https:\/\/antiqua.mx\/en\/#website"},"primaryImageOfPage":{"@id":"https:\/\/antiqua.mx\/producto\/gonzalez-de-la-vara-fernan-la-cocina-mexicana-a-traves-de-los-siglos-ii-epoca-prehispanica\/#primaryimage"},"image":{"@id":"https:\/\/antiqua.mx\/producto\/gonzalez-de-la-vara-fernan-la-cocina-mexicana-a-traves-de-los-siglos-ii-epoca-prehispanica\/#primaryimage"},"thumbnailUrl":"https:\/\/antiqua.mx\/wp-content\/uploads\/2021\/03\/GONZALEZ-DE-LA-VARA-FERNAN.-LA-COCINA-MEXICANA-A-TRAVES-DE-LOS-SIGLOS.-II.-EPOCA-PREHISPANICA.jpeg","datePublished":"2021-03-04T01:47:10+00:00","dateModified":"2026-03-25T23:26:14+00:00","breadcrumb":{"@id":"https:\/\/antiqua.mx\/producto\/gonzalez-de-la-vara-fernan-la-cocina-mexicana-a-traves-de-los-siglos-ii-epoca-prehispanica\/#breadcrumb"},"inLanguage":"en-US","potentialAction":[{"@type":"ReadAction","target":["https:\/\/antiqua.mx\/producto\/gonzalez-de-la-vara-fernan-la-cocina-mexicana-a-traves-de-los-siglos-ii-epoca-prehispanica\/"]}]},{"@type":"ImageObject","inLanguage":"en-US","@id":"https:\/\/antiqua.mx\/producto\/gonzalez-de-la-vara-fernan-la-cocina-mexicana-a-traves-de-los-siglos-ii-epoca-prehispanica\/#primaryimage","url":"https:\/\/antiqua.mx\/wp-content\/uploads\/2021\/03\/GONZALEZ-DE-LA-VARA-FERNAN.-LA-COCINA-MEXICANA-A-TRAVES-DE-LOS-SIGLOS.-II.-EPOCA-PREHISPANICA.jpeg","contentUrl":"https:\/\/antiqua.mx\/wp-content\/uploads\/2021\/03\/GONZALEZ-DE-LA-VARA-FERNAN.-LA-COCINA-MEXICANA-A-TRAVES-DE-LOS-SIGLOS.-II.-EPOCA-PREHISPANICA.jpeg","width":1920,"height":2560},{"@type":"BreadcrumbList","@id":"https:\/\/antiqua.mx\/producto\/gonzalez-de-la-vara-fernan-la-cocina-mexicana-a-traves-de-los-siglos-ii-epoca-prehispanica\/#breadcrumb","itemListElement":[{"@type":"ListItem","position":1,"name":"Portada","item":"https:\/\/antiqua.mx\/en\/"},{"@type":"ListItem","position":2,"name":"Tienda","item":"https:\/\/antiqua.mx\/tienda\/"},{"@type":"ListItem","position":3,"name":"GONZ\u00c1LEZ DE LA VARA FERN\u00c1N. LA COCINA MEXICANA A TRAV\u00c9S DE LOS SIGLOS. II. \u00c9POCA PREHISP\u00c1NICA"}]},{"@type":"WebSite","@id":"https:\/\/antiqua.mx\/en\/#website","url":"https:\/\/antiqua.mx\/en\/","name":"","description":"","potentialAction":[{"@type":"SearchAction","target":{"@type":"EntryPoint","urlTemplate":"https:\/\/antiqua.mx\/en\/?s={search_term_string}"},"query-input":{"@type":"PropertyValueSpecification","valueRequired":true,"valueName":"search_term_string"}}],"inLanguage":"en-US"}]}},"jetpack_sharing_enabled":true,"_links":{"self":[{"href":"https:\/\/antiqua.mx\/en\/wp-json\/wp\/v2\/product\/4146","targetHints":{"allow":["GET"]}}],"collection":[{"href":"https:\/\/antiqua.mx\/en\/wp-json\/wp\/v2\/product"}],"about":[{"href":"https:\/\/antiqua.mx\/en\/wp-json\/wp\/v2\/types\/product"}],"replies":[{"embeddable":true,"href":"https:\/\/antiqua.mx\/en\/wp-json\/wp\/v2\/comments?post=4146"}],"wp:featuredmedia":[{"embeddable":true,"href":"https:\/\/antiqua.mx\/en\/wp-json\/wp\/v2\/media\/26339"}],"wp:attachment":[{"href":"https:\/\/antiqua.mx\/en\/wp-json\/wp\/v2\/media?parent=4146"}],"wp:term":[{"taxonomy":"product_brand","embeddable":true,"href":"https:\/\/antiqua.mx\/en\/wp-json\/wp\/v2\/product_brand?post=4146"},{"taxonomy":"product_cat","embeddable":true,"href":"https:\/\/antiqua.mx\/en\/wp-json\/wp\/v2\/product_cat?post=4146"},{"taxonomy":"product_tag","embeddable":true,"href":"https:\/\/antiqua.mx\/en\/wp-json\/wp\/v2\/product_tag?post=4146"}],"curies":[{"name":"wp","href":"https:\/\/api.w.org\/{rel}","templated":true}]}}