{"id":4219,"date":"2021-03-18T21:31:11","date_gmt":"2021-03-18T21:31:11","guid":{"rendered":"https:\/\/antiqua.mx\/?post_type=product&#038;p=4219"},"modified":"2025-07-11T21:19:25","modified_gmt":"2025-07-11T21:19:25","slug":"westheim-paul-ideas-fundamentales-del-arte-prehispanico-en-mexico","status":"publish","type":"product","link":"https:\/\/antiqua.mx\/en\/product\/westheim-paul-ideas-fundamentales-del-arte-prehispanico-en-mexico","title":{"rendered":"WESTHEIM PAUL. IDEAS FUNDAMENTALES DEL ARTE PREHISP\u00c1NICO EN M\u00c9XICO"},"content":{"rendered":"<p><strong>Westheim Paul<\/strong><\/p>\n<p>Editorial: Fondo de Cultura Econ\u00f3mica<\/p>\n<p>Primera edici\u00f3n<\/p>\n<p>A\u00f1o 1957<\/p>\n<p>Empastado con camisa, en buenas condiciones. La camisa est\u00e1 maltratada y rota de la parte inferior.<\/p>\n<p>Traducci\u00f3n del original alem\u00e1n por Mariana Frenk.<\/p>\n<p>285 p\u00e1ginas<\/p>","protected":false},"excerpt":{"rendered":"<ul>\n<li>Editorial: Fondo de Cultura Econ\u00f3mica<\/li>\n<li>Primera edici\u00f3n<\/li>\n<li>A\u00f1o 1957<\/li>\n<li>Empastado con camisa, en buenas condiciones. La camisa est\u00e1 maltratada y rota de la parte inferior.<\/li>\n<li>Traducci\u00f3n del original alem\u00e1n por Mariana Frenk.<\/li>\n<li>285 p\u00e1ginas<\/li>\n<\/ul>","protected":false},"featured_media":4231,"comment_status":"open","ping_status":"closed","template":"","meta":{"_joinchat":[]},"product_brand":[],"product_cat":[349,395,350,375,376],"product_tag":[1129],"class_list":{"0":"post-4219","1":"product","2":"type-product","3":"status-publish","6":"product_cat-arte","7":"product_cat-artmex-mex","8":"product_cat-arte-mexicano","9":"product_cat-mex","10":"product_cat-mexpre","11":"product_tag-paul-westheim","13":"first","14":"outofstock","15":"featured","16":"sold-individually","17":"taxable","18":"shipping-taxable","19":"purchasable","20":"product-type-simple"},"yoast_head":"<!-- This site is optimized with the Yoast SEO plugin v26.1.1 - https:\/\/yoast.com\/wordpress\/plugins\/seo\/ -->\n<title>WESTHEIM PAUL. IDEAS FUNDAMENTALES DEL ARTE PREHISP\u00c1NICO EN M\u00c9XICO -<\/title>\n<meta name=\"robots\" content=\"index, follow, max-snippet:-1, max-image-preview:large, max-video-preview:-1\" \/>\n<link rel=\"canonical\" href=\"https:\/\/antiqua.mx\/en\/product\/westheim-paul-ideas-fundamentales-del-arte-prehispanico-en-mexico\/\" \/>\n<meta property=\"og:locale\" content=\"en_US\" \/>\n<meta property=\"og:type\" content=\"article\" \/>\n<meta property=\"og:title\" content=\"WESTHEIM PAUL. IDEAS FUNDAMENTALES DEL ARTE PREHISP\u00c1NICO EN M\u00c9XICO -\" \/>\n<meta property=\"og:description\" content=\"Editorial: Fondo de Cultura Econ\u00f3mica  Primera edici\u00f3n  A\u00f1o 1957  Empastado con camisa, en buenas condiciones. La camisa est\u00e1 maltratada y rota de la parte inferior.  Traducci\u00f3n del original alem\u00e1n por Mariana Frenk.  285 p\u00e1ginas\" \/>\n<meta property=\"og:url\" content=\"https:\/\/antiqua.mx\/en\/product\/westheim-paul-ideas-fundamentales-del-arte-prehispanico-en-mexico\/\" \/>\n<meta property=\"article:modified_time\" content=\"2025-07-11T21:19:25+00:00\" \/>\n<meta property=\"og:image\" content=\"https:\/\/antiqua.mx\/wp-content\/uploads\/2021\/03\/B65B179C-DA2D-4FE6-9686-60F2C37D655C-scaled.jpeg\" \/>\n\t<meta property=\"og:image:width\" content=\"1920\" \/>\n\t<meta property=\"og:image:height\" content=\"2560\" \/>\n\t<meta property=\"og:image:type\" content=\"image\/jpeg\" \/>\n<meta name=\"twitter:card\" content=\"summary_large_image\" \/>\n<script type=\"application\/ld+json\" class=\"yoast-schema-graph\">{\"@context\":\"https:\/\/schema.org\",\"@graph\":[{\"@type\":\"WebPage\",\"@id\":\"https:\/\/antiqua.mx\/producto\/westheim-paul-ideas-fundamentales-del-arte-prehispanico-en-mexico\",\"url\":\"https:\/\/antiqua.mx\/producto\/westheim-paul-ideas-fundamentales-del-arte-prehispanico-en-mexico\",\"name\":\"WESTHEIM PAUL. IDEAS FUNDAMENTALES DEL ARTE PREHISP\u00c1NICO EN M\u00c9XICO -\",\"isPartOf\":{\"@id\":\"https:\/\/antiqua.mx\/en\/#website\"},\"primaryImageOfPage\":{\"@id\":\"https:\/\/antiqua.mx\/producto\/westheim-paul-ideas-fundamentales-del-arte-prehispanico-en-mexico#primaryimage\"},\"image\":{\"@id\":\"https:\/\/antiqua.mx\/producto\/westheim-paul-ideas-fundamentales-del-arte-prehispanico-en-mexico#primaryimage\"},\"thumbnailUrl\":\"https:\/\/antiqua.mx\/wp-content\/uploads\/2021\/03\/B65B179C-DA2D-4FE6-9686-60F2C37D655C-scaled.jpeg\",\"datePublished\":\"2021-03-18T21:31:11+00:00\",\"dateModified\":\"2025-07-11T21:19:25+00:00\",\"breadcrumb\":{\"@id\":\"https:\/\/antiqua.mx\/producto\/westheim-paul-ideas-fundamentales-del-arte-prehispanico-en-mexico#breadcrumb\"},\"inLanguage\":\"en-US\",\"potentialAction\":[{\"@type\":\"ReadAction\",\"target\":[\"https:\/\/antiqua.mx\/producto\/westheim-paul-ideas-fundamentales-del-arte-prehispanico-en-mexico\"]}]},{\"@type\":\"ImageObject\",\"inLanguage\":\"en-US\",\"@id\":\"https:\/\/antiqua.mx\/producto\/westheim-paul-ideas-fundamentales-del-arte-prehispanico-en-mexico#primaryimage\",\"url\":\"https:\/\/antiqua.mx\/wp-content\/uploads\/2021\/03\/B65B179C-DA2D-4FE6-9686-60F2C37D655C-scaled.jpeg\",\"contentUrl\":\"https:\/\/antiqua.mx\/wp-content\/uploads\/2021\/03\/B65B179C-DA2D-4FE6-9686-60F2C37D655C-scaled.jpeg\",\"width\":1920,\"height\":2560},{\"@type\":\"BreadcrumbList\",\"@id\":\"https:\/\/antiqua.mx\/producto\/westheim-paul-ideas-fundamentales-del-arte-prehispanico-en-mexico#breadcrumb\",\"itemListElement\":[{\"@type\":\"ListItem\",\"position\":1,\"name\":\"Portada\",\"item\":\"https:\/\/antiqua.mx\/en\/\"},{\"@type\":\"ListItem\",\"position\":2,\"name\":\"Tienda\",\"item\":\"https:\/\/antiqua.mx\/en\/tienda\"},{\"@type\":\"ListItem\",\"position\":3,\"name\":\"WESTHEIM PAUL. IDEAS FUNDAMENTALES DEL ARTE PREHISP\u00c1NICO EN M\u00c9XICO\"}]},{\"@type\":\"WebSite\",\"@id\":\"https:\/\/antiqua.mx\/en\/#website\",\"url\":\"https:\/\/antiqua.mx\/en\/\",\"name\":\"\",\"description\":\"\",\"potentialAction\":[{\"@type\":\"SearchAction\",\"target\":{\"@type\":\"EntryPoint\",\"urlTemplate\":\"https:\/\/antiqua.mx\/en\/?s={search_term_string}\"},\"query-input\":{\"@type\":\"PropertyValueSpecification\",\"valueRequired\":true,\"valueName\":\"search_term_string\"}}],\"inLanguage\":\"en-US\"}]}<\/script>\n<!-- \/ Yoast SEO plugin. -->","yoast_head_json":{"title":"WESTHEIM PAUL. IDEAS FUNDAMENTALES DEL ARTE PREHISP\u00c1NICO EN M\u00c9XICO -","robots":{"index":"index","follow":"follow","max-snippet":"max-snippet:-1","max-image-preview":"max-image-preview:large","max-video-preview":"max-video-preview:-1"},"canonical":"https:\/\/antiqua.mx\/en\/product\/westheim-paul-ideas-fundamentales-del-arte-prehispanico-en-mexico\/","og_locale":"en_US","og_type":"article","og_title":"WESTHEIM PAUL. IDEAS FUNDAMENTALES DEL ARTE PREHISP\u00c1NICO EN M\u00c9XICO -","og_description":"Editorial: Fondo de Cultura Econ\u00f3mica  Primera edici\u00f3n  A\u00f1o 1957  Empastado con camisa, en buenas condiciones. La camisa est\u00e1 maltratada y rota de la parte inferior.  Traducci\u00f3n del original alem\u00e1n por Mariana Frenk.  285 p\u00e1ginas","og_url":"https:\/\/antiqua.mx\/en\/product\/westheim-paul-ideas-fundamentales-del-arte-prehispanico-en-mexico\/","article_modified_time":"2025-07-11T21:19:25+00:00","og_image":[{"width":1920,"height":2560,"url":"https:\/\/antiqua.mx\/wp-content\/uploads\/2021\/03\/B65B179C-DA2D-4FE6-9686-60F2C37D655C-scaled.jpeg","type":"image\/jpeg"}],"twitter_card":"summary_large_image","schema":{"@context":"https:\/\/schema.org","@graph":[{"@type":"WebPage","@id":"https:\/\/antiqua.mx\/producto\/westheim-paul-ideas-fundamentales-del-arte-prehispanico-en-mexico","url":"https:\/\/antiqua.mx\/producto\/westheim-paul-ideas-fundamentales-del-arte-prehispanico-en-mexico","name":"WESTHEIM PAUL. IDEAS FUNDAMENTALES DEL ARTE PREHISP\u00c1NICO EN M\u00c9XICO -","isPartOf":{"@id":"https:\/\/antiqua.mx\/en\/#website"},"primaryImageOfPage":{"@id":"https:\/\/antiqua.mx\/producto\/westheim-paul-ideas-fundamentales-del-arte-prehispanico-en-mexico#primaryimage"},"image":{"@id":"https:\/\/antiqua.mx\/producto\/westheim-paul-ideas-fundamentales-del-arte-prehispanico-en-mexico#primaryimage"},"thumbnailUrl":"https:\/\/antiqua.mx\/wp-content\/uploads\/2021\/03\/B65B179C-DA2D-4FE6-9686-60F2C37D655C-scaled.jpeg","datePublished":"2021-03-18T21:31:11+00:00","dateModified":"2025-07-11T21:19:25+00:00","breadcrumb":{"@id":"https:\/\/antiqua.mx\/producto\/westheim-paul-ideas-fundamentales-del-arte-prehispanico-en-mexico#breadcrumb"},"inLanguage":"en-US","potentialAction":[{"@type":"ReadAction","target":["https:\/\/antiqua.mx\/producto\/westheim-paul-ideas-fundamentales-del-arte-prehispanico-en-mexico"]}]},{"@type":"ImageObject","inLanguage":"en-US","@id":"https:\/\/antiqua.mx\/producto\/westheim-paul-ideas-fundamentales-del-arte-prehispanico-en-mexico#primaryimage","url":"https:\/\/antiqua.mx\/wp-content\/uploads\/2021\/03\/B65B179C-DA2D-4FE6-9686-60F2C37D655C-scaled.jpeg","contentUrl":"https:\/\/antiqua.mx\/wp-content\/uploads\/2021\/03\/B65B179C-DA2D-4FE6-9686-60F2C37D655C-scaled.jpeg","width":1920,"height":2560},{"@type":"BreadcrumbList","@id":"https:\/\/antiqua.mx\/producto\/westheim-paul-ideas-fundamentales-del-arte-prehispanico-en-mexico#breadcrumb","itemListElement":[{"@type":"ListItem","position":1,"name":"Portada","item":"https:\/\/antiqua.mx\/en\/"},{"@type":"ListItem","position":2,"name":"Tienda","item":"https:\/\/antiqua.mx\/en\/tienda"},{"@type":"ListItem","position":3,"name":"WESTHEIM PAUL. IDEAS FUNDAMENTALES DEL ARTE PREHISP\u00c1NICO EN M\u00c9XICO"}]},{"@type":"WebSite","@id":"https:\/\/antiqua.mx\/en\/#website","url":"https:\/\/antiqua.mx\/en\/","name":"","description":"","potentialAction":[{"@type":"SearchAction","target":{"@type":"EntryPoint","urlTemplate":"https:\/\/antiqua.mx\/en\/?s={search_term_string}"},"query-input":{"@type":"PropertyValueSpecification","valueRequired":true,"valueName":"search_term_string"}}],"inLanguage":"en-US"}]}},"jetpack_sharing_enabled":true,"_links":{"self":[{"href":"https:\/\/antiqua.mx\/en\/wp-json\/wp\/v2\/product\/4219","targetHints":{"allow":["GET"]}}],"collection":[{"href":"https:\/\/antiqua.mx\/en\/wp-json\/wp\/v2\/product"}],"about":[{"href":"https:\/\/antiqua.mx\/en\/wp-json\/wp\/v2\/types\/product"}],"replies":[{"embeddable":true,"href":"https:\/\/antiqua.mx\/en\/wp-json\/wp\/v2\/comments?post=4219"}],"wp:featuredmedia":[{"embeddable":true,"href":"https:\/\/antiqua.mx\/en\/wp-json\/wp\/v2\/media\/4231"}],"wp:attachment":[{"href":"https:\/\/antiqua.mx\/en\/wp-json\/wp\/v2\/media?parent=4219"}],"wp:term":[{"taxonomy":"product_brand","embeddable":true,"href":"https:\/\/antiqua.mx\/en\/wp-json\/wp\/v2\/product_brand?post=4219"},{"taxonomy":"product_cat","embeddable":true,"href":"https:\/\/antiqua.mx\/en\/wp-json\/wp\/v2\/product_cat?post=4219"},{"taxonomy":"product_tag","embeddable":true,"href":"https:\/\/antiqua.mx\/en\/wp-json\/wp\/v2\/product_tag?post=4219"}],"curies":[{"name":"wp","href":"https:\/\/api.w.org\/{rel}","templated":true}]}}