{"id":4417,"date":"2021-04-04T00:36:31","date_gmt":"2021-04-04T00:36:31","guid":{"rendered":"https:\/\/antiqua.mx\/?post_type=product&#038;p=4417"},"modified":"2026-03-29T00:22:40","modified_gmt":"2026-03-29T00:22:40","slug":"abreu-gomez-ermilo-quetzalcoatl-sueno-y-vigilia","status":"publish","type":"product","link":"https:\/\/antiqua.mx\/en\/product\/abreu-gomez-ermilo-quetzalcoatl-sueno-y-vigilia","title":{"rendered":"ABREU G\u00d3MEZ ERMILO. QUETZALC\u00d3ATL SUE\u00d1O Y VIGILIA"},"content":{"rendered":"<p><strong>Abreu G\u00f3mez Ermilo<\/strong><\/p>\n<p>Editorial: Antigua Librer\u00eda Robredo<\/p>\n<p>Segunda edici\u00f3n<\/p>\n<p>A\u00f1o 1947<\/p>\n<p>R\u00fastico, en buenas condiciones. El empastado est\u00e1 manchado.<\/p>\n<p>Dibujos de Jes\u00fas Guerrero Galv\u00e1n.<\/p>\n<p>Tiraje de 1800 ejemplares numerados y firmados por el autor.<\/p>\n<p>Ejemplar No. 83<\/p>\n<p>Impreso en M\u00e9xico.<\/p>\n<p>175 p\u00e1ginas<\/p>\n<p>&nbsp;<\/p>","protected":false},"excerpt":{"rendered":"<ul>\n<li>Editorial: Antigua Librer\u00eda Robredo<\/li>\n<li>Segunda edici\u00f3n<\/li>\n<li>A\u00f1o 1947<\/li>\n<li>R\u00fastico, en buenas condiciones. El empastado est\u00e1 manchado.<\/li>\n<li>Dibujos de Jes\u00fas Guerrero Galv\u00e1n.<\/li>\n<li>Tiraje de 1800 ejemplares numerados y firmados por el autor.<\/li>\n<li>Ejemplar No. 83<\/li>\n<li>Impreso en M\u00e9xico.<\/li>\n<li>175 p\u00e1ginas<\/li>\n<\/ul>","protected":false},"featured_media":26592,"comment_status":"open","ping_status":"closed","template":"","meta":{"_joinchat":[]},"product_brand":[],"product_cat":[349,350,343,2593,335,336,375,376,943,451],"product_tag":[1247,1248,1246,843,576,1233],"class_list":{"0":"post-4417","1":"product","2":"type-product","3":"status-publish","6":"product_cat-arte","7":"product_cat-arte-mexicano","8":"product_cat-ensayo","9":"product_cat-dedi","10":"product_cat-literatura","11":"product_cat-litmexicana","12":"product_cat-mex","13":"product_cat-mexpre","14":"product_cat-obra-plastica-mex","15":"product_cat-otros","16":"product_tag-chimalma","17":"product_tag-ermilo-abreu-gomez","18":"product_tag-jesus-guerrero-galvan","19":"product_tag-nahuas","20":"product_tag-quetzalcoatl","21":"product_tag-toltecas","23":"first","24":"instock","25":"featured","26":"sold-individually","27":"taxable","28":"shipping-taxable","29":"purchasable","30":"product-type-simple"},"yoast_head":"<!-- This site is optimized with the Yoast SEO plugin v26.1.1 - https:\/\/yoast.com\/wordpress\/plugins\/seo\/ -->\n<title>ABREU G\u00d3MEZ ERMILO. QUETZALC\u00d3ATL SUE\u00d1O Y VIGILIA -<\/title>\n<meta name=\"robots\" content=\"index, follow, max-snippet:-1, max-image-preview:large, max-video-preview:-1\" \/>\n<link rel=\"canonical\" href=\"https:\/\/antiqua.mx\/en\/product\/abreu-gomez-ermilo-quetzalcoatl-sueno-y-vigilia\/\" \/>\n<meta property=\"og:locale\" content=\"en_US\" \/>\n<meta property=\"og:type\" content=\"article\" \/>\n<meta property=\"og:title\" content=\"ABREU G\u00d3MEZ ERMILO. QUETZALC\u00d3ATL SUE\u00d1O Y VIGILIA -\" \/>\n<meta property=\"og:description\" content=\"Editorial: Antigua Librer\u00eda Robredo  Segunda edici\u00f3n  A\u00f1o 1947  R\u00fastico, en buenas condiciones. El empastado est\u00e1 manchado.  Dibujos de Jes\u00fas Guerrero Galv\u00e1n.  Tiraje de 1800 ejemplares numerados y firmados por el autor.  Ejemplar No. 83  Impreso en M\u00e9xico.  175 p\u00e1ginas\" \/>\n<meta property=\"og:url\" content=\"https:\/\/antiqua.mx\/en\/product\/abreu-gomez-ermilo-quetzalcoatl-sueno-y-vigilia\/\" \/>\n<meta property=\"article:modified_time\" content=\"2026-03-29T00:22:40+00:00\" \/>\n<meta property=\"og:image\" content=\"https:\/\/antiqua.mx\/wp-content\/uploads\/2021\/04\/ABREU-GOMEZ-ERMILO.-QUETZALCOATL-SUENO-Y-VIGILIA.jpeg\" \/>\n\t<meta property=\"og:image:width\" content=\"1920\" \/>\n\t<meta property=\"og:image:height\" content=\"2560\" \/>\n\t<meta property=\"og:image:type\" content=\"image\/jpeg\" \/>\n<meta name=\"twitter:card\" content=\"summary_large_image\" \/>\n<meta name=\"twitter:label1\" content=\"Est. reading time\" \/>\n\t<meta name=\"twitter:data1\" content=\"1 minute\" \/>\n<script type=\"application\/ld+json\" class=\"yoast-schema-graph\">{\"@context\":\"https:\/\/schema.org\",\"@graph\":[{\"@type\":\"WebPage\",\"@id\":\"https:\/\/antiqua.mx\/producto\/abreu-gomez-ermilo-quetzalcoatl-sueno-y-vigilia\",\"url\":\"https:\/\/antiqua.mx\/producto\/abreu-gomez-ermilo-quetzalcoatl-sueno-y-vigilia\",\"name\":\"ABREU G\u00d3MEZ ERMILO. QUETZALC\u00d3ATL SUE\u00d1O Y VIGILIA -\",\"isPartOf\":{\"@id\":\"https:\/\/antiqua.mx\/en\/#website\"},\"primaryImageOfPage\":{\"@id\":\"https:\/\/antiqua.mx\/producto\/abreu-gomez-ermilo-quetzalcoatl-sueno-y-vigilia#primaryimage\"},\"image\":{\"@id\":\"https:\/\/antiqua.mx\/producto\/abreu-gomez-ermilo-quetzalcoatl-sueno-y-vigilia#primaryimage\"},\"thumbnailUrl\":\"https:\/\/antiqua.mx\/wp-content\/uploads\/2021\/04\/ABREU-GOMEZ-ERMILO.-QUETZALCOATL-SUENO-Y-VIGILIA.jpeg\",\"datePublished\":\"2021-04-04T00:36:31+00:00\",\"dateModified\":\"2026-03-29T00:22:40+00:00\",\"breadcrumb\":{\"@id\":\"https:\/\/antiqua.mx\/producto\/abreu-gomez-ermilo-quetzalcoatl-sueno-y-vigilia#breadcrumb\"},\"inLanguage\":\"en-US\",\"potentialAction\":[{\"@type\":\"ReadAction\",\"target\":[\"https:\/\/antiqua.mx\/producto\/abreu-gomez-ermilo-quetzalcoatl-sueno-y-vigilia\"]}]},{\"@type\":\"ImageObject\",\"inLanguage\":\"en-US\",\"@id\":\"https:\/\/antiqua.mx\/producto\/abreu-gomez-ermilo-quetzalcoatl-sueno-y-vigilia#primaryimage\",\"url\":\"https:\/\/antiqua.mx\/wp-content\/uploads\/2021\/04\/ABREU-GOMEZ-ERMILO.-QUETZALCOATL-SUENO-Y-VIGILIA.jpeg\",\"contentUrl\":\"https:\/\/antiqua.mx\/wp-content\/uploads\/2021\/04\/ABREU-GOMEZ-ERMILO.-QUETZALCOATL-SUENO-Y-VIGILIA.jpeg\",\"width\":1920,\"height\":2560},{\"@type\":\"BreadcrumbList\",\"@id\":\"https:\/\/antiqua.mx\/producto\/abreu-gomez-ermilo-quetzalcoatl-sueno-y-vigilia#breadcrumb\",\"itemListElement\":[{\"@type\":\"ListItem\",\"position\":1,\"name\":\"Portada\",\"item\":\"https:\/\/antiqua.mx\/en\/\"},{\"@type\":\"ListItem\",\"position\":2,\"name\":\"Tienda\",\"item\":\"https:\/\/antiqua.mx\/en\/tienda\"},{\"@type\":\"ListItem\",\"position\":3,\"name\":\"ABREU G\u00d3MEZ ERMILO. QUETZALC\u00d3ATL SUE\u00d1O Y VIGILIA\"}]},{\"@type\":\"WebSite\",\"@id\":\"https:\/\/antiqua.mx\/en\/#website\",\"url\":\"https:\/\/antiqua.mx\/en\/\",\"name\":\"\",\"description\":\"\",\"potentialAction\":[{\"@type\":\"SearchAction\",\"target\":{\"@type\":\"EntryPoint\",\"urlTemplate\":\"https:\/\/antiqua.mx\/en\/?s={search_term_string}\"},\"query-input\":{\"@type\":\"PropertyValueSpecification\",\"valueRequired\":true,\"valueName\":\"search_term_string\"}}],\"inLanguage\":\"en-US\"}]}<\/script>\n<!-- \/ Yoast SEO plugin. -->","yoast_head_json":{"title":"ABREU G\u00d3MEZ ERMILO. QUETZALC\u00d3ATL SUE\u00d1O Y VIGILIA -","robots":{"index":"index","follow":"follow","max-snippet":"max-snippet:-1","max-image-preview":"max-image-preview:large","max-video-preview":"max-video-preview:-1"},"canonical":"https:\/\/antiqua.mx\/en\/product\/abreu-gomez-ermilo-quetzalcoatl-sueno-y-vigilia\/","og_locale":"en_US","og_type":"article","og_title":"ABREU G\u00d3MEZ ERMILO. QUETZALC\u00d3ATL SUE\u00d1O Y VIGILIA -","og_description":"Editorial: Antigua Librer\u00eda Robredo  Segunda edici\u00f3n  A\u00f1o 1947  R\u00fastico, en buenas condiciones. El empastado est\u00e1 manchado.  Dibujos de Jes\u00fas Guerrero Galv\u00e1n.  Tiraje de 1800 ejemplares numerados y firmados por el autor.  Ejemplar No. 83  Impreso en M\u00e9xico.  175 p\u00e1ginas","og_url":"https:\/\/antiqua.mx\/en\/product\/abreu-gomez-ermilo-quetzalcoatl-sueno-y-vigilia\/","article_modified_time":"2026-03-29T00:22:40+00:00","og_image":[{"width":1920,"height":2560,"url":"https:\/\/antiqua.mx\/wp-content\/uploads\/2021\/04\/ABREU-GOMEZ-ERMILO.-QUETZALCOATL-SUENO-Y-VIGILIA.jpeg","type":"image\/jpeg"}],"twitter_card":"summary_large_image","twitter_misc":{"Est. reading time":"1 minute"},"schema":{"@context":"https:\/\/schema.org","@graph":[{"@type":"WebPage","@id":"https:\/\/antiqua.mx\/producto\/abreu-gomez-ermilo-quetzalcoatl-sueno-y-vigilia","url":"https:\/\/antiqua.mx\/producto\/abreu-gomez-ermilo-quetzalcoatl-sueno-y-vigilia","name":"ABREU G\u00d3MEZ ERMILO. QUETZALC\u00d3ATL SUE\u00d1O Y VIGILIA -","isPartOf":{"@id":"https:\/\/antiqua.mx\/en\/#website"},"primaryImageOfPage":{"@id":"https:\/\/antiqua.mx\/producto\/abreu-gomez-ermilo-quetzalcoatl-sueno-y-vigilia#primaryimage"},"image":{"@id":"https:\/\/antiqua.mx\/producto\/abreu-gomez-ermilo-quetzalcoatl-sueno-y-vigilia#primaryimage"},"thumbnailUrl":"https:\/\/antiqua.mx\/wp-content\/uploads\/2021\/04\/ABREU-GOMEZ-ERMILO.-QUETZALCOATL-SUENO-Y-VIGILIA.jpeg","datePublished":"2021-04-04T00:36:31+00:00","dateModified":"2026-03-29T00:22:40+00:00","breadcrumb":{"@id":"https:\/\/antiqua.mx\/producto\/abreu-gomez-ermilo-quetzalcoatl-sueno-y-vigilia#breadcrumb"},"inLanguage":"en-US","potentialAction":[{"@type":"ReadAction","target":["https:\/\/antiqua.mx\/producto\/abreu-gomez-ermilo-quetzalcoatl-sueno-y-vigilia"]}]},{"@type":"ImageObject","inLanguage":"en-US","@id":"https:\/\/antiqua.mx\/producto\/abreu-gomez-ermilo-quetzalcoatl-sueno-y-vigilia#primaryimage","url":"https:\/\/antiqua.mx\/wp-content\/uploads\/2021\/04\/ABREU-GOMEZ-ERMILO.-QUETZALCOATL-SUENO-Y-VIGILIA.jpeg","contentUrl":"https:\/\/antiqua.mx\/wp-content\/uploads\/2021\/04\/ABREU-GOMEZ-ERMILO.-QUETZALCOATL-SUENO-Y-VIGILIA.jpeg","width":1920,"height":2560},{"@type":"BreadcrumbList","@id":"https:\/\/antiqua.mx\/producto\/abreu-gomez-ermilo-quetzalcoatl-sueno-y-vigilia#breadcrumb","itemListElement":[{"@type":"ListItem","position":1,"name":"Portada","item":"https:\/\/antiqua.mx\/en\/"},{"@type":"ListItem","position":2,"name":"Tienda","item":"https:\/\/antiqua.mx\/en\/tienda"},{"@type":"ListItem","position":3,"name":"ABREU G\u00d3MEZ ERMILO. QUETZALC\u00d3ATL SUE\u00d1O Y VIGILIA"}]},{"@type":"WebSite","@id":"https:\/\/antiqua.mx\/en\/#website","url":"https:\/\/antiqua.mx\/en\/","name":"","description":"","potentialAction":[{"@type":"SearchAction","target":{"@type":"EntryPoint","urlTemplate":"https:\/\/antiqua.mx\/en\/?s={search_term_string}"},"query-input":{"@type":"PropertyValueSpecification","valueRequired":true,"valueName":"search_term_string"}}],"inLanguage":"en-US"}]}},"jetpack_sharing_enabled":true,"_links":{"self":[{"href":"https:\/\/antiqua.mx\/en\/wp-json\/wp\/v2\/product\/4417","targetHints":{"allow":["GET"]}}],"collection":[{"href":"https:\/\/antiqua.mx\/en\/wp-json\/wp\/v2\/product"}],"about":[{"href":"https:\/\/antiqua.mx\/en\/wp-json\/wp\/v2\/types\/product"}],"replies":[{"embeddable":true,"href":"https:\/\/antiqua.mx\/en\/wp-json\/wp\/v2\/comments?post=4417"}],"wp:featuredmedia":[{"embeddable":true,"href":"https:\/\/antiqua.mx\/en\/wp-json\/wp\/v2\/media\/26592"}],"wp:attachment":[{"href":"https:\/\/antiqua.mx\/en\/wp-json\/wp\/v2\/media?parent=4417"}],"wp:term":[{"taxonomy":"product_brand","embeddable":true,"href":"https:\/\/antiqua.mx\/en\/wp-json\/wp\/v2\/product_brand?post=4417"},{"taxonomy":"product_cat","embeddable":true,"href":"https:\/\/antiqua.mx\/en\/wp-json\/wp\/v2\/product_cat?post=4417"},{"taxonomy":"product_tag","embeddable":true,"href":"https:\/\/antiqua.mx\/en\/wp-json\/wp\/v2\/product_tag?post=4417"}],"curies":[{"name":"wp","href":"https:\/\/api.w.org\/{rel}","templated":true}]}}