{"id":4826,"date":"2021-04-24T00:28:53","date_gmt":"2021-04-24T00:28:53","guid":{"rendered":"https:\/\/antiqua.mx\/?post_type=product&#038;p=4826"},"modified":"2025-06-07T23:07:39","modified_gmt":"2025-06-07T23:07:39","slug":"palavicini-felix-mi-vida-revolucionaria","status":"publish","type":"product","link":"https:\/\/antiqua.mx\/en\/product\/palavicini-felix-mi-vida-revolucionaria","title":{"rendered":"PALAVICINI F\u00c9LIX. MI VIDA REVOLUCIONARIA"},"content":{"rendered":"<p><strong>Palavicini F\u00e9lix<\/strong><\/p>\n<p>Editorial: Ediciones BOTAS<\/p>\n<p>Primera edici\u00f3n<\/p>\n<p>A\u00f1o 1937<\/p>\n<p>R\u00fastico, en buenas condiciones. El empastado est\u00e1 maltratado y la orilla superior de la portada presenta un doblez.<\/p>\n<p class=\"p1\">La obra tiene sellos del\u00a0 &#8220;ASPIRANTADO JUAN PONCE DE LE\u00d3N BIBLIOTECA: DR. CARLOS FUENTES GUTI\u00c9RREZ 10 PONIENTE No. 1711, PUEBLA, PUE.&#8221;<\/p>\n<p>Impreso en M\u00e9xico.<\/p>\n<p>558 p\u00e1ginas<\/p>","protected":false},"excerpt":{"rendered":"<ul>\n<li>Editorial: Ediciones BOTAS<\/li>\n<li>Primera edici\u00f3n<\/li>\n<li>A\u00f1o 1937<\/li>\n<li>R\u00fastico, en buenas condiciones. El empastado est\u00e1 maltratado y la orilla superior de la portada presenta un doblez.<\/li>\n<li class=\"p1\">La obra tiene sellos del\u00a0 &#8220;ASPIRANTADO JUAN PONCE DE LE\u00d3N BIBLIOTECA: DR. CARLOS FUENTES GUTI\u00c9RREZ 10 PONIENTE No. 1711, PUEBLA, PUE.&#8221;<\/li>\n<li>Impreso en M\u00e9xico.<\/li>\n<li>558 p\u00e1ginas<\/li>\n<\/ul>","protected":false},"featured_media":5248,"comment_status":"open","ping_status":"closed","template":"","meta":{"_joinchat":[]},"product_brand":[],"product_cat":[390,375,381],"product_tag":[1301],"class_list":{"0":"post-4826","1":"product","2":"type-product","3":"status-publish","6":"product_cat-biogpermex","7":"product_cat-mex","8":"product_cat-revmex","9":"product_tag-felix-palavicini","11":"first","12":"instock","13":"featured","14":"sold-individually","15":"taxable","16":"shipping-taxable","17":"purchasable","18":"product-type-simple"},"yoast_head":"<!-- This site is optimized with the Yoast SEO plugin v26.1.1 - https:\/\/yoast.com\/wordpress\/plugins\/seo\/ -->\n<title>PALAVICINI F\u00c9LIX. MI VIDA REVOLUCIONARIA -<\/title>\n<meta name=\"robots\" content=\"index, follow, max-snippet:-1, max-image-preview:large, max-video-preview:-1\" \/>\n<link rel=\"canonical\" href=\"https:\/\/antiqua.mx\/en\/product\/palavicini-felix-mi-vida-revolucionaria\" \/>\n<meta property=\"og:locale\" content=\"en_US\" \/>\n<meta property=\"og:type\" content=\"article\" \/>\n<meta property=\"og:title\" content=\"PALAVICINI F\u00c9LIX. MI VIDA REVOLUCIONARIA -\" \/>\n<meta property=\"og:description\" content=\"Editorial: Ediciones BOTAS  Primera edici\u00f3n  A\u00f1o 1937  R\u00fastico, en buenas condiciones. El empastado est\u00e1 maltratado y la orilla superior de la portada presenta un doblez.  La obra tiene sellos del\u00a0 &quot;ASPIRANTADO JUAN PONCE DE LE\u00d3N BIBLIOTECA: DR. CARLOS FUENTES GUTI\u00c9RREZ 10 PONIENTE No. 1711, PUEBLA, PUE.&quot;  Impreso en M\u00e9xico.  558 p\u00e1ginas\" \/>\n<meta property=\"og:url\" content=\"https:\/\/antiqua.mx\/en\/product\/palavicini-felix-mi-vida-revolucionaria\" \/>\n<meta property=\"article:modified_time\" content=\"2025-06-07T23:07:39+00:00\" \/>\n<meta property=\"og:image\" content=\"https:\/\/antiqua.mx\/wp-content\/uploads\/2021\/05\/273D3F8A-11F8-4AA9-A386-23491B90CF42-scaled.jpeg\" \/>\n\t<meta property=\"og:image:width\" content=\"1920\" \/>\n\t<meta property=\"og:image:height\" content=\"2560\" \/>\n\t<meta property=\"og:image:type\" content=\"image\/jpeg\" \/>\n<meta name=\"twitter:card\" content=\"summary_large_image\" \/>\n<script type=\"application\/ld+json\" class=\"yoast-schema-graph\">{\"@context\":\"https:\/\/schema.org\",\"@graph\":[{\"@type\":\"WebPage\",\"@id\":\"https:\/\/antiqua.mx\/en\/product\/palavicini-felix-mi-vida-revolucionaria\",\"url\":\"https:\/\/antiqua.mx\/en\/product\/palavicini-felix-mi-vida-revolucionaria\",\"name\":\"PALAVICINI F\u00c9LIX. MI VIDA REVOLUCIONARIA -\",\"isPartOf\":{\"@id\":\"https:\/\/antiqua.mx\/en\/#website\"},\"primaryImageOfPage\":{\"@id\":\"https:\/\/antiqua.mx\/en\/product\/palavicini-felix-mi-vida-revolucionaria#primaryimage\"},\"image\":{\"@id\":\"https:\/\/antiqua.mx\/en\/product\/palavicini-felix-mi-vida-revolucionaria#primaryimage\"},\"thumbnailUrl\":\"https:\/\/antiqua.mx\/wp-content\/uploads\/2021\/05\/273D3F8A-11F8-4AA9-A386-23491B90CF42-scaled.jpeg\",\"datePublished\":\"2021-04-24T00:28:53+00:00\",\"dateModified\":\"2025-06-07T23:07:39+00:00\",\"breadcrumb\":{\"@id\":\"https:\/\/antiqua.mx\/en\/product\/palavicini-felix-mi-vida-revolucionaria#breadcrumb\"},\"inLanguage\":\"en-US\",\"potentialAction\":[{\"@type\":\"ReadAction\",\"target\":[\"https:\/\/antiqua.mx\/en\/product\/palavicini-felix-mi-vida-revolucionaria\"]}]},{\"@type\":\"ImageObject\",\"inLanguage\":\"en-US\",\"@id\":\"https:\/\/antiqua.mx\/en\/product\/palavicini-felix-mi-vida-revolucionaria#primaryimage\",\"url\":\"https:\/\/antiqua.mx\/wp-content\/uploads\/2021\/05\/273D3F8A-11F8-4AA9-A386-23491B90CF42-scaled.jpeg\",\"contentUrl\":\"https:\/\/antiqua.mx\/wp-content\/uploads\/2021\/05\/273D3F8A-11F8-4AA9-A386-23491B90CF42-scaled.jpeg\",\"width\":1920,\"height\":2560},{\"@type\":\"BreadcrumbList\",\"@id\":\"https:\/\/antiqua.mx\/en\/product\/palavicini-felix-mi-vida-revolucionaria#breadcrumb\",\"itemListElement\":[{\"@type\":\"ListItem\",\"position\":1,\"name\":\"Portada\",\"item\":\"https:\/\/antiqua.mx\/en\/\"},{\"@type\":\"ListItem\",\"position\":2,\"name\":\"Tienda\",\"item\":\"https:\/\/antiqua.mx\/en\/tienda\"},{\"@type\":\"ListItem\",\"position\":3,\"name\":\"PALAVICINI F\u00c9LIX. MI VIDA REVOLUCIONARIA\"}]},{\"@type\":\"WebSite\",\"@id\":\"https:\/\/antiqua.mx\/en\/#website\",\"url\":\"https:\/\/antiqua.mx\/en\/\",\"name\":\"\",\"description\":\"\",\"potentialAction\":[{\"@type\":\"SearchAction\",\"target\":{\"@type\":\"EntryPoint\",\"urlTemplate\":\"https:\/\/antiqua.mx\/en\/?s={search_term_string}\"},\"query-input\":{\"@type\":\"PropertyValueSpecification\",\"valueRequired\":true,\"valueName\":\"search_term_string\"}}],\"inLanguage\":\"en-US\"}]}<\/script>\n<!-- \/ Yoast SEO plugin. -->","yoast_head_json":{"title":"PALAVICINI F\u00c9LIX. MI VIDA REVOLUCIONARIA -","robots":{"index":"index","follow":"follow","max-snippet":"max-snippet:-1","max-image-preview":"max-image-preview:large","max-video-preview":"max-video-preview:-1"},"canonical":"https:\/\/antiqua.mx\/en\/product\/palavicini-felix-mi-vida-revolucionaria","og_locale":"en_US","og_type":"article","og_title":"PALAVICINI F\u00c9LIX. MI VIDA REVOLUCIONARIA -","og_description":"Editorial: Ediciones BOTAS  Primera edici\u00f3n  A\u00f1o 1937  R\u00fastico, en buenas condiciones. El empastado est\u00e1 maltratado y la orilla superior de la portada presenta un doblez.  La obra tiene sellos del\u00a0 \"ASPIRANTADO JUAN PONCE DE LE\u00d3N BIBLIOTECA: DR. CARLOS FUENTES GUTI\u00c9RREZ 10 PONIENTE No. 1711, PUEBLA, PUE.\"  Impreso en M\u00e9xico.  558 p\u00e1ginas","og_url":"https:\/\/antiqua.mx\/en\/product\/palavicini-felix-mi-vida-revolucionaria","article_modified_time":"2025-06-07T23:07:39+00:00","og_image":[{"width":1920,"height":2560,"url":"https:\/\/antiqua.mx\/wp-content\/uploads\/2021\/05\/273D3F8A-11F8-4AA9-A386-23491B90CF42-scaled.jpeg","type":"image\/jpeg"}],"twitter_card":"summary_large_image","schema":{"@context":"https:\/\/schema.org","@graph":[{"@type":"WebPage","@id":"https:\/\/antiqua.mx\/en\/product\/palavicini-felix-mi-vida-revolucionaria","url":"https:\/\/antiqua.mx\/en\/product\/palavicini-felix-mi-vida-revolucionaria","name":"PALAVICINI F\u00c9LIX. MI VIDA REVOLUCIONARIA -","isPartOf":{"@id":"https:\/\/antiqua.mx\/en\/#website"},"primaryImageOfPage":{"@id":"https:\/\/antiqua.mx\/en\/product\/palavicini-felix-mi-vida-revolucionaria#primaryimage"},"image":{"@id":"https:\/\/antiqua.mx\/en\/product\/palavicini-felix-mi-vida-revolucionaria#primaryimage"},"thumbnailUrl":"https:\/\/antiqua.mx\/wp-content\/uploads\/2021\/05\/273D3F8A-11F8-4AA9-A386-23491B90CF42-scaled.jpeg","datePublished":"2021-04-24T00:28:53+00:00","dateModified":"2025-06-07T23:07:39+00:00","breadcrumb":{"@id":"https:\/\/antiqua.mx\/en\/product\/palavicini-felix-mi-vida-revolucionaria#breadcrumb"},"inLanguage":"en-US","potentialAction":[{"@type":"ReadAction","target":["https:\/\/antiqua.mx\/en\/product\/palavicini-felix-mi-vida-revolucionaria"]}]},{"@type":"ImageObject","inLanguage":"en-US","@id":"https:\/\/antiqua.mx\/en\/product\/palavicini-felix-mi-vida-revolucionaria#primaryimage","url":"https:\/\/antiqua.mx\/wp-content\/uploads\/2021\/05\/273D3F8A-11F8-4AA9-A386-23491B90CF42-scaled.jpeg","contentUrl":"https:\/\/antiqua.mx\/wp-content\/uploads\/2021\/05\/273D3F8A-11F8-4AA9-A386-23491B90CF42-scaled.jpeg","width":1920,"height":2560},{"@type":"BreadcrumbList","@id":"https:\/\/antiqua.mx\/en\/product\/palavicini-felix-mi-vida-revolucionaria#breadcrumb","itemListElement":[{"@type":"ListItem","position":1,"name":"Portada","item":"https:\/\/antiqua.mx\/en\/"},{"@type":"ListItem","position":2,"name":"Tienda","item":"https:\/\/antiqua.mx\/en\/tienda"},{"@type":"ListItem","position":3,"name":"PALAVICINI F\u00c9LIX. MI VIDA REVOLUCIONARIA"}]},{"@type":"WebSite","@id":"https:\/\/antiqua.mx\/en\/#website","url":"https:\/\/antiqua.mx\/en\/","name":"","description":"","potentialAction":[{"@type":"SearchAction","target":{"@type":"EntryPoint","urlTemplate":"https:\/\/antiqua.mx\/en\/?s={search_term_string}"},"query-input":{"@type":"PropertyValueSpecification","valueRequired":true,"valueName":"search_term_string"}}],"inLanguage":"en-US"}]}},"jetpack_sharing_enabled":true,"_links":{"self":[{"href":"https:\/\/antiqua.mx\/en\/wp-json\/wp\/v2\/product\/4826","targetHints":{"allow":["GET"]}}],"collection":[{"href":"https:\/\/antiqua.mx\/en\/wp-json\/wp\/v2\/product"}],"about":[{"href":"https:\/\/antiqua.mx\/en\/wp-json\/wp\/v2\/types\/product"}],"replies":[{"embeddable":true,"href":"https:\/\/antiqua.mx\/en\/wp-json\/wp\/v2\/comments?post=4826"}],"wp:featuredmedia":[{"embeddable":true,"href":"https:\/\/antiqua.mx\/en\/wp-json\/wp\/v2\/media\/5248"}],"wp:attachment":[{"href":"https:\/\/antiqua.mx\/en\/wp-json\/wp\/v2\/media?parent=4826"}],"wp:term":[{"taxonomy":"product_brand","embeddable":true,"href":"https:\/\/antiqua.mx\/en\/wp-json\/wp\/v2\/product_brand?post=4826"},{"taxonomy":"product_cat","embeddable":true,"href":"https:\/\/antiqua.mx\/en\/wp-json\/wp\/v2\/product_cat?post=4826"},{"taxonomy":"product_tag","embeddable":true,"href":"https:\/\/antiqua.mx\/en\/wp-json\/wp\/v2\/product_tag?post=4826"}],"curies":[{"name":"wp","href":"https:\/\/api.w.org\/{rel}","templated":true}]}}