{"id":4902,"date":"2021-04-30T20:17:36","date_gmt":"2021-04-30T20:17:36","guid":{"rendered":"https:\/\/antiqua.mx\/?post_type=product&#038;p=4902"},"modified":"2024-12-04T01:19:02","modified_gmt":"2024-12-04T01:19:02","slug":"comez-rafael-arquitectura-y-feudalismo-en-mexico-los-comienzos-del-arte-novohispano-en-el-siglo-xvi","status":"publish","type":"product","link":"https:\/\/antiqua.mx\/en\/product\/comez-rafael-arquitectura-y-feudalismo-en-mexico-los-comienzos-del-arte-novohispano-en-el-siglo-xvi\/","title":{"rendered":"C\u00d3MEZ RAFAEL. ARQUITECTURA Y FEUDALISMO EN M\u00c9XICO. LOS COMIENZOS DEL ARTE NOVOHISPANO EN EL SIGLO XVI"},"content":{"rendered":"<p><strong>C\u00f3mez Rafael<\/strong><\/p>\n<p>Editorial: Universidad Nacional Aut\u00f3noma de M\u00e9xico<\/p>\n<p>Primera edici\u00f3n<\/p>\n<p>A\u00f1o 1989<\/p>\n<p>R\u00fastico, en buenas condiciones.<\/p>\n<p><strong>Instituto de Investigaciones Est\u00e9ticas, cuadernos de historia del arte, No. 47.<\/strong><\/p>\n<p>Tiraje de 3000 ejemplares.<\/p>\n<p>Impreso en M\u00e9xico.<\/p>\n<p>183 p\u00e1ginas<\/p>","protected":false},"excerpt":{"rendered":"<ul>\n<li>Editorial: Universidad Nacional Aut\u00f3noma de M\u00e9xico<\/li>\n<li>Primera edici\u00f3n<\/li>\n<li>A\u00f1o 1989<\/li>\n<li>R\u00fastico, en buenas condiciones.<\/li>\n<li><strong>Instituto de Investigaciones Est\u00e9ticas, cuadernos de historia del arte, No. 47.<\/strong><\/li>\n<li>Tiraje de 3000 ejemplares.<\/li>\n<li>Impreso en M\u00e9xico.<\/li>\n<li>183 p\u00e1ginas<\/li>\n<\/ul>","protected":false},"featured_media":5097,"comment_status":"open","ping_status":"closed","template":"","meta":{"_joinchat":[]},"product_brand":[],"product_cat":[1338,349,375,377],"product_tag":[1375,1209,1376],"class_list":{"0":"post-4902","1":"product","2":"type-product","3":"status-publish","6":"product_cat-arqmex","7":"product_cat-arte","8":"product_cat-mex","9":"product_cat-nuevaesp","10":"product_tag-arte-novohispano","11":"product_tag-mexico-en-el-siglo-xvi","12":"product_tag-rafael-comez","14":"first","15":"instock","16":"featured","17":"sold-individually","18":"taxable","19":"shipping-taxable","20":"purchasable","21":"product-type-simple"},"yoast_head":"<!-- This site is optimized with the Yoast SEO plugin v26.1.1 - https:\/\/yoast.com\/wordpress\/plugins\/seo\/ -->\n<title>C\u00d3MEZ RAFAEL. ARQUITECTURA Y FEUDALISMO EN M\u00c9XICO. LOS COMIENZOS DEL ARTE NOVOHISPANO EN EL SIGLO XVI -<\/title>\n<meta name=\"robots\" content=\"index, follow, max-snippet:-1, max-image-preview:large, max-video-preview:-1\" \/>\n<link rel=\"canonical\" href=\"https:\/\/antiqua.mx\/en\/product\/comez-rafael-arquitectura-y-feudalismo-en-mexico-los-comienzos-del-arte-novohispano-en-el-siglo-xvi\/\" \/>\n<meta property=\"og:locale\" content=\"en_US\" \/>\n<meta property=\"og:type\" content=\"article\" \/>\n<meta property=\"og:title\" content=\"C\u00d3MEZ RAFAEL. ARQUITECTURA Y FEUDALISMO EN M\u00c9XICO. LOS COMIENZOS DEL ARTE NOVOHISPANO EN EL SIGLO XVI -\" \/>\n<meta property=\"og:description\" content=\"Editorial: Universidad Nacional Aut\u00f3noma de M\u00e9xico  Primera edici\u00f3n  A\u00f1o 1989  R\u00fastico, en buenas condiciones.  Instituto de Investigaciones Est\u00e9ticas, cuadernos de historia del arte, No. 47.  Tiraje de 3000 ejemplares.  Impreso en M\u00e9xico.  183 p\u00e1ginas\" \/>\n<meta property=\"og:url\" content=\"https:\/\/antiqua.mx\/en\/product\/comez-rafael-arquitectura-y-feudalismo-en-mexico-los-comienzos-del-arte-novohispano-en-el-siglo-xvi\/\" \/>\n<meta property=\"article:modified_time\" content=\"2024-12-04T01:19:02+00:00\" \/>\n<meta property=\"og:image\" content=\"https:\/\/antiqua.mx\/wp-content\/uploads\/2021\/05\/3C0852FF-A816-49A8-A973-5F66C7F206D9-scaled.jpeg\" \/>\n\t<meta property=\"og:image:width\" content=\"1948\" \/>\n\t<meta property=\"og:image:height\" content=\"2560\" \/>\n\t<meta property=\"og:image:type\" content=\"image\/jpeg\" \/>\n<meta name=\"twitter:card\" content=\"summary_large_image\" \/>\n<script type=\"application\/ld+json\" class=\"yoast-schema-graph\">{\"@context\":\"https:\/\/schema.org\",\"@graph\":[{\"@type\":\"WebPage\",\"@id\":\"https:\/\/antiqua.mx\/en\/product\/comez-rafael-arquitectura-y-feudalismo-en-mexico-los-comienzos-del-arte-novohispano-en-el-siglo-xvi\/\",\"url\":\"https:\/\/antiqua.mx\/en\/product\/comez-rafael-arquitectura-y-feudalismo-en-mexico-los-comienzos-del-arte-novohispano-en-el-siglo-xvi\/\",\"name\":\"C\u00d3MEZ RAFAEL. ARQUITECTURA Y FEUDALISMO EN M\u00c9XICO. LOS COMIENZOS DEL ARTE NOVOHISPANO EN EL SIGLO XVI -\",\"isPartOf\":{\"@id\":\"https:\/\/antiqua.mx\/en\/#website\"},\"primaryImageOfPage\":{\"@id\":\"https:\/\/antiqua.mx\/en\/product\/comez-rafael-arquitectura-y-feudalismo-en-mexico-los-comienzos-del-arte-novohispano-en-el-siglo-xvi\/#primaryimage\"},\"image\":{\"@id\":\"https:\/\/antiqua.mx\/en\/product\/comez-rafael-arquitectura-y-feudalismo-en-mexico-los-comienzos-del-arte-novohispano-en-el-siglo-xvi\/#primaryimage\"},\"thumbnailUrl\":\"https:\/\/antiqua.mx\/wp-content\/uploads\/2021\/05\/3C0852FF-A816-49A8-A973-5F66C7F206D9-scaled.jpeg\",\"datePublished\":\"2021-04-30T20:17:36+00:00\",\"dateModified\":\"2024-12-04T01:19:02+00:00\",\"breadcrumb\":{\"@id\":\"https:\/\/antiqua.mx\/en\/product\/comez-rafael-arquitectura-y-feudalismo-en-mexico-los-comienzos-del-arte-novohispano-en-el-siglo-xvi\/#breadcrumb\"},\"inLanguage\":\"en-US\",\"potentialAction\":[{\"@type\":\"ReadAction\",\"target\":[\"https:\/\/antiqua.mx\/en\/product\/comez-rafael-arquitectura-y-feudalismo-en-mexico-los-comienzos-del-arte-novohispano-en-el-siglo-xvi\/\"]}]},{\"@type\":\"ImageObject\",\"inLanguage\":\"en-US\",\"@id\":\"https:\/\/antiqua.mx\/en\/product\/comez-rafael-arquitectura-y-feudalismo-en-mexico-los-comienzos-del-arte-novohispano-en-el-siglo-xvi\/#primaryimage\",\"url\":\"https:\/\/antiqua.mx\/wp-content\/uploads\/2021\/05\/3C0852FF-A816-49A8-A973-5F66C7F206D9-scaled.jpeg\",\"contentUrl\":\"https:\/\/antiqua.mx\/wp-content\/uploads\/2021\/05\/3C0852FF-A816-49A8-A973-5F66C7F206D9-scaled.jpeg\",\"width\":1948,\"height\":2560},{\"@type\":\"BreadcrumbList\",\"@id\":\"https:\/\/antiqua.mx\/en\/product\/comez-rafael-arquitectura-y-feudalismo-en-mexico-los-comienzos-del-arte-novohispano-en-el-siglo-xvi\/#breadcrumb\",\"itemListElement\":[{\"@type\":\"ListItem\",\"position\":1,\"name\":\"Portada\",\"item\":\"https:\/\/antiqua.mx\/en\/\"},{\"@type\":\"ListItem\",\"position\":2,\"name\":\"Tienda\",\"item\":\"https:\/\/antiqua.mx\/tienda\/\"},{\"@type\":\"ListItem\",\"position\":3,\"name\":\"C\u00d3MEZ RAFAEL. ARQUITECTURA Y FEUDALISMO EN M\u00c9XICO. LOS COMIENZOS DEL ARTE NOVOHISPANO EN EL SIGLO XVI\"}]},{\"@type\":\"WebSite\",\"@id\":\"https:\/\/antiqua.mx\/en\/#website\",\"url\":\"https:\/\/antiqua.mx\/en\/\",\"name\":\"\",\"description\":\"\",\"potentialAction\":[{\"@type\":\"SearchAction\",\"target\":{\"@type\":\"EntryPoint\",\"urlTemplate\":\"https:\/\/antiqua.mx\/en\/?s={search_term_string}\"},\"query-input\":{\"@type\":\"PropertyValueSpecification\",\"valueRequired\":true,\"valueName\":\"search_term_string\"}}],\"inLanguage\":\"en-US\"}]}<\/script>\n<!-- \/ Yoast SEO plugin. -->","yoast_head_json":{"title":"C\u00d3MEZ RAFAEL. ARQUITECTURA Y FEUDALISMO EN M\u00c9XICO. LOS COMIENZOS DEL ARTE NOVOHISPANO EN EL SIGLO XVI -","robots":{"index":"index","follow":"follow","max-snippet":"max-snippet:-1","max-image-preview":"max-image-preview:large","max-video-preview":"max-video-preview:-1"},"canonical":"https:\/\/antiqua.mx\/en\/product\/comez-rafael-arquitectura-y-feudalismo-en-mexico-los-comienzos-del-arte-novohispano-en-el-siglo-xvi\/","og_locale":"en_US","og_type":"article","og_title":"C\u00d3MEZ RAFAEL. ARQUITECTURA Y FEUDALISMO EN M\u00c9XICO. LOS COMIENZOS DEL ARTE NOVOHISPANO EN EL SIGLO XVI -","og_description":"Editorial: Universidad Nacional Aut\u00f3noma de M\u00e9xico  Primera edici\u00f3n  A\u00f1o 1989  R\u00fastico, en buenas condiciones.  Instituto de Investigaciones Est\u00e9ticas, cuadernos de historia del arte, No. 47.  Tiraje de 3000 ejemplares.  Impreso en M\u00e9xico.  183 p\u00e1ginas","og_url":"https:\/\/antiqua.mx\/en\/product\/comez-rafael-arquitectura-y-feudalismo-en-mexico-los-comienzos-del-arte-novohispano-en-el-siglo-xvi\/","article_modified_time":"2024-12-04T01:19:02+00:00","og_image":[{"width":1948,"height":2560,"url":"https:\/\/antiqua.mx\/wp-content\/uploads\/2021\/05\/3C0852FF-A816-49A8-A973-5F66C7F206D9-scaled.jpeg","type":"image\/jpeg"}],"twitter_card":"summary_large_image","schema":{"@context":"https:\/\/schema.org","@graph":[{"@type":"WebPage","@id":"https:\/\/antiqua.mx\/en\/product\/comez-rafael-arquitectura-y-feudalismo-en-mexico-los-comienzos-del-arte-novohispano-en-el-siglo-xvi\/","url":"https:\/\/antiqua.mx\/en\/product\/comez-rafael-arquitectura-y-feudalismo-en-mexico-los-comienzos-del-arte-novohispano-en-el-siglo-xvi\/","name":"C\u00d3MEZ RAFAEL. ARQUITECTURA Y FEUDALISMO EN M\u00c9XICO. LOS COMIENZOS DEL ARTE NOVOHISPANO EN EL SIGLO XVI -","isPartOf":{"@id":"https:\/\/antiqua.mx\/en\/#website"},"primaryImageOfPage":{"@id":"https:\/\/antiqua.mx\/en\/product\/comez-rafael-arquitectura-y-feudalismo-en-mexico-los-comienzos-del-arte-novohispano-en-el-siglo-xvi\/#primaryimage"},"image":{"@id":"https:\/\/antiqua.mx\/en\/product\/comez-rafael-arquitectura-y-feudalismo-en-mexico-los-comienzos-del-arte-novohispano-en-el-siglo-xvi\/#primaryimage"},"thumbnailUrl":"https:\/\/antiqua.mx\/wp-content\/uploads\/2021\/05\/3C0852FF-A816-49A8-A973-5F66C7F206D9-scaled.jpeg","datePublished":"2021-04-30T20:17:36+00:00","dateModified":"2024-12-04T01:19:02+00:00","breadcrumb":{"@id":"https:\/\/antiqua.mx\/en\/product\/comez-rafael-arquitectura-y-feudalismo-en-mexico-los-comienzos-del-arte-novohispano-en-el-siglo-xvi\/#breadcrumb"},"inLanguage":"en-US","potentialAction":[{"@type":"ReadAction","target":["https:\/\/antiqua.mx\/en\/product\/comez-rafael-arquitectura-y-feudalismo-en-mexico-los-comienzos-del-arte-novohispano-en-el-siglo-xvi\/"]}]},{"@type":"ImageObject","inLanguage":"en-US","@id":"https:\/\/antiqua.mx\/en\/product\/comez-rafael-arquitectura-y-feudalismo-en-mexico-los-comienzos-del-arte-novohispano-en-el-siglo-xvi\/#primaryimage","url":"https:\/\/antiqua.mx\/wp-content\/uploads\/2021\/05\/3C0852FF-A816-49A8-A973-5F66C7F206D9-scaled.jpeg","contentUrl":"https:\/\/antiqua.mx\/wp-content\/uploads\/2021\/05\/3C0852FF-A816-49A8-A973-5F66C7F206D9-scaled.jpeg","width":1948,"height":2560},{"@type":"BreadcrumbList","@id":"https:\/\/antiqua.mx\/en\/product\/comez-rafael-arquitectura-y-feudalismo-en-mexico-los-comienzos-del-arte-novohispano-en-el-siglo-xvi\/#breadcrumb","itemListElement":[{"@type":"ListItem","position":1,"name":"Portada","item":"https:\/\/antiqua.mx\/en\/"},{"@type":"ListItem","position":2,"name":"Tienda","item":"https:\/\/antiqua.mx\/tienda\/"},{"@type":"ListItem","position":3,"name":"C\u00d3MEZ RAFAEL. ARQUITECTURA Y FEUDALISMO EN M\u00c9XICO. LOS COMIENZOS DEL ARTE NOVOHISPANO EN EL SIGLO XVI"}]},{"@type":"WebSite","@id":"https:\/\/antiqua.mx\/en\/#website","url":"https:\/\/antiqua.mx\/en\/","name":"","description":"","potentialAction":[{"@type":"SearchAction","target":{"@type":"EntryPoint","urlTemplate":"https:\/\/antiqua.mx\/en\/?s={search_term_string}"},"query-input":{"@type":"PropertyValueSpecification","valueRequired":true,"valueName":"search_term_string"}}],"inLanguage":"en-US"}]}},"jetpack_sharing_enabled":true,"_links":{"self":[{"href":"https:\/\/antiqua.mx\/en\/wp-json\/wp\/v2\/product\/4902","targetHints":{"allow":["GET"]}}],"collection":[{"href":"https:\/\/antiqua.mx\/en\/wp-json\/wp\/v2\/product"}],"about":[{"href":"https:\/\/antiqua.mx\/en\/wp-json\/wp\/v2\/types\/product"}],"replies":[{"embeddable":true,"href":"https:\/\/antiqua.mx\/en\/wp-json\/wp\/v2\/comments?post=4902"}],"wp:featuredmedia":[{"embeddable":true,"href":"https:\/\/antiqua.mx\/en\/wp-json\/wp\/v2\/media\/5097"}],"wp:attachment":[{"href":"https:\/\/antiqua.mx\/en\/wp-json\/wp\/v2\/media?parent=4902"}],"wp:term":[{"taxonomy":"product_brand","embeddable":true,"href":"https:\/\/antiqua.mx\/en\/wp-json\/wp\/v2\/product_brand?post=4902"},{"taxonomy":"product_cat","embeddable":true,"href":"https:\/\/antiqua.mx\/en\/wp-json\/wp\/v2\/product_cat?post=4902"},{"taxonomy":"product_tag","embeddable":true,"href":"https:\/\/antiqua.mx\/en\/wp-json\/wp\/v2\/product_tag?post=4902"}],"curies":[{"name":"wp","href":"https:\/\/api.w.org\/{rel}","templated":true}]}}