{"id":5434,"date":"2021-05-11T17:11:42","date_gmt":"2021-05-11T17:11:42","guid":{"rendered":"https:\/\/antiqua.mx\/?post_type=product&#038;p=5434"},"modified":"2024-08-17T23:20:59","modified_gmt":"2024-08-17T23:20:59","slug":"huxley-aldous-musica-en-la-noche","status":"publish","type":"product","link":"https:\/\/antiqua.mx\/en\/product\/huxley-aldous-musica-en-la-noche\/","title":{"rendered":"HUXLEY ALDOUS. M\u00daSICA EN LA NOCHE"},"content":{"rendered":"<p><strong>Huxley Aldous<\/strong><\/p>\n<p>Editorial: LUIS DE CARALT<\/p>\n<p>Empastado, en buenas condiciones. Las esquinas de la portada presentan un ligero doblez y en la parte inferior tiene clasificaci\u00f3n de biblioteca.<\/p>\n<p>Traducci\u00f3n de R. Santos Torroella.<\/p>\n<p class=\"p1\">La obra tiene sellos del\u00a0 &#8220;ASPIRANTADO JUAN PONCE DE LE\u00d3N BIBLIOTECA: DR. CARLOS FUENTES GUTI\u00c9RREZ 10 PONIENTE No. 1711, PUEBLA, PUE.&#8221;<\/p>\n<p>Impreso en Barcelona.<\/p>\n<p>213 p\u00e1ginas<\/p>","protected":false},"excerpt":{"rendered":"<ul>\n<li>Editorial: LUIS DE CARALT<\/li>\n<li>Empastado, en buenas condiciones. Las esquinas de la portada presentan un ligero doblez.<\/li>\n<li class=\"p1\">La obra tiene sellos del\u00a0 &#8220;ASPIRANTADO JUAN PONCE DE LE\u00d3N BIBLIOTECA: DR. CARLOS FUENTES GUTI\u00c9RREZ 10 PONIENTE No. 1711, PUEBLA, PUE.&#8221;<\/li>\n<li>Traducci\u00f3n de R. Santos Torroella.<\/li>\n<li>Impreso en Barcelona.<\/li>\n<li>213 p\u00e1ginas<\/li>\n<\/ul>","protected":false},"featured_media":5711,"comment_status":"open","ping_status":"closed","template":"","meta":{"_joinchat":[]},"product_brand":[],"product_cat":[335,337],"product_tag":[1473],"class_list":{"0":"post-5434","1":"product","2":"type-product","3":"status-publish","6":"product_cat-literatura","7":"product_cat-lituniversal","8":"product_tag-aldous-huxley","10":"first","11":"instock","12":"featured","13":"sold-individually","14":"taxable","15":"shipping-taxable","16":"purchasable","17":"product-type-simple"},"yoast_head":"<!-- This site is optimized with the Yoast SEO plugin v26.1.1 - https:\/\/yoast.com\/wordpress\/plugins\/seo\/ -->\n<title>HUXLEY ALDOUS. M\u00daSICA EN LA NOCHE -<\/title>\n<meta name=\"robots\" content=\"index, follow, max-snippet:-1, max-image-preview:large, max-video-preview:-1\" \/>\n<link rel=\"canonical\" href=\"https:\/\/antiqua.mx\/en\/product\/huxley-aldous-musica-en-la-noche\/\" \/>\n<meta property=\"og:locale\" content=\"en_US\" \/>\n<meta property=\"og:type\" content=\"article\" \/>\n<meta property=\"og:title\" content=\"HUXLEY ALDOUS. M\u00daSICA EN LA NOCHE -\" \/>\n<meta property=\"og:description\" content=\"Editorial: LUIS DE CARALT  Empastado, en buenas condiciones. Las esquinas de la portada presentan un ligero doblez.  La obra tiene sellos del\u00a0 &quot;ASPIRANTADO JUAN PONCE DE LE\u00d3N BIBLIOTECA: DR. CARLOS FUENTES GUTI\u00c9RREZ 10 PONIENTE No. 1711, PUEBLA, PUE.&quot;  Traducci\u00f3n de R. Santos Torroella.  Impreso en Barcelona.  213 p\u00e1ginas\" \/>\n<meta property=\"og:url\" content=\"https:\/\/antiqua.mx\/en\/product\/huxley-aldous-musica-en-la-noche\/\" \/>\n<meta property=\"article:modified_time\" content=\"2024-08-17T23:20:59+00:00\" \/>\n<meta property=\"og:image\" content=\"https:\/\/antiqua.mx\/wp-content\/uploads\/2021\/05\/7C45C9A1-4C01-486E-B62D-F0ECDA4F1130-scaled.jpeg\" \/>\n\t<meta property=\"og:image:width\" content=\"2560\" \/>\n\t<meta property=\"og:image:height\" content=\"1876\" \/>\n\t<meta property=\"og:image:type\" content=\"image\/jpeg\" \/>\n<meta name=\"twitter:card\" content=\"summary_large_image\" \/>\n<script type=\"application\/ld+json\" class=\"yoast-schema-graph\">{\"@context\":\"https:\/\/schema.org\",\"@graph\":[{\"@type\":\"WebPage\",\"@id\":\"https:\/\/antiqua.mx\/en\/product\/huxley-aldous-musica-en-la-noche\/\",\"url\":\"https:\/\/antiqua.mx\/en\/product\/huxley-aldous-musica-en-la-noche\/\",\"name\":\"HUXLEY ALDOUS. M\u00daSICA EN LA NOCHE -\",\"isPartOf\":{\"@id\":\"https:\/\/antiqua.mx\/en\/#website\"},\"primaryImageOfPage\":{\"@id\":\"https:\/\/antiqua.mx\/en\/product\/huxley-aldous-musica-en-la-noche\/#primaryimage\"},\"image\":{\"@id\":\"https:\/\/antiqua.mx\/en\/product\/huxley-aldous-musica-en-la-noche\/#primaryimage\"},\"thumbnailUrl\":\"https:\/\/antiqua.mx\/wp-content\/uploads\/2021\/05\/7C45C9A1-4C01-486E-B62D-F0ECDA4F1130-scaled.jpeg\",\"datePublished\":\"2021-05-11T17:11:42+00:00\",\"dateModified\":\"2024-08-17T23:20:59+00:00\",\"breadcrumb\":{\"@id\":\"https:\/\/antiqua.mx\/en\/product\/huxley-aldous-musica-en-la-noche\/#breadcrumb\"},\"inLanguage\":\"en-US\",\"potentialAction\":[{\"@type\":\"ReadAction\",\"target\":[\"https:\/\/antiqua.mx\/en\/product\/huxley-aldous-musica-en-la-noche\/\"]}]},{\"@type\":\"ImageObject\",\"inLanguage\":\"en-US\",\"@id\":\"https:\/\/antiqua.mx\/en\/product\/huxley-aldous-musica-en-la-noche\/#primaryimage\",\"url\":\"https:\/\/antiqua.mx\/wp-content\/uploads\/2021\/05\/7C45C9A1-4C01-486E-B62D-F0ECDA4F1130-scaled.jpeg\",\"contentUrl\":\"https:\/\/antiqua.mx\/wp-content\/uploads\/2021\/05\/7C45C9A1-4C01-486E-B62D-F0ECDA4F1130-scaled.jpeg\",\"width\":2560,\"height\":1876},{\"@type\":\"BreadcrumbList\",\"@id\":\"https:\/\/antiqua.mx\/en\/product\/huxley-aldous-musica-en-la-noche\/#breadcrumb\",\"itemListElement\":[{\"@type\":\"ListItem\",\"position\":1,\"name\":\"Portada\",\"item\":\"https:\/\/antiqua.mx\/en\/\"},{\"@type\":\"ListItem\",\"position\":2,\"name\":\"Tienda\",\"item\":\"https:\/\/antiqua.mx\/tienda\/\"},{\"@type\":\"ListItem\",\"position\":3,\"name\":\"HUXLEY ALDOUS. M\u00daSICA EN LA NOCHE\"}]},{\"@type\":\"WebSite\",\"@id\":\"https:\/\/antiqua.mx\/en\/#website\",\"url\":\"https:\/\/antiqua.mx\/en\/\",\"name\":\"\",\"description\":\"\",\"potentialAction\":[{\"@type\":\"SearchAction\",\"target\":{\"@type\":\"EntryPoint\",\"urlTemplate\":\"https:\/\/antiqua.mx\/en\/?s={search_term_string}\"},\"query-input\":{\"@type\":\"PropertyValueSpecification\",\"valueRequired\":true,\"valueName\":\"search_term_string\"}}],\"inLanguage\":\"en-US\"}]}<\/script>\n<!-- \/ Yoast SEO plugin. -->","yoast_head_json":{"title":"HUXLEY ALDOUS. M\u00daSICA EN LA NOCHE -","robots":{"index":"index","follow":"follow","max-snippet":"max-snippet:-1","max-image-preview":"max-image-preview:large","max-video-preview":"max-video-preview:-1"},"canonical":"https:\/\/antiqua.mx\/en\/product\/huxley-aldous-musica-en-la-noche\/","og_locale":"en_US","og_type":"article","og_title":"HUXLEY ALDOUS. M\u00daSICA EN LA NOCHE -","og_description":"Editorial: LUIS DE CARALT  Empastado, en buenas condiciones. Las esquinas de la portada presentan un ligero doblez.  La obra tiene sellos del\u00a0 \"ASPIRANTADO JUAN PONCE DE LE\u00d3N BIBLIOTECA: DR. CARLOS FUENTES GUTI\u00c9RREZ 10 PONIENTE No. 1711, PUEBLA, PUE.\"  Traducci\u00f3n de R. Santos Torroella.  Impreso en Barcelona.  213 p\u00e1ginas","og_url":"https:\/\/antiqua.mx\/en\/product\/huxley-aldous-musica-en-la-noche\/","article_modified_time":"2024-08-17T23:20:59+00:00","og_image":[{"width":2560,"height":1876,"url":"https:\/\/antiqua.mx\/wp-content\/uploads\/2021\/05\/7C45C9A1-4C01-486E-B62D-F0ECDA4F1130-scaled.jpeg","type":"image\/jpeg"}],"twitter_card":"summary_large_image","schema":{"@context":"https:\/\/schema.org","@graph":[{"@type":"WebPage","@id":"https:\/\/antiqua.mx\/en\/product\/huxley-aldous-musica-en-la-noche\/","url":"https:\/\/antiqua.mx\/en\/product\/huxley-aldous-musica-en-la-noche\/","name":"HUXLEY ALDOUS. M\u00daSICA EN LA NOCHE -","isPartOf":{"@id":"https:\/\/antiqua.mx\/en\/#website"},"primaryImageOfPage":{"@id":"https:\/\/antiqua.mx\/en\/product\/huxley-aldous-musica-en-la-noche\/#primaryimage"},"image":{"@id":"https:\/\/antiqua.mx\/en\/product\/huxley-aldous-musica-en-la-noche\/#primaryimage"},"thumbnailUrl":"https:\/\/antiqua.mx\/wp-content\/uploads\/2021\/05\/7C45C9A1-4C01-486E-B62D-F0ECDA4F1130-scaled.jpeg","datePublished":"2021-05-11T17:11:42+00:00","dateModified":"2024-08-17T23:20:59+00:00","breadcrumb":{"@id":"https:\/\/antiqua.mx\/en\/product\/huxley-aldous-musica-en-la-noche\/#breadcrumb"},"inLanguage":"en-US","potentialAction":[{"@type":"ReadAction","target":["https:\/\/antiqua.mx\/en\/product\/huxley-aldous-musica-en-la-noche\/"]}]},{"@type":"ImageObject","inLanguage":"en-US","@id":"https:\/\/antiqua.mx\/en\/product\/huxley-aldous-musica-en-la-noche\/#primaryimage","url":"https:\/\/antiqua.mx\/wp-content\/uploads\/2021\/05\/7C45C9A1-4C01-486E-B62D-F0ECDA4F1130-scaled.jpeg","contentUrl":"https:\/\/antiqua.mx\/wp-content\/uploads\/2021\/05\/7C45C9A1-4C01-486E-B62D-F0ECDA4F1130-scaled.jpeg","width":2560,"height":1876},{"@type":"BreadcrumbList","@id":"https:\/\/antiqua.mx\/en\/product\/huxley-aldous-musica-en-la-noche\/#breadcrumb","itemListElement":[{"@type":"ListItem","position":1,"name":"Portada","item":"https:\/\/antiqua.mx\/en\/"},{"@type":"ListItem","position":2,"name":"Tienda","item":"https:\/\/antiqua.mx\/tienda\/"},{"@type":"ListItem","position":3,"name":"HUXLEY ALDOUS. M\u00daSICA EN LA NOCHE"}]},{"@type":"WebSite","@id":"https:\/\/antiqua.mx\/en\/#website","url":"https:\/\/antiqua.mx\/en\/","name":"","description":"","potentialAction":[{"@type":"SearchAction","target":{"@type":"EntryPoint","urlTemplate":"https:\/\/antiqua.mx\/en\/?s={search_term_string}"},"query-input":{"@type":"PropertyValueSpecification","valueRequired":true,"valueName":"search_term_string"}}],"inLanguage":"en-US"}]}},"jetpack_sharing_enabled":true,"_links":{"self":[{"href":"https:\/\/antiqua.mx\/en\/wp-json\/wp\/v2\/product\/5434","targetHints":{"allow":["GET"]}}],"collection":[{"href":"https:\/\/antiqua.mx\/en\/wp-json\/wp\/v2\/product"}],"about":[{"href":"https:\/\/antiqua.mx\/en\/wp-json\/wp\/v2\/types\/product"}],"replies":[{"embeddable":true,"href":"https:\/\/antiqua.mx\/en\/wp-json\/wp\/v2\/comments?post=5434"}],"wp:featuredmedia":[{"embeddable":true,"href":"https:\/\/antiqua.mx\/en\/wp-json\/wp\/v2\/media\/5711"}],"wp:attachment":[{"href":"https:\/\/antiqua.mx\/en\/wp-json\/wp\/v2\/media?parent=5434"}],"wp:term":[{"taxonomy":"product_brand","embeddable":true,"href":"https:\/\/antiqua.mx\/en\/wp-json\/wp\/v2\/product_brand?post=5434"},{"taxonomy":"product_cat","embeddable":true,"href":"https:\/\/antiqua.mx\/en\/wp-json\/wp\/v2\/product_cat?post=5434"},{"taxonomy":"product_tag","embeddable":true,"href":"https:\/\/antiqua.mx\/en\/wp-json\/wp\/v2\/product_tag?post=5434"}],"curies":[{"name":"wp","href":"https:\/\/api.w.org\/{rel}","templated":true}]}}