{"id":5437,"date":"2021-05-11T17:55:16","date_gmt":"2021-05-11T17:55:16","guid":{"rendered":"https:\/\/antiqua.mx\/?post_type=product&#038;p=5437"},"modified":"2025-08-14T22:26:19","modified_gmt":"2025-08-14T22:26:19","slug":"reyes-aurora-la-sangre-dividida","status":"publish","type":"product","link":"https:\/\/antiqua.mx\/en\/product\/reyes-aurora-la-sangre-dividida\/","title":{"rendered":"REYES AURORA. LA SANGRE DIVIDIDA"},"content":{"rendered":"<p><strong>Reyes Aurora<\/strong><\/p>\n<p>Editorial: Gobierno del Estado de Chihuahua \/ Consejo Nacional para la Cultura y las Artes \/ Programa Cultural de las Fronteras<\/p>\n<p>Primera edici\u00f3n<\/p>\n<p>A\u00f1o 1990<\/p>\n<p>Empastado con camisa, en regulares condiciones. El empastado y la camisa est\u00e1n en buenas condiciones. Las primeras siete hojas presentan manchas de humedad al igual que las \u00faltimas ocho.<\/p>\n<p>El ejemplar tiene una dedicatoria.<\/p>\n<p>117 p\u00e1ginas<\/p>","protected":false},"excerpt":{"rendered":"<ul>\n<li>Editorial: Gobierno del Estado de Chihuahua \/ Consejo Nacional para la Cultura y las Artes \/ Programa Cultural de las Fronteras<\/li>\n<li>Primera edici\u00f3n<\/li>\n<li>A\u00f1o 1990<\/li>\n<li>Empastado con camisa, en regulares condiciones. El empastado y la camisa est\u00e1n en buenas condiciones. Las primeras siete hojas presentan manchas de humedad al igual que las \u00faltimas ocho.<\/li>\n<li>El ejemplar tiene una dedicatoria.<\/li>\n<li>117 p\u00e1ginas<\/li>\n<\/ul>","protected":false},"featured_media":5619,"comment_status":"open","ping_status":"closed","template":"","meta":{"_joinchat":[]},"product_brand":[],"product_cat":[349,350,335,943,340],"product_tag":[907,1477,908,1476],"class_list":{"0":"post-5437","1":"product","2":"type-product","3":"status-publish","6":"product_cat-arte","7":"product_cat-arte-mexicano","8":"product_cat-literatura","9":"product_cat-obra-plastica-mex","10":"product_cat-poesia","11":"product_tag-aurora-reyes","12":"product_tag-leticia-ocharan","13":"product_tag-muralismo-mexicano","14":"product_tag-roberto-lopez-moreno","16":"first","17":"outofstock","18":"featured","19":"sold-individually","20":"taxable","21":"shipping-taxable","22":"purchasable","23":"product-type-simple"},"yoast_head":"<!-- This site is optimized with the Yoast SEO plugin v26.1.1 - https:\/\/yoast.com\/wordpress\/plugins\/seo\/ -->\n<title>REYES AURORA. LA SANGRE DIVIDIDA -<\/title>\n<meta name=\"robots\" content=\"index, follow, max-snippet:-1, max-image-preview:large, max-video-preview:-1\" \/>\n<link rel=\"canonical\" href=\"https:\/\/antiqua.mx\/en\/product\/reyes-aurora-la-sangre-dividida\/\" \/>\n<meta property=\"og:locale\" content=\"en_US\" \/>\n<meta property=\"og:type\" content=\"article\" \/>\n<meta property=\"og:title\" content=\"REYES AURORA. LA SANGRE DIVIDIDA -\" \/>\n<meta property=\"og:description\" content=\"Editorial: Gobierno del Estado de Chihuahua \/ Consejo Nacional para la Cultura y las Artes \/ Programa Cultural de las Fronteras  Primera edici\u00f3n  A\u00f1o 1990  Empastado con camisa, en regulares condiciones. El empastado y la camisa est\u00e1n en buenas condiciones. Las primeras siete hojas presentan manchas de humedad al igual que las \u00faltimas ocho.  El ejemplar tiene una dedicatoria.  117 p\u00e1ginas\" \/>\n<meta property=\"og:url\" content=\"https:\/\/antiqua.mx\/en\/product\/reyes-aurora-la-sangre-dividida\/\" \/>\n<meta property=\"article:modified_time\" content=\"2025-08-14T22:26:19+00:00\" \/>\n<meta property=\"og:image\" content=\"https:\/\/antiqua.mx\/wp-content\/uploads\/2021\/05\/528C82C5-62D8-43F7-B978-FD821FD5F6E3-scaled.jpeg\" \/>\n\t<meta property=\"og:image:width\" content=\"2560\" \/>\n\t<meta property=\"og:image:height\" content=\"2315\" \/>\n\t<meta property=\"og:image:type\" content=\"image\/jpeg\" \/>\n<meta name=\"twitter:card\" content=\"summary_large_image\" \/>\n<script type=\"application\/ld+json\" class=\"yoast-schema-graph\">{\"@context\":\"https:\/\/schema.org\",\"@graph\":[{\"@type\":\"WebPage\",\"@id\":\"https:\/\/antiqua.mx\/producto\/reyes-aurora-la-sangre-dividida\/\",\"url\":\"https:\/\/antiqua.mx\/producto\/reyes-aurora-la-sangre-dividida\/\",\"name\":\"REYES AURORA. LA SANGRE DIVIDIDA -\",\"isPartOf\":{\"@id\":\"https:\/\/antiqua.mx\/en\/#website\"},\"primaryImageOfPage\":{\"@id\":\"https:\/\/antiqua.mx\/producto\/reyes-aurora-la-sangre-dividida\/#primaryimage\"},\"image\":{\"@id\":\"https:\/\/antiqua.mx\/producto\/reyes-aurora-la-sangre-dividida\/#primaryimage\"},\"thumbnailUrl\":\"https:\/\/antiqua.mx\/wp-content\/uploads\/2021\/05\/528C82C5-62D8-43F7-B978-FD821FD5F6E3-scaled.jpeg\",\"datePublished\":\"2021-05-11T17:55:16+00:00\",\"dateModified\":\"2025-08-14T22:26:19+00:00\",\"breadcrumb\":{\"@id\":\"https:\/\/antiqua.mx\/producto\/reyes-aurora-la-sangre-dividida\/#breadcrumb\"},\"inLanguage\":\"en-US\",\"potentialAction\":[{\"@type\":\"ReadAction\",\"target\":[\"https:\/\/antiqua.mx\/producto\/reyes-aurora-la-sangre-dividida\/\"]}]},{\"@type\":\"ImageObject\",\"inLanguage\":\"en-US\",\"@id\":\"https:\/\/antiqua.mx\/producto\/reyes-aurora-la-sangre-dividida\/#primaryimage\",\"url\":\"https:\/\/antiqua.mx\/wp-content\/uploads\/2021\/05\/528C82C5-62D8-43F7-B978-FD821FD5F6E3-scaled.jpeg\",\"contentUrl\":\"https:\/\/antiqua.mx\/wp-content\/uploads\/2021\/05\/528C82C5-62D8-43F7-B978-FD821FD5F6E3-scaled.jpeg\",\"width\":2560,\"height\":2315},{\"@type\":\"BreadcrumbList\",\"@id\":\"https:\/\/antiqua.mx\/producto\/reyes-aurora-la-sangre-dividida\/#breadcrumb\",\"itemListElement\":[{\"@type\":\"ListItem\",\"position\":1,\"name\":\"Portada\",\"item\":\"https:\/\/antiqua.mx\/en\/\"},{\"@type\":\"ListItem\",\"position\":2,\"name\":\"Tienda\",\"item\":\"https:\/\/antiqua.mx\/tienda\/\"},{\"@type\":\"ListItem\",\"position\":3,\"name\":\"REYES AURORA. LA SANGRE DIVIDIDA\"}]},{\"@type\":\"WebSite\",\"@id\":\"https:\/\/antiqua.mx\/en\/#website\",\"url\":\"https:\/\/antiqua.mx\/en\/\",\"name\":\"\",\"description\":\"\",\"potentialAction\":[{\"@type\":\"SearchAction\",\"target\":{\"@type\":\"EntryPoint\",\"urlTemplate\":\"https:\/\/antiqua.mx\/en\/?s={search_term_string}\"},\"query-input\":{\"@type\":\"PropertyValueSpecification\",\"valueRequired\":true,\"valueName\":\"search_term_string\"}}],\"inLanguage\":\"en-US\"}]}<\/script>\n<!-- \/ Yoast SEO plugin. -->","yoast_head_json":{"title":"REYES AURORA. LA SANGRE DIVIDIDA -","robots":{"index":"index","follow":"follow","max-snippet":"max-snippet:-1","max-image-preview":"max-image-preview:large","max-video-preview":"max-video-preview:-1"},"canonical":"https:\/\/antiqua.mx\/en\/product\/reyes-aurora-la-sangre-dividida\/","og_locale":"en_US","og_type":"article","og_title":"REYES AURORA. LA SANGRE DIVIDIDA -","og_description":"Editorial: Gobierno del Estado de Chihuahua \/ Consejo Nacional para la Cultura y las Artes \/ Programa Cultural de las Fronteras  Primera edici\u00f3n  A\u00f1o 1990  Empastado con camisa, en regulares condiciones. El empastado y la camisa est\u00e1n en buenas condiciones. Las primeras siete hojas presentan manchas de humedad al igual que las \u00faltimas ocho.  El ejemplar tiene una dedicatoria.  117 p\u00e1ginas","og_url":"https:\/\/antiqua.mx\/en\/product\/reyes-aurora-la-sangre-dividida\/","article_modified_time":"2025-08-14T22:26:19+00:00","og_image":[{"width":2560,"height":2315,"url":"https:\/\/antiqua.mx\/wp-content\/uploads\/2021\/05\/528C82C5-62D8-43F7-B978-FD821FD5F6E3-scaled.jpeg","type":"image\/jpeg"}],"twitter_card":"summary_large_image","schema":{"@context":"https:\/\/schema.org","@graph":[{"@type":"WebPage","@id":"https:\/\/antiqua.mx\/producto\/reyes-aurora-la-sangre-dividida\/","url":"https:\/\/antiqua.mx\/producto\/reyes-aurora-la-sangre-dividida\/","name":"REYES AURORA. LA SANGRE DIVIDIDA -","isPartOf":{"@id":"https:\/\/antiqua.mx\/en\/#website"},"primaryImageOfPage":{"@id":"https:\/\/antiqua.mx\/producto\/reyes-aurora-la-sangre-dividida\/#primaryimage"},"image":{"@id":"https:\/\/antiqua.mx\/producto\/reyes-aurora-la-sangre-dividida\/#primaryimage"},"thumbnailUrl":"https:\/\/antiqua.mx\/wp-content\/uploads\/2021\/05\/528C82C5-62D8-43F7-B978-FD821FD5F6E3-scaled.jpeg","datePublished":"2021-05-11T17:55:16+00:00","dateModified":"2025-08-14T22:26:19+00:00","breadcrumb":{"@id":"https:\/\/antiqua.mx\/producto\/reyes-aurora-la-sangre-dividida\/#breadcrumb"},"inLanguage":"en-US","potentialAction":[{"@type":"ReadAction","target":["https:\/\/antiqua.mx\/producto\/reyes-aurora-la-sangre-dividida\/"]}]},{"@type":"ImageObject","inLanguage":"en-US","@id":"https:\/\/antiqua.mx\/producto\/reyes-aurora-la-sangre-dividida\/#primaryimage","url":"https:\/\/antiqua.mx\/wp-content\/uploads\/2021\/05\/528C82C5-62D8-43F7-B978-FD821FD5F6E3-scaled.jpeg","contentUrl":"https:\/\/antiqua.mx\/wp-content\/uploads\/2021\/05\/528C82C5-62D8-43F7-B978-FD821FD5F6E3-scaled.jpeg","width":2560,"height":2315},{"@type":"BreadcrumbList","@id":"https:\/\/antiqua.mx\/producto\/reyes-aurora-la-sangre-dividida\/#breadcrumb","itemListElement":[{"@type":"ListItem","position":1,"name":"Portada","item":"https:\/\/antiqua.mx\/en\/"},{"@type":"ListItem","position":2,"name":"Tienda","item":"https:\/\/antiqua.mx\/tienda\/"},{"@type":"ListItem","position":3,"name":"REYES AURORA. LA SANGRE DIVIDIDA"}]},{"@type":"WebSite","@id":"https:\/\/antiqua.mx\/en\/#website","url":"https:\/\/antiqua.mx\/en\/","name":"","description":"","potentialAction":[{"@type":"SearchAction","target":{"@type":"EntryPoint","urlTemplate":"https:\/\/antiqua.mx\/en\/?s={search_term_string}"},"query-input":{"@type":"PropertyValueSpecification","valueRequired":true,"valueName":"search_term_string"}}],"inLanguage":"en-US"}]}},"jetpack_sharing_enabled":true,"_links":{"self":[{"href":"https:\/\/antiqua.mx\/en\/wp-json\/wp\/v2\/product\/5437","targetHints":{"allow":["GET"]}}],"collection":[{"href":"https:\/\/antiqua.mx\/en\/wp-json\/wp\/v2\/product"}],"about":[{"href":"https:\/\/antiqua.mx\/en\/wp-json\/wp\/v2\/types\/product"}],"replies":[{"embeddable":true,"href":"https:\/\/antiqua.mx\/en\/wp-json\/wp\/v2\/comments?post=5437"}],"wp:featuredmedia":[{"embeddable":true,"href":"https:\/\/antiqua.mx\/en\/wp-json\/wp\/v2\/media\/5619"}],"wp:attachment":[{"href":"https:\/\/antiqua.mx\/en\/wp-json\/wp\/v2\/media?parent=5437"}],"wp:term":[{"taxonomy":"product_brand","embeddable":true,"href":"https:\/\/antiqua.mx\/en\/wp-json\/wp\/v2\/product_brand?post=5437"},{"taxonomy":"product_cat","embeddable":true,"href":"https:\/\/antiqua.mx\/en\/wp-json\/wp\/v2\/product_cat?post=5437"},{"taxonomy":"product_tag","embeddable":true,"href":"https:\/\/antiqua.mx\/en\/wp-json\/wp\/v2\/product_tag?post=5437"}],"curies":[{"name":"wp","href":"https:\/\/api.w.org\/{rel}","templated":true}]}}