{"id":5461,"date":"2021-05-14T19:57:06","date_gmt":"2021-05-14T19:57:06","guid":{"rendered":"https:\/\/antiqua.mx\/?post_type=product&#038;p=5461"},"modified":"2026-03-26T00:57:39","modified_gmt":"2026-03-26T00:57:39","slug":"paczka-alejandro-manual-practico-de-la-conservacion-y-aprovechamiento-de-productos-alimenticios","status":"publish","type":"product","link":"https:\/\/antiqua.mx\/en\/product\/paczka-alejandro-manual-practico-de-la-conservacion-y-aprovechamiento-de-productos-alimenticios\/","title":{"rendered":"PACZKA ALEJANDRO. MANUAL PR\u00c1CTICO DE LA CONSERVACI\u00d3N Y APROVECHAMIENTO DE PRODUCTOS ALIMENTICIOS"},"content":{"rendered":"<p><strong>Paczka Alejandro<\/strong><\/p>\n<p>A\u00f1o 1934<\/p>\n<p>Empastado, en buenas condiciones. El empastado est\u00e1 un poco maltratado de las esquinas.<\/p>\n<p>El libro viene ilustrado con 148 ilustraciones.<\/p>\n<p>Impreso en M\u00e9xico.<\/p>\n<p>623 p\u00e1ginas<\/p>","protected":false},"excerpt":{"rendered":"<ul>\n<li>A\u00f1o 1934<\/li>\n<li>Empastado, en buenas condiciones. El empastado est\u00e1 un poco maltratado de las esquinas.<\/li>\n<li>El libro viene ilustrado con 148 ilustraciones.<\/li>\n<li>Impreso en M\u00e9xico.<\/li>\n<li>623 p\u00e1ginas<\/li>\n<\/ul>","protected":false},"featured_media":26373,"comment_status":"open","ping_status":"closed","template":"","meta":{"_joinchat":[]},"product_brand":[],"product_cat":[415,416,418],"product_tag":[1509,1508],"class_list":{"0":"post-5461","1":"product","2":"type-product","3":"status-publish","6":"product_cat-cocina","7":"product_cat-cocinamex","8":"product_cat-recetarios","9":"product_tag-alejandro-paczka","10":"product_tag-conservacion-de-alimentos","12":"first","13":"outofstock","14":"featured","15":"sold-individually","16":"taxable","17":"shipping-taxable","18":"purchasable","19":"product-type-simple"},"yoast_head":"<!-- This site is optimized with the Yoast SEO plugin v26.1.1 - https:\/\/yoast.com\/wordpress\/plugins\/seo\/ -->\n<title>PACZKA ALEJANDRO. MANUAL PR\u00c1CTICO DE LA CONSERVACI\u00d3N Y APROVECHAMIENTO DE PRODUCTOS ALIMENTICIOS -<\/title>\n<meta name=\"robots\" content=\"index, follow, max-snippet:-1, max-image-preview:large, max-video-preview:-1\" \/>\n<link rel=\"canonical\" href=\"https:\/\/antiqua.mx\/en\/product\/paczka-alejandro-manual-practico-de-la-conservacion-y-aprovechamiento-de-productos-alimenticios\/\" \/>\n<meta property=\"og:locale\" content=\"en_US\" \/>\n<meta property=\"og:type\" content=\"article\" \/>\n<meta property=\"og:title\" content=\"PACZKA ALEJANDRO. MANUAL PR\u00c1CTICO DE LA CONSERVACI\u00d3N Y APROVECHAMIENTO DE PRODUCTOS ALIMENTICIOS -\" \/>\n<meta property=\"og:description\" content=\"A\u00f1o 1934  Empastado, en buenas condiciones. El empastado est\u00e1 un poco maltratado de las esquinas.  El libro viene ilustrado con 148 ilustraciones.  Impreso en M\u00e9xico.  623 p\u00e1ginas\" \/>\n<meta property=\"og:url\" content=\"https:\/\/antiqua.mx\/en\/product\/paczka-alejandro-manual-practico-de-la-conservacion-y-aprovechamiento-de-productos-alimenticios\/\" \/>\n<meta property=\"article:modified_time\" content=\"2026-03-26T00:57:39+00:00\" \/>\n<meta property=\"og:image\" content=\"https:\/\/antiqua.mx\/wp-content\/uploads\/2021\/05\/PACZKA-ALEJANDRO.-MANUAL-PRACTICO-DE-LA-CONSERVACION-Y-APROVECHAMIENTO-DE-PRODUCTOS-ALIMENTICIO.jpeg\" \/>\n\t<meta property=\"og:image:width\" content=\"2560\" \/>\n\t<meta property=\"og:image:height\" content=\"1855\" \/>\n\t<meta property=\"og:image:type\" content=\"image\/jpeg\" \/>\n<meta name=\"twitter:card\" content=\"summary_large_image\" \/>\n<meta name=\"twitter:label1\" content=\"Est. reading time\" \/>\n\t<meta name=\"twitter:data1\" content=\"1 minute\" \/>\n<script type=\"application\/ld+json\" class=\"yoast-schema-graph\">{\"@context\":\"https:\/\/schema.org\",\"@graph\":[{\"@type\":\"WebPage\",\"@id\":\"https:\/\/antiqua.mx\/producto\/paczka-alejandro-manual-practico-de-la-conservacion-y-aprovechamiento-de-productos-alimenticios\/\",\"url\":\"https:\/\/antiqua.mx\/producto\/paczka-alejandro-manual-practico-de-la-conservacion-y-aprovechamiento-de-productos-alimenticios\/\",\"name\":\"PACZKA ALEJANDRO. MANUAL PR\u00c1CTICO DE LA CONSERVACI\u00d3N Y APROVECHAMIENTO DE PRODUCTOS ALIMENTICIOS -\",\"isPartOf\":{\"@id\":\"https:\/\/antiqua.mx\/en\/#website\"},\"primaryImageOfPage\":{\"@id\":\"https:\/\/antiqua.mx\/producto\/paczka-alejandro-manual-practico-de-la-conservacion-y-aprovechamiento-de-productos-alimenticios\/#primaryimage\"},\"image\":{\"@id\":\"https:\/\/antiqua.mx\/producto\/paczka-alejandro-manual-practico-de-la-conservacion-y-aprovechamiento-de-productos-alimenticios\/#primaryimage\"},\"thumbnailUrl\":\"https:\/\/antiqua.mx\/wp-content\/uploads\/2021\/05\/PACZKA-ALEJANDRO.-MANUAL-PRACTICO-DE-LA-CONSERVACION-Y-APROVECHAMIENTO-DE-PRODUCTOS-ALIMENTICIO.jpeg\",\"datePublished\":\"2021-05-14T19:57:06+00:00\",\"dateModified\":\"2026-03-26T00:57:39+00:00\",\"breadcrumb\":{\"@id\":\"https:\/\/antiqua.mx\/producto\/paczka-alejandro-manual-practico-de-la-conservacion-y-aprovechamiento-de-productos-alimenticios\/#breadcrumb\"},\"inLanguage\":\"en-US\",\"potentialAction\":[{\"@type\":\"ReadAction\",\"target\":[\"https:\/\/antiqua.mx\/producto\/paczka-alejandro-manual-practico-de-la-conservacion-y-aprovechamiento-de-productos-alimenticios\/\"]}]},{\"@type\":\"ImageObject\",\"inLanguage\":\"en-US\",\"@id\":\"https:\/\/antiqua.mx\/producto\/paczka-alejandro-manual-practico-de-la-conservacion-y-aprovechamiento-de-productos-alimenticios\/#primaryimage\",\"url\":\"https:\/\/antiqua.mx\/wp-content\/uploads\/2021\/05\/PACZKA-ALEJANDRO.-MANUAL-PRACTICO-DE-LA-CONSERVACION-Y-APROVECHAMIENTO-DE-PRODUCTOS-ALIMENTICIO.jpeg\",\"contentUrl\":\"https:\/\/antiqua.mx\/wp-content\/uploads\/2021\/05\/PACZKA-ALEJANDRO.-MANUAL-PRACTICO-DE-LA-CONSERVACION-Y-APROVECHAMIENTO-DE-PRODUCTOS-ALIMENTICIO.jpeg\",\"width\":2560,\"height\":1855},{\"@type\":\"BreadcrumbList\",\"@id\":\"https:\/\/antiqua.mx\/producto\/paczka-alejandro-manual-practico-de-la-conservacion-y-aprovechamiento-de-productos-alimenticios\/#breadcrumb\",\"itemListElement\":[{\"@type\":\"ListItem\",\"position\":1,\"name\":\"Portada\",\"item\":\"https:\/\/antiqua.mx\/en\/\"},{\"@type\":\"ListItem\",\"position\":2,\"name\":\"Tienda\",\"item\":\"https:\/\/antiqua.mx\/tienda\/\"},{\"@type\":\"ListItem\",\"position\":3,\"name\":\"PACZKA ALEJANDRO. MANUAL PR\u00c1CTICO DE LA CONSERVACI\u00d3N Y APROVECHAMIENTO DE PRODUCTOS ALIMENTICIOS\"}]},{\"@type\":\"WebSite\",\"@id\":\"https:\/\/antiqua.mx\/en\/#website\",\"url\":\"https:\/\/antiqua.mx\/en\/\",\"name\":\"\",\"description\":\"\",\"potentialAction\":[{\"@type\":\"SearchAction\",\"target\":{\"@type\":\"EntryPoint\",\"urlTemplate\":\"https:\/\/antiqua.mx\/en\/?s={search_term_string}\"},\"query-input\":{\"@type\":\"PropertyValueSpecification\",\"valueRequired\":true,\"valueName\":\"search_term_string\"}}],\"inLanguage\":\"en-US\"}]}<\/script>\n<!-- \/ Yoast SEO plugin. -->","yoast_head_json":{"title":"PACZKA ALEJANDRO. MANUAL PR\u00c1CTICO DE LA CONSERVACI\u00d3N Y APROVECHAMIENTO DE PRODUCTOS ALIMENTICIOS -","robots":{"index":"index","follow":"follow","max-snippet":"max-snippet:-1","max-image-preview":"max-image-preview:large","max-video-preview":"max-video-preview:-1"},"canonical":"https:\/\/antiqua.mx\/en\/product\/paczka-alejandro-manual-practico-de-la-conservacion-y-aprovechamiento-de-productos-alimenticios\/","og_locale":"en_US","og_type":"article","og_title":"PACZKA ALEJANDRO. MANUAL PR\u00c1CTICO DE LA CONSERVACI\u00d3N Y APROVECHAMIENTO DE PRODUCTOS ALIMENTICIOS -","og_description":"A\u00f1o 1934  Empastado, en buenas condiciones. El empastado est\u00e1 un poco maltratado de las esquinas.  El libro viene ilustrado con 148 ilustraciones.  Impreso en M\u00e9xico.  623 p\u00e1ginas","og_url":"https:\/\/antiqua.mx\/en\/product\/paczka-alejandro-manual-practico-de-la-conservacion-y-aprovechamiento-de-productos-alimenticios\/","article_modified_time":"2026-03-26T00:57:39+00:00","og_image":[{"width":2560,"height":1855,"url":"https:\/\/antiqua.mx\/wp-content\/uploads\/2021\/05\/PACZKA-ALEJANDRO.-MANUAL-PRACTICO-DE-LA-CONSERVACION-Y-APROVECHAMIENTO-DE-PRODUCTOS-ALIMENTICIO.jpeg","type":"image\/jpeg"}],"twitter_card":"summary_large_image","twitter_misc":{"Est. reading time":"1 minute"},"schema":{"@context":"https:\/\/schema.org","@graph":[{"@type":"WebPage","@id":"https:\/\/antiqua.mx\/producto\/paczka-alejandro-manual-practico-de-la-conservacion-y-aprovechamiento-de-productos-alimenticios\/","url":"https:\/\/antiqua.mx\/producto\/paczka-alejandro-manual-practico-de-la-conservacion-y-aprovechamiento-de-productos-alimenticios\/","name":"PACZKA ALEJANDRO. MANUAL PR\u00c1CTICO DE LA CONSERVACI\u00d3N Y APROVECHAMIENTO DE PRODUCTOS ALIMENTICIOS -","isPartOf":{"@id":"https:\/\/antiqua.mx\/en\/#website"},"primaryImageOfPage":{"@id":"https:\/\/antiqua.mx\/producto\/paczka-alejandro-manual-practico-de-la-conservacion-y-aprovechamiento-de-productos-alimenticios\/#primaryimage"},"image":{"@id":"https:\/\/antiqua.mx\/producto\/paczka-alejandro-manual-practico-de-la-conservacion-y-aprovechamiento-de-productos-alimenticios\/#primaryimage"},"thumbnailUrl":"https:\/\/antiqua.mx\/wp-content\/uploads\/2021\/05\/PACZKA-ALEJANDRO.-MANUAL-PRACTICO-DE-LA-CONSERVACION-Y-APROVECHAMIENTO-DE-PRODUCTOS-ALIMENTICIO.jpeg","datePublished":"2021-05-14T19:57:06+00:00","dateModified":"2026-03-26T00:57:39+00:00","breadcrumb":{"@id":"https:\/\/antiqua.mx\/producto\/paczka-alejandro-manual-practico-de-la-conservacion-y-aprovechamiento-de-productos-alimenticios\/#breadcrumb"},"inLanguage":"en-US","potentialAction":[{"@type":"ReadAction","target":["https:\/\/antiqua.mx\/producto\/paczka-alejandro-manual-practico-de-la-conservacion-y-aprovechamiento-de-productos-alimenticios\/"]}]},{"@type":"ImageObject","inLanguage":"en-US","@id":"https:\/\/antiqua.mx\/producto\/paczka-alejandro-manual-practico-de-la-conservacion-y-aprovechamiento-de-productos-alimenticios\/#primaryimage","url":"https:\/\/antiqua.mx\/wp-content\/uploads\/2021\/05\/PACZKA-ALEJANDRO.-MANUAL-PRACTICO-DE-LA-CONSERVACION-Y-APROVECHAMIENTO-DE-PRODUCTOS-ALIMENTICIO.jpeg","contentUrl":"https:\/\/antiqua.mx\/wp-content\/uploads\/2021\/05\/PACZKA-ALEJANDRO.-MANUAL-PRACTICO-DE-LA-CONSERVACION-Y-APROVECHAMIENTO-DE-PRODUCTOS-ALIMENTICIO.jpeg","width":2560,"height":1855},{"@type":"BreadcrumbList","@id":"https:\/\/antiqua.mx\/producto\/paczka-alejandro-manual-practico-de-la-conservacion-y-aprovechamiento-de-productos-alimenticios\/#breadcrumb","itemListElement":[{"@type":"ListItem","position":1,"name":"Portada","item":"https:\/\/antiqua.mx\/en\/"},{"@type":"ListItem","position":2,"name":"Tienda","item":"https:\/\/antiqua.mx\/tienda\/"},{"@type":"ListItem","position":3,"name":"PACZKA ALEJANDRO. MANUAL PR\u00c1CTICO DE LA CONSERVACI\u00d3N Y APROVECHAMIENTO DE PRODUCTOS ALIMENTICIOS"}]},{"@type":"WebSite","@id":"https:\/\/antiqua.mx\/en\/#website","url":"https:\/\/antiqua.mx\/en\/","name":"","description":"","potentialAction":[{"@type":"SearchAction","target":{"@type":"EntryPoint","urlTemplate":"https:\/\/antiqua.mx\/en\/?s={search_term_string}"},"query-input":{"@type":"PropertyValueSpecification","valueRequired":true,"valueName":"search_term_string"}}],"inLanguage":"en-US"}]}},"jetpack_sharing_enabled":true,"_links":{"self":[{"href":"https:\/\/antiqua.mx\/en\/wp-json\/wp\/v2\/product\/5461","targetHints":{"allow":["GET"]}}],"collection":[{"href":"https:\/\/antiqua.mx\/en\/wp-json\/wp\/v2\/product"}],"about":[{"href":"https:\/\/antiqua.mx\/en\/wp-json\/wp\/v2\/types\/product"}],"replies":[{"embeddable":true,"href":"https:\/\/antiqua.mx\/en\/wp-json\/wp\/v2\/comments?post=5461"}],"wp:featuredmedia":[{"embeddable":true,"href":"https:\/\/antiqua.mx\/en\/wp-json\/wp\/v2\/media\/26373"}],"wp:attachment":[{"href":"https:\/\/antiqua.mx\/en\/wp-json\/wp\/v2\/media?parent=5461"}],"wp:term":[{"taxonomy":"product_brand","embeddable":true,"href":"https:\/\/antiqua.mx\/en\/wp-json\/wp\/v2\/product_brand?post=5461"},{"taxonomy":"product_cat","embeddable":true,"href":"https:\/\/antiqua.mx\/en\/wp-json\/wp\/v2\/product_cat?post=5461"},{"taxonomy":"product_tag","embeddable":true,"href":"https:\/\/antiqua.mx\/en\/wp-json\/wp\/v2\/product_tag?post=5461"}],"curies":[{"name":"wp","href":"https:\/\/api.w.org\/{rel}","templated":true}]}}