{"id":5806,"date":"2021-05-19T22:15:50","date_gmt":"2021-05-19T22:15:50","guid":{"rendered":"https:\/\/antiqua.mx\/?post_type=product&#038;p=5806"},"modified":"2025-03-10T21:37:13","modified_gmt":"2025-03-10T21:37:13","slug":"lopez-austin-alfredo-mexico-prehispanico-tamoanchan-y-tlalocan","status":"publish","type":"product","link":"https:\/\/antiqua.mx\/en\/product\/lopez-austin-alfredo-mexico-prehispanico-tamoanchan-y-tlalocan","title":{"rendered":"L\u00d3PEZ AUSTIN ALFREDO. M\u00c9XICO PREHISP\u00c1NICO. TAMOANCHAN Y TLALOCAN"},"content":{"rendered":"<p><strong>L\u00f3pez Austin Alfredo<\/strong><\/p>\n<p>Editorial: Fondo de Cultura Econ\u00f3mica<\/p>\n<p>Primera reimpresi\u00f3n<\/p>\n<p>A\u00f1o 1995<\/p>\n<p>Empastado, en buenas condiciones.<\/p>\n<p>Las 10 primeras hojas presentan un doblez en la esquina inferior a dem\u00e1s de que el ejemplar est\u00e1 subrayado con plum\u00f3n amarillo.<\/p>\n<p>Tiraje de 3000 ejemplares.<\/p>\n<p>Impreso en M\u00e9xico.<\/p>\n<p>261 p\u00e1ginas<\/p>","protected":false},"excerpt":{"rendered":"<ul>\n<li>Editorial: Fondo de Cultura Econ\u00f3mica<\/li>\n<li>Primera reimpresi\u00f3n<\/li>\n<li>A\u00f1o 1995<\/li>\n<li>Empastado, en buenas condiciones.<\/li>\n<li>Las 10 primeras hojas presentan un doblez en la esquina inferior a dem\u00e1s de que el ejemplar est\u00e1 subrayado con plum\u00f3n amarillo.<\/li>\n<li>Tiraje de 3000 ejemplares.<\/li>\n<li>Impreso en M\u00e9xico.<\/li>\n<li>261 p\u00e1ginas<\/li>\n<\/ul>","protected":false},"featured_media":6063,"comment_status":"open","ping_status":"closed","template":"","meta":{"_joinchat":[]},"product_brand":[],"product_cat":[375,376],"product_tag":[487],"class_list":{"0":"post-5806","1":"product","2":"type-product","3":"status-publish","6":"product_cat-mex","7":"product_cat-mexpre","8":"product_tag-lopez-austin","10":"first","11":"instock","12":"featured","13":"sold-individually","14":"taxable","15":"shipping-taxable","16":"purchasable","17":"product-type-simple"},"yoast_head":"<!-- This site is optimized with the Yoast SEO plugin v26.1.1 - https:\/\/yoast.com\/wordpress\/plugins\/seo\/ -->\n<title>L\u00d3PEZ AUSTIN ALFREDO. M\u00c9XICO PREHISP\u00c1NICO. TAMOANCHAN Y TLALOCAN -<\/title>\n<meta name=\"robots\" content=\"index, follow, max-snippet:-1, max-image-preview:large, max-video-preview:-1\" \/>\n<link rel=\"canonical\" href=\"https:\/\/antiqua.mx\/en\/product\/lopez-austin-alfredo-mexico-prehispanico-tamoanchan-y-tlalocan\/\" \/>\n<meta property=\"og:locale\" content=\"en_US\" \/>\n<meta property=\"og:type\" content=\"article\" \/>\n<meta property=\"og:title\" content=\"L\u00d3PEZ AUSTIN ALFREDO. M\u00c9XICO PREHISP\u00c1NICO. TAMOANCHAN Y TLALOCAN -\" \/>\n<meta property=\"og:description\" content=\"Editorial: Fondo de Cultura Econ\u00f3mica  Primera reimpresi\u00f3n  A\u00f1o 1995  Empastado, en buenas condiciones.  Las 10 primeras hojas presentan un doblez en la esquina inferior a dem\u00e1s de que el ejemplar est\u00e1 subrayado con plum\u00f3n amarillo.  Tiraje de 3000 ejemplares.  Impreso en M\u00e9xico.  261 p\u00e1ginas\" \/>\n<meta property=\"og:url\" content=\"https:\/\/antiqua.mx\/en\/product\/lopez-austin-alfredo-mexico-prehispanico-tamoanchan-y-tlalocan\/\" \/>\n<meta property=\"article:modified_time\" content=\"2025-03-10T21:37:13+00:00\" \/>\n<meta property=\"og:image\" content=\"https:\/\/antiqua.mx\/wp-content\/uploads\/2021\/05\/7500FAB5-9766-480D-A689-4815F0993FB9-scaled.jpeg\" \/>\n\t<meta property=\"og:image:width\" content=\"1920\" \/>\n\t<meta property=\"og:image:height\" content=\"2560\" \/>\n\t<meta property=\"og:image:type\" content=\"image\/jpeg\" \/>\n<meta name=\"twitter:card\" content=\"summary_large_image\" \/>\n<script type=\"application\/ld+json\" class=\"yoast-schema-graph\">{\"@context\":\"https:\/\/schema.org\",\"@graph\":[{\"@type\":\"WebPage\",\"@id\":\"https:\/\/antiqua.mx\/producto\/lopez-austin-alfredo-mexico-prehispanico-tamoanchan-y-tlalocan\",\"url\":\"https:\/\/antiqua.mx\/producto\/lopez-austin-alfredo-mexico-prehispanico-tamoanchan-y-tlalocan\",\"name\":\"L\u00d3PEZ AUSTIN ALFREDO. M\u00c9XICO PREHISP\u00c1NICO. TAMOANCHAN Y TLALOCAN -\",\"isPartOf\":{\"@id\":\"https:\/\/antiqua.mx\/en\/#website\"},\"primaryImageOfPage\":{\"@id\":\"https:\/\/antiqua.mx\/producto\/lopez-austin-alfredo-mexico-prehispanico-tamoanchan-y-tlalocan#primaryimage\"},\"image\":{\"@id\":\"https:\/\/antiqua.mx\/producto\/lopez-austin-alfredo-mexico-prehispanico-tamoanchan-y-tlalocan#primaryimage\"},\"thumbnailUrl\":\"https:\/\/antiqua.mx\/wp-content\/uploads\/2021\/05\/7500FAB5-9766-480D-A689-4815F0993FB9-scaled.jpeg\",\"datePublished\":\"2021-05-19T22:15:50+00:00\",\"dateModified\":\"2025-03-10T21:37:13+00:00\",\"breadcrumb\":{\"@id\":\"https:\/\/antiqua.mx\/producto\/lopez-austin-alfredo-mexico-prehispanico-tamoanchan-y-tlalocan#breadcrumb\"},\"inLanguage\":\"en-US\",\"potentialAction\":[{\"@type\":\"ReadAction\",\"target\":[\"https:\/\/antiqua.mx\/producto\/lopez-austin-alfredo-mexico-prehispanico-tamoanchan-y-tlalocan\"]}]},{\"@type\":\"ImageObject\",\"inLanguage\":\"en-US\",\"@id\":\"https:\/\/antiqua.mx\/producto\/lopez-austin-alfredo-mexico-prehispanico-tamoanchan-y-tlalocan#primaryimage\",\"url\":\"https:\/\/antiqua.mx\/wp-content\/uploads\/2021\/05\/7500FAB5-9766-480D-A689-4815F0993FB9-scaled.jpeg\",\"contentUrl\":\"https:\/\/antiqua.mx\/wp-content\/uploads\/2021\/05\/7500FAB5-9766-480D-A689-4815F0993FB9-scaled.jpeg\",\"width\":1920,\"height\":2560},{\"@type\":\"BreadcrumbList\",\"@id\":\"https:\/\/antiqua.mx\/producto\/lopez-austin-alfredo-mexico-prehispanico-tamoanchan-y-tlalocan#breadcrumb\",\"itemListElement\":[{\"@type\":\"ListItem\",\"position\":1,\"name\":\"Portada\",\"item\":\"https:\/\/antiqua.mx\/en\/\"},{\"@type\":\"ListItem\",\"position\":2,\"name\":\"Tienda\",\"item\":\"https:\/\/antiqua.mx\/en\/tienda\"},{\"@type\":\"ListItem\",\"position\":3,\"name\":\"L\u00d3PEZ AUSTIN ALFREDO. M\u00c9XICO PREHISP\u00c1NICO. TAMOANCHAN Y TLALOCAN\"}]},{\"@type\":\"WebSite\",\"@id\":\"https:\/\/antiqua.mx\/en\/#website\",\"url\":\"https:\/\/antiqua.mx\/en\/\",\"name\":\"\",\"description\":\"\",\"potentialAction\":[{\"@type\":\"SearchAction\",\"target\":{\"@type\":\"EntryPoint\",\"urlTemplate\":\"https:\/\/antiqua.mx\/en\/?s={search_term_string}\"},\"query-input\":{\"@type\":\"PropertyValueSpecification\",\"valueRequired\":true,\"valueName\":\"search_term_string\"}}],\"inLanguage\":\"en-US\"}]}<\/script>\n<!-- \/ Yoast SEO plugin. -->","yoast_head_json":{"title":"L\u00d3PEZ AUSTIN ALFREDO. M\u00c9XICO PREHISP\u00c1NICO. TAMOANCHAN Y TLALOCAN -","robots":{"index":"index","follow":"follow","max-snippet":"max-snippet:-1","max-image-preview":"max-image-preview:large","max-video-preview":"max-video-preview:-1"},"canonical":"https:\/\/antiqua.mx\/en\/product\/lopez-austin-alfredo-mexico-prehispanico-tamoanchan-y-tlalocan\/","og_locale":"en_US","og_type":"article","og_title":"L\u00d3PEZ AUSTIN ALFREDO. M\u00c9XICO PREHISP\u00c1NICO. TAMOANCHAN Y TLALOCAN -","og_description":"Editorial: Fondo de Cultura Econ\u00f3mica  Primera reimpresi\u00f3n  A\u00f1o 1995  Empastado, en buenas condiciones.  Las 10 primeras hojas presentan un doblez en la esquina inferior a dem\u00e1s de que el ejemplar est\u00e1 subrayado con plum\u00f3n amarillo.  Tiraje de 3000 ejemplares.  Impreso en M\u00e9xico.  261 p\u00e1ginas","og_url":"https:\/\/antiqua.mx\/en\/product\/lopez-austin-alfredo-mexico-prehispanico-tamoanchan-y-tlalocan\/","article_modified_time":"2025-03-10T21:37:13+00:00","og_image":[{"width":1920,"height":2560,"url":"https:\/\/antiqua.mx\/wp-content\/uploads\/2021\/05\/7500FAB5-9766-480D-A689-4815F0993FB9-scaled.jpeg","type":"image\/jpeg"}],"twitter_card":"summary_large_image","schema":{"@context":"https:\/\/schema.org","@graph":[{"@type":"WebPage","@id":"https:\/\/antiqua.mx\/producto\/lopez-austin-alfredo-mexico-prehispanico-tamoanchan-y-tlalocan","url":"https:\/\/antiqua.mx\/producto\/lopez-austin-alfredo-mexico-prehispanico-tamoanchan-y-tlalocan","name":"L\u00d3PEZ AUSTIN ALFREDO. M\u00c9XICO PREHISP\u00c1NICO. TAMOANCHAN Y TLALOCAN -","isPartOf":{"@id":"https:\/\/antiqua.mx\/en\/#website"},"primaryImageOfPage":{"@id":"https:\/\/antiqua.mx\/producto\/lopez-austin-alfredo-mexico-prehispanico-tamoanchan-y-tlalocan#primaryimage"},"image":{"@id":"https:\/\/antiqua.mx\/producto\/lopez-austin-alfredo-mexico-prehispanico-tamoanchan-y-tlalocan#primaryimage"},"thumbnailUrl":"https:\/\/antiqua.mx\/wp-content\/uploads\/2021\/05\/7500FAB5-9766-480D-A689-4815F0993FB9-scaled.jpeg","datePublished":"2021-05-19T22:15:50+00:00","dateModified":"2025-03-10T21:37:13+00:00","breadcrumb":{"@id":"https:\/\/antiqua.mx\/producto\/lopez-austin-alfredo-mexico-prehispanico-tamoanchan-y-tlalocan#breadcrumb"},"inLanguage":"en-US","potentialAction":[{"@type":"ReadAction","target":["https:\/\/antiqua.mx\/producto\/lopez-austin-alfredo-mexico-prehispanico-tamoanchan-y-tlalocan"]}]},{"@type":"ImageObject","inLanguage":"en-US","@id":"https:\/\/antiqua.mx\/producto\/lopez-austin-alfredo-mexico-prehispanico-tamoanchan-y-tlalocan#primaryimage","url":"https:\/\/antiqua.mx\/wp-content\/uploads\/2021\/05\/7500FAB5-9766-480D-A689-4815F0993FB9-scaled.jpeg","contentUrl":"https:\/\/antiqua.mx\/wp-content\/uploads\/2021\/05\/7500FAB5-9766-480D-A689-4815F0993FB9-scaled.jpeg","width":1920,"height":2560},{"@type":"BreadcrumbList","@id":"https:\/\/antiqua.mx\/producto\/lopez-austin-alfredo-mexico-prehispanico-tamoanchan-y-tlalocan#breadcrumb","itemListElement":[{"@type":"ListItem","position":1,"name":"Portada","item":"https:\/\/antiqua.mx\/en\/"},{"@type":"ListItem","position":2,"name":"Tienda","item":"https:\/\/antiqua.mx\/en\/tienda"},{"@type":"ListItem","position":3,"name":"L\u00d3PEZ AUSTIN ALFREDO. M\u00c9XICO PREHISP\u00c1NICO. TAMOANCHAN Y TLALOCAN"}]},{"@type":"WebSite","@id":"https:\/\/antiqua.mx\/en\/#website","url":"https:\/\/antiqua.mx\/en\/","name":"","description":"","potentialAction":[{"@type":"SearchAction","target":{"@type":"EntryPoint","urlTemplate":"https:\/\/antiqua.mx\/en\/?s={search_term_string}"},"query-input":{"@type":"PropertyValueSpecification","valueRequired":true,"valueName":"search_term_string"}}],"inLanguage":"en-US"}]}},"jetpack_sharing_enabled":true,"_links":{"self":[{"href":"https:\/\/antiqua.mx\/en\/wp-json\/wp\/v2\/product\/5806","targetHints":{"allow":["GET"]}}],"collection":[{"href":"https:\/\/antiqua.mx\/en\/wp-json\/wp\/v2\/product"}],"about":[{"href":"https:\/\/antiqua.mx\/en\/wp-json\/wp\/v2\/types\/product"}],"replies":[{"embeddable":true,"href":"https:\/\/antiqua.mx\/en\/wp-json\/wp\/v2\/comments?post=5806"}],"wp:featuredmedia":[{"embeddable":true,"href":"https:\/\/antiqua.mx\/en\/wp-json\/wp\/v2\/media\/6063"}],"wp:attachment":[{"href":"https:\/\/antiqua.mx\/en\/wp-json\/wp\/v2\/media?parent=5806"}],"wp:term":[{"taxonomy":"product_brand","embeddable":true,"href":"https:\/\/antiqua.mx\/en\/wp-json\/wp\/v2\/product_brand?post=5806"},{"taxonomy":"product_cat","embeddable":true,"href":"https:\/\/antiqua.mx\/en\/wp-json\/wp\/v2\/product_cat?post=5806"},{"taxonomy":"product_tag","embeddable":true,"href":"https:\/\/antiqua.mx\/en\/wp-json\/wp\/v2\/product_tag?post=5806"}],"curies":[{"name":"wp","href":"https:\/\/api.w.org\/{rel}","templated":true}]}}